{"id":9991,"date":"2019-10-11T10:39:47","date_gmt":"2019-10-11T08:39:47","guid":{"rendered":"https:\/\/www.cgjung.net\/espace\/?page_id=9991"},"modified":"2020-04-13T04:39:25","modified_gmt":"2020-04-13T02:39:25","slug":"david-peat-synchronicite","status":"publish","type":"page","link":"https:\/\/www.cgjung.net\/espace\/ressources\/david-peat-synchronicite\/","title":{"rendered":"David Peat, un pont entre l&rsquo;esprit et la mati\u00e8re"},"content":{"rendered":"<p style=\"text-align: justify;\"><strong>F. David Peat (1938-2017), un physicien anglais, sp\u00e9cialiste de la m\u00e9canique quantique, admirateur des th\u00e9ories de Jung sur la synchronicit\u00e9, et collaborateur de David Bohm, a \u00e9crit un livre qui s&rsquo;intitule: Synchronicit\u00e9. Le pont entre l&rsquo;esprit et la mati\u00e8re.<\/strong><\/p>\n<p style=\"text-align: right;\"><em><a href=\"https:\/\/www.cgjung.net\/espace\/cg-jung\/avertissement\/\">Ariane Callot<\/a>\u00a0&#8211; Octobre 2019<\/em><\/p>\n<p style=\"text-align: justify;\"><a href=\"https:\/\/www.amazon.fr\/exec\/obidos\/ASIN\/2268033082\/carlgustavjungen\" target=\"_blank\" rel=\"noopener noreferrer\"><img loading=\"lazy\" decoding=\"async\" class=\"size-full wp-image-9993 aligncenter\" src=\"https:\/\/www.cgjung.net\/espace\/wp-content\/uploads\/2019\/10\/synchronicite-david-peat.jpg\" alt=\"\" width=\"280\" height=\"421\" \/><img loading=\"lazy\" decoding=\"async\" class=\"size-full wp-image-9645 aligncenter\" src=\"https:\/\/www.cgjung.net\/espace\/wp-content\/uploads\/2019\/08\/achat-amazon-fr.png\" alt=\"\" width=\"300\" height=\"25\" \/><\/a><\/p>\n<p style=\"text-align: justify;\">Certains livres sont des r\u00e9v\u00e9lations. On les lit avec passion, ils influencent votre pens\u00e9e et puis, par une sorte de processus alchimique, ils sont assimil\u00e9s et quelque peu oubli\u00e9s. C&rsquo;est le cas pour l&rsquo;ouvrage de David Peat, publi\u00e9 en 1987, que je viens de relire et qui m&rsquo;a sembl\u00e9 tout aussi\u00a0 inspirant qu&rsquo;\u00e0 la premi\u00e8re lecture.<\/p>\n<p style=\"text-align: justify;\">David Peat se fait l&rsquo;\u00e9cho de la recherche par certains physiciens d&rsquo;un principe unifiant. Il nous fait voyager avec W. Pauli, I. Prigogine, D. Bohm, J. Wheeler, R. Sheldrake et surtout C. G. Jung qui est un fil conducteur du livre.<\/p>\n<p style=\"text-align: justify;\">Je ne peux, pour vous donner juste une id\u00e9e de cet ouvrage passionnant et d&rsquo;une lecture relativement facile, que vous proposer quelques extraits. Les caract\u00e8res gras sont un ajout de ma part destin\u00e9 \u00e0 attirer l&rsquo;attention sur ce qui m&rsquo;a sembl\u00e9 essentiel.<\/p>\n<blockquote>\n<p style=\"text-align: justify;\">\u00ab\u00a0L&rsquo;image sugg\u00e9r\u00e9e par les <strong>math\u00e9matiques non lin\u00e9aires<\/strong> est une image o\u00f9 l&rsquo;univers appara\u00eet comme une totalit\u00e9 une et indivise, et o\u00f9 ses structures existent en fonction <strong>d&rsquo;un arri\u00e8re plan plus large<\/strong>. Manifestement, cette image n&rsquo;est pas loin de celle qui s&rsquo;applique \u00e0 <strong>la synchronicit\u00e9<\/strong>.<\/p>\n<p style=\"text-align: justify;\">Par ailleurs, cette approche peut \u00e9ventuellement int\u00e9grer l&rsquo;esprit, puisque la conscience elle aussi peut \u00eatre consid\u00e9r\u00e9e comme provenant d&rsquo;un plan plus profond, commun \u00e0 la fois \u00e0 l&rsquo;esprit et \u00e0 la mati\u00e8re. En ce sens, donc, on peut voir les mod\u00e8les d\u00e9ploy\u00e9s de l&rsquo;esprit et de la mati\u00e8re, qui sont observ\u00e9s lors d&rsquo;un \u00e9v\u00e9nement de synchronicit\u00e9, comme \u00e9mergeant d&rsquo;un principe unique.\u00a0\u00bb (p.98)<\/p>\n<\/blockquote>\n<p style=\"text-align: justify;\">Comme il a \u00e9t\u00e9 question de synchronicit\u00e9 je vous propose ce qu&rsquo;en \u00e9crit David Peat se r\u00e9f\u00e9rant \u00e0 Jung :<\/p>\n<blockquote>\n<p style=\"text-align: justify;\">\u00ab\u00a0C.G. Jung a d\u00e9fini la <strong>synchronicit\u00e9<\/strong> comme <em>la co\u00efncidence dans le temps de deux ou plusieurs \u00e9v\u00e9nements sans relation causale et ayant le m\u00eame contenu significatif<\/em>.<\/p>\n<p style=\"text-align: justify;\">Ce qu&rsquo;il insinue est clair : certains \u00e9v\u00e9nements dans l&rsquo;univers se rassemblent dans des structures de signification, sans avoir recours au ph\u00e9nom\u00e8ne normal de cause \u00e0 effet de la causalit\u00e9. ces ph\u00e9nom\u00e8nes synchronistiques doivent donc transcender les lois normales de la science, car ils sont l&rsquo;expression de mouvements bien plus profonds, qui prennent naissance dans les fondements de l&rsquo;univers et<strong> incluent d&rsquo;une fa\u00e7on ins\u00e9parable, \u00e0 la fois la mati\u00e8re et la signification<\/strong>.\u00a0\u00bb (p.49)<\/p>\n<\/blockquote>\n<p style=\"text-align: justify;\">J&rsquo;ajoute \u00e0 cette d\u00e9finition le passage suivant qui r\u00e9sume la th\u00e8se de\u00a0 l&rsquo;auteur :<\/p>\n<blockquote>\n<p style=\"text-align: justify;\">\u00ab\u00a0C&rsquo;est cependant <strong>la th\u00e8se de ce livre<\/strong>, qu&rsquo;en fait un pont peut \u00eatre construit entre le monde int\u00e9rieur et le monde ext\u00e9rieur, et que la synchronicit\u00e9 en constitue le point de d\u00e9part. Car elle repr\u00e9sente une minuscule br\u00e8che dans l&rsquo;\u00e9difice de tout ce que nous avons pris jusqu&rsquo;ici pour la r\u00e9alit\u00e9.<\/p>\n<p style=\"text-align: justify;\">La synchronicit\u00e9 nous permet de regarder et de plonger au-del\u00e0 de nos notions conventionnelles de temps et de causalit\u00e9, dans l&rsquo;immensit\u00e9 des mod\u00e8les de la nature, <strong>dans la danse fondamentale qui relie toutes choses<\/strong>, et dans le miroir qui est suspendu entre l&rsquo;univers int\u00e9rieur et l&rsquo;univers ext\u00e9rieur.<\/p>\n<p style=\"text-align: justify;\">Avec la synchronicit\u00e9 comme point de d\u00e9part, <strong>il est possible de construire un pont reliant les mondes de l&rsquo;esprit et de la mati\u00e8re, et ceux de la physique et de la psych\u00e9.<\/strong>\u00a0\u00bb (p.11)<\/p>\n<\/blockquote>\n<p style=\"text-align: justify;\">Dans la derni\u00e8re partie du livre D. Peat \u00e9voque l&rsquo;id\u00e9e <strong>d&rsquo;une source cr\u00e9atrice de la totalit\u00e9<\/strong> qu&rsquo;il appelle <em>l&rsquo;origine sans nom<\/em>\u00a0 et dont on ne pourrait enfermer l&rsquo;essence en pens\u00e9e ou en mots :<\/p>\n<blockquote>\n<p style=\"text-align: justify;\">\u00ab\u00a0Si cette source est vraiment l&rsquo;origine cr\u00e9atrice de tout le r\u00e9el, alors comment est-il possible d&rsquo;en parler ou bien m\u00eame d&rsquo;y penser ?<\/p>\n<p style=\"text-align: justify;\">\u00c9tant compl\u00e8tement inconditionn\u00e9e et <strong>\u00e9ternellement cr\u00e9atrice<\/strong>, elle devrait en effet se trouver en dehors de notre champ d&rsquo;exp\u00e9rience. Pourtant les anciens affirmaient que <em>l&rsquo;homme est la mesure de toute chose<\/em>. Et l&rsquo;on interpr\u00e9tait cela, dans les traditions mystiques, en disant que <em>l&rsquo;homme<\/em> est le microcosme dans lequel se refl\u00e8te tout l&rsquo;univers.<\/p>\n<p style=\"text-align: justify;\">De fa\u00e7on analogue, l&rsquo;id\u00e9e d&rsquo;un ordre impliqu\u00e9-involu\u00e9 suppose que <strong>le tout de la r\u00e9alit\u00e9 est pli\u00e9 en chaque individu<\/strong>. Ainsi, le microcosme pourrait se pr\u00e9senter comme une succession de correspondances de tout l&rsquo;univers, qui inclurait et irait encore plus loin que la conscience et la mati\u00e8re. Involu\u00e9 en chacun de nous se trouverait un principe implicite, qui serait entretenu par le flot \u00e9ternel qui monte de la source sans nom de la cr\u00e9ativit\u00e9.\u00a0\u00bb (p.218)<\/p>\n<\/blockquote>\n<p style=\"text-align: justify;\">Ils sont rares les ouvrages qui r\u00e9sistent \u00e0 l&rsquo;\u00e9preuve du temps, dans un monde\u00a0 o\u00f9 tout\u00a0 se remplace et s&rsquo;efface de plus en plus vite.\u00a0 Quand je lis, \u00e0 la derni\u00e8re page du livre ce qu&rsquo;\u00e9cris David Peat :<\/p>\n<blockquote>\n<p style=\"text-align: justify;\"><strong>\u00ab\u00a0La synchronicit\u00e9 a donc servi de point de d\u00e9part \u00e0 un voyage qui nous a conduit aux limites de l&rsquo;imagination. En r\u00e9alisant que notre conscience est infinie, il nous est possible de transformer nos vies et la soci\u00e9t\u00e9 de mani\u00e8re active.\u00a0\u00bb<\/strong><\/p>\n<\/blockquote>\n<p style=\"text-align: justify;\">il m&rsquo;apparait comme une \u00e9vidence que, m\u00eame si c&rsquo;est souvent d&rsquo;une mani\u00e8re subliminale,\u00a0 il a \u00e9t\u00e9 pr\u00e9sent \u00e0 mes c\u00f4t\u00e9s dans beaucoup de mes textes sur Jung. Je pense, par exemple aux <a href=\"https:\/\/www.cgjung.net\/espace\/cg-jung\/harmonie-series-de-reves\/\">Moments d&rsquo;harmonie dans les s\u00e9ries de r\u00eaves<\/a>.<\/p>\n","protected":false},"excerpt":{"rendered":"<p>F. David Peat (1938-2017), un physicien anglais, sp\u00e9cialiste de la m\u00e9canique quantique, admirateur des th\u00e9ories de Jung sur la synchronicit\u00e9, et collaborateur de David Bohm, a \u00e9crit un livre qui s&rsquo;intitule: Synchronicit\u00e9. Le pont entre l&rsquo;esprit et la mati\u00e8re. Ariane Callot\u00a0&#8211; Octobre 2019 Certains livres sont des r\u00e9v\u00e9lations. On les lit avec passion, ils influencent [&hellip;]<\/p>\n","protected":false},"author":1,"featured_media":0,"parent":9713,"menu_order":13,"comment_status":"closed","ping_status":"closed","template":"","meta":{"footnotes":""},"class_list":["post-9991","page","type-page","status-publish","hentry"],"_links":{"self":[{"href":"https:\/\/www.cgjung.net\/espace\/wp-json\/wp\/v2\/pages\/9991","targetHints":{"allow":["GET"]}}],"collection":[{"href":"https:\/\/www.cgjung.net\/espace\/wp-json\/wp\/v2\/pages"}],"about":[{"href":"https:\/\/www.cgjung.net\/espace\/wp-json\/wp\/v2\/types\/page"}],"author":[{"embeddable":true,"href":"https:\/\/www.cgjung.net\/espace\/wp-json\/wp\/v2\/users\/1"}],"replies":[{"embeddable":true,"href":"https:\/\/www.cgjung.net\/espace\/wp-json\/wp\/v2\/comments?post=9991"}],"version-history":[{"count":30,"href":"https:\/\/www.cgjung.net\/espace\/wp-json\/wp\/v2\/pages\/9991\/revisions"}],"predecessor-version":[{"id":12100,"href":"https:\/\/www.cgjung.net\/espace\/wp-json\/wp\/v2\/pages\/9991\/revisions\/12100"}],"up":[{"embeddable":true,"href":"https:\/\/www.cgjung.net\/espace\/wp-json\/wp\/v2\/pages\/9713"}],"wp:attachment":[{"href":"https:\/\/www.cgjung.net\/espace\/wp-json\/wp\/v2\/media?parent=9991"}],"curies":[{"name":"wp","href":"https:\/\/api.w.org\/{rel}","templated":true}]}}