{"id":9825,"date":"2019-09-17T15:54:58","date_gmt":"2019-09-17T13:54:58","guid":{"rendered":"https:\/\/www.cgjung.net\/espace\/?page_id=9825"},"modified":"2019-09-17T15:54:58","modified_gmt":"2019-09-17T13:54:58","slug":"microcosme","status":"publish","type":"page","link":"https:\/\/www.cgjung.net\/espace\/ariaga-poesie\/microcosme\/","title":{"rendered":"Microcosme"},"content":{"rendered":"<h2>Le cri de la terre<\/h2>\n<p><img loading=\"lazy\" decoding=\"async\" class=\"size-full wp-image-9826 aligncenter\" src=\"https:\/\/www.cgjung.net\/espace\/wp-content\/uploads\/2019\/09\/microcosme.jpg\" alt=\"\" width=\"717\" height=\"603\" \/><\/p>\n<h4 style=\"text-align: center;\">Dans une simple goutte d\u2019eau<br \/>\no\u00f9 vit tout un univers<br \/>\nla terre crie<br \/>\nson horreur et sa souffrance.<\/h4>\n<h4 style=\"text-align: center;\">Sucs dess\u00e9ch\u00e9s<br \/>\ngraisses qui fondent<br \/>\n\u00e9cume souill\u00e9e<br \/>\nsuccions immondes<br \/>\non sent comme une odeur de crime<br \/>\net m\u00eame les \u00e9toiles fuient.<\/h4>\n","protected":false},"excerpt":{"rendered":"<p>Le cri de la terre Dans une simple goutte d\u2019eau o\u00f9 vit tout un univers la terre crie son horreur et sa souffrance. Sucs dess\u00e9ch\u00e9s graisses qui fondent \u00e9cume souill\u00e9e succions immondes on sent comme une odeur de crime et m\u00eame les \u00e9toiles fuient.<\/p>\n","protected":false},"author":1,"featured_media":0,"parent":142,"menu_order":74,"comment_status":"closed","ping_status":"closed","template":"","meta":{"footnotes":""},"class_list":["post-9825","page","type-page","status-publish","hentry"],"_links":{"self":[{"href":"https:\/\/www.cgjung.net\/espace\/wp-json\/wp\/v2\/pages\/9825","targetHints":{"allow":["GET"]}}],"collection":[{"href":"https:\/\/www.cgjung.net\/espace\/wp-json\/wp\/v2\/pages"}],"about":[{"href":"https:\/\/www.cgjung.net\/espace\/wp-json\/wp\/v2\/types\/page"}],"author":[{"embeddable":true,"href":"https:\/\/www.cgjung.net\/espace\/wp-json\/wp\/v2\/users\/1"}],"replies":[{"embeddable":true,"href":"https:\/\/www.cgjung.net\/espace\/wp-json\/wp\/v2\/comments?post=9825"}],"version-history":[{"count":1,"href":"https:\/\/www.cgjung.net\/espace\/wp-json\/wp\/v2\/pages\/9825\/revisions"}],"predecessor-version":[{"id":9827,"href":"https:\/\/www.cgjung.net\/espace\/wp-json\/wp\/v2\/pages\/9825\/revisions\/9827"}],"up":[{"embeddable":true,"href":"https:\/\/www.cgjung.net\/espace\/wp-json\/wp\/v2\/pages\/142"}],"wp:attachment":[{"href":"https:\/\/www.cgjung.net\/espace\/wp-json\/wp\/v2\/media?parent=9825"}],"curies":[{"name":"wp","href":"https:\/\/api.w.org\/{rel}","templated":true}]}}