{"id":9665,"date":"2019-09-05T18:17:30","date_gmt":"2019-09-05T16:17:30","guid":{"rendered":"https:\/\/www.cgjung.net\/espace\/?page_id=9665"},"modified":"2020-04-13T04:48:42","modified_gmt":"2020-04-13T02:48:42","slug":"jung-et-la-gnose","status":"publish","type":"page","link":"https:\/\/www.cgjung.net\/espace\/ressources\/jung-et-la-gnose\/","title":{"rendered":"Jung et la gnose"},"content":{"rendered":"<p><strong>Dans cet ouvrage tr\u00e8s document\u00e9, Fran\u00e7oise Bonardel traite en profondeur de la relation de Jung \u00e0 la gnose.<br \/>\n<\/strong><\/p>\n<p><img loading=\"lazy\" decoding=\"async\" class=\"size-full wp-image-9667 aligncenter\" src=\"https:\/\/www.cgjung.net\/espace\/wp-content\/uploads\/2019\/08\/jung-et-la-gnose.jpg\" alt=\"\" width=\"250\" height=\"451\" \/><\/p>\n<p><a href=\"https:\/\/www.amazon.fr\/exec\/obidos\/ASIN\/2363712226\/carlgustavjungen\" target=\"_blank\" rel=\"noopener noreferrer\"><img loading=\"lazy\" decoding=\"async\" class=\"size-full wp-image-9645 aligncenter\" src=\"https:\/\/www.cgjung.net\/espace\/wp-content\/uploads\/2019\/08\/achat-amazon-fr.png\" alt=\"\" width=\"300\" height=\"25\" \/><\/a><\/p>\n<p><em>Les extraits ci-dessous t\u00e9moignent de la diversit\u00e9 des sujets abord\u00e9s, autour d&rsquo;un th\u00e8me richement explor\u00e9.<br \/>\n<\/em><\/p>\n<h2>Clivage entre Nature et Esprit<\/h2>\n<p>\u00ab\u00a0Adoptant spontan\u00e9ment dans son approche des mythes une m\u00e9thode descriptive de type ph\u00e9nom\u00e9nologique, Jung se situait ainsi dans la lign\u00e9e des historiens des religions &#8230; pour qui la ph\u00e9nom\u00e9nologie \u00e9tait, dans le domaine qui \u00e9tait le leur, la seule m\u00e9thode possible face au clivage entre sciences de la Nature et sciences de l&rsquo;Esprit &#8230;<\/p>\n<p>Il se trouve simplement que la psychologie analytique naissante exigeait une approche nouvelle qui soit \u00e0 la fois explicative et compr\u00e9hensive, et donc une forme d&rsquo;intelligibilit\u00e9 dont on pouvait supposer qu&rsquo;elle avait exist\u00e9 dans le pass\u00e9, bien avant ce clivage somme toute moderne entre Nature et Esprit dont Jung observait les effets psychologiques d\u00e9sastreux chez ses patients.<\/p>\n<p>Le temps n&rsquo;\u00e9tait cependant pas encore venu pour lui de constater, comme il le fera plus tard, que \u00ab <em>le conflit entre la Nature et l&rsquo;Esprit n&rsquo;est que la traduction de l&rsquo;essence paradoxale de l&rsquo;\u00e2me<\/em>\u00bb. Tenter de <em>comprendre<\/em> ce qui se jouait psychiquement dans la gnose, l&rsquo;alchimie, les myst\u00e8res antiques, visait d\u00e8s lors moins \u00e0 r\u00e9habiliter ces savoirs anciens qu&rsquo;\u00e0 restituer \u00e0 l&rsquo;esprit humain une forme de <em>sant\u00e9<\/em> psychique faite de pl\u00e9nitude et de compl\u00e9tude.\u00a0\u00bb p 41\/42.<\/p>\n<h2>Jung, dans la lign\u00e9e des grands penseurs romantiques allemands<\/h2>\n<p>\u00ab\u00a0Jung s&rsquo;inscrit bien dans la lign\u00e9e des grands penseurs romantiques allemands &#8211; Auguste et Wilhelm Schlegel, Novalis, Achim d&rsquo;Arnim &#8211; qui cherch\u00e8rent \u00e0 contrebalancer l&rsquo;h\u00e9g\u00e9monie du rationalisme issu des Lumi\u00e8res fran\u00e7aises, hostiles \u00e0 toutes les formes de <em>superstitions<\/em> v\u00e9hicul\u00e9es par les religions, et bien d\u00e9cid\u00e9es \u00e0 faire d\u00e9finitivement pr\u00e9valoir l&rsquo;\u00e9ducation et la culture sur les farces aveugles de la nature.<\/p>\n<p>Il en allait tout autrement pour les romantiques, consid\u00e9rant que l&rsquo;individu ne saurait d\u00e9velopper son humanit\u00e9 s&rsquo;il perd tout contact avec cet organisme vivant qu&rsquo;est la nature; la culture parvenant dans les meilleurs des cas \u00e0 transfigurer et spiritualiser cette relation archa\u00efque.<\/p>\n<p>Aussi la protestation romantique t\u00e9moignait-elle de l&rsquo;importance vitale du <em>nocturne<\/em> face au <em>diurne<\/em>, et r\u00e9habilitait-elle la <em>passion de la nuit<\/em> face \u00e0 la clart\u00e9 aveuglante du jour.<\/p>\n<p>Souvent caricatur\u00e9e, la relation des romantiques allemands \u00e0 la nature t\u00e9moigne surtout du malaise qui \u00e9tait le leur de se sentir d\u00e9poss\u00e9d\u00e9s, d\u00e9racin\u00e9s et finalement ali\u00e9n\u00e9s par cette puissance mal\u00e9fique, cette figure du mauvais Destin qu&rsquo;\u00e9tait \u00e0 leurs yeux la civilisation moderne.\u00a0\u00bb p 58<\/p>\n<h2>Jung qualifi\u00e9 \u00ab\u00a0d&rsquo;h\u00e9r\u00e9tique\u00a0\u00bb<\/h2>\n<p>\u00ab\u00a0Parfois rapport\u00e9 \u00e0 Jung, le qualificatif d&rsquo;<em>h\u00e9r\u00e9tique<\/em> est donc sujet \u00e0 caution. Au regard de quelle orthodoxie religieuse, qu&rsquo;il aurait imit\u00e9e tout en la pervertissant, pourrait-il \u00eatre ainsi nomm\u00e9 ?<\/p>\n<p>Or, ce n&rsquo;est ni en faisant all\u00e9geance \u00e0 la tradition chr\u00e9tienne ni en la transgressant d\u00e9lib\u00e9r\u00e9ment qu&rsquo;il a abord\u00e9 les gnoses, mais en psychologue cherchant \u00e0 \u00e9tayer ses propres <em>fictions<\/em> interpr\u00e9tatives &#8211; de simples hypoth\u00e8ses de travail &#8211; par les t\u00e9moignages vivants recueillis dans le cadre de sa pratique, doubl\u00e9s de ceux que contiennent les \u00e9crits gnostiques.<\/p>\n<p>Il n&rsquo;en demeure pas moins qu&rsquo;en portant un tel int\u00e9r\u00eat aux gnostiques, et en prenant souvent leur parti contre ceux qui les critiquaient tout en traduisant leur langage en termes psychologiques, Jung pourrait para\u00eetre doublement h\u00e9r\u00e9tique.<\/p>\n<p>Ainsi Sonu Shamdasani qualifie-t-il <a href=\"https:\/\/www.cgjung.net\/livrerouge\/index.htm\">Le Livre Rouge<\/a> de <em>texte h\u00e9r\u00e9tique<\/em> tout en ajoutant <em>mais il reste \u00e0 l&rsquo;int\u00e9rieur du cadre chr\u00e9tien<\/em>. N&rsquo;est-ce pas justement parce qu&rsquo;il reste \u00e0 l&rsquo;int\u00e9rieur de ce cadre qu&rsquo;il peut para\u00eetre h\u00e9r\u00e9tique ?\u00a0\u00bb p 92<\/p>\n<h2>Les gnostiques furent eu-m\u00eames des \u00ab\u00a0psychologues\u00a0\u00bb<\/h2>\n<p>\u00ab\u00a0Si la psychologie analytique est appel\u00e9e \u00e0 devenir une \u00ab gnose \u00bb, c&rsquo;est que les gnostiques furent eux-m\u00eames des \u00ab psychologues \u00bb, au sens propre du terme bien s\u00fbr : des connaisseurs de l&rsquo;\u00e2me humaine et, \u00e0 travers elle, des myst\u00e8res relatifs au Pl\u00e9r\u00f4me et \u00e0 la \u00abd\u00e9ficience\u00bb d&rsquo;o\u00f9 son issus le monde et les hommes.<\/p>\n<p>Jung le dit clairement dans A\u00efon, celui de ses livres o\u00f9 il est le plus souvent question de la gnose et des gnostiques [&#8230;] Les gnostiques auraient donc eu la \u00abr\u00e9v\u00e9lation\u00bb au moins partielle des contenus symboliques inconscient que la psychologie analytique allait red\u00e9couvrir, mais de mani\u00e8re exp\u00e9rimentale cette fois-ci et avec la capacit\u00e9 d&rsquo;en mettre au jour la dimension arch\u00e9typale.<\/p>\n<p>Les gnoses antiques seraient donc une anticipation inconsciente de la psychologie analytique \u00e0 qui elles montreraient en retour la voit des profondeurs, trop longtemps d\u00e9sert\u00e9e par l&rsquo;homme moderne&#8230;\u00a0\u00bb p 241<\/p>\n<h2>La psychologie analytique comporte une dimension \u00ab\u00a0gnostique\u00a0\u00bb<\/h2>\n<p>\u00ab\u00a0La psychologie analytique comporte donc bien une dimension \u00ab\u00a0gnostique\u00a0\u00bb dans la mesure o\u00f9 l&rsquo;exploration de l&rsquo;inconscient suppose une int\u00e9riorisation, une introversion comparable \u00e0 celle pratiqu\u00e9e par les anciens gnostiques pour qui la connaissance de son <em>soi<\/em> v\u00e9ritable, distinct de l&rsquo;\u00e2me, ne relevait pas de la raison mais d&rsquo;une r\u00e9v\u00e9lation supposant qu&rsquo;on se d\u00e9tourne du monde pour mieux se retourner vers soi [&#8230;]\n<p>Affirmant [&#8230;] que la connaissance de soi promise par la gnose <em>prend sa source dans l&rsquo;exp\u00e9rience int\u00e9rieure<\/em>, Jung souscrivait \u00e0 une telle vision: <em>Il s&rsquo;agit d&rsquo;une connaissance de nature irrationnelle, qui se distingue de la pens\u00e9e arbitraire. C&rsquo;est un \u00e9v\u00e9nement, une chose qui se r\u00e9v\u00e8le de soi-m\u00eame, une activit\u00e9 de l&rsquo;esprit qui est le r\u00e9sultat d&rsquo;une position spirituelle tout \u00e0 fait sp\u00e9cifique<\/em>.\u00a0\u00bb p 98<\/p>\n<h2>Le Livre Rouge est-il un \u00e9crit \u00ab\u00a0gnostique\u00a0\u00bb ?<\/h2>\n<p>\u00ab\u00a0Longtemps inaccessible, et entour\u00e9 du myst\u00e8re propre aux choses interdites, <a href=\"https:\/\/www.cgjung.net\/livrerouge\/index.htm\">Le Livre Rouge<\/a> aujourd&rsquo;hui traduit dans diff\u00e9rentes langues pourrait conduire \u00e0 repenser ce qu&rsquo;on savait jusqu&rsquo;alors des rapports de Jung et de la gnose en se fondant presque exclusivement sur Les Sept Sermons aux morts attribu\u00e9s au gnostique Basilide (11e si\u00e8cle ap. J.-C.).<\/p>\n<p>Mais ces fameux Sermons sont-ils vraiment la quintessence de la \u00abgnose\u00bb jungienne, ou est-ce l&rsquo;ensemble de cet \u00e9crit inclassable qui constitue un r\u00e9cit initiatique comparable \u00e0 ceux des anciens gnostiques tant en raison de son contenu que de son style po\u00e9tique et proph\u00e9tique, souvent emphatique et tr\u00e8s composite ?<\/p>\n<p>Et si rien ne permet d&rsquo;affirmer que la gnose est globalement pr\u00e9sente dans cet \u00e9crit aussi insolite et dramatique que les mythologies gnostiques, peut-on au moins y d\u00e9couvrir des motifs &#8211; images, personnages, situations &#8211; rappelant ceux qui font l&rsquo;originalit\u00e9 des gnoses antiques ?<\/p>\n<p>La pr\u00e9sence de tels motifs n&rsquo;aurait alors rien d&rsquo;anecdotique et permettrait au contraire d&rsquo;accr\u00e9diter la th\u00e8se de Jung selon laquelle les gnostiques auraient au moins entrevu le monde des arch\u00e9types : <em>Ce sont les dominantes arch\u00e9typiques de l&rsquo;inconscient collectif qui constituent la source psychique des id\u00e9es gnostiques\u00bb, confirmera-t-il en 1949<\/em>.\u00a0\u00bb p 121<\/p>\n<h2>Le questionnement \u00e9thique<\/h2>\n<p>\u00ab\u00a0Par sa violence m\u00eame, la confrontation initiale \u00e0 l&rsquo;inconscient &#8211; et l&rsquo;afflux d&rsquo;images qu&rsquo;elle a suscit\u00e9es au d\u00e9but du Livre Rouge &#8211; ne pr\u00eatait gu\u00e8re au questionnement \u00e9thique, m\u00eame si l&rsquo;\u00e9mergence brutale de l&rsquo;ombre le rendait t\u00f4t ou tard in\u00e9vitable.<\/p>\n<p>Ce questionnement ne commence vraiment qu&rsquo;avec la rencontre de Salom\u00e9, qui en fait appara\u00eetre pour la premi\u00e8re fois la dimension \u00ab gnostique \u00bb qui transpara\u00eetra ensuite tout au long du Livre Rouge, et plus encore dans les \u00e9crits ult\u00e9rieurs de Jung.<\/p>\n<p>La question \u00e9thique ne va pas en effet cesser de se poser d\u00e8s lors que l&rsquo;individuation suppose la \u00abconjonction des oppos\u00e9s\u00bb. Abandonnant l&rsquo;id\u00e9al de perfection au h\u00e9ros, Le Livre Rouge fait de Salom\u00e9 l&rsquo;initiatrice et l&rsquo;annonciatrice d&rsquo;une compl\u00e9tude (Soi) que le narrateur ne commencera \u00e0 entrevoir qu&rsquo;apr\u00e8s bien d&rsquo;autres \u00e9preuves.\u00a0\u00bb p155<\/p>\n<h2>La question de la \u00ab d\u00e9ification \u00bb concerne l&rsquo;homme contemporain<\/h2>\n<p>\u00ab\u00a0&#8230; comment retrouver le sens profond des myst\u00e8res et initiations antiques dans un monde qui favorise toutes les formes de \u00abparticipation mystique\u00bb, source d&rsquo;\u00e9pid\u00e9mies psychiques collectives dont la dangerosit\u00e9 n&rsquo;est plus \u00e0 prouver?<\/p>\n<p>Comment prendre sur ses \u00e9paules le fardeau l\u00e9gu\u00e9 par le christianisme, fossoyeur des initiations myst\u00e9riques, sinon en revivant soi-m\u00eame cet autre \u00abmyst\u00e8re\u00bb qu&rsquo;est la Passion de J\u00e9sus-Christ?<\/p>\n<p>Jung fut en effet tr\u00e8s t\u00f4t convaincu que le christianisme ne reprendrait vie dans les \u00e2mes que s&rsquo;il recouvrait la dimension myst\u00e9rique et initiatique qu&rsquo;il eut au temps des gnoses, et dont l&rsquo;absence ne peut conduire qu&rsquo;\u00e0 une fade \u00abImitation de J\u00e9sus-Christ\u00bb [&#8230;]\n<p>Mais au-del\u00e0 des gnostiques et de la personne de Jung, la question de la \u00ab d\u00e9ification \u00bb continue \u00e0 concerner l&rsquo;homme contemporain, si tant est que l&rsquo;on prenne au s\u00e9rieux le fait que l&rsquo;inconscient collectif soit aujourd&rsquo;hui activ\u00e9 comme il le fut aux premiers si\u00e8cles de l&rsquo;\u00e8re chr\u00e9tienne.<\/p>\n<p>La question d\u00e8s lors demeure, qu&rsquo;il faut savoir gr\u00e9 \u00e0 Marie-Louise von Franz d&rsquo;avoir pos\u00e9e avec la fermet\u00e9 et la dart\u00e9 d&rsquo;esprit qui la caract\u00e9risent : <em>Sommes-nous devenus aujourd&rsquo;hui, deux mille ans apr\u00e8s, suffisamment m\u00fbrs pour supporter la d\u00e9ification de l&rsquo;homme, sans oublier notre petitesse et notre obscurit\u00e9 ?<\/em>\u00a0\u00bb p 184<\/p>\n<h2>Le chemin d&rsquo;individuation<\/h2>\n<p>\u00ab<em>Ce chemin n&rsquo;est pas sans danger. Tout bien est co\u00fbteux et le d\u00e9veloppement de la personnalit\u00e9 figure au nombre des choses les plus on\u00e9reuses<\/em> [Jung, <a href=\"https:\/\/www.cgjung.net\/oeuvre\/fleur_or.htm\">Commentaire &#8230;<\/a>, p 35].<\/p>\n<p>La question s&rsquo;adresse donc \u00e0 chacun des \u00eatres humains : quel prix \u00eates-vous pr\u00eat \u00e0 payer pour sortir du mal-\u00eatre qui est le v\u00f4tre &#8211; de votre \u00abd\u00e9ficience\u00bb diraient les gnostiques &#8211; avant m\u00eame de chercher \u00e0 savoir ce que pourra signifier pour vous s&rsquo;individuer ?<\/p>\n<p>Dire que toute chose a un \u00abco\u00fbt\u00bb, et les plus rares davantage encore que les autres, revient \u00e0 sensibiliser l&rsquo;individu \u00e0 ses propres priorit\u00e9s : o\u00f9 se situe pour vous la valeur \u00e0 laquelle vous \u00eates pr\u00eat \u00e0 tout sacrifier ?<\/p>\n<p>Renouant avec cette logique, Jung retrouve le chemin du \u00abprendre soin de soi\u00bb antique \u00e0 quoi son exp\u00e9rience d&rsquo;analyste, nourrie par sa r\u00e9flexion sur les gnoses et l&rsquo;alchimie, lui a permis d&rsquo;ajouter un nouveau chapitre.<\/p>\n<p>C&rsquo;est qu&rsquo;il ne suffit pas d&rsquo;\u00eatre pr\u00eat \u00e0 \u00ab payer \u00bb pour s&rsquo;individuer. Encore faut-il avoir au moins quelques-unes des qualit\u00e9s permettant \u00e0 ce d\u00e9sir de cheminer vers une issue favorable.<\/p>\n<p>Or ces qualit\u00e9s &#8211; patience, humilit\u00e9, endurance &#8211; dont Jung a trouv\u00e9 l&rsquo;expression chez les alchimistes plus encore que chez les gnostiques, r\u00e9v\u00e8lent tout leur potentiel dans l&rsquo;acte d&rsquo;\u0153uvrer qui n&rsquo;a son \u00e9quivalent ni dans celui de travailler ni m\u00eame de cr\u00e9er, mais qui r\u00e9sonne par contre \u00e0 l&rsquo;unisson de ce qui se passe au cours du processus d&rsquo;individuation&#8230;\u00a0\u00bb p 274<\/p>\n<h2>En conclusion<\/h2>\n<p>\u00ab\u00a0Ce qui r\u00e9sonne \u00e0 travers ces quelques figures majeures de la gnose telle que l&rsquo;a revisit\u00e9e Jung est toujours l&rsquo;appel \u00e0 une conscientisation de l&rsquo;\u00eatre humain, en son fond bien proche de l&rsquo;invitation \u00e0 l&rsquo;\u00e9veil et \u00e0 la reconnaissance de son vrai \u00ab soi \u00bb lanc\u00e9e par les gnostiques :<\/p>\n<ul>\n<li>insubordination face \u00e0 toute institution privant l&rsquo;individu du droit sacr\u00e9 de \u00ab devenir soi \u00bb ;<\/li>\n<li>refus de voir la foi supplanter la connaissance quand elle n&rsquo;est pas source de transformation psychologique et d&rsquo;\u00e9panouissement spirituel ;<\/li>\n<li>conception novatrice de l&rsquo;\u00e9thique et vision de l&rsquo;unit\u00e9 du monde qui, si elle n&rsquo;est pas pleinement pl\u00e9romatique, bouleverse le rapport au monde au moins autant que la r\u00e9v\u00e9lation gnostique.<\/li>\n<\/ul>\n<p>Car c&rsquo;est bien en terme de \u00abconscience\u00bb &#8211; jamais assez ample ni assez profonde &#8211; que Jung a traduit la notion gnostique de \u00ab lumi\u00e8re \u00bb dont les mille et une nuances, d\u00e9clin\u00e9es par la plupart des textes anciens, mettaient en valeur la pl\u00e9nitude indicible du pl\u00e9r\u00f4me.\u00a0\u00bb p 412<\/p>\n<p style=\"text-align: center;\"><em>Editions Pierre-Guillaume de Roux \u2013 15,5 x 24 x 3,1 cm \u2013 422 pages.<\/em><\/p>\n<h2>Fran\u00e7oise Bonardel<\/h2>\n<p>Philosophe et essayiste, Fran\u00e7oise Bonardel est l&rsquo;auteur d&rsquo;une \u0153uvre forte et originale associant r\u00e9flexion critique sur les religions et la culture. Apr\u00e8s l&rsquo;herm\u00e9tisme et l&rsquo;alchimie auxquels elle a consacr\u00e9 plusieurs essais, ce sont ici les gnoses dont elle scrute les enseignements afin de savoir ce que Jung en a v\u00e9ritablement retenu, et surtout quel usage psychologique il en a fait.<\/p>\n","protected":false},"excerpt":{"rendered":"<p>Dans cet ouvrage tr\u00e8s document\u00e9, Fran\u00e7oise Bonardel traite en profondeur de la relation de Jung \u00e0 la gnose. Les extraits ci-dessous t\u00e9moignent de la diversit\u00e9 des sujets abord\u00e9s, autour d&rsquo;un th\u00e8me richement explor\u00e9. Clivage entre Nature et Esprit \u00ab\u00a0Adoptant spontan\u00e9ment dans son approche des mythes une m\u00e9thode descriptive de type ph\u00e9nom\u00e9nologique, Jung se situait ainsi [&hellip;]<\/p>\n","protected":false},"author":1,"featured_media":0,"parent":9713,"menu_order":13,"comment_status":"closed","ping_status":"closed","template":"","meta":{"footnotes":""},"class_list":["post-9665","page","type-page","status-publish","hentry"],"_links":{"self":[{"href":"https:\/\/www.cgjung.net\/espace\/wp-json\/wp\/v2\/pages\/9665","targetHints":{"allow":["GET"]}}],"collection":[{"href":"https:\/\/www.cgjung.net\/espace\/wp-json\/wp\/v2\/pages"}],"about":[{"href":"https:\/\/www.cgjung.net\/espace\/wp-json\/wp\/v2\/types\/page"}],"author":[{"embeddable":true,"href":"https:\/\/www.cgjung.net\/espace\/wp-json\/wp\/v2\/users\/1"}],"replies":[{"embeddable":true,"href":"https:\/\/www.cgjung.net\/espace\/wp-json\/wp\/v2\/comments?post=9665"}],"version-history":[{"count":38,"href":"https:\/\/www.cgjung.net\/espace\/wp-json\/wp\/v2\/pages\/9665\/revisions"}],"predecessor-version":[{"id":12108,"href":"https:\/\/www.cgjung.net\/espace\/wp-json\/wp\/v2\/pages\/9665\/revisions\/12108"}],"up":[{"embeddable":true,"href":"https:\/\/www.cgjung.net\/espace\/wp-json\/wp\/v2\/pages\/9713"}],"wp:attachment":[{"href":"https:\/\/www.cgjung.net\/espace\/wp-json\/wp\/v2\/media?parent=9665"}],"curies":[{"name":"wp","href":"https:\/\/api.w.org\/{rel}","templated":true}]}}