{"id":9062,"date":"2019-06-10T07:50:29","date_gmt":"2019-06-10T05:50:29","guid":{"rendered":"https:\/\/www.cgjung.net\/espace\/?page_id=9062"},"modified":"2026-02-28T09:22:06","modified_gmt":"2026-02-28T08:22:06","slug":"qui-sommes-nous","status":"publish","type":"page","link":"https:\/\/www.cgjung.net\/espace\/qui-sommes-nous\/","title":{"rendered":"Qui sommes nous ?"},"content":{"rendered":"<h1>L&rsquo;association Espace Francophone Jungien<\/h1>\n<p>L&rsquo;Espace Francophone Jungien (EFJ) est une association d\u00e9di\u00e9e \u00e0 la connaissance des travaux initi\u00e9s par Carl Gustav Jung \u00e0 travers sa plateforme <a href=\"http:\/\/cgjung.net\">cgjung.net<\/a>. Elle rassemble des ressources qui facilitent la compr\u00e9hension et la diffusion de ses id\u00e9es, connues sous les noms de Psychologie Analytique, Psychologie des Profondeurs, et Psychanalyse Jungienne.<\/p>\n<h1>Notre ligne \u00e9ditoriale<\/h1>\n<h2><strong>Notre mission : diffuser la pens\u00e9e jungienne<\/strong><\/h2>\n<p>Notre objectif est de rendre accessibles les id\u00e9es de Carl Gustav Jung \u00e0 tous les francophones, du novice au professionnel.<\/p>\n<p>Le site EFJ cgjung.net explore et pr\u00e9sente la pens\u00e9e vivante et l\u2019actualit\u00e9 jungienne au travers d\u2019articles, de pr\u00e9sentation d\u2019ouvrages, d\u2019entretiens, de t\u00e9moignages, etc.<\/p>\n<p>Le style et la forme du contenu varient selon les sujets trait\u00e9s et les nombreux contributeurs et auteurs jungiens issus d\u2019horizons diff\u00e9rents. Cela permet \u00e0 chaque lecteur\/visiteur, \u00e0 chaque type de personnalit\u00e9, de trouver un int\u00e9r\u00eat personnel et des ressources fiables.<\/p>\n<h2>Nos valeurs<\/h2>\n<p>Notre ligne \u00e9ditoriale est bas\u00e9e sur les valeurs suivantes :<\/p>\n<ul>\n<li><strong>La prise en compte de l\u2019inconscient et son exploration<\/strong> : nous reconnaissons l&rsquo;importance de l&rsquo;inconscient dans la vie psychique.<\/li>\n<li><strong>L\u2019importance du sens pour l\u2019individu<\/strong> : nous soutenons la qu\u00eate de sens personnelle et le processus d\u2019individuation, qui sont des piliers de la psychologie jungienne.<\/li>\n<li><strong>L&rsquo;ouverture culturelle et symbolique<\/strong> : nous respectons et honorons la diversit\u00e9 des exp\u00e9riences et des psychologies humaines.<\/li>\n<li><strong>La valorisation des ressources marginalis\u00e9es<\/strong> : nous tenons compte des id\u00e9es et perspectives qui ne trouvent pas toujours leur place dans les discours dominants.<\/li>\n<\/ul>\n<h1>Historique et \u00e9volution du site<\/h1>\n<h2>Origine<\/h2>\n<p>Le site <a href=\"http:\/\/cgjung.net\">cgjung.net<\/a> a \u00e9t\u00e9 mis en ligne au mois de mars 1998 et a \u00e9t\u00e9 cr\u00e9\u00e9 par Jean-Pierre ROBERT qui en assure le suivi depuis cette date.<\/p>\n<h2>\u00c9volution<\/h2>\n<p>A partir du mois de juillet 2019 la gestion du site a \u00e9t\u00e9 confi\u00e9e \u00e0 l\u2019association Espace Francophone Jungien. A l\u2019occasion de ce changement, les textes publi\u00e9s initialement sur le site Jung R\u00eave Alchimie Hom\u00e9opathie, ont \u00e9t\u00e9 int\u00e9gr\u00e9s dans ce nouvel espace. Le contenu du site est enrichi r\u00e9guli\u00e8rement avec de nouvelles pages d\u00e9di\u00e9es \u00e0 la pens\u00e9e jungienne.<\/p>\n<p>Ce site n\u2019aurait pu conna\u00eetre un tel essor et une telle long\u00e9vit\u00e9 sans les encouragements et la participation de multiples personnes, tant en France, au Canada, en Belgique qu\u2019en Suisse. Elles ont \u00e0 c\u0153ur de partager leurs connaissances et leurs exp\u00e9riences. Qu\u2019elles en soient sinc\u00e8rement remerci\u00e9es.<\/p>\n<p>Par ailleurs, pendant une p\u00e9riode de six ans, allant d\u2019avril 2017 \u00e0 avril 2023, EFJ a organis\u00e9 <a href=\"https:\/\/www.cgjung.net\/espace\/seminaires\/\">des conf\u00e9rences, des actions de formation et s\u00e9minaires<\/a> dans le but de sensibiliser un vaste public \u00e0 la psychologie des profondeurs. Nous pr\u00e9voyons de reprendre ces activit\u00e9s dans les ann\u00e9es \u00e0 venir.<\/p>\n<h2>Mises \u00e0 jour<\/h2>\n<p>De nouveaux contenus sont constamment publi\u00e9s. Vous pouvez suivre les mises \u00e0 jour effectu\u00e9es sur le site et \u00eatre inform\u00e9s de nos actualit\u00e9s <a href=\"https:\/\/www.cgjung.net\/editorial.htm\">\u00e0 partir de cette page<\/a> ou <a href=\"https:\/\/eepurl.com\/dtGE4X\">en vous abonnant \u00e0 notre Lettre d&rsquo;information.<\/a><\/p>\n<p>Concernant les actualit\u00e9s jungiennes, nous ne saurions \u00eatre exhaustifs. Aussi, nous vous invitons \u00e0 acc\u00e9der directement aux sites jungiens qui organisent des activit\u00e9s \u00e0 partir de la page qui regroupe les liens principaux vers des sites jungiens.<\/p>\n<h1><a id=\"equipe\"><\/a>Notre \u00e9quipe et nos modes de fonctionnement<\/h1>\n<h2>L\u2019\u00e9quipe \u00e9ditoriale<\/h2>\n<p>Elle est compos\u00e9e de <a href=\"https:\/\/www.cgjung.net\/espace\/accueil\/ariane-callot\/\">Ariane Callot<\/a>, <a href=\"https:\/\/www.cgjung.net\/espace\/accueil\/claire-droin\/\">Claire Droin<\/a>, <a href=\"https:\/\/www.cgjung.net\/espace\/accueil\/cecile-gatille\/\">C\u00e9cile Gatille<\/a>,&nbsp;<a href=\"https:\/\/www.cgjung.net\/espace\/accueil\/rachel-huber\/\">Rachel Huber<\/a>, <a href=\"https:\/\/www.cgjung.net\/espace\/accueil\/jprobert\/\">Jean-Pierre Robert<\/a>, <a href=\"https:\/\/www.cgjung.net\/espace\/accueil\/peggy-vermeesch\/\">Peggy Vermeesch<\/a>&nbsp;et <a href=\"https:\/\/www.cgjung.net\/espace\/accueil\/lise-villemaire\/\">Lise Villemaire<\/a>. Les membres de cette \u00e9quipe collaborative sont responsables du bon fonctionnement du site Espace Francophone Jungien.<\/p>\n<p>Parmi leurs nombreuses t\u00e2ches, ils s&rsquo;occupent de la s\u00e9lection des \u00e9l\u00e9ments \u00e0 publier, de la relecture et des relations avec l&rsquo;ext\u00e9rieur. A titre individuel, ils r\u00e9digent certains articles ou pr\u00e9sentations.<\/p>\n<h2>Ind\u00e9pendance de l&rsquo;association<\/h2>\n<p>L&rsquo;association Espace Francophone Jungien est ind\u00e9pendante des autres associations ou soci\u00e9t\u00e9s \u00e0 vocation jungienne. Elle \u00e9change volontiers avec l\u2019ensemble des acteurs qui partagent et qui participent aux m\u00eames objectifs.<\/p>\n<h2>Gratuit\u00e9 des \u00e9changes<\/h2>\n<p>EFJ fournit tous ses contenus gratuitement, sans publicit\u00e9, et sans recourir \u00e0 l&rsquo;exploitation des donn\u00e9es personnelles de ses utilisateurs. Les r\u00e9dacteurs des articles et l\u2019\u00e9quipe \u00e9ditoriale d\u2019EFJ sont b\u00e9n\u00e9voles.<\/p>\n<p>Nos ressources d\u00e9pendent presque enti\u00e8rement des dons de nos visiteurs. Nous les remercions pour leur g\u00e9n\u00e9rosit\u00e9 ! Ces dons soutiennent nos diff\u00e9rentes activit\u00e9s : location domaine et serveur informatique, abonnements logiciels, achats d&rsquo;ouvrages, participation \u00e0 des \u00e9v\u00e8nements jungiens, d\u00e9placements, etc.<\/p>\n<p>Vous pouvez <a href=\"https:\/\/www.helloasso.com\/associations\/espace-francophone-jungien\/formulaires\/1\">faire un don<\/a> pour soutenir notre action !<\/p>\n<h2>Auteurs et \u00e9diteurs<\/h2>\n<p>De nombreuses collaborations sont \u00e9tablies avec les auteurs et\/ou les \u00e9diteurs. Ceux-ci peuvent nous contacter, en utilisant le <a href=\"https:\/\/www.cgjung.net\/contact.htm\">formulaire de contact<\/a> ou en nous adressant un message \u00e0 <a href=\"mailto:message@cgjung.net\">message@cgjung.net<\/a> pour nous proposer leurs ouvrages afin de les pr\u00e9senter. Apr\u00e8s lecture, et s\u2019ils sont retenus, ils pourront faire l\u2019objet d\u2019une pr\u00e9sentation.<\/p>\n<h2>R\u00e9seaux sociaux, forums et groupes<\/h2>\n<p>Nous sommes pr\u00e9sents sur le r\u00e9seau <a href=\"https:\/\/www.facebook.com\/cgjung.net\/\">Facebook<\/a>. Mais ne participons pas \u00e0 l\u2019animation de forums et groupes de discussion.<\/p>\n<h1>Confidentialit\u00e9 et conformit\u00e9<\/h1>\n<h2>Respect de la confidentialit\u00e9<\/h2>\n<p>Fid\u00e8les \u00e0 l\u2019\u00e9thique du travail analytique, les autrices et auteurs d\u2019Espace Francophone Jungien prennent soin de pr\u00e9server la confidentialit\u00e9 des personnes rencontr\u00e9es dans leur pratique et se sont engag\u00e9s \u00e0 garantir l\u2019anonymat et le respect de chaque personne.<\/p>\n<h2>H\u00e9bergement et charte graphique<\/h2>\n<p>Le site Espace Francophone Jungien, adresse www.cgjung.net, est h\u00e9berg\u00e9 par la soci\u00e9t\u00e9 OVH \u00e0 Roubaix (France).<\/p>\n<p>La charte graphique ob\u00e9it aux standards de l\u2019internet. Elle est \u00e9pur\u00e9e afin de permettre au plus grand nombre d\u2019acc\u00e9der aux informations sans difficult\u00e9. Il n\u2019y a pas de publicit\u00e9s intrusives.<\/p>\n<p>Les articles sont mis en forme pour s&rsquo;adapter aux m\u00e9dias \u00e9lectroniques, qui diff\u00e9rent de l&rsquo;impression classique par :<\/p>\n<ul>\n<li>des longueurs de ligne variables (du smartphone au grand \u00e9cran),<\/li>\n<li>une lisibilit\u00e9 diff\u00e9rente (n\u00e9cessitant des phrases plus courtes, moins d&rsquo;italiques&nbsp; et un contenu segment\u00e9),<\/li>\n<li>l&rsquo;absence de pagination,<\/li>\n<li>des notes de bas de page difficilement accessibles.<\/li>\n<\/ul>\n<h2>Protection des donn\u00e9es<\/h2>\n<p>Le site Espace Francophone Jungien \u2013 cgjung.net \u2013 utilise Google Analytics. Ce service nous aide \u00e0 identifier le contenu qui vous int\u00e9resse le plus ainsi qu\u2019\u00e0 rep\u00e9rer les \u00e9ventuels dysfonctionnements.<\/p>\n<p>Vous \u00eates inform\u00e9s lors de votre premier acc\u00e8s au site par un bandeau qui recueille votre consentement.<\/p>\n<h2>Propri\u00e9t\u00e9 intellectuelle<\/h2>\n<p>Tous les \u00e9l\u00e9ments graphiques ou intellectuels originaux (structure g\u00e9n\u00e9rale et contenu des documents, charte graphique, textes, images \u2026) et tout autre \u00e9l\u00e9ment composant le site sont prot\u00e9g\u00e9s par le droit d\u2019auteur au sens des articles L. 111-1 et suivants du Code de la propri\u00e9t\u00e9 intellectuelle.<\/p>\n<h2>Utilisation raisonn\u00e9e de l\u2019Intelligence Artificielle<\/h2>\n<p>Les outils de l\u2019Intelligence Artificielle sont devenus incontournables et omnipr\u00e9sents. Nous les utilisons avec mod\u00e9ration pour cr\u00e9er des illustrations ou pour faciliter la relecture et les traductions sans jamais recourir \u00e0 ces outils pour cr\u00e9er du contenu original.<\/p>\n<h1>\u00c9diteur<\/h1>\n<p>Association Espace Francophone Jungien<\/p>\n<p>Identification R.N.A. : W642005589<\/p>\n<p>Code Siret : 87778744000016<\/p>\n<p>Code APE : 82.30Z<\/p>\n<p>Adresse : 4, place au bois 65000 Tarbes (France)<\/p>\n<p>T\u00e9l\u00e9phone&nbsp; <a href=\"tel:+33658020740\">33 (0) 6 58 02 07 40<\/a><\/p>\n<p>Pr\u00e9sident et directeur de la publication : <a href=\"https:\/\/www.cgjung.net\/espace\/accueil\/jprobert\/\">Jean-Pierre ROBERT<\/a><\/p>\n<p>Vice-pr\u00e9sidente : <a href=\"https:\/\/www.cgjung.net\/espace\/accueil\/ariane-callot\/\">Ariane Callot<\/a><\/p>\n<p>Secr\u00e9taire : <a href=\"https:\/\/www.cgjung.net\/espace\/accueil\/claire-droin\/\">Claire Droin<\/a><\/p>\n<p>Secr\u00e9taire adjointe : <a href=\"https:\/\/www.cgjung.net\/espace\/accueil\/peggy-vermeesch\/\">Peggy Vermeesch<\/a><\/p>\n<p>Tr\u00e9sori\u00e8re : <a href=\"https:\/\/www.cgjung.net\/espace\/accueil\/rachel-huber\/\">Rachel Huber<\/a><\/p>\n<p>Nous serions ravis de vous compter parmi notre communaut\u00e9 de passionn\u00e9s. Pour toute question ou suggestion, contactez-nous via notre <a href=\"https:\/\/www.cgjung.net\/contact.htm\">formulaire en ligne<\/a> ou par message \u00e0 <a href=\"mailto:message@cgjung.net\">message@cgjung.net<\/a>. Merci de votre int\u00e9r\u00eat pour l&rsquo;Espace Francophone Jungien !<\/p>\n<p style=\"text-align: right;\"><em>Page mise \u00e0 jour le 27 f\u00e9vrier 2026&nbsp;<\/em><\/p>\n","protected":false},"excerpt":{"rendered":"<p>L&rsquo;association Espace Francophone Jungien L&rsquo;Espace Francophone Jungien (EFJ) est une association d\u00e9di\u00e9e \u00e0 la connaissance des travaux initi\u00e9s par Carl Gustav Jung \u00e0 travers sa plateforme cgjung.net. Elle rassemble des ressources qui facilitent la compr\u00e9hension et la diffusion de ses id\u00e9es, connues sous les noms de Psychologie Analytique, Psychologie des Profondeurs, et Psychanalyse Jungienne. Notre [&hellip;]<\/p>\n","protected":false},"author":1,"featured_media":0,"parent":0,"menu_order":22,"comment_status":"closed","ping_status":"closed","template":"","meta":{"footnotes":""},"class_list":["post-9062","page","type-page","status-publish","hentry"],"_links":{"self":[{"href":"https:\/\/www.cgjung.net\/espace\/wp-json\/wp\/v2\/pages\/9062","targetHints":{"allow":["GET"]}}],"collection":[{"href":"https:\/\/www.cgjung.net\/espace\/wp-json\/wp\/v2\/pages"}],"about":[{"href":"https:\/\/www.cgjung.net\/espace\/wp-json\/wp\/v2\/types\/page"}],"author":[{"embeddable":true,"href":"https:\/\/www.cgjung.net\/espace\/wp-json\/wp\/v2\/users\/1"}],"replies":[{"embeddable":true,"href":"https:\/\/www.cgjung.net\/espace\/wp-json\/wp\/v2\/comments?post=9062"}],"version-history":[{"count":45,"href":"https:\/\/www.cgjung.net\/espace\/wp-json\/wp\/v2\/pages\/9062\/revisions"}],"predecessor-version":[{"id":33729,"href":"https:\/\/www.cgjung.net\/espace\/wp-json\/wp\/v2\/pages\/9062\/revisions\/33729"}],"wp:attachment":[{"href":"https:\/\/www.cgjung.net\/espace\/wp-json\/wp\/v2\/media?parent=9062"}],"curies":[{"name":"wp","href":"https:\/\/api.w.org\/{rel}","templated":true}]}}