{"id":8959,"date":"2019-05-28T20:29:34","date_gmt":"2019-05-28T18:29:34","guid":{"rendered":"https:\/\/www.cgjung.net\/espace\/?page_id=8959"},"modified":"2026-02-06T08:43:49","modified_gmt":"2026-02-06T07:43:49","slug":"seminaires","status":"publish","type":"page","link":"https:\/\/www.cgjung.net\/espace\/seminaires\/","title":{"rendered":"S\u00e9minaires et colloques"},"content":{"rendered":"<p><strong>Nos s\u00e9minaires et colloques offrent des temps privil\u00e9gi\u00e9s pour approfondir la psychologie des profondeurs, explorer l\u2019exp\u00e9rience int\u00e9rieure et interroger les transformations contemporaines, dans des lieux favorisant l\u2019\u00e9coute, la r\u00e9flexion et l\u2019\u00e9change.<\/strong><\/p>\n<h2>Colloque Intelligence Artificielle &amp; Psychologie des Profondeurs<\/h2>\n<div class=\"content\">\n<p>L\u2019intelligence artificielle ne se limite pas \u00e0 des outils performants : elle modifie nos mani\u00e8res de percevoir, de r\u00eaver, de penser, de soigner et de croire. Les 23 et 24 mai 2026, \u00e0 l\u2019abbaye de Belloc \u00e0 Urt (64), ce colloque explorera ces transformations en croisant psychologie jungienne et interrogations contemporaines.&nbsp;<\/p>\n<p><a href=\"https:\/\/www.cgjung.net\/espace\/seminaires\/2026-05-intelligence-artificielle-psychologie-profondeur\/\"><img loading=\"lazy\" decoding=\"async\" class=\"size-full wp-image-32389 aligncenter\" src=\"https:\/\/www.cgjung.net\/espace\/wp-content\/uploads\/2025\/12\/2025-05-image-colloque.png\" sizes=\"auto, (max-width: 600px) 100vw, 600px\" srcset=\"https:\/\/www.cgjung.net\/espace\/wp-content\/uploads\/2025\/12\/2025-05-image-colloque.png 600w, https:\/\/www.cgjung.net\/espace\/wp-content\/uploads\/2025\/12\/2025-05-image-colloque-300x200.png 300w\" alt=\"\" width=\"600\" height=\"400\" \/><\/a><\/p>\n<p>Il se d\u00e9roulera <strong>en pr\u00e9sentiel ou \u00e0 distance<\/strong>.<\/p>\n<p><a href=\"https:\/\/www.cgjung.net\/espace\/seminaires\/2026-05-intelligence-artificielle-psychologie-profondeur\/\">Voir la pr\u00e9sentation<\/a><\/p>\n<p>&nbsp;<\/p>\n<h2>S\u00e9minaire de formation \u00ab\u00a0Le chemin d&rsquo;individuation\u00a0\u00bb<\/h2>\n<p>Ce s\u00e9minaire se d\u00e9roulera en pr\u00e9sentiel pr\u00e8s de Lyon, au Couvent de la Tourette, les 18 et 19 septembre 2026.<\/p>\n<p><a href=\"https:\/\/www.cgjung.net\/espace\/seminaires\/2026-09-chemin-individuation\/\"><img loading=\"lazy\" decoding=\"async\" class=\"alignright size-full wp-image-32127\" src=\"https:\/\/www.cgjung.net\/espace\/wp-content\/uploads\/2025\/11\/Seminaire.png\" alt=\"\" width=\"1146\" height=\"600\" srcset=\"https:\/\/www.cgjung.net\/espace\/wp-content\/uploads\/2025\/11\/Seminaire.png 1146w, https:\/\/www.cgjung.net\/espace\/wp-content\/uploads\/2025\/11\/Seminaire-300x157.png 300w, https:\/\/www.cgjung.net\/espace\/wp-content\/uploads\/2025\/11\/Seminaire-1024x536.png 1024w, https:\/\/www.cgjung.net\/espace\/wp-content\/uploads\/2025\/11\/Seminaire-768x402.png 768w\" sizes=\"auto, (max-width: 1146px) 100vw, 1146px\" \/><\/a><\/p>\n<p>Situ\u00e9 sur les hauteurs de l\u2019ouest lyonnais, le couvent de La Tourette, con\u00e7u par Le Corbusier, est un lieu rare : un espace de retraite, d\u2019\u00e9coute et de pr\u00e9sence \u00e0 soi. C\u2019est dans ce cadre \u00e0 la fois brut, lumineux et profond\u00e9ment m\u00e9ditatif que se tiendra notre prochain s\u00e9minaire consacr\u00e9 au chemin d\u2019individuation.<\/p>\n<\/div>\n<p><a href=\"https:\/\/www.cgjung.net\/espace\/seminaires\/2026-09-chemin-individuation\/\">Voir la pr\u00e9sentation<\/a><\/p>\n<p>&nbsp;<\/p>\n<h2>S\u00e9minaire de formation \u00ab\u00a0Les r\u00eaves et le Soi\u00a0\u00bb les 30 septembre et 1er octobre 2025<\/h2>\n<p>Dans la continuit\u00e9 des rencontres autour de la pens\u00e9e de Carl Gustav Jung, ce s\u00e9minaire a offert aux participants un temps privil\u00e9gi\u00e9 pour explorer les dimensions inconscientes de la psych\u00e9, r\u00e9fl\u00e9chir au processus d&rsquo;individuation et partager leurs exp\u00e9riences.<\/p>\n<p><a href=\"https:\/\/www.cgjung.net\/espace\/seminaires\/2025-09\/\"><img loading=\"lazy\" decoding=\"async\" class=\"size-full wp-image-29405 aligncenter\" src=\"https:\/\/www.cgjung.net\/espace\/wp-content\/uploads\/2025\/04\/Ferme-du-Chapi-Val-d-Oingt.jpg\" alt=\"\" width=\"600\" height=\"400\" srcset=\"https:\/\/www.cgjung.net\/espace\/wp-content\/uploads\/2025\/04\/Ferme-du-Chapi-Val-d-Oingt.jpg 600w, https:\/\/www.cgjung.net\/espace\/wp-content\/uploads\/2025\/04\/Ferme-du-Chapi-Val-d-Oingt-300x200.jpg 300w\" sizes=\"auto, (max-width: 600px) 100vw, 600px\" \/><\/a><\/p>\n<p>Le cadre bienveillant et stimulant de la Ferme du Chapi, propice \u00e0 la concentration et \u00e0 l\u2019\u00e9change, a permis d\u2019allier r\u00e9flexion th\u00e9orique et exp\u00e9rimentation personnelle.<\/p>\n<p><a href=\"https:\/\/www.cgjung.net\/espace\/seminaires\/2025-09\/\">Voir la pr\u00e9sentation<\/a><\/p>\n<p>&nbsp;<\/p>\n<h2>S\u00e9minaire de formation \u00ab\u00a0Les r\u00eaves et le Soi\u00a0\u00bb les 3 et 4 juin 2025<\/h2>\n<p>Et si vos r\u00eaves devenaient des alli\u00e9s sur le chemin de votre transformation ?&nbsp;<\/p>\n<p><a href=\"https:\/\/www.cgjung.net\/espace\/seminaires\/2025-06\/\"><img loading=\"lazy\" decoding=\"async\" class=\"size-full wp-image-28495 aligncenter\" src=\"https:\/\/www.cgjung.net\/espace\/wp-content\/uploads\/2025\/02\/abbaye-belloc-urt.jpg\" alt=\"\" width=\"600\" height=\"389\" srcset=\"https:\/\/www.cgjung.net\/espace\/wp-content\/uploads\/2025\/02\/abbaye-belloc-urt.jpg 600w, https:\/\/www.cgjung.net\/espace\/wp-content\/uploads\/2025\/02\/abbaye-belloc-urt-300x195.jpg 300w\" sizes=\"auto, (max-width: 600px) 100vw, 600px\" \/><\/a><\/p>\n<p>\u00c0 l\u2019Abbaye de Belloc, vingt-trois personnes ont pris le temps de les \u00e9couter, de les comprendre, et de s\u2019en nourrir dans un cadre serein et propice \u00e0 l\u2019exploration int\u00e9rieure.<\/p>\n<p><a href=\"https:\/\/www.cgjung.net\/espace\/seminaires\/2025-06\/\">Voir la pr\u00e9sentation<\/a><\/p>\n<p>&nbsp;<\/p>\n<h2>S\u00e9minaires et ateliers pr\u00e9c\u00e9dents<\/h2>\n<p>\u00c0 l\u2019initiative de Chantal Armouet et Jean-Pierre Robert, les premi\u00e8res formations ont vu le jour en avril 2017. Au fil du temps, elles se sont progressivement transform\u00e9es en ateliers, puis en v\u00e9ritables s\u00e9minaires.<\/p>\n<p><a href=\"https:\/\/www.cgjung.net\/espace\/seminaires\/seminaires-2017-2023\/\"><img loading=\"lazy\" decoding=\"async\" class=\"size-full wp-image-9167 aligncenter\" src=\"https:\/\/www.cgjung.net\/espace\/wp-content\/uploads\/2019\/06\/psychologie-des-profondeurs-seminaires.jpg\" alt=\"\" width=\"535\" height=\"376\" srcset=\"https:\/\/www.cgjung.net\/espace\/wp-content\/uploads\/2019\/06\/psychologie-des-profondeurs-seminaires.jpg 535w, https:\/\/www.cgjung.net\/espace\/wp-content\/uploads\/2019\/06\/psychologie-des-profondeurs-seminaires-300x211.jpg 300w\" sizes=\"auto, (max-width: 535px) 100vw, 535px\" \/><\/a><\/p>\n<p><a href=\"https:\/\/www.cgjung.net\/espace\/seminaires\/seminaires-2017-2023\/\">Voir leur pr\u00e9sentation<\/a><\/p>\n","protected":false},"excerpt":{"rendered":"<p>Nos s\u00e9minaires et colloques offrent des temps privil\u00e9gi\u00e9s pour approfondir la psychologie des profondeurs, explorer l\u2019exp\u00e9rience int\u00e9rieure et interroger les transformations contemporaines, dans des lieux favorisant l\u2019\u00e9coute, la r\u00e9flexion et l\u2019\u00e9change. Colloque Intelligence Artificielle &amp; Psychologie des Profondeurs L\u2019intelligence artificielle ne se limite pas \u00e0 des outils performants : elle modifie nos mani\u00e8res de percevoir, [&hellip;]<\/p>\n","protected":false},"author":1,"featured_media":0,"parent":0,"menu_order":21,"comment_status":"closed","ping_status":"closed","template":"","meta":{"footnotes":""},"class_list":["post-8959","page","type-page","status-publish","hentry"],"_links":{"self":[{"href":"https:\/\/www.cgjung.net\/espace\/wp-json\/wp\/v2\/pages\/8959","targetHints":{"allow":["GET"]}}],"collection":[{"href":"https:\/\/www.cgjung.net\/espace\/wp-json\/wp\/v2\/pages"}],"about":[{"href":"https:\/\/www.cgjung.net\/espace\/wp-json\/wp\/v2\/types\/page"}],"author":[{"embeddable":true,"href":"https:\/\/www.cgjung.net\/espace\/wp-json\/wp\/v2\/users\/1"}],"replies":[{"embeddable":true,"href":"https:\/\/www.cgjung.net\/espace\/wp-json\/wp\/v2\/comments?post=8959"}],"version-history":[{"count":85,"href":"https:\/\/www.cgjung.net\/espace\/wp-json\/wp\/v2\/pages\/8959\/revisions"}],"predecessor-version":[{"id":33081,"href":"https:\/\/www.cgjung.net\/espace\/wp-json\/wp\/v2\/pages\/8959\/revisions\/33081"}],"wp:attachment":[{"href":"https:\/\/www.cgjung.net\/espace\/wp-json\/wp\/v2\/media?parent=8959"}],"curies":[{"name":"wp","href":"https:\/\/api.w.org\/{rel}","templated":true}]}}