{"id":83,"date":"2014-08-08T07:46:27","date_gmt":"2014-08-08T06:46:27","guid":{"rendered":"https:\/\/www.cgjung.net\/espace\/?p=83"},"modified":"2020-12-21T10:34:06","modified_gmt":"2020-12-21T09:34:06","slug":"avertissement","status":"publish","type":"page","link":"https:\/\/www.cgjung.net\/espace\/cg-jung\/avertissement\/","title":{"rendered":"Le projet de recherche sur Jung"},"content":{"rendered":"<div class=\"content\">\n<p><strong>Les recherches d&rsquo;Ariane Callot ne constituent pas un travail \u00ab\u00a0sur\u00a0\u00bb Jung mais \u00ab\u00a0\u00e0 partir\u00a0\u00bb de Jung. Les influences et les objectifs de cette \u00e9tude sont rappel\u00e9s ainsi que les propositions qui la sous-tendent. <\/strong><\/p>\n<\/div>\n<div class=\"content\">\n<p><img loading=\"lazy\" decoding=\"async\" class=\"size-full wp-image-4744 aligncenter\" src=\"https:\/\/www.cgjung.net\/espace\/wp-content\/uploads\/2017\/07\/couleurs-de-lalchimie.jpg\" alt=\"\" width=\"640\" height=\"480\" srcset=\"https:\/\/www.cgjung.net\/espace\/wp-content\/uploads\/2017\/07\/couleurs-de-lalchimie.jpg 640w, https:\/\/www.cgjung.net\/espace\/wp-content\/uploads\/2017\/07\/couleurs-de-lalchimie-300x225.jpg 300w\" sizes=\"auto, (max-width: 640px) 100vw, 640px\" \/><\/p>\n<h2 style=\"text-align: center;\">Influences et objectifs<\/h2>\n<h2 style=\"text-align: justify;\">Freud, un tournant dans l\u2019histoire de la pens\u00e9e<\/h2>\n<p style=\"text-align: justify;\">L\u2019id\u00e9e que nous avons de l\u2019Homme et de sa relation aussi bien \u00e0 l\u2019humanit\u00e9 qu\u2019\u00e0 la Nature est en crise. Nous vivons dans un monde \u00e9clat\u00e9 o\u00f9 dominent les rapports de force et <strong>la m\u00e9fiance envers l\u2019Autre<\/strong>.<\/p>\n<p style=\"text-align: justify;\">Bien des voies ont \u00e9t\u00e9 explor\u00e9es mais c\u2019est <strong>Freud qui ouvrit v\u00e9ritablement la voie vers l\u2019inconscient<\/strong>.<\/p>\n<p style=\"text-align: justify;\">M\u00eame s&rsquo;il avait eu des pr\u00e9curseurs, il est le premier \u00e0 avoir propos\u00e9 une v\u00e9ritable approche de l\u2019inconscient en procurant au monde des r\u00eaves et des fantasmes <strong>un statut et une syntaxe<\/strong>.<\/p>\n<p style=\"text-align: justify;\">La d\u00e9marche freudienne constitue <strong>un tournant dans l\u2019histoire de la pens\u00e9e<\/strong>. Les notions de d\u00e9placement, de compensation, de mise en image et d\u2019\u00e9laboration qu\u2019il a mises en \u00e9vidence, donnent au r\u00eave une coh\u00e9rence interne et au r\u00eaveur une possibilit\u00e9 d\u2019auto-explication.<\/p>\n<p style=\"text-align: justify;\"><strong>L\u2019approche freudienne<\/strong> de l\u2019interpr\u00e9tation des r\u00eaves demeure donc la fondation d\u2019<strong>un premier niveau de la pratique analytique<\/strong>.<\/p>\n<p style=\"text-align: justify;\">Elle ne nous a cependant <strong>pas fourni de r\u00e9ponse<\/strong> constructive <strong>au probl\u00e8me de la crise<\/strong> v\u00e9cue par des \u00eatres humains ayant \u00e9lev\u00e9 un mur int\u00e9rieur les s\u00e9parant de leur totalit\u00e9 et ayant coup\u00e9 le lien avec celle des autres.<\/p>\n<p style=\"text-align: justify;\">Il semble que se soit perdu la numineuse intuition de l\u2019existence d\u2019une Totalit\u00e9 plus vaste. Cela nous a conduit \u00e0 <strong>rechercher un autre appui, que nous pensons avoir trouv\u00e9 chez Jung.<\/strong><\/p>\n<h2>L&rsquo;approche freudienne de la psych\u00e9<\/h2>\n<p style=\"text-align: justify;\">Les approches de la psych\u00e9 freudienne et jungienne, <strong>m\u00eame si elles s\u2019enracinent dans le m\u00eame terrain<\/strong>, ont produit des r\u00e9sultats tr\u00e8s diff\u00e9rents quand il s\u2019agit de caract\u00e9riser les relations entre les deux p\u00f4les que sont le conscient et l\u2019inconscient.<\/p>\n<p style=\"text-align: justify;\"><strong>Dans le cas de Freud on observe des rapports de force conflictuels et dans celui de Jung des rapports de dialogue et de coop\u00e9ration.<\/strong><\/p>\n<p style=\"text-align: justify;\">En effet, <strong>le souci essentiel de Freud <\/strong>\u00e9tait d\u2019\u00e9tayer<strong>,<\/strong> contre tous ses d\u00e9tracteurs, <strong>sa th\u00e9orie de la sexualit\u00e9<\/strong> comme fondement de l\u2019inconscient.<\/p>\n<p style=\"text-align: justify;\">L\u2019essentiel de l\u2019analyse freudienne renvoie \u00e0 une <strong>probl\u00e9matique du d\u00e9sir<\/strong>, au sein du triangle parental. Ce d\u00e9sir omnipr\u00e9sent a pour cons\u00e9quence une lutte incessante entre la convoitise envers un objet d\u00e9fendu et la<strong> peur de la sanction<\/strong> li\u00e9e \u00e0 la transgression.<\/p>\n<p style=\"text-align: justify;\">S\u2019il y a transgression, imaginaire ou r\u00e9elle, suivent expiation et renonciation \u00e0 l\u2019origine de<strong> refoulements<\/strong> qui sont une autre forme de violence induisant un rejet de soi-m\u00eame ou des autres. Il d\u00e9coule de cette probl\u00e9matique une th\u00e9orie de la sexualit\u00e9 comme fondement de l\u2019inconscient, d\u00e9montrant que le besoin sexuel n\u2019unit pas les hommes mais au contraire les s\u00e9pare.<\/p>\n<p style=\"text-align: justify;\">A ces sources de conflit entre le conscient et l\u2019inconscient il faut ajouter la <strong>lutte entre les forces de vie et les forces de mort,<\/strong> <em>\u00c9ros <\/em>et <em>Thanatos<\/em><em>. <\/em><\/p>\n<p style=\"text-align: justify;\">La pulsion de mort induit une relation conflictuelle suppl\u00e9mentaire entre l\u2019instinct de conservation de la Vie et un sombre d\u00e9sir de destruction tapi \u00e0 la racine de l\u2019\u00eatre psychique. <strong>L\u2019inconscient est, en quelque sorte, une poubelle du conscient<\/strong>. Il constitue un r\u00e9servoir d\u2019affects, de d\u00e9sirs, de craintes qui sont \u00e0 l\u2019encontre de l\u2019adaptation \u00e0 la civilisation humaine.<\/p>\n<h2 style=\"text-align: justify;\">Pourquoi Jung plut\u00f4t que Freud<\/h2>\n<p style=\"text-align: justify;\">Ce qui nous a s\u00e9duit dans <strong>l\u2019attitude de Jung, par rapport \u00e0 celle de Freud<\/strong>, est une vision th\u00e9orique et pratique diff\u00e9rente, <strong>plus fond\u00e9e sur la relation que sur l\u2019affrontement<\/strong>.<\/p>\n<p style=\"text-align: justify;\">Jung est, en effet, le premier \u00e0 avoir d\u00e9fini une <strong>r\u00e9alit\u00e9 positive de l\u2019inconscient<\/strong>. On peut se mettre \u00e0 son \u00e9coute, non seulement pour d\u00e9celer ce qui produit les n\u00e9vroses mais aussi pour rechercher des \u00e9l\u00e9ments cr\u00e9ateurs de la civilisation humaine.<\/p>\n<p style=\"text-align: justify;\"><strong>Freud<\/strong> envisage presque le rapport avec l\u2019inconscient comme une <strong>guerre pour d\u00e9fendre le Moi<\/strong>.<\/p>\n<p style=\"text-align: justify;\"><strong> Jung<\/strong>, lui aussi, pense qu\u2019il faut d\u00e9fendre le Moi. En effet, il y a forc\u00e9ment dans l\u2019inconscient des menaces tr\u00e8s n\u00e9gatives pour la personnalit\u00e9 du sujet. L\u2019ombre, par exemple, \u00e0 laquelle il faut ajouter de <strong>puissantes forces archa\u00efques<\/strong> qui pourraient \u00eatre d\u00e9vastatrices pour le Moi conscient. Cependant, \u00e0 ses yeux, <strong>l\u2019inconscient est globalement une r\u00e9alit\u00e9 positive<\/strong>. Il ne s\u2019agit surtout pas de d\u00e9pr\u00e9cier ses contenus dans le but d\u2019\u00e9tablir une sorte d\u2019imp\u00e9rialisme du Moi par rapport aux contenus psychiques.<\/p>\n<p style=\"text-align: justify;\"><strong>L\u2019enjeu de la th\u00e9orie jungienne<\/strong> est d\u2019\u00e9tablir une dynamique \u00e0 partir d\u2019une relation constructive entre le Moi et l\u2019inconscient. La finalit\u00e9 est de<strong> faire \u00e9merger<\/strong>, autant que faire se peut, <strong>une totalit\u00e9 psychique<\/strong> par une coop\u00e9ration entre le Moi et la force centrale organisatrice qu\u2019il nomme <strong>le Soi<\/strong>.<\/p>\n<h2>L&rsquo;inconscient comme un mat\u00e9riau \u00e0 transmuter<\/h2>\n<p style=\"text-align: justify;\">Autre sujet d\u2019int\u00e9r\u00eat, une <strong>conception alchimiqu<\/strong>e <strong>de l\u2019inconscient<\/strong> qui est, pour Jung, un mat\u00e9riau brut destin\u00e9 \u00e0 \u00eatre transform\u00e9 par le contact avec le conscient. M\u00eame les aspects n\u00e9gatifs font partie de ce mat\u00e9riau qui, lorsqu\u2019il est re\u00e7u et \u00e9cout\u00e9, commence \u00e0 \u00eatre transmut\u00e9 et redevient une \u00e9nergie positive.<\/p>\n<p style=\"text-align: justify;\">C\u2019est \u00e0 partir de l\u2019\u00e9tude des textes alchimiques qu\u2019il a envisag\u00e9 la possibilit\u00e9 de proposer une th\u00e9orie plus g\u00e9n\u00e9rale sur les r\u00eaves comme manifestation des \u201cintentions\u201d de l\u2019inconscient\u201d. Il a trouv\u00e9 dans ces textes une abondance de mat\u00e9riaux, comparable \u00e0 celle de la production onirique chez certains sujets pr\u00eatant attention \u00e0 leurs r\u00eaves pendant une assez longue p\u00e9riode.<\/p>\n<p style=\"text-align: justify;\">En effet, l\u2019exp\u00e9rience analytique r\u00e9v\u00e8le parfois<strong> des s\u00e9ries de r\u00eaves qui paraissent ob\u00e9ir \u00e0 une logique<\/strong> <strong>interne<\/strong> et soulevant des questions d\u2019un autre ordre que celles qui naissent de l\u2019analyse des r\u00eaves isol\u00e9s.<\/p>\n<p style=\"text-align: justify;\">Si on fait des s\u00e9ries de r\u00eaves <strong>un objet d\u2019\u00e9tude global ind\u00e9pendant du contexte personnel du r\u00eaveur<\/strong>, on observe alors le rattachement de l\u2019activit\u00e9 consciente \u00e0 un fond bien plus ancien.<\/p>\n<h2>Un travail d&rsquo;individuation<\/h2>\n<p style=\"text-align: justify;\">On voit ainsi s\u2019\u00e9laborer <strong>un travail d\u2019individuation<\/strong>, sur la base d\u2019une participation \u00e0 des processus que l\u2019histoire du r\u00eaveur ne suffit pas \u00e0 expliquer. Ceci nous renvoie \u00e0 une <strong>dynamique fondamentale<\/strong> rattach\u00e9e \u00e0 une <strong>Nature oubli\u00e9e<\/strong> \u00e0 partir de laquelle se serait lentement \u00e9labor\u00e9e la psych\u00e9 humaine.<\/p>\n<p style=\"text-align: justify;\"><strong>Freud<\/strong> a parl\u00e9 de l\u2019existence d\u2019un courant souterrain v\u00e9hiculant un savoir qui d\u00e9passerait l\u2019exp\u00e9rience v\u00e9cue des sujets. Les <strong>fantasmes originaires<\/strong> dont on peut lire l\u2019histoire dans <em>Totem et Tabou <\/em>(cf.p.236,237) postulent<\/p>\n<blockquote><p>\u201c<em> l\u2019existence d\u2019une \u00e2me collective dans laquelle s\u2019accomplissent les m\u00eames processus que ceux ayant leur si\u00e8ge dans l\u2019\u00e2me individuelle <\/em>\u201d et une \u201c<em>continuit\u00e9 de la vie psychique de l\u2019homme<\/em>\u201d.<\/p><\/blockquote>\n<p style=\"text-align: justify;\">Le probl\u00e8me r\u00e9side, pour nous, dans le fait que<strong> l\u2019h\u00e9r\u00e9dit\u00e9 psychique freudienne<\/strong>, qui est \u00e0 l\u2019origine du d\u00e9veloppement de l\u2019enfant et des r\u00e9gressions n\u00e9vrotiques, repose une fois de plus sur le triangle des d\u00e9sirs et refoulements familiaux. Or, la richesse symbolique des s\u00e9ries de r\u00eaves nous appara\u00eet aller bien au del\u00e0 de la probl\u00e9matique du d\u00e9sir et de la faute ou d\u2019un complexe d\u2019\u0153dipe \u00e0 l\u2019origine de tous les commencements.<\/p>\n<h2>Au del\u00e0 des fantasmes originaires les arch\u00e9types<\/h2>\n<p style=\"text-align: justify;\"><strong>Jung est all\u00e9 plus loin que Freud au sujet des fantasmes originaires<\/strong>. Ils constituent pour lui les conditions pr\u00e9alables communes \u00e0 toute l\u2019humanit\u00e9, des <em>patterns<\/em> qui sont des <strong>productions naturelles<\/strong> au m\u00eame titre que les instincts. Il leur donne le nom <strong>d\u2019arch\u00e9types<\/strong> et postule qu\u2019ils structurent toute la vie inconsciente.<\/p>\n<p style=\"text-align: justify;\">L\u2019universalit\u00e9 des symboles, par del\u00e0 leur incarnation dans des images particuli\u00e8res, trouverait son origine dans l\u2019enracinement premier de certaines repr\u00e9sentations, \u00e0 caract\u00e8re quasiment universel, en ce fond commun \u00e0 toute l\u2019humanit\u00e9. <strong>La rupture du lien avec ce substrat originel<\/strong> serait \u00e0 la source du sentiment d\u2019incompl\u00e9tude et d\u2019angoisse de l\u2019homme.<\/p>\n<h2>Le choix et les moyens<\/h2>\n<p style=\"text-align: justify;\">Un dernier point, et pas le moindre, expliquant notre choix de prendre appui sur Jung trouve son <strong>origine dans son caract\u00e8re et ses \u00e9crits. <\/strong><\/p>\n<p style=\"text-align: justify;\">Il pensait que les th\u00e9ories ne sont que des propositions.<strong> Souvent, et ses d\u00e9tracteurs le lui ont reproch\u00e9, il a chang\u00e9 d\u2019avis. <\/strong><\/p>\n<p style=\"text-align: justify;\">Il plaisantait avec ses amis sur le sort r\u00e9serv\u00e9 \u00e0 une \u0153uvre qui serait certainement malmen\u00e9e par ses successeurs. C\u2019est pourquoi, profitant de son indulgence,<strong> nous tenons \u00e0 pr\u00e9ciser que nous n\u2019effectuons pas un travail \u201csur\u201d Jung mais \u201c\u00e0 partir\u201d de Jung. <\/strong><\/p>\n<p style=\"text-align: justify;\">Nous ne pourrons cependant nous dispenser, apr\u00e8s l\u2019avoir choisi comme mentor, de fournir au lecteur qui ne le conna\u00eetrait pas, <strong>une sorte de cartographie des concepts<\/strong> et proc\u00e9d\u00e9s fondamentaux de la pens\u00e9e jungienne. Nous donnerons aussi une description du <strong>mat\u00e9riau utilis\u00e9 pour notre recherche<\/strong>.<\/p>\n<p style=\"text-align: justify;\">Il s\u2019agit de <strong>deux s\u00e9ries de r\u00eaves.<\/strong> L\u2019une est celle comment\u00e9e par Jung dans <em>Psychologie et alchimie, <\/em>nous l&rsquo;avons nomm\u00e9 <a href=\"https:\/\/www.cgjung.net\/espace\/ariaga-ecrits-jung\/serie-du-reveur\/\" target=\"_blank\" rel=\"noopener noreferrer\"><strong>la s\u00e9rie du r\u00eaveur<\/strong><\/a>.<\/p>\n<p style=\"text-align: justify;\">L\u2019autre, plus r\u00e9cente, fournie par un analyste jungien procure un \u00e9l\u00e9ment de comparaison, nous l&rsquo;avons nomm\u00e9 <strong><a href=\"https:\/\/www.cgjung.net\/espace\/ariaga-ecrits-jung\/serie-reveuse\/\" target=\"_blank\" rel=\"noopener noreferrer\">la s\u00e9rie de la r\u00eaveuse<\/a>.<\/strong><\/p>\n<h2><img loading=\"lazy\" decoding=\"async\" class=\"size-full wp-image-5321 aligncenter\" src=\"https:\/\/www.cgjung.net\/espace\/wp-content\/uploads\/2017\/09\/escargot.png\" alt=\"\" width=\"428\" height=\"100\" srcset=\"https:\/\/www.cgjung.net\/espace\/wp-content\/uploads\/2017\/09\/escargot.png 428w, https:\/\/www.cgjung.net\/espace\/wp-content\/uploads\/2017\/09\/escargot-300x70.png 300w\" sizes=\"auto, (max-width: 428px) 100vw, 428px\" \/><\/h2>\n<h2 style=\"text-align: center;\">Propositions<\/h2>\n<h2 style=\"text-align: justify;\">Th\u00e8se originale<\/h2>\n<p style=\"text-align: justify;\">Le sous-titre de la th\u00e8se de philosophie, soutenue par Ariane Callot en 2000, \u00e9tait :<em> De L\u2019oubli \u00e0 la manifestation de la Nature dans les s\u00e9ries de r\u00eaves<\/em>.<\/p>\n<p style=\"text-align: justify;\">Cette th\u00e8se a \u00e9t\u00e9, en grande partie, revue pour \u00eatre moins \u00ab\u00a0universitaire\u00a0\u00bb et d&rsquo;une lecture plus ais\u00e9e. Elle a \u00e9t\u00e9 divis\u00e9e en une suite d&rsquo;articles.<\/p>\n<p style=\"text-align: justify;\">Les <a href=\"https:\/\/www.cgjung.net\/espace\/cg-jung\/\"><em><strong>Recherches sur Jung <\/strong><\/em><\/a>regroupent des textes destin\u00e9s \u00e0 donner aux lecteurs une boite \u00e0 outils permettant de pr\u00e9ciser les concepts de Jung et ses pr\u00e9suppos\u00e9s.<\/p>\n<p style=\"text-align: justify;\">Les <a href=\"https:\/\/www.cgjung.net\/espace\/ariaga-ecrits-jung\/\"><strong><em>\u00c9crits sur Jung <\/em><\/strong><\/a>sont plus personnels.<\/p>\n<h2>Cheminement<\/h2>\n<p>Cheminant dans les pas de Jung, l&rsquo;auteure a tent\u00e9, dans l\u2019ensemble de la recherche, de donner \u00e0 penser :<\/p>\n<ul>\n<li>que l\u2019on peut, par l\u2019interm\u00e9diaire des s\u00e9ries de r\u00eaves, observer les re-pr\u00e9sentations structurelles et symboliques d\u2019un enseignement de l\u2019inconscient,<\/li>\n<li>que, m\u00eame si la Totalit\u00e9 en Soi est impensable et irrepr\u00e9sentable, il existe cependant un lieu de re-pr\u00e9sentation d\u2019une manifestation de cette Totalit\u00e9 : l\u2019\u00eatre humain,<\/li>\n<li>qu\u2019une symbolique alchimique perdure dans les r\u00eaves de nos contemporains et que cette pr\u00e9sence s\u2019explique par la perte de contact avec la Nature et l\u2019id\u00e9e que le progr\u00e8s est \u00e0 l\u2019ext\u00e9rieur de l\u2019homme.<\/li>\n<\/ul>\n<p style=\"text-align: justify;\">Enfin et surtout, d\u00e9barrass\u00e9e du carcan universitaire, Ariane Callot a voulu faire une <strong>relecture critique de ce travail<\/strong>. Elle a effectu\u00e9 des ajouts, des suppressions et tent\u00e9 de rendre le tout lisible pour le lecteur non sp\u00e9cialiste.<\/p>\n<p style=\"text-align: justify;\"><strong>Le nous<\/strong> de la th\u00e8se originale a \u00e9t\u00e9 conserv\u00e9 car plusieurs personnes ont collabor\u00e9 \u00e0 cette \u00e9tude. Il y a d&rsquo;abord Jung dont la pens\u00e9e n&rsquo;a pas quitt\u00e9e Ariane Callot avec lequel des dialogues int\u00e9rieurs parfois difficiles ont surgi. Sans oublier tous ceux qui ont \u00e9crit avant nous sur les sujets abord\u00e9s et ceux qui, depuis la fin de ce travail, ont apport\u00e9 aide et conseils.<\/p>\n<h2>Suite de cet article :<\/h2>\n<p><a href=\"https:\/\/www.cgjung.net\/espace\/cg-jung\/a-des-pistes-inspirees-par-jung-pour-guerir-un-monde-malade\/\">Des pistes inspir\u00e9es par Jung pour gu\u00e9rir un monde malade<\/a><\/p>\n<\/div>\n<h2><strong>En savoir plus<br \/>\n<\/strong><\/h2>\n<div class=\"menu-cgjung-container\">\n<ul class=\"menu\">\n<li style=\"list-style-type: none;\">&nbsp;<\/li>\n<\/ul>\n<div class=\"menu-cgjung-container\"><ul id=\"menu-cgjung\" class=\"menu\"><li id=\"menu-item-2347\" class=\"menu-item menu-item-type-post_type menu-item-object-page menu-item-2347\"><a href=\"https:\/\/www.cgjung.net\/espace\/cg-jung\/avertissement\/\">Le projet de recherche sur Jung<\/a><\/li>\n<li id=\"menu-item-9980\" class=\"menu-item menu-item-type- menu-item-object- menu-item-9980\"><a><\/a><\/li>\n<li id=\"menu-item-2348\" class=\"menu-item menu-item-type-post_type menu-item-object-page menu-item-has-children menu-item-2348\"><a href=\"https:\/\/www.cgjung.net\/espace\/cg-jung\/cheminements-dans-les-concepts\/\">Cheminements dans les concepts<\/a>\n<ul class=\"sub-menu\">\n\t<li id=\"menu-item-2349\" class=\"menu-item menu-item-type-post_type menu-item-object-page menu-item-2349\"><a href=\"https:\/\/www.cgjung.net\/espace\/cg-jung\/scenarios-de-representation\/\">La repr\u00e9sentation comme r\u00e9p\u00e9tition et relation<\/a><\/li>\n\t<li id=\"menu-item-2350\" class=\"menu-item menu-item-type-post_type menu-item-object-page menu-item-2350\"><a href=\"https:\/\/www.cgjung.net\/espace\/cg-jung\/relation-de-jung-lidee-de-totalite\/\">La relation de Jung avec l&rsquo;id\u00e9e de totalit\u00e9<\/a><\/li>\n<\/ul>\n<\/li>\n<li id=\"menu-item-2351\" class=\"menu-item menu-item-type-post_type menu-item-object-page menu-item-has-children menu-item-2351\"><a href=\"https:\/\/www.cgjung.net\/espace\/cg-jung\/modele-psyche-jungienne\/\">Jung \u00e0 la recherche de la totalit\u00e9 psychique<\/a>\n<ul class=\"sub-menu\">\n\t<li id=\"menu-item-2352\" class=\"menu-item menu-item-type-post_type menu-item-object-page menu-item-2352\"><a href=\"https:\/\/www.cgjung.net\/espace\/cg-jung\/conscience-contenus-frontieres\/\">La Conscience : contenus et fronti\u00e8res<\/a><\/li>\n\t<li id=\"menu-item-2353\" class=\"menu-item menu-item-type-post_type menu-item-object-page menu-item-2353\"><a href=\"https:\/\/www.cgjung.net\/espace\/cg-jung\/fonctions-psychologiques-conscience-collective\/\">Fonctions psychologiques et conscience collective<\/a><\/li>\n\t<li id=\"menu-item-2354\" class=\"menu-item menu-item-type-post_type menu-item-object-page menu-item-2354\"><a href=\"https:\/\/www.cgjung.net\/espace\/cg-jung\/les-inconscients\/\">Les inconscients selon Jung<\/a><\/li>\n\t<li id=\"menu-item-2355\" class=\"menu-item menu-item-type-post_type menu-item-object-page menu-item-2355\"><a href=\"https:\/\/www.cgjung.net\/espace\/cg-jung\/les-archetypes-le-soi\/\">Les arch\u00e9types et le Soi organisateur<\/a><\/li>\n\t<li id=\"menu-item-2356\" class=\"menu-item menu-item-type-post_type menu-item-object-page menu-item-2356\"><a href=\"https:\/\/www.cgjung.net\/espace\/cg-jung\/image-de-dieu\/\">L&rsquo;image de Dieu<\/a><\/li>\n\t<li id=\"menu-item-2357\" class=\"menu-item menu-item-type-post_type menu-item-object-page menu-item-2357\"><a href=\"https:\/\/www.cgjung.net\/espace\/cg-jung\/erotique-jungienne-anima-animus\/\">\u00ab\u00a0L&rsquo;\u00e9rotique\u00a0\u00bb jungienne : Anima et Animus<\/a><\/li>\n<\/ul>\n<\/li>\n<li id=\"menu-item-2358\" class=\"menu-item menu-item-type-post_type menu-item-object-page menu-item-has-children menu-item-2358\"><a href=\"https:\/\/www.cgjung.net\/espace\/cg-jung\/fonctions-et-etudes-des-reves\/\">Fonctions et \u00e9tudes des r\u00eaves<\/a>\n<ul class=\"sub-menu\">\n\t<li id=\"menu-item-2359\" class=\"menu-item menu-item-type-post_type menu-item-object-page menu-item-2359\"><a href=\"https:\/\/www.cgjung.net\/espace\/cg-jung\/interpretation-des-reves\/\">L&rsquo;interpr\u00e9tation des r\u00eaves<\/a><\/li>\n\t<li id=\"menu-item-2360\" class=\"menu-item menu-item-type-post_type menu-item-object-page menu-item-2360\"><a href=\"https:\/\/www.cgjung.net\/espace\/cg-jung\/dialogue-avec-inconscient\/\">Le dialogue avec l&rsquo;inconscient<\/a><\/li>\n\t<li id=\"menu-item-8349\" class=\"menu-item menu-item-type-post_type menu-item-object-page menu-item-8349\"><a href=\"https:\/\/www.cgjung.net\/espace\/cg-jung\/c-g-jung-et-les-series-de-reves\/\">C.G. Jung et les s\u00e9ries de r\u00eaves<\/a><\/li>\n\t<li id=\"menu-item-8501\" class=\"menu-item menu-item-type-post_type menu-item-object-page menu-item-8501\"><a href=\"https:\/\/www.cgjung.net\/espace\/cg-jung\/mandalas-symboles\/\">C.G. Jung, mandalas et symboles<\/a><\/li>\n<\/ul>\n<\/li>\n<li id=\"menu-item-2361\" class=\"menu-item menu-item-type-post_type menu-item-object-page menu-item-2361\"><a href=\"https:\/\/www.cgjung.net\/espace\/cg-jung\/fonction-transcendante-processus-dindividuation\/\">Fonction transcendante dans le processus d&rsquo;individuation<\/a><\/li>\n<li id=\"menu-item-2362\" class=\"menu-item menu-item-type-post_type menu-item-object-page menu-item-2362\"><a href=\"https:\/\/www.cgjung.net\/espace\/cg-jung\/bibliographie\/\">Bibliographie<\/a><\/li>\n<\/ul><\/div>\n<p><em><a href=\"https:\/\/www.cgjung.net\/espace\/cg-jung\/avertissement\/\">Publi\u00e9 initialement dans le cadre d\u2019une th\u00e8se<\/a> cette page a \u00e9t\u00e9 adapt\u00e9e par Ariane Callot, son auteure.<br \/>\nLes ouvrages cit\u00e9s <a href=\"https:\/\/www.cgjung.net\/espace\/cg-jung\/bibliographie\/\">sont r\u00e9f\u00e9renc\u00e9s \u00e0 la page bibliographie<\/a>.<\/em><\/p>\n<\/div>\n","protected":false},"excerpt":{"rendered":"<p>Les recherches d&rsquo;Ariane Callot ne constituent pas un travail \u00ab\u00a0sur\u00a0\u00bb Jung mais \u00ab\u00a0\u00e0 partir\u00a0\u00bb de Jung. Les influences et les objectifs de cette \u00e9tude sont rappel\u00e9s ainsi que les propositions qui la sous-tendent. Influences et objectifs Freud, un tournant dans l\u2019histoire de la pens\u00e9e L\u2019id\u00e9e que nous avons de l\u2019Homme et de sa relation aussi [&hellip;]<\/p>\n","protected":false},"author":3,"featured_media":0,"parent":110,"menu_order":25,"comment_status":"closed","ping_status":"open","template":"","meta":{"footnotes":""},"class_list":["post-83","page","type-page","status-publish","hentry"],"_links":{"self":[{"href":"https:\/\/www.cgjung.net\/espace\/wp-json\/wp\/v2\/pages\/83","targetHints":{"allow":["GET"]}}],"collection":[{"href":"https:\/\/www.cgjung.net\/espace\/wp-json\/wp\/v2\/pages"}],"about":[{"href":"https:\/\/www.cgjung.net\/espace\/wp-json\/wp\/v2\/types\/page"}],"author":[{"embeddable":true,"href":"https:\/\/www.cgjung.net\/espace\/wp-json\/wp\/v2\/users\/3"}],"replies":[{"embeddable":true,"href":"https:\/\/www.cgjung.net\/espace\/wp-json\/wp\/v2\/comments?post=83"}],"version-history":[{"count":23,"href":"https:\/\/www.cgjung.net\/espace\/wp-json\/wp\/v2\/pages\/83\/revisions"}],"predecessor-version":[{"id":15100,"href":"https:\/\/www.cgjung.net\/espace\/wp-json\/wp\/v2\/pages\/83\/revisions\/15100"}],"up":[{"embeddable":true,"href":"https:\/\/www.cgjung.net\/espace\/wp-json\/wp\/v2\/pages\/110"}],"wp:attachment":[{"href":"https:\/\/www.cgjung.net\/espace\/wp-json\/wp\/v2\/media?parent=83"}],"curies":[{"name":"wp","href":"https:\/\/api.w.org\/{rel}","templated":true}]}}