{"id":8012,"date":"2018-12-06T06:07:26","date_gmt":"2018-12-06T05:07:26","guid":{"rendered":"https:\/\/www.cgjung.net\/espace\/?page_id=8012"},"modified":"2018-12-06T06:09:05","modified_gmt":"2018-12-06T05:09:05","slug":"regards","status":"publish","type":"page","link":"https:\/\/www.cgjung.net\/espace\/ariaga-poesie\/regards\/","title":{"rendered":"Regards"},"content":{"rendered":"<h2 style=\"padding-left: 30px;\">Cris des images<\/h2>\n<p>&nbsp;<\/p>\n<h4 style=\"text-align: center;\">Les images crient dans sa t\u00eate.<\/h4>\n<h4 style=\"text-align: center;\">Cris avant l&rsquo;impact.<\/h4>\n<h4 style=\"text-align: center;\">Cris dans la fum\u00e9e du boum.<\/h4>\n<h4 style=\"text-align: center;\">Cris des membres arrach\u00e9s.<\/h4>\n<h4 style=\"text-align: center;\">Cris non entendus sous les d\u00e9combres.<\/h4>\n<h4 style=\"text-align: center;\">Cris au chavirage.<\/h4>\n<h4 style=\"text-align: center;\">Cris d&rsquo;engloutissements.<\/h4>\n<h4 style=\"text-align: center;\">Cris d&rsquo;enfants martyris\u00e9s.<\/h4>\n<h4 style=\"text-align: center;\">Cris de l&rsquo;innocence bafou\u00e9e.<\/h4>\n<h4 style=\"text-align: center;\">Cris devant l&rsquo;injustice.<\/h4>\n<h4 style=\"text-align: center;\">Cris en noir et blanc.<\/h4>\n<h4 style=\"text-align: center;\">Cris en couleur et bient\u00f4t en relief.<\/h4>\n<h4 style=\"text-align: center;\">Bouillie d&rsquo;images, bouillie de sang.<\/h4>\n<h4 style=\"text-align: center;\">Ce matin, le vieil alchimiste qui parle \u00e0 l&rsquo;oreille de son c\u0153ur lui a dit,<\/h4>\n<h4 style=\"text-align: center;\">quelque peu pontifiant,<\/h4>\n<h4 style=\"text-align: center;\">ferme les yeux et bouche tes oreilles !<\/h4>\n<h4 style=\"text-align: center;\">Mon vieil ami,<\/h4>\n<h4 style=\"text-align: center;\">lui as t-elle r\u00e9pondu,<\/h4>\n<h4 style=\"text-align: center;\">tu es d&rsquo;un autre temps,<\/h4>\n<h4 style=\"text-align: center;\">tu ne sais pas que c&rsquo;est impossible sans devenir aveugle et sourde !<\/h4>\n<h2>Po\u00e9sies d&rsquo;Ariane Callot<\/h2>\n<p><strong>Po\u00e9sies alchimiques<\/strong><\/p>\n<ul>\n<li><a href=\"https:\/\/www.cgjung.net\/espace\/ariaga-poesie\/alchimie-oeuvre-noir\/\">Alchimie, \u0153uvre au noir<\/a><\/li>\n<li><a href=\"https:\/\/www.cgjung.net\/espace\/ariaga-poesie\/alchimie-matiere-premiere\/\">Alchimie, mati\u00e8re premi\u00e8re<\/a><\/li>\n<li><a href=\"https:\/\/www.cgjung.net\/espace\/ariaga-poesie\/alchimique-conjonction\/\">Alchimique conjonction<\/a><\/li>\n<li><a href=\"https:\/\/www.cgjung.net\/espace\/ariaga-poesie\/alchimie-ici-maintenant\/\">Alchimie de l&rsquo;ici et maintenant<\/a><\/li>\n<li><a href=\"https:\/\/www.cgjung.net\/espace\/ariaga-poesie\/alchimie-de-la-mort\/\">Alchimie de la mort<\/a><\/li>\n<li><a href=\"https:\/\/www.cgjung.net\/espace\/ariaga-poesie\/alchimie-de-nature\/\">Alchimie de la nature<\/a><\/li>\n<li><a href=\"https:\/\/www.cgjung.net\/espace\/ariaga-poesie\/alchimie-divine\/\">Alchimie divine<\/a><\/li>\n<li><a href=\"https:\/\/www.cgjung.net\/espace\/ariaga-poesie\/amours-alchimiques\/\">Amours alchimiques<\/a><\/li>\n<li><a href=\"https:\/\/www.cgjung.net\/espace\/ariaga-poesie\/travail-alchimique\/\">Travail alchimique<\/a><\/li>\n<li><a href=\"https:\/\/www.cgjung.net\/espace\/ariaga-poesie\/echo-a-c-g-jung\/\">En \u00e9cho \u00e0 C.G. Jung<\/a><\/li>\n<li><a href=\"https:\/\/www.cgjung.net\/espace\/ariaga-poesie\/regards\/\">Regards<\/a><\/li>\n<li><a href=\"https:\/\/www.cgjung.net\/espace\/ariaga-poesie\/reves-visions-alchimiques\/\">R\u00eaves et visions alchimiques<\/a><\/li>\n<li><a href=\"https:\/\/www.cgjung.net\/espace\/ariaga-poesie\/microcosme\/\">Microcosme<\/a><\/li>\n<li><a href=\"https:\/\/www.cgjung.net\/espace\/ariaga-poesie\/profondeurs\/\">Dans les profondeurs<\/a><\/li>\n<li><a href=\"https:\/\/www.cgjung.net\/espace\/ariaga-poesie\/musiques\/\">Musiques<\/a><\/li>\n<\/ul>\n<p><strong>M\u00e9moires de l&rsquo;Oc\u00e9an<\/strong><\/p>\n<ul>\n<li><a href=\"https:\/\/www.cgjung.net\/espace\/ariaga-poesie\/memoires-ocean\/#plainte\">Plainte des \u00e2mes perdues<\/a><\/li>\n<li><a href=\"https:\/\/www.cgjung.net\/espace\/ariaga-poesie\/memoires-ocean\/#bateaux\">Bateaux oubli\u00e9s<\/a><\/li>\n<li><a href=\"https:\/\/www.cgjung.net\/espace\/ariaga-poesie\/memoires-ocean\/#racines\">Racines marines<\/a><\/li>\n<\/ul>\n<p><strong>Article de pr\u00e9sentation des po\u00e9sies<\/strong><\/p>\n<ul>\n<li><a href=\"https:\/\/www.cgjung.net\/espace\/accueil\/alchimie-poetique\/\">Jung, Rimbaud, vers l\u2019alchimie po\u00e9tique<\/a><\/li>\n<\/ul>\n\n","protected":false},"excerpt":{"rendered":"<p>Cris des images &nbsp; Les images crient dans sa t\u00eate. Cris avant l&rsquo;impact. Cris dans la fum\u00e9e du boum. Cris des membres arrach\u00e9s. Cris non entendus sous les d\u00e9combres. Cris au chavirage. Cris d&rsquo;engloutissements. Cris d&rsquo;enfants martyris\u00e9s. Cris de l&rsquo;innocence bafou\u00e9e. Cris devant l&rsquo;injustice. Cris en noir et blanc. Cris en couleur et bient\u00f4t en [&hellip;]<\/p>\n","protected":false},"author":1,"featured_media":0,"parent":142,"menu_order":69,"comment_status":"closed","ping_status":"closed","template":"","meta":{"footnotes":""},"class_list":["post-8012","page","type-page","status-publish","hentry"],"_links":{"self":[{"href":"https:\/\/www.cgjung.net\/espace\/wp-json\/wp\/v2\/pages\/8012","targetHints":{"allow":["GET"]}}],"collection":[{"href":"https:\/\/www.cgjung.net\/espace\/wp-json\/wp\/v2\/pages"}],"about":[{"href":"https:\/\/www.cgjung.net\/espace\/wp-json\/wp\/v2\/types\/page"}],"author":[{"embeddable":true,"href":"https:\/\/www.cgjung.net\/espace\/wp-json\/wp\/v2\/users\/1"}],"replies":[{"embeddable":true,"href":"https:\/\/www.cgjung.net\/espace\/wp-json\/wp\/v2\/comments?post=8012"}],"version-history":[{"count":2,"href":"https:\/\/www.cgjung.net\/espace\/wp-json\/wp\/v2\/pages\/8012\/revisions"}],"predecessor-version":[{"id":8015,"href":"https:\/\/www.cgjung.net\/espace\/wp-json\/wp\/v2\/pages\/8012\/revisions\/8015"}],"up":[{"embeddable":true,"href":"https:\/\/www.cgjung.net\/espace\/wp-json\/wp\/v2\/pages\/142"}],"wp:attachment":[{"href":"https:\/\/www.cgjung.net\/espace\/wp-json\/wp\/v2\/media?parent=8012"}],"curies":[{"name":"wp","href":"https:\/\/api.w.org\/{rel}","templated":true}]}}