{"id":7468,"date":"2018-09-10T15:09:30","date_gmt":"2018-09-10T13:09:30","guid":{"rendered":"https:\/\/www.cgjung.net\/espace\/?page_id=7468"},"modified":"2019-03-13T19:27:31","modified_gmt":"2019-03-13T18:27:31","slug":"oeuvre-nature-individuation","status":"publish","type":"page","link":"https:\/\/www.cgjung.net\/espace\/ariaga-ecrits-jung\/oeuvre-nature-individuation\/","title":{"rendered":"De l\u2019Oeuvre de la Nature \u00e0 l\u2019Oeuvre d\u2019individuation"},"content":{"rendered":"<p><strong>Dans cette seconde partie de la s\u00e9rie de la R\u00eaveuse, maintenant aid\u00e9e par un analyste, le contact avec la nature oubli\u00e9e se produit et elle progresse sur le chemin de l\u2019individuation.<\/strong><\/p>\n<p><img loading=\"lazy\" decoding=\"async\" class=\"aligncenter wp-image-7197\" src=\"https:\/\/www.cgjung.net\/espace\/wp-content\/uploads\/2018\/08\/faisceaux-diffusion-noyau-central-signification-292x300.png\" alt=\"\" width=\"500\" height=\"513\" srcset=\"https:\/\/www.cgjung.net\/espace\/wp-content\/uploads\/2018\/08\/faisceaux-diffusion-noyau-central-signification-292x300.png 292w, https:\/\/www.cgjung.net\/espace\/wp-content\/uploads\/2018\/08\/faisceaux-diffusion-noyau-central-signification.png 612w\" sizes=\"auto, (max-width: 500px) 100vw, 500px\" \/><\/p>\n<p><a href=\"https:\/\/www.cgjung.net\/espace\/ariaga-ecrits-jung\/oeuvre-nature-individuation\/transformation-personnalite\/\">N\u00e9cessit\u00e9 d&rsquo;une transformation de la personnalit\u00e9<\/a><br \/>\nLe mat\u00e9riau onirique de la premi\u00e8re partie de la s\u00e9rie de r\u00eaves demande \u00e0 \u00eatre transmut\u00e9. L&rsquo;analyste va avoir un r\u00f4le important dans ce travail.<\/p>\n<p><a href=\"https:\/\/www.cgjung.net\/espace\/ariaga-ecrits-jung\/oeuvre-nature-individuation\/orchestre-totalite\/\">Le grand orchestre de la Totalit\u00e9<\/a><br \/>\nIl est n\u00e9cessaire de retrouver la note si particuli\u00e8re que nous jouons dans le grand orchestre de la Totalit\u00e9. Les s\u00e9ries de r\u00eaves sont un moyen de la diffuser vers la conscience.<\/p>\n<p><a href=\"https:\/\/www.cgjung.net\/espace\/ariaga-ecrits-jung\/oeuvre-nature-individuation\/rayons-signification-reves\/\">Les rayons de signification des r\u00eaves<\/a><br \/>\nInspir\u00e9 de C.G. Jung, pr\u00e9sentation des faisceaux de diffusion, dans les s\u00e9ries de r\u00eaves, \u00e0 partir du Noyau central de signification qui est ici l\u2019AMOUR.<\/p>\n<p><a href=\"https:\/\/www.cgjung.net\/espace\/ariaga-ecrits-jung\/oeuvre-nature-individuation\/de-la-nature-a-lexpression-consciente-des-reves\/\">De la Nature \u00e0 l&rsquo;expression consciente des r\u00eaves<\/a><br \/>\nLes r\u00eaves expriment quelque chose de pas tout \u00e0 fait humain mais nous devons \u0153uvrer pour ne pas les oublier et tenter de les comprendre.<\/p>\n<p><a href=\"https:\/\/www.cgjung.net\/espace\/ariaga-ecrits-jung\/oeuvre-nature-individuation\/parole-et-ecriture-du-reve\/\">Parole et \u00e9criture du r\u00eave<\/a><br \/>\nLa tr\u00e8s ancienne Parole que transmet l\u2019inconscient s\u2019exprime fortement dans les s\u00e9ries mais elle doit aussi \u00eatre \u00e9crite par les r\u00eaveurs.<\/p>\n<p><a href=\"https:\/\/www.cgjung.net\/espace\/ariaga-ecrits-jung\/oeuvre-nature-individuation\/forces-vie-mort\/\">Forces de vie et de mort<\/a><br \/>\nDans la Nature les forces de vie et de mort sont ins\u00e9parables. Les r\u00eaves, semblables en cela \u00e0 l\u2019alchimie, vont de l\u2019harmonie \u00e0 la destruction.<\/p>\n<p><a href=\"https:\/\/www.cgjung.net\/espace\/ariaga-ecrits-jung\/oeuvre-nature-individuation\/la-grande-lessive-alchimique\/\">La grande lessive alchimique<\/a><br \/>\nLe corps comme la psych\u00e9, domin\u00e9s par un esprit noir, doivent \u00eatre purifi\u00e9s pour que le grand chantier des r\u00eaves soit mis en \u0153uvre.<\/p>\n<p><a href=\"https:\/\/www.cgjung.net\/espace\/ariaga-ecrits-jung\/oeuvre-nature-individuation\/la-cooperation-amoureuse\/\">La coop\u00e9ration amoureuse<\/a><br \/>\nLes relations \u00e9rotiques dans les r\u00eaves, les copulations dans les textes alchimiques, manifestent la n\u00e9cessit\u00e9 d\u2019une coop\u00e9ration amoureuse dont les fondations reposent sur le biologique.<\/p>\n<p><a href=\"https:\/\/www.cgjung.net\/espace\/ariaga-ecrits-jung\/oeuvre-nature-individuation\/amour-humain-divin\/\">De l\u2019amour humain \u00e0 l\u2019amour du divin<\/a><br \/>\nC.G. Jung pense que Dieu est irrepr\u00e9sentable alors que les deux r\u00eaveurs des s\u00e9ries voudraient un Dieu proche comme celui des images pieuses de l\u2019enfance.<\/p>\n<p><a href=\"https:\/\/www.cgjung.net\/espace\/ariaga-ecrits-jung\/oeuvre-nature-individuation\/dangers-analyse\/\">Dangers de l\u2019analyse et maintien de l\u2019identit\u00e9<\/a><br \/>\nC.G. Jung pensait que l\u2019analyse peut \u00eatre dangereuse pour certains sujets dont le psychisme pourrait \u00eatre submerg\u00e9 par les productions de l\u2019inconscient.<\/p>\n<p><a href=\"https:\/\/www.cgjung.net\/espace\/ariaga-ecrits-jung\/oeuvre-nature-individuation\/harmonie-et-musique\/\">Harmonie et musique<\/a><br \/>\nL\u2019impression d\u2019harmonie pour les R\u00eaveurs des deux s\u00e9ries est \u00e0 la fois semblable et diff\u00e9rente. Pour lui c\u2019est l\u2019ordre, pour elle c\u2019est de retrouver la cl\u00e9 de la musique des origines.<\/p>\n<p><a href=\"https:\/\/www.cgjung.net\/espace\/ariaga-ecrits-jung\/oeuvre-nature-individuation\/vision-alchimique\/\">Vision alchimique et mandala final<\/a><br \/>\nComment trouver, en suivant l\u2019enseignement des r\u00eaves, l\u2019\u00e9nergie n\u00e9cessaire pour, au cours du processus d\u2019individuation et le cheminement vers la Totalit\u00e9, retrouver ce qui \u00e9tait d\u00e9j\u00e0 l\u00e0 mais que nous avions perdu.<\/p>\n<p><a href=\"https:\/\/www.cgjung.net\/espace\/ariaga-ecrits-jung\/oeuvre-nature-individuation\/parole-dieu-profondeurs\/\">Parole du dieu des profondeurs<\/a><br \/>\nL\u2019inconscient profond, enracin\u00e9 dans la Nature, demande la mort du dieu personnel.<\/p>\n<p><a href=\"https:\/\/www.cgjung.net\/espace\/ariaga-ecrits-jung\/oeuvre-nature-individuation\/ouvrir-inconnaissable\/\">Dans les pas de Jung : s\u2019ouvrir \u00e0 l\u2019inconnaissable<\/a><br \/>\nJung pensait que le Divin est inconnaissable mais que nous ne pouvons \u00e9chapper \u00e0 l\u2019id\u00e9e de Dieu car elle est enracin\u00e9e dans la Nature.<\/p>\n<p><a href=\"https:\/\/www.cgjung.net\/espace\/ariaga-ecrits-jung\/oeuvre-nature-individuation\/se-desintoxiquer\/\">Se d\u00e9sintoxiquer de ce qui rend sourd \u00e0 la voix de l\u2019inconscient<\/a><br \/>\nIl nous est apparu que la soci\u00e9t\u00e9 humaine que l&rsquo;on dit \u00e9volu\u00e9e a \u00e9difi\u00e9 les avanc\u00e9es de la civilisation, et l\u2019am\u00e9lioration du bien-\u00eatre de l\u2019homme suppos\u00e9e en r\u00e9sulter, sur des illusions.<\/p>\n<h3><svg class=\"genericon genericond-genericons-neue genericons-neue-document genericond-genericons-neue-1x genericond-rotate-normal\" style=\"fill:#19486B;\" title=\"document\" role=\"img\" aria-labelledby=\"title\"><use xlink:href=\"https:\/\/www.cgjung.net\/espace\/wp-content\/plugins\/genericond\/\/icons\/genericons-neue\/svg-sprite\/genericons-neue.svg#document\" \/><\/svg> <a href=\"https:\/\/www.cgjung.net\/espace\/ariaga-ecrits-jung\/loeuvre-inconsciente-reveuse\/\">Page pr\u00e9c\u00e9dente<\/a><\/h3>\n<p style=\"text-align: right;\"><span style=\"font-size: 10pt;\"><em><a href=\"https:\/\/www.cgjung.net\/espace\/cg-jung\/avertissement\/\">Publi\u00e9 initialement dans le cadre d&rsquo;une th\u00e8se<\/a> cette page a \u00e9t\u00e9 adapt\u00e9e par Ariaga (Ariane Callot), son auteure.<br \/>\nLes ouvrages cit\u00e9s <a href=\"https:\/\/www.cgjung.net\/espace\/cg-jung\/bibliographie\/\">sont r\u00e9f\u00e9renc\u00e9s \u00e0 la page bibliographie<\/a>.<\/em><\/span><\/p>\n\n","protected":false},"excerpt":{"rendered":"<p>Dans cette seconde partie de la s\u00e9rie de la R\u00eaveuse, maintenant aid\u00e9e par un analyste, le contact avec la nature oubli\u00e9e se produit et elle progresse sur le chemin de l\u2019individuation. N\u00e9cessit\u00e9 d&rsquo;une transformation de la personnalit\u00e9 Le mat\u00e9riau onirique de la premi\u00e8re partie de la s\u00e9rie de r\u00eaves demande \u00e0 \u00eatre transmut\u00e9. L&rsquo;analyste va [&hellip;]<\/p>\n","protected":false},"author":1,"featured_media":0,"parent":2023,"menu_order":36,"comment_status":"closed","ping_status":"closed","template":"","meta":{"footnotes":""},"class_list":["post-7468","page","type-page","status-publish","hentry"],"_links":{"self":[{"href":"https:\/\/www.cgjung.net\/espace\/wp-json\/wp\/v2\/pages\/7468","targetHints":{"allow":["GET"]}}],"collection":[{"href":"https:\/\/www.cgjung.net\/espace\/wp-json\/wp\/v2\/pages"}],"about":[{"href":"https:\/\/www.cgjung.net\/espace\/wp-json\/wp\/v2\/types\/page"}],"author":[{"embeddable":true,"href":"https:\/\/www.cgjung.net\/espace\/wp-json\/wp\/v2\/users\/1"}],"replies":[{"embeddable":true,"href":"https:\/\/www.cgjung.net\/espace\/wp-json\/wp\/v2\/comments?post=7468"}],"version-history":[{"count":17,"href":"https:\/\/www.cgjung.net\/espace\/wp-json\/wp\/v2\/pages\/7468\/revisions"}],"predecessor-version":[{"id":8540,"href":"https:\/\/www.cgjung.net\/espace\/wp-json\/wp\/v2\/pages\/7468\/revisions\/8540"}],"up":[{"embeddable":true,"href":"https:\/\/www.cgjung.net\/espace\/wp-json\/wp\/v2\/pages\/2023"}],"wp:attachment":[{"href":"https:\/\/www.cgjung.net\/espace\/wp-json\/wp\/v2\/media?parent=7468"}],"curies":[{"name":"wp","href":"https:\/\/api.w.org\/{rel}","templated":true}]}}