{"id":639,"date":"2015-03-07T18:29:36","date_gmt":"2015-03-07T17:29:36","guid":{"rendered":"https:\/\/www.cgjung.net\/espace\/?p=639"},"modified":"2019-07-12T17:18:11","modified_gmt":"2019-07-12T15:18:11","slug":"modele-psyche-jungienne","status":"publish","type":"page","link":"https:\/\/www.cgjung.net\/espace\/cg-jung\/modele-psyche-jungienne\/","title":{"rendered":"Jung \u00e0 la recherche de la totalit\u00e9 psychique"},"content":{"rendered":"<p style=\"text-align: justify;\"><strong>La psych\u00e9, pour Jung, s&rsquo;enracine dans le biologique, la nature se d\u00e9ployant vers la conscience. C&rsquo;est sur cette hypoth\u00e8se qu&rsquo;il fonde sa recherche d&rsquo;une totalit\u00e9 psychique.<\/strong><br \/>\n<a href=\"https:\/\/www.cgjung.net\/espace\/wp-content\/uploads\/2014\/09\/le-r\u00e9seau-de-lesprit-e1423409259243-1.jpeg\"><img loading=\"lazy\" decoding=\"async\" class=\"aligncenter wp-image-607\" src=\"https:\/\/www.cgjung.net\/espace\/wp-content\/uploads\/2014\/09\/le-r\u00e9seau-de-lesprit-e1423409259243-1.jpeg\" alt=\"le r\u00e9seau de l'esprit\" width=\"650\" height=\"222\" srcset=\"https:\/\/www.cgjung.net\/espace\/wp-content\/uploads\/2014\/09\/le-r\u00e9seau-de-lesprit-e1423409259243-1.jpeg 583w, https:\/\/www.cgjung.net\/espace\/wp-content\/uploads\/2014\/09\/le-r\u00e9seau-de-lesprit-e1423409259243-1-300x102.jpeg 300w\" sizes=\"auto, (max-width: 650px) 100vw, 650px\" \/><\/a><\/p>\n<h2 style=\"text-align: justify;\"><strong>Que sous-entendait Jung quand il parlait de psych\u00e9 globale ?<\/strong><\/h2>\n<p style=\"text-align: justify;\">Un univers dont il ignorait les limites mais dont il avait tent\u00e9, de la surface aux profondeurs les plus abyssales, de d\u00e9terminer les p\u00f4les et de nommer certaines stratifications.<\/p>\n<p style=\"text-align: justify;\">Il s\u2019\u00e9tait aussi appliqu\u00e9 \u00e0 rechercher la nature des <em>\u00e9nergies directrices<\/em> et de l\u2019organisation de cette psych\u00e9 dont il ne pouvait <em>scientifiquement<\/em> observer le fonctionnement qu\u2019\u00e0 travers le prisme d\u00e9formant d\u2019une conscience, \u00e0 la fois observateur et observ\u00e9e.<\/p>\n<p style=\"text-align: justify;\">Notre propos n\u2019est pas de rendre compte de l\u2019ensemble des r\u00e9sultats de cette exploration mais de proposer une sorte de <strong>guide de la totalit\u00e9 psychique<\/strong> telle que la concevait Jung.<\/p>\n<h2 style=\"text-align: justify;\">Nature et psych\u00e9<\/h2>\n<p style=\"text-align: justify;\">Pour comprendre le mod\u00e8le de la psych\u00e9 jungienne, il faut se p\u00e9n\u00e9trer de l\u2019id\u00e9e <strong>qu\u2019elle s\u2019enracine dans l\u2019ordre biologique<\/strong> et que, pour Jung, toute organisation est <em>calqu\u00e9e sur la vie \u00e9ternelle de l\u2019esp\u00e8ce<\/em> ce qui explique qu\u2019il puisse \u00e9crire dans <a href=\"https:\/\/www.cgjung.net\/oeuvre\/racines_conscience_poche.htm\"><em>Les racines de la conscience<\/em><\/a> :<\/p>\n<blockquote>\n<p style=\"text-align: justify;\"><em>\u201cLa psych\u00e9 n\u2019est en aucune mani\u00e8re un chaos fait d\u2019arbitraire et de hasard, mais une r\u00e9alit\u00e9 objective qui est accessible \u00e0 l\u2019exploration au moyen des m\u00e9thodes des sciences naturelles.\u201d<\/em>(p. 563)<\/p>\n<\/blockquote>\n<p style=\"text-align: justify;\">Il a, en effet, <strong>toujours privil\u00e9gi\u00e9 le domaine des sciences de la nature<\/strong>, choix qui peut s\u2019expliquer par son \u00e9loignement des \u00e9tudes et la <em>passion de la solitude<\/em> \u00e0 une p\u00e9riode difficile de son enfance. Il \u00e9crit dans <a href=\"https:\/\/www.cgjung.net\/oeuvre\/ma_vie_folio.htm\"><em>Ma vie <\/em><\/a>:<\/p>\n<blockquote>\n<p style=\"text-align: justify;\">\u201c<em>La nature me semblait pleine de merveilles dans lesquelles je voulais me plonger. Chaque pierre, chaque plante, tout me semblait indescriptible. A cette \u00e9poque, je me suis plong\u00e9 dans la nature, je me suis gliss\u00e9 dans son essence, loin de tout monde humain<\/em>.\u201d (p.52)<\/p>\n<\/blockquote>\n<h2>\u00c0 la recherche d&rsquo;une psychologie de la totalit\u00e9 de l&rsquo;homme<\/h2>\n<p style=\"text-align: justify;\">Pendant son adolescence, il approfondit de mani\u00e8re syst\u00e9matique certains probl\u00e8mes philosophiques pendant son adolescence. Ces approfondissements rendent quelque peu suspect son manque d\u2019int\u00e9r\u00eat affirm\u00e9, \u00e0 l\u2019\u00e2ge adulte, pour la philosophie. Nous pensons<span style=\"color: #000000;\"> que cela \u00e9tait une esp\u00e8ce de refoulement, comme ce fut le cas pour la po\u00e9sie alors que quand on lit les Sept Sermons aux Morts on sent l\u2019\u00e9toffe d\u2019un vrai po\u00e8te. I<\/span>l chercha vainement une \u201c<em>psychologie qui eut consid\u00e9r\u00e9 l\u2019homme comme une totalit\u00e9<\/em>\u201d, corps et esprit, et trouva son chemin de Damas quand il rencontra la psychiatrie car :<\/p>\n<blockquote>\n<p style=\"text-align: justify;\">\u201c<em>En elle seule pouvaient confluer les deux fleuves de mon int\u00e9r\u00eat et se creuser leur lit en un parcours commun. L\u00e0 \u00e9tait le champ commun de l\u2019exp\u00e9rience des donn\u00e9es biologiques et des donn\u00e9es spirituelles que j\u2019avais jusqu\u2019alors cherch\u00e9 en vain. C\u2019\u00e9tait enfin le lieu o\u00f9 la rencontre de la nature et de l\u2019esprit devenait r\u00e9alit\u00e9 \u2026 C\u2019est le sentiment d\u2019une \u201cnature d\u00e9doubl\u00e9e\u201d, qui me porta comme une vague magique \u2026\u201d<\/em> (<a href=\"https:\/\/www.cgjung.net\/oeuvre\/ma_vie_folio.htm\">Ma vie<\/a>, p. 134, 135.).<\/p>\n<\/blockquote>\n<p style=\"text-align: justify;\">Ce cheminement en compagnie de <strong>la Nature<\/strong> dura jusqu\u2019\u00e0 la fin de sa vie. M\u00eame quand il se plaignait du \u201cr\u00e9tr\u00e9cissement\u201d et de la limitation de la vieillesse il disait, dans ce qui ressemblait \u00e0 un soupir :<\/p>\n<blockquote>\n<p style=\"text-align: justify;\"><em>\u201cEt pourtant, il est tant de choses qui m\u2019emplissent : les plantes, les animaux, les nuages, le jour et la nuit et l\u2019\u00e9ternel dans l\u2019homme. Plus je suis devenu incertain au sujet de moi-m\u00eame, plus a cr\u00fb en moi un sentiment de parent\u00e9 avec les choses.\u201d<\/em> (<a href=\"https:\/\/www.cgjung.net\/oeuvre\/ma_vie_folio.htm\">Ma vie<\/a>, p. 408.).<\/p>\n<\/blockquote>\n<h2>Jung chemine en osmose avec la Nature<\/h2>\n<p style=\"text-align: justify;\">Ce besoin, qui, chez Jung, est presque <strong>un ressenti,<\/strong> de construire un mod\u00e8le de la psych\u00e9 inspir\u00e9 par la <strong>vision d\u2019une Nature se d\u00e9ployant vers la conscience<\/strong> s\u2019exprime ainsi dans <a href=\"https:\/\/www.cgjung.net\/oeuvre\/racines_conscience_poche.htm\"><em>Les racines de la conscience<\/em><\/a> (p.522).<\/p>\n<blockquote>\n<p style=\"text-align: justify;\"><em>\u201cEn \u00e9gard \u00e0 la structure du corps, il serait surprenant que la psych\u00e9 f\u00fbt le seul ph\u00e9nom\u00e8ne biologique \u00e0 ne pas r\u00e9v\u00e9ler des traces \u00e9videntes de l\u2019histoire de son d\u00e9veloppement, et il est \u00e9galement vraisemblable que ces signes sont pr\u00e9cis\u00e9ment dans le plus \u00e9troit rapport avec le fondement instinctif.\u201d<\/em><\/p>\n<\/blockquote>\n<p style=\"text-align: justify;\">Suivant en cela ce qu&rsquo;\u00e9crit Anthoni Stevens dans l&rsquo;\u0152uvre-vie, on peut dire que, \u00e0 partir d\u2019une racine unique, \u00e0 la mani\u00e8re d\u2019un spectre lumineux de l\u2019instinct \u00e0 l\u2019esprit, s\u2019\u00e9tend un mode de fonctionnement semblable \u00e0 celui du corps humain.<\/p>\n<p style=\"text-align: justify;\">Ce mode de fonctionnement s&rsquo;op\u00e8re\u201c<em>suivant les principes biologiques de l\u2019adaptation, de l\u2019hom\u00e9ostase (ou \u00e9quilibre) et du d\u00e9veloppement<\/em>\u201d (p.45)<\/p>\n<p style=\"text-align: justify;\">L&rsquo;hom\u00e9ostase ou principe d\u2019auto-r\u00e9gulation est une adaptation au milieu et \u00e0 ses transformations permettant la conservation de l\u2019identit\u00e9 gr\u00e2ce \u00e0 un r\u00e9\u00e9quilibrage compensatoire des agressions envers cette identit\u00e9. Elle concerne aussi le d\u00e9veloppement engendr\u00e9 par l\u2019incessant processus de transformation d\u00fb aux apports ext\u00e9rieurs.<\/p>\n<h2>La conception jungienne de la libido<\/h2>\n<p style=\"text-align: justify;\"><strong>Une pulsion<\/strong>, semblable \u00e0 celle qui fait circuler le sang \u00e0 travers le corps, \u00e0 partir du c\u0153ur, <strong>propulse un courant psychique<\/strong> issu de <em>la pouss\u00e9e<\/em> du monde instinctuel.<\/p>\n<p style=\"text-align: justify;\">A cette \u00e9nergie<strong> Freud<\/strong> avait donn\u00e9 le nom de <strong>\u201clibido\u201d<\/strong>, terme que <strong>Jung<\/strong> a repris en <strong>supprimant son acception purement sexuelle<\/strong>.<\/p>\n<p style=\"text-align: justify;\">En effet, tout en conservant l\u2019importance de l\u2019\u00e9nergie sexuelle dans la libido, Jung a d\u00e9termin\u00e9 deux p\u00f4les entre lesquels il existe une diff\u00e9rence de potentiel : le p\u00f4le sexuel, ou plus exactement le p\u00f4le instinctuel, et le p\u00f4le de l\u2019esprit. C\u2019est la tension entre ces p\u00f4les qui est \u00e0 l\u2019origine d\u2019intensit\u00e9s, ou de valeurs d\u2019ordre psychologique, qu\u2019il appelle <strong>l\u2019\u00e9nergie psychique.<\/strong> Les contenus et la mesure de cette \u00e9nergie sont absolument ind\u00e9termin\u00e9s et seule l\u2019exp\u00e9rience peut en mesurer les effets au niveau des sentiments et des affects.<\/p>\n<h2>Qu&rsquo;est l&rsquo;esprit pour Jung et Marie-Louise von Franz<\/h2>\n<p style=\"text-align: justify;\">La d\u00e9termination des p\u00f4les instinct-esprit nous conduit \u00e0 penser qu\u2019il manque un rep\u00e8re tr\u00e8s utile pour comprendre les propositions de Jung au sujet de la psych\u00e9 humaine : <span style=\"color: #000000;\">qu\u2019entend-t-il par <em><strong>esprit<\/strong><\/em> ?<\/span><\/p>\n<p style=\"text-align: justify;\">Un chapitre consacr\u00e9 \u00e0 la d\u00e9finition du terme esprit (<em>Geist<\/em> ) se trouve dans les <a href=\"https:\/\/www.cgjung.net\/oeuvre\/la_vie_symbolique.htm\"><em>Essais sur la symbolique de l\u2019esprit<\/em><\/a>. Mais c\u2019est <strong>Marie-Louise von Franz<\/strong>, la plus intime collaboratrice de Jung, qui nous donne le r\u00e9sum\u00e9 le plus simple de ce que, pour lui, signifiait l\u2019esprit. On peut lire dans son ouvrage : <a href=\"https:\/\/www.cgjung.net\/mlvf\/oeuvre\/jung.htm\">C.G. Jung, son mythe en notre temps<\/a> :<\/p>\n<blockquote>\n<p style=\"text-align: justify;\"><em>\u201cL\u2019esprit, d\u00e9clare Jung en r\u00e9sum\u00e9, signifie donc originellement un complexe fonctionnel v\u00e9cu au stade primitif comme une pr\u00e9sence invisible, comme un souffle. Quand survient un ph\u00e9nom\u00e8ne psychique ressenti comme appartenant \u00e0 notre \u00eatre propre, nous l\u2019appelons notre propre esprit. Si par contre le ph\u00e9nom\u00e8ne psychique para\u00eet nous \u00eatre \u00e9tranger, c\u2019est \u00e0 nos yeux un autre \u201cesprit\u201d que l\u2019on peut consid\u00e9rer en d\u00e9finitive comme un aspect non encore int\u00e9gr\u00e9 de l\u2019inconscient. Cet aspect spirituel de l\u2019inconscient poss\u00e8de une \u00e9nergie propre ; il engendre, ind\u00e9pendamment des excitations sensorielles externes des images et des id\u00e9es spontan\u00e9es dans l\u2019espace int\u00e9rieur et les ordonne d\u2019une mani\u00e8re pleine de sens. \u201d ( p. 98 \u00e0 101.)<\/em><\/p>\n<\/blockquote>\n<p style=\"text-align: justify;\"><strong>Dans le champ de vision int\u00e9rieur<\/strong> il y a des pens\u00e9es, des sentiments, des r\u00e9actions, impliquant des jugements de valeur qui, comme les impulsions physiques du p\u00f4le instinctuel oppos\u00e9, sont souvent assez analogues chez beaucoup d\u2019hommes. Il suffit pour s\u2019en persuader de lire les contes, po\u00e8mes d\u2019amour ou \u00e9pop\u00e9es des diff\u00e9rents peuples qui pr\u00e9sentent de nombreuses similitudes. \u201c<em>Le dynamisme qui engendre ce<\/em> <em>genre de ph\u00e9nom\u00e8nes psychiques est ce que Jung entend par \u201cesprit<\/em>\u201d.<\/p>\n<p style=\"text-align: justify;\">C\u2019est cet<em><strong> esprit<\/strong> <\/em>que l&rsquo;on voit \u00e0 l\u2019\u0153uvre comme principe d\u2019un mouvement de la psych\u00e9 <strong>dans la production des r\u00eaves.<\/strong><\/p>\n<h2><strong>En savoir plus<br \/>\n<\/strong><\/h2>\n<p><code><div class=\"menu-cgjung-container\"><ul id=\"menu-cgjung\" class=\"menu\"><li id=\"menu-item-2347\" class=\"menu-item menu-item-type-post_type menu-item-object-page menu-item-2347\"><a href=\"https:\/\/www.cgjung.net\/espace\/cg-jung\/avertissement\/\">Le projet de recherche sur Jung<\/a><\/li>\n<li id=\"menu-item-9980\" class=\"menu-item menu-item-type- menu-item-object- menu-item-9980\"><a><\/a><\/li>\n<li id=\"menu-item-2348\" class=\"menu-item menu-item-type-post_type menu-item-object-page menu-item-has-children menu-item-2348\"><a href=\"https:\/\/www.cgjung.net\/espace\/cg-jung\/cheminements-dans-les-concepts\/\">Cheminements dans les concepts<\/a>\n<ul class=\"sub-menu\">\n\t<li id=\"menu-item-2349\" class=\"menu-item menu-item-type-post_type menu-item-object-page menu-item-2349\"><a href=\"https:\/\/www.cgjung.net\/espace\/cg-jung\/scenarios-de-representation\/\">La repr\u00e9sentation comme r\u00e9p\u00e9tition et relation<\/a><\/li>\n\t<li id=\"menu-item-2350\" class=\"menu-item menu-item-type-post_type menu-item-object-page menu-item-2350\"><a href=\"https:\/\/www.cgjung.net\/espace\/cg-jung\/relation-de-jung-lidee-de-totalite\/\">La relation de Jung avec l&rsquo;id\u00e9e de totalit\u00e9<\/a><\/li>\n<\/ul>\n<\/li>\n<li id=\"menu-item-2351\" class=\"menu-item menu-item-type-post_type menu-item-object-page menu-item-has-children menu-item-2351\"><a href=\"https:\/\/www.cgjung.net\/espace\/cg-jung\/modele-psyche-jungienne\/\">Jung \u00e0 la recherche de la totalit\u00e9 psychique<\/a>\n<ul class=\"sub-menu\">\n\t<li id=\"menu-item-2352\" class=\"menu-item menu-item-type-post_type menu-item-object-page menu-item-2352\"><a href=\"https:\/\/www.cgjung.net\/espace\/cg-jung\/conscience-contenus-frontieres\/\">La Conscience : contenus et fronti\u00e8res<\/a><\/li>\n\t<li id=\"menu-item-2353\" class=\"menu-item menu-item-type-post_type menu-item-object-page menu-item-2353\"><a href=\"https:\/\/www.cgjung.net\/espace\/cg-jung\/fonctions-psychologiques-conscience-collective\/\">Fonctions psychologiques et conscience collective<\/a><\/li>\n\t<li id=\"menu-item-2354\" class=\"menu-item menu-item-type-post_type menu-item-object-page menu-item-2354\"><a href=\"https:\/\/www.cgjung.net\/espace\/cg-jung\/les-inconscients\/\">Les inconscients selon Jung<\/a><\/li>\n\t<li id=\"menu-item-2355\" class=\"menu-item menu-item-type-post_type menu-item-object-page menu-item-2355\"><a href=\"https:\/\/www.cgjung.net\/espace\/cg-jung\/les-archetypes-le-soi\/\">Les arch\u00e9types et le Soi organisateur<\/a><\/li>\n\t<li id=\"menu-item-2356\" class=\"menu-item menu-item-type-post_type menu-item-object-page menu-item-2356\"><a href=\"https:\/\/www.cgjung.net\/espace\/cg-jung\/image-de-dieu\/\">L&rsquo;image de Dieu<\/a><\/li>\n\t<li id=\"menu-item-2357\" class=\"menu-item menu-item-type-post_type menu-item-object-page menu-item-2357\"><a href=\"https:\/\/www.cgjung.net\/espace\/cg-jung\/erotique-jungienne-anima-animus\/\">\u00ab\u00a0L&rsquo;\u00e9rotique\u00a0\u00bb jungienne : Anima et Animus<\/a><\/li>\n<\/ul>\n<\/li>\n<li id=\"menu-item-2358\" class=\"menu-item menu-item-type-post_type menu-item-object-page menu-item-has-children menu-item-2358\"><a href=\"https:\/\/www.cgjung.net\/espace\/cg-jung\/fonctions-et-etudes-des-reves\/\">Fonctions et \u00e9tudes des r\u00eaves<\/a>\n<ul class=\"sub-menu\">\n\t<li id=\"menu-item-2359\" class=\"menu-item menu-item-type-post_type menu-item-object-page menu-item-2359\"><a href=\"https:\/\/www.cgjung.net\/espace\/cg-jung\/interpretation-des-reves\/\">L&rsquo;interpr\u00e9tation des r\u00eaves<\/a><\/li>\n\t<li id=\"menu-item-2360\" class=\"menu-item menu-item-type-post_type menu-item-object-page menu-item-2360\"><a href=\"https:\/\/www.cgjung.net\/espace\/cg-jung\/dialogue-avec-inconscient\/\">Le dialogue avec l&rsquo;inconscient<\/a><\/li>\n\t<li id=\"menu-item-8349\" class=\"menu-item menu-item-type-post_type menu-item-object-page menu-item-8349\"><a href=\"https:\/\/www.cgjung.net\/espace\/cg-jung\/c-g-jung-et-les-series-de-reves\/\">C.G. Jung et les s\u00e9ries de r\u00eaves<\/a><\/li>\n\t<li id=\"menu-item-8501\" class=\"menu-item menu-item-type-post_type menu-item-object-page menu-item-8501\"><a href=\"https:\/\/www.cgjung.net\/espace\/cg-jung\/mandalas-symboles\/\">C.G. Jung, mandalas et symboles<\/a><\/li>\n<\/ul>\n<\/li>\n<li id=\"menu-item-2361\" class=\"menu-item menu-item-type-post_type menu-item-object-page menu-item-2361\"><a href=\"https:\/\/www.cgjung.net\/espace\/cg-jung\/fonction-transcendante-processus-dindividuation\/\">Fonction transcendante dans le processus d&rsquo;individuation<\/a><\/li>\n<li id=\"menu-item-2362\" class=\"menu-item menu-item-type-post_type menu-item-object-page menu-item-2362\"><a href=\"https:\/\/www.cgjung.net\/espace\/cg-jung\/bibliographie\/\">Bibliographie<\/a><\/li>\n<\/ul><\/div><\/code><\/p>\n<p style=\"text-align: right;\"><span style=\"font-size: 10pt;\"><em><a href=\"https:\/\/www.cgjung.net\/espace\/cg-jung\/avertissement\/\">Publi\u00e9 initialement dans le cadre d&rsquo;une th\u00e8se<\/a> cette page a \u00e9t\u00e9 adapt\u00e9e par Ariaga (Ariane Callot), son auteure.<br \/>\nLes ouvrages cit\u00e9s <a href=\"https:\/\/www.cgjung.net\/espace\/cg-jung\/bibliographie\/\">sont r\u00e9f\u00e9renc\u00e9s \u00e0 la page bibliographie<\/a>.<\/em><\/span><\/p>\n\n","protected":false},"excerpt":{"rendered":"<p>La psych\u00e9, pour Jung, s&rsquo;enracine dans le biologique, la nature se d\u00e9ployant vers la conscience. C&rsquo;est sur cette hypoth\u00e8se qu&rsquo;il fonde sa recherche d&rsquo;une totalit\u00e9 psychique. Que sous-entendait Jung quand il parlait de psych\u00e9 globale ? Un univers dont il ignorait les limites mais dont il avait tent\u00e9, de la surface aux profondeurs les plus [&hellip;]<\/p>\n","protected":false},"author":3,"featured_media":0,"parent":110,"menu_order":66,"comment_status":"closed","ping_status":"open","template":"","meta":{"footnotes":""},"class_list":["post-639","page","type-page","status-publish","hentry"],"_links":{"self":[{"href":"https:\/\/www.cgjung.net\/espace\/wp-json\/wp\/v2\/pages\/639","targetHints":{"allow":["GET"]}}],"collection":[{"href":"https:\/\/www.cgjung.net\/espace\/wp-json\/wp\/v2\/pages"}],"about":[{"href":"https:\/\/www.cgjung.net\/espace\/wp-json\/wp\/v2\/types\/page"}],"author":[{"embeddable":true,"href":"https:\/\/www.cgjung.net\/espace\/wp-json\/wp\/v2\/users\/3"}],"replies":[{"embeddable":true,"href":"https:\/\/www.cgjung.net\/espace\/wp-json\/wp\/v2\/comments?post=639"}],"version-history":[{"count":15,"href":"https:\/\/www.cgjung.net\/espace\/wp-json\/wp\/v2\/pages\/639\/revisions"}],"predecessor-version":[{"id":9391,"href":"https:\/\/www.cgjung.net\/espace\/wp-json\/wp\/v2\/pages\/639\/revisions\/9391"}],"up":[{"embeddable":true,"href":"https:\/\/www.cgjung.net\/espace\/wp-json\/wp\/v2\/pages\/110"}],"wp:attachment":[{"href":"https:\/\/www.cgjung.net\/espace\/wp-json\/wp\/v2\/media?parent=639"}],"curies":[{"name":"wp","href":"https:\/\/api.w.org\/{rel}","templated":true}]}}