{"id":6082,"date":"2018-01-19T10:01:46","date_gmt":"2018-01-19T09:01:46","guid":{"rendered":"https:\/\/www.cgjung.net\/espace\/?page_id=6082"},"modified":"2019-07-17T23:25:55","modified_gmt":"2019-07-17T21:25:55","slug":"vitalite-themes-alchimiques-reves","status":"publish","type":"page","link":"https:\/\/www.cgjung.net\/espace\/cg-jung\/vitalite-themes-alchimiques-reves\/","title":{"rendered":"Le Livre Muet et la vitalit\u00e9 des th\u00e8mes alchimiques dans les r\u00eaves"},"content":{"rendered":"<p style=\"text-align: justify;\"><span style=\"display: inline-block; width: 0px; overflow: hidden; line-height: 0;\" data-mce-type=\"bookmark\" class=\"mce_SELRES_start\">\ufeff<\/span><strong>Les illustrations du Livre Muet montrent bien combien est pr\u00e9sente la r\u00e9surgence de th\u00e8mes alchimiques dans les r\u00eaves de contemporains.<br \/>\n<\/strong><\/p>\n<p><img loading=\"lazy\" decoding=\"async\" class=\"size-full wp-image-6170 aligncenter\" src=\"https:\/\/www.cgjung.net\/espace\/wp-content\/uploads\/2018\/01\/alchimie_livre_muet_epheme_02.jpg\" alt=\"\" width=\"456\" height=\"660\" srcset=\"https:\/\/www.cgjung.net\/espace\/wp-content\/uploads\/2018\/01\/alchimie_livre_muet_epheme_02.jpg 456w, https:\/\/www.cgjung.net\/espace\/wp-content\/uploads\/2018\/01\/alchimie_livre_muet_epheme_02-207x300.jpg 207w\" sizes=\"auto, (max-width: 456px) 100vw, 456px\" \/><\/p>\n<h2 style=\"text-align: justify;\">Le Livre Muet (<em>Mutus Liber<\/em>)<\/h2>\n<p style=\"text-align: justify;\">Pour ce dernier texte sur Jung et la r\u00e9surgence d&rsquo;une symbolique alchimique dans les r\u00eaves contemporains nous allons nous appuyer sur deux illustrations de L&rsquo;Alchimie et son Livre Muet (<em>Mutus liber) <\/em><\/p>\n<p style=\"text-align: justify;\">Imprim\u00e9 \u00e0 la Rochelle en 1677, Il s&rsquo;agit d&rsquo;un ouvrage qui repr\u00e9sente l\u2019<em>opus<\/em>, l&rsquo;\u0152uvre, <strong>uniquement en images<\/strong>. Nous nous int\u00e9ressons ici \u00e0 <strong>la seconde et la huiti\u00e8me planche<\/strong>.<\/p>\n<p style=\"text-align: justify;\"><strong>La seconde planche du Livre Muet<\/strong>, <strong>l&rsquo;illustration ci-dessus<\/strong>, pr\u00e9sente l\u2019apparence d\u2019un <strong>programme du cheminement vers le Grand \u0152uvre.<\/strong><\/p>\n<p style=\"text-align: justify;\">De la m\u00eame mani\u00e8re que celle observ\u00e9e sur le rayon de signification du discours du r\u00eave, elle indique le comportement requis et montre la <strong>coop\u00e9ration indispensable entre les op\u00e9rations mat\u00e9rielles et l\u2019attitude spirituelle.<\/strong><\/p>\n<p style=\"text-align: justify;\">On voit que l\u2019athanor n\u2019est pas allum\u00e9 par un feu vulgaire, comme le nomment les alchimistes, mais par une petite flamme tr\u00e8s douce, s\u00e9par\u00e9e du vase herm\u00e9tiquement ferm\u00e9. Nous sommes sur le chemin de <strong>la voie humide alchimique.<\/strong> Cette voie est en correspondance avec celle de la <strong>lente int\u00e9gration des enseignements de l\u2019inconscient<\/strong> que l\u2018on retrouve au cours des s\u00e9ries de r\u00eaves.<\/p>\n<h2>La Table d&rsquo;\u00c9meraude d&rsquo;Herm\u00e8s Trism\u00e9giste<\/h2>\n<p style=\"text-align: justify;\">L\u2019ensemble de la figure illustre le premier vers de la <em>Table d\u2019\u00c9meraude<\/em> d\u2019Herm\u00e8s Trism\u00e9giste : \u00ab\u00a0<em>Omne superius sicut inferius<\/em> \u00a0\u00bb (Tout ce qui est en haut est comme ce qui est en bas).<\/p>\n<p style=\"text-align: justify;\">La <em>Table d\u2019\u00c9meraude<\/em> serait une <strong>tablette en pierre pr\u00e9cieuse<\/strong> sur laquelle est \u00e9crit, en dix sentences \u00e9sot\u00e9riques, <strong>l\u2019ensemble du processus alchimique<\/strong>. Elle restituerait une r\u00e9v\u00e9lation re\u00e7ue par Herm\u00e8s Trism\u00e9giste ou, selon d\u2019autres sources, son enseignement. Marie-Louise von Franz \u00e9crit dans <em><a href=\"https:\/\/www.cgjung.net\/mlvf\/oeuvre\/individuation-dans-les-contes-de-fees.htm\">La voie de l\u2019individuation dans les contes de f\u00e9es<\/a> :<\/em><\/p>\n<blockquote>\n<p style=\"text-align: justify;\">\u201cElle contient l\u2019art de faire la pierre philosophale et elle est elle-m\u00eame cette pierre \u2026 La pierre r\u00e9v\u00e8le sur elle-m\u00eame et par elle-m\u00eame sa propre nature et comment elle peut \u00eatre obtenue\u201d.<\/p>\n<\/blockquote>\n<p>Sur l&rsquo;illustration du <em>Livre Muet<\/em> on observe :<\/p>\n<p style=\"text-align: justify;\"><strong>En haut<\/strong>, le macrocosme,<strong> en bas<\/strong> le microcosme, <strong>en haut<\/strong> les principes subtils <strong>en bas<\/strong> l\u2019\u0153uvre terrestre.<\/p>\n<p style=\"text-align: justify;\">La figure montre, en bas, l\u2019\u0153uf destin\u00e9 \u00e0 la r\u00e9alisation de la partie op\u00e9rative et mat\u00e9rielle. En haut, on voit <em>l\u2019\u0153uf philosophique<\/em> \u00e0 l\u2019int\u00e9rieur duquel est figur\u00e9 Neptune r\u00e9alisant les <em>noces chymiques<\/em> des deux principes oppos\u00e9s Apollon et Diane. Au couple form\u00e9 par l\u2019alchimiste et sa<em> Soror<\/em>, situ\u00e9 en bas, sont oppos\u00e9s les deux anges symbolisant la lib\u00e9ration des contraintes terrestres.<\/p>\n<p style=\"text-align: justify;\"><strong>Les rayons du soleil<\/strong> sont au nombre de <strong>18<\/strong>. ce nombre \u00e0 une signification symbolique et spirituelle. comme le dit R. Allendy dans <em>Le symbolisme des nombres<\/em> (p.365) :<\/p>\n<blockquote>\n<p style=\"text-align: justify;\">Comme pair, 18 indique une r\u00e9ciprocit\u00e9 entre l\u2019Univers et le monde nirvan\u00e9en ; c\u2019est un double rayonnement de solidarit\u00e9 (18 = 9 X 2) qui se confond en un seul (1 + 8 = 9).<\/p>\n<\/blockquote>\n<p style=\"text-align: justify;\">Ces rayons sont dispensateurs de la <strong>lumi\u00e8re d\u2019une connaissance universelle<\/strong> qui, au niveau inf\u00e9rieur, celui des adeptes, est r\u00e9duite \u00e0 la <strong>petite flamme<\/strong> du lumignon. Cette flamme est infiniment pr\u00e9cieuse, car elle repr\u00e9sente l<strong>a lumi\u00e8re de la conscience inspir\u00e9e par la lumi\u00e8re divine.<\/strong><\/p>\n<h2>L&rsquo;\u00e9volution du programme du travail alchimique<\/h2>\n<p style=\"text-align: justify;\"><strong>Une partie du programme,<\/strong> mais une partie seulement, est montr\u00e9e sur la <strong>planche 8, ci dessous.<\/strong><\/p>\n<p style=\"text-align: justify;\">Le<em> Livre Muet (Mutus Liber)<\/em> comporte 15 planches et cette planche 8 illustre une \u00e9tape importante, mais <strong>seulement une \u00e9tape<\/strong>. Nous voyons ici un parall\u00e8le avec le<em> mandala<\/em> du R\u00eaveur qui n\u2019est qu\u2019<strong>un instant de RE pr\u00e9sentation<\/strong> d\u2019une totalit\u00e9 toujours incompl\u00e8te.<\/p>\n<p><img loading=\"lazy\" decoding=\"async\" class=\"size-full wp-image-6168 aligncenter\" src=\"https:\/\/www.cgjung.net\/espace\/wp-content\/uploads\/2018\/01\/alchimie_livre_muet_epheme_01.jpg\" alt=\"\" width=\"438\" height=\"660\" srcset=\"https:\/\/www.cgjung.net\/espace\/wp-content\/uploads\/2018\/01\/alchimie_livre_muet_epheme_01.jpg 438w, https:\/\/www.cgjung.net\/espace\/wp-content\/uploads\/2018\/01\/alchimie_livre_muet_epheme_01-199x300.jpg 199w\" sizes=\"auto, (max-width: 438px) 100vw, 438px\" \/><\/p>\n<p><strong>Les diff\u00e9rences entre les deux images sont subti<\/strong><strong>les mais signifiantes.<br \/>\n<\/strong><\/p>\n<p style=\"text-align: justify;\"><strong>En haut<\/strong> de la planche, on observe <strong>le r\u00e9sultat de l\u2019\u00e9volution de l\u2019\u0152uvre depuis la planche 2<\/strong> : le petit homme casqu\u00e9, dont les pieds reposent \u00e0 la fois sur la lune et le soleil, est le <em>Mercure des philosophes<\/em> dont nous n\u2019avions pr\u00e9c\u00e9demment que les \u00e9l\u00e9ments s\u00e9par\u00e9s. A ce stade, de nombreuses sublimations et distillations ont d\u00e9j\u00e0 eu lieu, non seulement sur le plan op\u00e9ratoire, mais aussi chez le couple des alchimistes.<\/p>\n<p style=\"text-align: justify;\"><strong>En bas<\/strong>, l\u2019alchimiste et sa <em>Soror<\/em> sont tous deux agenouill\u00e9s pour remercier Dieu de <strong>la progression de l\u2019\u0152uvre dans l\u2019athanor et en eux-m\u00eames.<\/strong> Leur tenue est <strong>moins orn\u00e9e,<\/strong> plus \u00e9pur\u00e9e que sur la planche 2, premier signe d\u2019une spiritualisation.<\/p>\n<p style=\"text-align: justify;\"><strong>M\u00fbri par le soleil philosophique,<\/strong> port\u00e9 par des anges, l<strong>\u2019enfant Mercure<\/strong> pose ses pieds \u00e0 la fois sur la lune et sur le soleil r\u00e9solvant ainsi, en sa nature <strong>hermaphrodite<\/strong>, le probl\u00e8me du trois et du quatre. Les oiseaux symbolisent la spiritualisation de la mati\u00e8re, de m\u00eame que <strong>l\u2019absence de flamme dans le foyer de l\u2019athanor<\/strong>. Le feu est, lui aussi, devenu spirituel.<\/p>\n<p style=\"text-align: justify;\">Cependant, <strong>les fen\u00eatres sont ouvertes sur l\u2019ext\u00e9rieur<\/strong>, ce qui signifie peut \u00eatre que <strong>la concentration et la m\u00e9ditation sont encore insuffisantes<\/strong>. Des planches ult\u00e9rieures, sur lesquelles le besoin de concentration sur le centre est figur\u00e9 par une cible, apportent un appui \u00e0 cette interpr\u00e9tation.<\/p>\n<h2 style=\"text-align: justify;\">Les \u00e9l\u00e9ments alchimiques de la Grande Vison du R\u00eaveur<\/h2>\n<p style=\"text-align: justify;\">La Grande Vision du R\u00eaveur comporte d\u2019autres traces de th\u00e8mes alchimiques. Les <strong>quatre couleurs<\/strong>, par exemple, qui offrent un parall\u00e8le avec les <strong>quatre stades de l\u2019\u0152uvre<\/strong>, d\u00e9j\u00e0 \u00e9voqu\u00e9s, l\u2019or de la bague et, surtout, la <strong>circularit\u00e9 du mouvement<\/strong>.<\/p>\n<p style=\"text-align: justify;\"><svg class=\"genericon genericond-genericons-neue genericons-neue-download genericond-genericons-neue-1x genericond-rotate-normal\" style=\"fill:#19486B;\" title=\"download\" role=\"img\" aria-labelledby=\"title\"><use xlink:href=\"https:\/\/www.cgjung.net\/espace\/wp-content\/plugins\/genericond\/\/icons\/genericons-neue\/svg-sprite\/genericons-neue.svg#download\" \/><\/svg> R\u00eave no 59, la vision de l&rsquo;Horloge du Monde : \n\t\t<a id=\"h1\" href=\"javascript:toggle('c1','h1');\" >l'afficher<\/a>\n\t\t<div id=\"c1\" style=\"display:none\">\n\t\t<blockquote><p style=\"text-align:justify\"> Un cercle vertical et un cercle horizontal qui ont un centre commun. C'est l'horloge du monde. Elle est port\u00e9e par l'oiseau noir.<br><br>\r\n\r\nLe cercle vertical est un disque bleu avec un bord blanc divis\u00e9 en 4 X 8 = 32 parties. Une aiguille tourne au-dessus.<br><br>\r\n\r\nLe cercle horizontal est compos\u00e9 de quatre couleurs. Sur ce cercle se tiennent quatre petits hommes avec des pendules, et autour est pos\u00e9e la bague jadis sombre et maintenant dor\u00e9e (port\u00e9e pr\u00e9c\u00e9demment par les quatre enfants). <\/p><\/blockquote><\/div>\n<p style=\"text-align: justify;\">En effet, comme l\u2019\u00e9crit Johannes Fabricus dans son livre <em>l&rsquo;Alchimie<\/em> (p.18), les alchimistes tentaient de r\u00e9soudre le conflit entre les forces oppos\u00e9es :<\/p>\n<blockquote>\n<ol>\n<li style=\"text-align: justify;\">par un mouvement putr\u00e9facteur de mort et de r\u00e9g\u00e9n\u00e9ration,<\/li>\n<li style=\"text-align: justify;\">par un retour \u00e0 la mati\u00e8re premi\u00e8re,<\/li>\n<li style=\"text-align: justify;\">par un mouvement de rotation faisant tourner \u00e0 rebours la roue de la cr\u00e9ation dans une oeuvre contre nature qui vise \u00e0 revenir \u00e0 la source de toute cr\u00e9ation, ou Dieu. C\u2019est en cela que r\u00e9side <strong>le fameux oeuvre circulaire<\/strong> dans lequel le sujet de la r\u00e9g\u00e9n\u00e9ration se consume \u00e0 la mani\u00e8re d\u2019un serpent ouroborique.\u00a0\u00bb<\/li>\n<\/ol>\n<\/blockquote>\n<h2 style=\"text-align: justify;\">L&rsquo;obsession des alchimistes pour le probl\u00e8me de la relation entre la Nature et la psych\u00e9.<\/h2>\n<p style=\"text-align: justify;\">Leur d\u00e9marche les a souvent conduits aux fronti\u00e8res de l\u2019h\u00e9r\u00e9sie.<\/p>\n<p style=\"text-align: justify;\">Ceux qui s\u2019intitulaient les <strong>Philosophes de la Nature,<\/strong> la consid\u00e9raient comme un ma\u00eetre in\u00e9galable. <strong>En paroles,<\/strong> ils se r\u00e9f\u00e9raient sans cesse \u00e0 la puissance du Dieu chr\u00e9tien et mettaient leurs travaux sous sa protection. Mais <strong>leur v\u00e9ritable d\u00e9votion, enracin\u00e9e dans un monde pr\u00e9-chr\u00e9tien<\/strong>, allait vers les forces de <strong>la Grande M\u00e8re Nature<\/strong>.<\/p>\n<p style=\"text-align: justify;\">Les Philosophes de la Nature poursuivaient, \u00e0 t\u00e2tons, des <strong>lois r\u00e9gissant ensemble la psych\u00e9 et la mati\u00e8re,<\/strong> et cherchaient \u00e0 les exprimer sur tous les plans. Leur t\u00e2che \u00e9tait infinie, ce qui explique la complexit\u00e9 et l\u2019obscurit\u00e9 de textes cherchant \u00e0 rendre compte, par une<strong> inflation m\u00e9taphorique,<\/strong> d\u2019un sujet incernable et indicible : la Nature et la Vie.<\/p>\n<p style=\"text-align: justify;\"><strong>Malgr\u00e9 l\u2019apparence abstraite de la Vision de l\u2019Horloge du Monde<\/strong>, vision o\u00f9 s\u2019entrecroisent une diversit\u00e9 de significations structurelles et symboliques, <strong>la cha\u00eene avec les manifestations vitales<\/strong> <strong>n\u2019est pas rompue<\/strong>. Le maillon solide est repr\u00e9sent\u00e9 par les rythmes et les <strong>pulsations<\/strong>. Il y a l\u00e0 <strong>un c\u0153ur qui bat<\/strong>, et ce c\u0153ur est celui de la Nature toute enti\u00e8re, pr\u00e9sente dans chaque rythme et dans chaque pulsation.<\/p>\n<p style=\"text-align: justify;\">Nous avons l\u2019impression que l\u2019harmonie supr\u00eame \u00e9prouv\u00e9e par le R\u00eaveur participe de la vieille sagesse alchimique cit\u00e9e par Jung (<a href=\"https:\/\/www.cgjung.net\/oeuvre\/psychologie_alchimie.htm\">Psychologie et alchimie<\/a>, p.292)<\/p>\n<blockquote>\n<p style=\"text-align: justify;\">\u00ab\u00a0L\u2019\u0153uvre le plus parfait et le plus naturel est de produire ce qui est semblable \u00e0 lui-m\u00eame\u00a0\u00bb.<\/p>\n<\/blockquote>\n<h2>La r\u00e9surgence de la forme harmonieuse<\/h2>\n<p style=\"text-align: justify;\"><strong>Le R\u00eaveur portait en lui, naturellement, une forme harmonieuse<\/strong>, \u00e0 la fois sur le plan de la sym\u00e9trie et de l\u2019utilisation des contenus symboliques fournis par l\u2019inconscient collectif. Cette forme vivait aussi dans son \u00eatre biologique, au rythme de son sang et de son c\u0153ur. La sensation d<em>\u2019harmonie supr\u00eame<\/em> est venue de cette conjonction, d\u2019un instant, entre le masculin et le f\u00e9minin, la psych\u00e9 et la mati\u00e8re. Cette conjonction semblait naturelle aux vieilles sciences et demeure dans l\u2019inconscient collectif, pr\u00eate \u00e0 se RE pr\u00e9senter.<\/p>\n<p style=\"text-align: justify;\">Ce <strong>ph\u00e9nom\u00e8ne de r\u00e9surgenc<\/strong>e se produit, pour certains, dans leur \u0153uvre artistique, pour d\u2019autres, dans les manifestations oniriques, parfois dans les deux, le r\u00eave inspirant l\u2019\u0153uvre.<\/p>\n<p style=\"text-align: justify;\"><strong>La RE pr\u00e9sentation diff\u00e8re selon les sujets, mais le th\u00e8me reste identique.<\/strong><\/p>\n<p style=\"text-align: justify;\">C\u2019est ainsi que nous d\u00e9couvrirons le m\u00eame processus, et les m\u00eames aboutissements, en observant <strong>la s\u00e9rie de la R\u00eaveuse, s\u00e9rie \u00e0 la fois semblable et unique<\/strong>.<\/p>\n<h2>La symphonie universelle<\/h2>\n<p style=\"text-align: justify;\">La constatation de la pr\u00e9sence de traces de la symbolique alchimique, au cours des s\u00e9ries du R\u00eaveur et de la R\u00eaveuse, n\u2019a finalement rien d\u2019\u00e9tonnant, puisqu\u2019elles participent d\u2019une totalit\u00e9 comparable \u00e0 ce que serait une symphonie universelle.<\/p>\n<p style=\"text-align: justify;\"><em> Produire ce qui est semblable \u00e0 lui-m\u00eame<\/em> nous appara\u00eet, au fur et \u00e0 mesure de la progression de notre recherche, avoir le sens de <strong>chanter de plus en plus juste la<\/strong> <strong>petite note personnelle<\/strong>, ce son unique dont nous sommes les d\u00e9tenteurs, <strong>au sein de la musique totale de la Vie<\/strong>. Ce son unique est \u00e0 la fois bruit et silence, couleur, odeur, esprit, mati\u00e8re, m\u00e2le et femelle, nous auraient dit <strong>les alchimistes, ces po\u00e8tes<\/strong> d\u2019une complexit\u00e9 significative dont on retrouve des accents chez <strong>Rimbaud<\/strong>.<\/p>\n<p style=\"text-align: justify;\"><strong>Jung a \u00e9t\u00e9 notre premier appui<\/strong> pour la mise en \u00e9vidence de la tonalit\u00e9 alchimique des s\u00e9ries de r\u00eaves. Les quelques exemples donn\u00e9s montrent la voie ouverte vers des <strong>possibilit\u00e9s d\u2019amplifications quasi<\/strong> <strong>illimit\u00e9es<\/strong>.<\/p>\n<p style=\"text-align: justify;\">Une fois de plus, nous avons pris le risque d\u2019encourir le reproche d\u2019avoir ajout\u00e9 notre grain de sel aux interpr\u00e9tations jungiennes. Nous acceptons ce reproche et avouons que nous \u00e9prouvons un certain soulagement, apr\u00e8s cette premi\u00e8re approche, dans le fait d&rsquo;aborder une s\u00e9rie qui, tout en demeurant sur le chemin trac\u00e9 par Jung, nous permet <strong>une observation plus personnelle.<\/strong><\/p>\n<p>On trouvera cette interpr\u00e9tation <a href=\"https:\/\/www.cgjung.net\/espace\/ariaga-ecrits-jung\/\">dans Les \u00e9crits sur Jung.<\/a><span style=\"color: #ff0000;\"><strong><br \/>\n<\/strong><\/span><\/p>\n<h2>G\u00e9n\u00e9raliser la recherche<\/h2>\n<p style=\"text-align: justify;\">En supposant qu\u2019il soit possible de montrer la pr\u00e9sence d\u2019une expression alchimique d\u2019une grande visibilit\u00e9, r\u00e9sidant \u00e0 un certain niveau du discours onirique de la R\u00eaveuse, nous apporterions alors <strong>une<\/strong> <strong>nouvelle pierre<\/strong> \u00e0 la th\u00e9orie jungienne de la <strong>vitalit\u00e9 des th\u00e8mes alchimiques dans les r\u00eaves de nos contemporains<\/strong>.<\/p>\n<p style=\"text-align: justify;\">Si cette t\u00e2che est r\u00e9alisable, sans recourir \u00e0 une culture \u00e9crasante qui rend parfois le discours de Jung peu accessible au lecteur non sp\u00e9cialiste, <strong>le chemin sera ouvert vers ce paradigme dont il ressentait la n\u00e9cessit\u00e9.<\/strong><\/p>\n<p style=\"text-align: justify;\">Il deviendra, en effet, possible d\u2019envisager de <strong>g\u00e9n\u00e9raliser la recherche<\/strong> en proc\u00e9dant \u00e0 une \u00e9tude plus syst\u00e9matique, hors de tout esprit de chapelle. Cette \u00e9tude devra s&rsquo;appuyer sur des processus oniriques observ\u00e9s sur un laps de temps significatif.<\/p>\n<h3><svg class=\"genericon genericond-genericons-neue genericons-neue-document genericond-genericons-neue-1x genericond-rotate-normal\" style=\"fill:#19486B;\" title=\"document\" role=\"img\" aria-labelledby=\"title\"><use xlink:href=\"https:\/\/www.cgjung.net\/espace\/wp-content\/plugins\/genericond\/\/icons\/genericons-neue\/svg-sprite\/genericons-neue.svg#document\" \/><\/svg> <a href=\"https:\/\/www.cgjung.net\/espace\/cg-jung\/le-grand-voyage-alchimique\/\">Page pr\u00e9c\u00e9dente<\/a><\/h3>\n<p style=\"text-align: right;\"><span style=\"font-size: 10pt;\"><em><a href=\"https:\/\/www.cgjung.net\/espace\/cg-jung\/avertissement\/\">Publi\u00e9 initialement dans le cadre d&rsquo;une th\u00e8se<\/a> cette page a \u00e9t\u00e9 adapt\u00e9e par Ariaga (Ariane Callot), son auteure.<br \/>\nLes ouvrages cit\u00e9s <a href=\"https:\/\/www.cgjung.net\/espace\/cg-jung\/bibliographie\/\">sont r\u00e9f\u00e9renc\u00e9s \u00e0 la page bibliographie<\/a>.<\/em><\/span><\/p>\n\n","protected":false},"excerpt":{"rendered":"<p>\ufeffLes illustrations du Livre Muet montrent bien combien est pr\u00e9sente la r\u00e9surgence de th\u00e8mes alchimiques dans les r\u00eaves de contemporains. Le Livre Muet (Mutus Liber) Pour ce dernier texte sur Jung et la r\u00e9surgence d&rsquo;une symbolique alchimique dans les r\u00eaves contemporains nous allons nous appuyer sur deux illustrations de L&rsquo;Alchimie et son Livre Muet (Mutus [&hellip;]<\/p>\n","protected":false},"author":1,"featured_media":0,"parent":110,"menu_order":336,"comment_status":"closed","ping_status":"closed","template":"","meta":{"footnotes":""},"class_list":["post-6082","page","type-page","status-publish","hentry"],"_links":{"self":[{"href":"https:\/\/www.cgjung.net\/espace\/wp-json\/wp\/v2\/pages\/6082","targetHints":{"allow":["GET"]}}],"collection":[{"href":"https:\/\/www.cgjung.net\/espace\/wp-json\/wp\/v2\/pages"}],"about":[{"href":"https:\/\/www.cgjung.net\/espace\/wp-json\/wp\/v2\/types\/page"}],"author":[{"embeddable":true,"href":"https:\/\/www.cgjung.net\/espace\/wp-json\/wp\/v2\/users\/1"}],"replies":[{"embeddable":true,"href":"https:\/\/www.cgjung.net\/espace\/wp-json\/wp\/v2\/comments?post=6082"}],"version-history":[{"count":45,"href":"https:\/\/www.cgjung.net\/espace\/wp-json\/wp\/v2\/pages\/6082\/revisions"}],"predecessor-version":[{"id":9412,"href":"https:\/\/www.cgjung.net\/espace\/wp-json\/wp\/v2\/pages\/6082\/revisions\/9412"}],"up":[{"embeddable":true,"href":"https:\/\/www.cgjung.net\/espace\/wp-json\/wp\/v2\/pages\/110"}],"wp:attachment":[{"href":"https:\/\/www.cgjung.net\/espace\/wp-json\/wp\/v2\/media?parent=6082"}],"curies":[{"name":"wp","href":"https:\/\/api.w.org\/{rel}","templated":true}]}}