{"id":5499,"date":"2017-10-23T14:33:51","date_gmt":"2017-10-23T12:33:51","guid":{"rendered":"https:\/\/www.cgjung.net\/espace\/?page_id=5499"},"modified":"2018-02-12T17:23:47","modified_gmt":"2018-02-12T16:23:47","slug":"reves-et-alchimie","status":"publish","type":"page","link":"https:\/\/www.cgjung.net\/espace\/ariaga-ecrits-jung\/reves-et-alchimie\/","title":{"rendered":"R\u00eaves et alchimie"},"content":{"rendered":"<p><strong>R\u00e9surgences de l&rsquo;alchimie dans les r\u00eaves utilis\u00e9s par Jung dans Psychologie et Alchimie et dans la s\u00e9rie plus contemporaine de la r\u00eaveuse.<\/strong><\/p>\n<p><img loading=\"lazy\" decoding=\"async\" class=\"aligncenter size-full wp-image-5515\" src=\"https:\/\/www.cgjung.net\/espace\/wp-content\/uploads\/2017\/10\/reves-et-alchimie.png\" alt=\"\" width=\"489\" height=\"481\" srcset=\"https:\/\/www.cgjung.net\/espace\/wp-content\/uploads\/2017\/10\/reves-et-alchimie.png 489w, https:\/\/www.cgjung.net\/espace\/wp-content\/uploads\/2017\/10\/reves-et-alchimie-300x295.png 300w\" sizes=\"auto, (max-width: 489px) 100vw, 489px\" \/><\/p>\n<p>&nbsp;<\/p>\n<p><a href=\"https:\/\/www.cgjung.net\/espace\/ariaga-ecrits-jung\/reves-et-alchimie\/introduction-a-linterpretation-alchimique-des-reves\/\">Introduction \u00e0 l\u2019interpr\u00e9tation alchimique des r\u00eaves<\/a><\/p>\n<p>Les alchimistes vivaient des r\u00eaves \u00e9veill\u00e9s dont il semble que l&rsquo;on peut trouver encore une trace dans les songes contemporains.<\/p>\n<p><a href=\"https:\/\/www.cgjung.net\/espace\/ariaga-ecrits-jung\/reves-et-alchimie\/rolongement-psychologie-des-profondeurs\/\">En prolongement de la psychologie des profondeurs<\/a><\/p>\n<p>Voici quelques propositions, inspir\u00e9es par Jung et Marie-Louise von Franz au sujet de la libre interpr\u00e9tation alchimique d&rsquo;une s\u00e9rie de r\u00eaves.<\/p>\n<p><a href=\"https:\/\/www.cgjung.net\/espace\/ariaga-ecrits-jung\/reves-et-alchimie\/alchimistes-auteurs-livres-alchimie\/\">Alchimistes et auteurs de livres sur l\u2019alchimie<\/a><\/p>\n<p>Pr\u00e9sentation de quelques auteurs de livres sur l&rsquo;alchimie qui ont inspir\u00e9 l&rsquo;interpr\u00e9tation des s\u00e9ries de r\u00eaves.<\/p>\n<h3><svg class=\"genericon genericond-genericons-neue genericons-neue-document genericond-genericons-neue-1x genericond-rotate-normal\" style=\"fill:#19486B;\" title=\"document\" role=\"img\" aria-labelledby=\"title\"><use xlink:href=\"https:\/\/www.cgjung.net\/espace\/wp-content\/plugins\/genericond\/\/icons\/genericons-neue\/svg-sprite\/genericons-neue.svg#document\" \/><\/svg> <a href=\"https:\/\/www.cgjung.net\/espace\/ariaga-ecrits-jung\/alchimie\/\">Page pr\u00e9c\u00e9dente<\/a>\u00a0| <a href=\"https:\/\/www.cgjung.net\/espace\/ariaga-ecrits-jung\/loeuvre-inconsciente-reveuse\/\">Page suivante<\/a><\/h3>\n<p style=\"text-align: right;\"><span style=\"font-size: 10pt;\"><em><a href=\"https:\/\/www.cgjung.net\/espace\/cg-jung\/avertissement\/\">Publi\u00e9 initialement dans le cadre d&rsquo;une th\u00e8se<\/a> cette page a \u00e9t\u00e9 adapt\u00e9e par Ariaga (Ariane Callot), son auteure.<br \/>\nLes ouvrages cit\u00e9s <a href=\"https:\/\/www.cgjung.net\/espace\/cg-jung\/bibliographie\/\">sont r\u00e9f\u00e9renc\u00e9s \u00e0 la page bibliographie<\/a>.<\/em><\/span><\/p>\n\n<p>&nbsp;<\/p>\n<p>&nbsp;<\/p>\n","protected":false},"excerpt":{"rendered":"<p>R\u00e9surgences de l&rsquo;alchimie dans les r\u00eaves utilis\u00e9s par Jung dans Psychologie et Alchimie et dans la s\u00e9rie plus contemporaine de la r\u00eaveuse. &nbsp; Introduction \u00e0 l\u2019interpr\u00e9tation alchimique des r\u00eaves Les alchimistes vivaient des r\u00eaves \u00e9veill\u00e9s dont il semble que l&rsquo;on peut trouver encore une trace dans les songes contemporains. En prolongement de la psychologie des [&hellip;]<\/p>\n","protected":false},"author":1,"featured_media":0,"parent":2023,"menu_order":25,"comment_status":"closed","ping_status":"closed","template":"","meta":{"footnotes":""},"class_list":["post-5499","page","type-page","status-publish","hentry"],"_links":{"self":[{"href":"https:\/\/www.cgjung.net\/espace\/wp-json\/wp\/v2\/pages\/5499","targetHints":{"allow":["GET"]}}],"collection":[{"href":"https:\/\/www.cgjung.net\/espace\/wp-json\/wp\/v2\/pages"}],"about":[{"href":"https:\/\/www.cgjung.net\/espace\/wp-json\/wp\/v2\/types\/page"}],"author":[{"embeddable":true,"href":"https:\/\/www.cgjung.net\/espace\/wp-json\/wp\/v2\/users\/1"}],"replies":[{"embeddable":true,"href":"https:\/\/www.cgjung.net\/espace\/wp-json\/wp\/v2\/comments?post=5499"}],"version-history":[{"count":9,"href":"https:\/\/www.cgjung.net\/espace\/wp-json\/wp\/v2\/pages\/5499\/revisions"}],"predecessor-version":[{"id":5508,"href":"https:\/\/www.cgjung.net\/espace\/wp-json\/wp\/v2\/pages\/5499\/revisions\/5508"}],"up":[{"embeddable":true,"href":"https:\/\/www.cgjung.net\/espace\/wp-json\/wp\/v2\/pages\/2023"}],"wp:attachment":[{"href":"https:\/\/www.cgjung.net\/espace\/wp-json\/wp\/v2\/media?parent=5499"}],"curies":[{"name":"wp","href":"https:\/\/api.w.org\/{rel}","templated":true}]}}