{"id":4626,"date":"2017-06-13T07:48:52","date_gmt":"2017-06-13T05:48:52","guid":{"rendered":"https:\/\/www.cgjung.net\/espace\/?page_id=4626"},"modified":"2018-07-30T14:25:21","modified_gmt":"2018-07-30T12:25:21","slug":"reves-visions-alchimiques","status":"publish","type":"page","link":"https:\/\/www.cgjung.net\/espace\/ariaga-poesie\/reves-visions-alchimiques\/","title":{"rendered":"R\u00eaves et visions alchimiques"},"content":{"rendered":"<h2>\u00a0\u00a0\u00a0\u00a0\u00a0\u00a0\u00a0\u00a0R\u00eave de l\u2019ultime po\u00e8me<\/h2>\n<h4 style=\"text-align: center;\">Depuis des temps,<br \/>\nune po\u00e9sie flottait sur l\u2019oc\u00e9an de ce qui est.<br \/>\nUn matin, quand les r\u00eaves s\u2019\u00e9loignent sur la pointe des pieds,<br \/>\nelle frappe \u00e0 la porte de sa pens\u00e9e<br \/>\net ouvre les volets sur le plein du vide.<br \/>\nFulgurance !<br \/>\n\u00c9blouie, rev\u00eatue d\u2019une robe de larmes douces, le c\u0153ur b\u00e9ant,<br \/>\nathanor vivant,<br \/>\nelle re\u00e7oit un tr\u00e9sor qui ne doit pas s\u2019\u00e9chapper,<br \/>\net vivement le cleffe dans la boite des mots.<br \/>\nIl est tellement pr\u00e9cieux celui qui sera l\u2019ultime po\u00e8me,<br \/>\non ne peux pas le partager,<br \/>\njuste en jeter des miettes pour nourrir les oiseaux parleurs de langues oubli\u00e9es.<\/h4>\n<h2><\/h2>\n<h2 style=\"padding-left: 60px;\">La marche des bateaux oubli\u00e9s<\/h2>\n<h4 style=\"text-align: center;\">R\u00eave, vision, imaginations&#8230;<\/h4>\n<h4 style=\"text-align: center;\">Sur la route est pass\u00e9, un \u00e9trange cort\u00e8ge.<\/h4>\n<h4 style=\"text-align: center;\">En t\u00eate se tenait le Vieil Homme de la Mer,<\/h4>\n<h4 style=\"text-align: center;\">une belle sir\u00e8ne, minuscule, perch\u00e9e sur son \u00e9paule, il battait tambour soliste,<\/h4>\n<h4 style=\"text-align: center;\">suivi d&rsquo;un grand orchestre de sifflements de vents et de vagues brisantes.<\/h4>\n<h4 style=\"text-align: center;\">Derri\u00e8re, en grand d\u00e9sordre, suivait une cohorte de bateaux d\u00e9labr\u00e9s,<\/h4>\n<h4 style=\"text-align: center;\">us\u00e9s par l&rsquo;abandon et le manque de respect.<\/h4>\n<h4 style=\"text-align: center;\">Il y avait les gros, mourant dans les champs d&rsquo;herbes,<\/h4>\n<h4 style=\"text-align: center;\">o\u00f9 ils r\u00eavaient des grandes vagues sal\u00e9es<\/h4>\n<h4 style=\"text-align: center;\">et des poissons brillants dans leur ventre affam\u00e9.<\/h4>\n<h4 style=\"text-align: center;\">Il y avait de tous petits canots,<\/h4>\n<h4 style=\"text-align: center;\">croupissant sans espoir d&rsquo;une rame d&rsquo;enfant,<\/h4>\n<h4 style=\"text-align: center;\">dans la vase durcie, en un lieu oubli\u00e9 par la mar\u00e9e.<\/h4>\n<h4 style=\"text-align: center;\">Il y avait ceux, \u00e0 moiti\u00e9 color\u00e9s,<\/h4>\n<h4 style=\"text-align: center;\">rest\u00e9s de longues ann\u00e9es dans un garage sombre,<\/h4>\n<h4 style=\"text-align: center;\">avec pour compagnie un vieux pot de peinture rouill\u00e9.<\/h4>\n<h4 style=\"text-align: center;\">J&rsquo;ai m\u00eame reconnu, au passage, cette barque presque neuve,<\/h4>\n<h4 style=\"text-align: center;\">retourn\u00e9e au milieu des gravats d&rsquo;une maison \u00e0 l&rsquo;abandon.<\/h4>\n<h4 style=\"text-align: center;\">En fin de cort\u00e8ge se tra\u00eenaient les bois pourrissants,<\/h4>\n<h4 style=\"text-align: center;\">semblables \u00e0 des squelettes d&rsquo;animaux dont il ne reste plus que les c\u00f4tes.<\/h4>\n<h4 style=\"text-align: center;\">Oui, j&rsquo;ai vu passer un \u00e9trange cort\u00e8ge.<\/h4>\n<h4 style=\"text-align: center;\">Sortis de la brume des r\u00eaves,<\/h4>\n<h4 style=\"text-align: center;\">r\u00e9volt\u00e9s par l&rsquo;indiff\u00e9rence des hommes,<\/h4>\n<h4 style=\"text-align: center;\">ils allaient vers la mer,<\/h4>\n<h4 style=\"text-align: center;\">achever dignement leur lente transmutation.<\/h4>\n<h2 style=\"padding-left: 60px;\">La mort du monstre<\/h2>\n<h4 style=\"text-align: center;\">Quand le monstre,<\/h4>\n<h4 style=\"text-align: center;\">androgyne de ses abysses,<\/h4>\n<h4 style=\"text-align: center;\">enferm\u00e9 dans la cornue o\u00f9 il se dess\u00e8che depuis les origines,<\/h4>\n<h4 style=\"text-align: center;\">laisse \u00e9chapper par l&rsquo;issue du r\u00eave une part f\u00e9minine d\u00e9mente de solitude,<\/h4>\n<h4 style=\"text-align: center;\">le vouloir explose le verre de la cage.<\/h4>\n<h4 style=\"text-align: center;\">Elle veut tous les alcools, et aussi tous les rires.<\/h4>\n<h4 style=\"text-align: center;\">Elle veut devenir folle et manger des d\u00e9lires, \u00e9normes !<\/h4>\n<h4 style=\"text-align: center;\">Elle est jeune, elle est belle,<\/h4>\n<h4 style=\"text-align: center;\">donnez lui votre sang pour la rendre immortelle.<\/h4>\n<h4 style=\"text-align: center;\">Elle veut Tout,<\/h4>\n<h4 style=\"text-align: center;\">inventer les poisons, appeler les d\u00e9mons, saccager les jardins,<\/h4>\n<h4 style=\"text-align: center;\">pour aimer, pour pleurer, pour sentir.<\/h4>\n<h4 style=\"text-align: center;\">Elle veut Tout.<\/h4>\n<h4 style=\"text-align: center;\">Elle parcourt le monde, mers, fleuves, montagnes,<\/h4>\n<h4 style=\"text-align: center;\">loin, toujours plus loin.<\/h4>\n<h4 style=\"text-align: center;\">Son corps craquel\u00e9 devient comme un rocher,<\/h4>\n<h4 style=\"text-align: center;\">que jamais n&rsquo;atteint la mar\u00e9e,<\/h4>\n<h4 style=\"text-align: center;\">et les mousses s&rsquo;effritent dans sa main.<\/h4>\n<h4 style=\"text-align: center;\">Des filles sont pass\u00e9es<\/h4>\n<h4 style=\"text-align: center;\">et l&rsquo;ont appel\u00e9e s\u0153ur,<\/h4>\n<h4 style=\"text-align: center;\">corps v\u00e9n\u00e9neux, ployant comme des tiges,<\/h4>\n<h4 style=\"text-align: center;\">paupi\u00e8res violettes, yeux de topaze,<\/h4>\n<h4 style=\"text-align: center;\">chacune tenait entre ses bras un enfant mort !<\/h4>\n<h4 style=\"text-align: center;\">Elle ne les a pas entendues, les mots des humains sont perdus.<\/h4>\n<h4 style=\"text-align: center;\">Reste le D\u00e9sir.<\/h4>\n<h4 style=\"text-align: center;\">Quand elle voit la ville, si proche et si lointaine,<\/h4>\n<h4 style=\"text-align: center;\">elle court haletante, le visage mouill\u00e9.<\/h4>\n<h4 style=\"text-align: center;\">Elle tombe, elle rampe et c&rsquo;est \u00e0 quatre pattes,<\/h4>\n<h4 style=\"text-align: center;\">comme un chien,<\/h4>\n<h4 style=\"text-align: center;\">qu&rsquo;elle atteint la premi\u00e8re porte, trop tard, une nouvelle fois trop tard.<\/h4>\n<h4 style=\"text-align: center;\">En lettres de cendres il est \u00e9crit :<\/h4>\n<h4 style=\"text-align: center;\">Le monstre est mort, br\u00fbl\u00e9 sur l&rsquo;athanor du JE.<\/h4>\n<h2 style=\"padding-left: 60px;\">M\u00e9ditation du chat de l&rsquo;alchimiste<\/h2>\n<h4 style=\"text-align: center;\">Le chat de l&rsquo;alchimiste ne conna\u00eet rien \u00e0 l&rsquo;or,<\/h4>\n<h4 style=\"text-align: center;\">philosophique ou non.<\/h4>\n<h4 style=\"text-align: center;\">Le chat de l&rsquo;alchimiste, repu et satisfait,<\/h4>\n<h4 style=\"text-align: center;\">tout contre la chaleur douce de l&rsquo;athanor,<\/h4>\n<h4 style=\"text-align: center;\">m\u00e9dite longuement sur l&rsquo;immobilit\u00e9<\/h4>\n<h4 style=\"text-align: center;\">mais ses yeux entrouverts surveillent la cornue.<\/h4>\n<h4 style=\"text-align: center;\">Depuis bien des ann\u00e9es, il attend que se casse,<\/h4>\n<h4 style=\"text-align: center;\">le verre qui retient,<\/h4>\n<h4 style=\"text-align: center;\">dans les reflets changeants de son r\u00eave \u00e9veill\u00e9,<\/h4>\n<h4 style=\"text-align: center;\">des oiseaux fabuleux qui ne meurent jamais<\/h4>\n<h4 style=\"text-align: center;\">et des serpents qui tournent en se mordant la queue.<\/h4>\n<h4 style=\"text-align: center;\">Le chat de l&rsquo;alchimiste essaie d&rsquo;approcher<\/h4>\n<h4 style=\"text-align: center;\">l&rsquo;impossible infini du ronron silencieux.<\/h4>\n<h2>Po\u00e9sies d&rsquo;Ariane Callot<\/h2>\n<p><strong>Po\u00e9sies alchimiques<\/strong><\/p>\n<ul>\n<li><a href=\"https:\/\/www.cgjung.net\/espace\/ariaga-poesie\/alchimie-oeuvre-noir\/\">Alchimie, \u0153uvre au noir<\/a><\/li>\n<li><a href=\"https:\/\/www.cgjung.net\/espace\/ariaga-poesie\/alchimie-matiere-premiere\/\">Alchimie, mati\u00e8re premi\u00e8re<\/a><\/li>\n<li><a href=\"https:\/\/www.cgjung.net\/espace\/ariaga-poesie\/alchimique-conjonction\/\">Alchimique conjonction<\/a><\/li>\n<li><a href=\"https:\/\/www.cgjung.net\/espace\/ariaga-poesie\/alchimie-ici-maintenant\/\">Alchimie de l&rsquo;ici et maintenant<\/a><\/li>\n<li><a href=\"https:\/\/www.cgjung.net\/espace\/ariaga-poesie\/alchimie-de-la-mort\/\">Alchimie de la mort<\/a><\/li>\n<li><a href=\"https:\/\/www.cgjung.net\/espace\/ariaga-poesie\/alchimie-de-nature\/\">Alchimie de la nature<\/a><\/li>\n<li><a href=\"https:\/\/www.cgjung.net\/espace\/ariaga-poesie\/alchimie-divine\/\">Alchimie divine<\/a><\/li>\n<li><a href=\"https:\/\/www.cgjung.net\/espace\/ariaga-poesie\/amours-alchimiques\/\">Amours alchimiques<\/a><\/li>\n<li><a href=\"https:\/\/www.cgjung.net\/espace\/ariaga-poesie\/travail-alchimique\/\">Travail alchimique<\/a><\/li>\n<li><a href=\"https:\/\/www.cgjung.net\/espace\/ariaga-poesie\/echo-a-c-g-jung\/\">En \u00e9cho \u00e0 C.G. Jung<\/a><\/li>\n<li><a href=\"https:\/\/www.cgjung.net\/espace\/ariaga-poesie\/regards\/\">Regards<\/a><\/li>\n<li><a href=\"https:\/\/www.cgjung.net\/espace\/ariaga-poesie\/reves-visions-alchimiques\/\">R\u00eaves et visions alchimiques<\/a><\/li>\n<li><a href=\"https:\/\/www.cgjung.net\/espace\/ariaga-poesie\/microcosme\/\">Microcosme<\/a><\/li>\n<li><a href=\"https:\/\/www.cgjung.net\/espace\/ariaga-poesie\/profondeurs\/\">Dans les profondeurs<\/a><\/li>\n<li><a href=\"https:\/\/www.cgjung.net\/espace\/ariaga-poesie\/musiques\/\">Musiques<\/a><\/li>\n<\/ul>\n<p><strong>M\u00e9moires de l&rsquo;Oc\u00e9an<\/strong><\/p>\n<ul>\n<li><a href=\"https:\/\/www.cgjung.net\/espace\/ariaga-poesie\/memoires-ocean\/#plainte\">Plainte des \u00e2mes perdues<\/a><\/li>\n<li><a href=\"https:\/\/www.cgjung.net\/espace\/ariaga-poesie\/memoires-ocean\/#bateaux\">Bateaux oubli\u00e9s<\/a><\/li>\n<li><a href=\"https:\/\/www.cgjung.net\/espace\/ariaga-poesie\/memoires-ocean\/#racines\">Racines marines<\/a><\/li>\n<\/ul>\n<p><strong>Article de pr\u00e9sentation des po\u00e9sies<\/strong><\/p>\n<ul>\n<li><a href=\"https:\/\/www.cgjung.net\/espace\/accueil\/alchimie-poetique\/\">Jung, Rimbaud, vers l\u2019alchimie po\u00e9tique<\/a><\/li>\n<\/ul>\n\n","protected":false},"excerpt":{"rendered":"<p>\u00a0\u00a0\u00a0\u00a0\u00a0\u00a0\u00a0\u00a0R\u00eave de l\u2019ultime po\u00e8me Depuis des temps, une po\u00e9sie flottait sur l\u2019oc\u00e9an de ce qui est. Un matin, quand les r\u00eaves s\u2019\u00e9loignent sur la pointe des pieds, elle frappe \u00e0 la porte de sa pens\u00e9e et ouvre les volets sur le plein du vide. Fulgurance ! \u00c9blouie, rev\u00eatue d\u2019une robe de larmes douces, le c\u0153ur [&hellip;]<\/p>\n","protected":false},"author":1,"featured_media":0,"parent":142,"menu_order":72,"comment_status":"closed","ping_status":"closed","template":"","meta":{"footnotes":""},"class_list":["post-4626","page","type-page","status-publish","hentry"],"_links":{"self":[{"href":"https:\/\/www.cgjung.net\/espace\/wp-json\/wp\/v2\/pages\/4626","targetHints":{"allow":["GET"]}}],"collection":[{"href":"https:\/\/www.cgjung.net\/espace\/wp-json\/wp\/v2\/pages"}],"about":[{"href":"https:\/\/www.cgjung.net\/espace\/wp-json\/wp\/v2\/types\/page"}],"author":[{"embeddable":true,"href":"https:\/\/www.cgjung.net\/espace\/wp-json\/wp\/v2\/users\/1"}],"replies":[{"embeddable":true,"href":"https:\/\/www.cgjung.net\/espace\/wp-json\/wp\/v2\/comments?post=4626"}],"version-history":[{"count":9,"href":"https:\/\/www.cgjung.net\/espace\/wp-json\/wp\/v2\/pages\/4626\/revisions"}],"predecessor-version":[{"id":7163,"href":"https:\/\/www.cgjung.net\/espace\/wp-json\/wp\/v2\/pages\/4626\/revisions\/7163"}],"up":[{"embeddable":true,"href":"https:\/\/www.cgjung.net\/espace\/wp-json\/wp\/v2\/pages\/142"}],"wp:attachment":[{"href":"https:\/\/www.cgjung.net\/espace\/wp-json\/wp\/v2\/media?parent=4626"}],"curies":[{"name":"wp","href":"https:\/\/api.w.org\/{rel}","templated":true}]}}