{"id":4485,"date":"2017-05-31T15:38:13","date_gmt":"2017-05-31T13:38:13","guid":{"rendered":"https:\/\/www.cgjung.net\/espace\/?page_id=4485"},"modified":"2017-10-23T14:46:02","modified_gmt":"2017-10-23T12:46:02","slug":"alchimie","status":"publish","type":"page","link":"https:\/\/www.cgjung.net\/espace\/ariaga-ecrits-jung\/alchimie\/","title":{"rendered":"C.G. Jung et l&rsquo;Alchimie"},"content":{"rendered":"<p style=\"text-align: justify;\"><strong>C.G. Jung s\u2019est inscrit, avec ses travaux sur l\u2019alchimie, dans la longue cha\u00eene des Philosophes Alchimistes de la Nature. Son livre Psychologie et alchimie est le meilleur exemple de sa patiente recherche.<\/strong><\/p>\n<p><img loading=\"lazy\" decoding=\"async\" class=\"size-full wp-image-4486 aligncenter\" src=\"https:\/\/www.cgjung.net\/espace\/wp-content\/uploads\/2017\/05\/arbre-achimique-epheme.jpg\" alt=\"\" width=\"483\" height=\"480\" srcset=\"https:\/\/www.cgjung.net\/espace\/wp-content\/uploads\/2017\/05\/arbre-achimique-epheme.jpg 483w, https:\/\/www.cgjung.net\/espace\/wp-content\/uploads\/2017\/05\/arbre-achimique-epheme-300x298.jpg 300w, https:\/\/www.cgjung.net\/espace\/wp-content\/uploads\/2017\/05\/arbre-achimique-epheme-150x150.jpg 150w\" sizes=\"auto, (max-width: 483px) 100vw, 483px\" \/><\/p>\n<p><a href=\"https:\/\/www.cgjung.net\/espace\/ariaga-ecrits-jung\/alchimie\/jung-voie-alchimie\/\">C.G. Jung suit la voie des anciens alchimistes<\/a><br \/>\nC.G. Jung a longtemps cherch\u00e9 une explication \u00e0 certains symboles apparaissant dans les s\u00e9ries de r\u00eaves.<\/p>\n<p><a href=\"https:\/\/www.cgjung.net\/espace\/ariaga-ecrits-jung\/alchimie\/origine-relation-jung-alchimie\/\">Origine de la relation entre C.G. Jung et l&rsquo;alchimie<\/a><br \/>\nDu Faust de Goethe \u00e0 la lecture des textes alchimiques, le parcours de C.G.Jung dans la recherche de l&rsquo;utilit\u00e9 de cette symbolique.<\/p>\n<p><a href=\"https:\/\/www.cgjung.net\/espace\/ariaga-ecrits-jung\/alchimie\/oeuvres-alchimie\/\">\u0152uvres de C. G. Jung inspir\u00e9es par l&rsquo;alchimie<\/a><br \/>\nJung consid\u00e8re, avec ses travaux sur la psychologie de l&rsquo;alchimie, avoir \u00e9tabli le fondement historique de sa psychologie des profondeurs.<\/p>\n<p><a href=\"https:\/\/www.cgjung.net\/espace\/ariaga-ecrits-jung\/alchimie\/origine-couleurs\/\">C.G. Jung d\u00e9crit l&rsquo;origine et la couleur des phases de l&rsquo;alchimie<\/a><br \/>\nEnseignement de C.G. Jung sur la symbolique, le gout du secret et la vari\u00e9t\u00e9 des motivations des alchimistes philosophes.<\/p>\n<p><a href=\"https:\/\/www.cgjung.net\/espace\/ariaga-ecrits-jung\/alchimie\/vocabulaire-pratique-alchimistes\/\">Vocabulaire et pratique des alchimistes<\/a><br \/>\nLes mots cl\u00e9s et la signification symbolique et psychologique du travail des alchimistes \u00e0 la lumi\u00e8re de Psychologie et alchimie de C.G. Jung.<\/p>\n<p><a href=\"https:\/\/www.cgjung.net\/espace\/ariaga-ecrits-jung\/alchimie\/linfluence-sur-c-g-jung-de-lalchimiste-gerard-dorn\/\">L\u2019influence sur C.G. Jung de l\u2019alchimiste G\u00e9rard Dorn<\/a><br \/>\nC.G. Jung traduit en termes psychologiques les trois phases d\u00e9termin\u00e9es par l\u2019alchimiste G\u00e9rard Dorn pour aller vers une unit\u00e9 de l\u2019homme et du monde qui a des points communs avec le processus d\u2019individuation.<\/p>\n<p><a href=\"https:\/\/www.cgjung.net\/espace\/ariaga-ecrits-jung\/alchimie\/symbolique-alchimique-soi-processus-dindividuation\/\">La symbolique alchimique, le Soi et le processus d\u2019individuation<\/a><br \/>\nConclusions sur l\u2019importance et l\u2019utilisation pratique de l\u2019alchimie par C.G. Jung pour l\u2019interpr\u00e9tation des r\u00eaves.<\/p>\n<h3 style=\"text-align: justify;\"><svg class=\"genericon genericond-genericons-neue genericons-neue-document genericond-genericons-neue-1x genericond-rotate-normal\" style=\"fill:#19486B;\" title=\"document\" role=\"img\" aria-labelledby=\"title\"><use xlink:href=\"https:\/\/www.cgjung.net\/espace\/wp-content\/plugins\/genericond\/\/icons\/genericons-neue\/svg-sprite\/genericons-neue.svg#document\" \/><\/svg>\u00a0<a href=\"https:\/\/www.cgjung.net\/espace\/ariaga-ecrits-jung\/relation-c-g-jung-friedrich-nietzsche\/\">Page pr\u00e9c\u00e9dente<\/a>\u00a0| <a href=\"https:\/\/www.cgjung.net\/espace\/ariaga-ecrits-jung\/reves-et-alchimie\/\">Page suivante<\/a><\/h3>\n<p style=\"text-align: right;\"><span style=\"font-size: 10pt;\"><em><a href=\"https:\/\/www.cgjung.net\/espace\/cg-jung\/avertissement\/\">Publi\u00e9 initialement dans le cadre d&rsquo;une th\u00e8se<\/a> cette page a \u00e9t\u00e9 adapt\u00e9e par Ariaga (Ariane Callot), son auteure.<br \/>\nLes ouvrages cit\u00e9s <a href=\"https:\/\/www.cgjung.net\/espace\/cg-jung\/bibliographie\/\">sont r\u00e9f\u00e9renc\u00e9s \u00e0 la page bibliographie<\/a>.<\/em><\/span><\/p>\n\n<p>&nbsp;<\/p>\n","protected":false},"excerpt":{"rendered":"<p>C.G. Jung s\u2019est inscrit, avec ses travaux sur l\u2019alchimie, dans la longue cha\u00eene des Philosophes Alchimistes de la Nature. Son livre Psychologie et alchimie est le meilleur exemple de sa patiente recherche. C.G. Jung suit la voie des anciens alchimistes C.G. Jung a longtemps cherch\u00e9 une explication \u00e0 certains symboles apparaissant dans les s\u00e9ries de [&hellip;]<\/p>\n","protected":false},"author":1,"featured_media":0,"parent":2023,"menu_order":23,"comment_status":"closed","ping_status":"closed","template":"","meta":{"footnotes":""},"class_list":["post-4485","page","type-page","status-publish","hentry"],"_links":{"self":[{"href":"https:\/\/www.cgjung.net\/espace\/wp-json\/wp\/v2\/pages\/4485","targetHints":{"allow":["GET"]}}],"collection":[{"href":"https:\/\/www.cgjung.net\/espace\/wp-json\/wp\/v2\/pages"}],"about":[{"href":"https:\/\/www.cgjung.net\/espace\/wp-json\/wp\/v2\/types\/page"}],"author":[{"embeddable":true,"href":"https:\/\/www.cgjung.net\/espace\/wp-json\/wp\/v2\/users\/1"}],"replies":[{"embeddable":true,"href":"https:\/\/www.cgjung.net\/espace\/wp-json\/wp\/v2\/comments?post=4485"}],"version-history":[{"count":15,"href":"https:\/\/www.cgjung.net\/espace\/wp-json\/wp\/v2\/pages\/4485\/revisions"}],"predecessor-version":[{"id":5510,"href":"https:\/\/www.cgjung.net\/espace\/wp-json\/wp\/v2\/pages\/4485\/revisions\/5510"}],"up":[{"embeddable":true,"href":"https:\/\/www.cgjung.net\/espace\/wp-json\/wp\/v2\/pages\/2023"}],"wp:attachment":[{"href":"https:\/\/www.cgjung.net\/espace\/wp-json\/wp\/v2\/media?parent=4485"}],"curies":[{"name":"wp","href":"https:\/\/api.w.org\/{rel}","templated":true}]}}