{"id":4361,"date":"2017-07-03T09:34:06","date_gmt":"2017-07-03T07:34:06","guid":{"rendered":"https:\/\/www.cgjung.net\/espace\/?page_id=4361"},"modified":"2017-09-02T11:48:03","modified_gmt":"2017-09-02T09:48:03","slug":"origine-couleurs","status":"publish","type":"page","link":"https:\/\/www.cgjung.net\/espace\/ariaga-ecrits-jung\/alchimie\/origine-couleurs\/","title":{"rendered":"C.G. Jung d\u00e9crit l&rsquo;origine et la couleur des phases de l&rsquo;alchimie"},"content":{"rendered":"<p style=\"text-align: justify;\"><strong>Enseignement de C.G. Jung sur la symbolique, le gout du secret et la vari\u00e9t\u00e9 des motivations\u00a0 des alchimistes philosophes.<\/strong><\/p>\n<p><img loading=\"lazy\" decoding=\"async\" class=\"size-full wp-image-4744 aligncenter\" src=\"https:\/\/www.cgjung.net\/espace\/wp-content\/uploads\/2017\/07\/couleurs-de-lalchimie.jpg\" alt=\"\" width=\"640\" height=\"480\" srcset=\"https:\/\/www.cgjung.net\/espace\/wp-content\/uploads\/2017\/07\/couleurs-de-lalchimie.jpg 640w, https:\/\/www.cgjung.net\/espace\/wp-content\/uploads\/2017\/07\/couleurs-de-lalchimie-300x225.jpg 300w\" sizes=\"auto, (max-width: 640px) 100vw, 640px\" \/><\/p>\n<h2>Origine et fondements de l&rsquo;alchimie<\/h2>\n<p style=\"text-align: justify;\"><strong>Le terme alchimie,<\/strong> a pour origine un mot arabe<em> EL-Kimya,<\/em> lui-m\u00eame d\u00e9riv\u00e9 de <em>Kemi<\/em> qui signifie terre noire. Or, Terre Noire \u00e9tait un des noms de l\u2019<strong>\u00c9gypte ancienne<\/strong>, ce qui conforterait l\u2019id\u00e9e que l\u2019alchimie y ait sa source.<\/p>\n<p style=\"text-align: justify;\">C\u2019est <em>Toth,<\/em> Dieu de la math\u00e9matique et de la science, qui serait \u00e0 l\u2019origine de la figure D\u2019<em>Herm\u00e8s Trism\u00e9giste,<\/em> lui-m\u00eame mod\u00e8le du Mercure m\u00e9di\u00e9val.<\/p>\n<p style=\"text-align: justify;\"><strong> Apr\u00e8s de nombreux cha\u00eenons interm\u00e9diaires<\/strong>, en passant par la Gr\u00e8ce et\u00a0 la culture arabe, des id\u00e9es, consid\u00e9r\u00e9es comme n\u00e9fastes par l\u2019\u00c9glise chr\u00e9tienne, <strong>ressurgirent chez les alchimistes du Moyen-\u00c2ge.<\/strong><\/p>\n<p style=\"text-align: justify;\"><strong>Deux postulats servaient de fondement \u00e0 l&rsquo;alchimie. : <\/strong><\/p>\n<p style=\"text-align: justify;\">Le premier \u00e9tait celui de <strong>l\u2019unit\u00e9 de la Nature, de l\u2019univers m\u00eame, du macrocosme au microcosme.<\/strong><\/p>\n<p style=\"text-align: justify;\">Le second d\u00e9coulait du premier. <strong>Tout \u00e9l\u00e9ment pouvait se transformer en un autre <\/strong>car, du fait de leur commune origine, leur diff\u00e9rence n\u2019\u00e9tait\u00a0 qu\u2019une diversification de l\u2019unit\u00e9, pour r\u00e9aliser cette transformation, il suffisait de <strong>poss\u00e9der l\u2019outil<\/strong> de la transmutation : <strong>la pierre philosophale<\/strong>.<\/p>\n<h2>Les obscures descriptions de la transmutation alchimique<\/h2>\n<p>L\u2019alchimie d\u00e9crit, dans ses diff\u00e9rentes phases, un processus de transformation.<\/p>\n<p style=\"text-align: justify;\">Les auteurs varient les descriptions, et leur devise \u00e9tait \u201c<em> obscurum per obscurius, ignotum per ignotius<\/em> \u201d ce qui se traduit par l&rsquo;obscur par le plus obscur, l&rsquo;inconnu par le plus inconnu.<\/p>\n<p style=\"text-align: justify;\">Cette obscurit\u00e9 voulue est certainement l\u2019origine de <strong>la s\u00e9paration<\/strong>, dans les derni\u00e8res ann\u00e9es du XVI\u00b0 si\u00e8cle, <strong>entre la chimie <\/strong>et ce que l&rsquo;on appelait aussi<strong> la philosophie herm\u00e9tique.<\/strong> Certains se limit\u00e8rent \u00e0 leurs alambics et leurs creusets, d\u2019autres se perdirent dans des all\u00e9gories n\u2019ayant plus aucune signification. <strong>\u00c0 la fin du XVIII\u00b0 si\u00e8cle, l\u2019alchimie agonisa, min\u00e9e par son obscurit\u00e9.<\/strong><\/p>\n<p style=\"text-align: justify;\">Cependant, les auteurs, rarement d\u2019accord au sujet du d\u00e9roulement et de\u00a0 l\u2019ordre du processus, se rejoignaient sur des points essentiels. L\u2019un d\u2019entre eux \u00e9tait<strong> la division en phases<\/strong> li\u00e9es \u00e0 des couleurs correspondant aux <strong>\u00e9tapes de l\u2019\u0153uvre<\/strong>. Comme elles \u00e9taient \u00e0 l\u2019origine au nombre de quatre, on les nommait<em> quadripartition de la philosophie. <\/em><\/p>\n<p style=\"text-align: justify;\">Vers le XVI\u00b0 si\u00e8cle, les quatre couleurs et les quatre stades, pour des raisons que <strong>Jung juge plus psychiques que pratiques,<\/strong> furent ramen\u00e9s au nombre de trois. Cette omission du quatri\u00e8me stade du processus serait li\u00e9e au probl\u00e8me, d\u00e9j\u00e0 rencontr\u00e9, de la <strong>signification symbolique de la quaternit\u00e9 et de la trinit\u00e9.<br \/>\n<\/strong><\/p>\n<h2>Phases et couleurs<\/h2>\n<p style=\"text-align: justify;\"><strong>La<em> nigredo<\/em>, ou noirceur, ou \u0152uvre au noir, repr\u00e9sente le premier stade du processus.<\/strong><\/p>\n<p style=\"text-align: justify;\">Elle n\u2019a pas de qualit\u00e9 unique et peut-\u00eatre, pour le philosophe alchimiste, l\u2019\u00e9tat initial de la <em>materia prima <\/em>(mati\u00e8re primordiale).<\/p>\n<p style=\"text-align: justify;\">Pour celui qui travaille dans son laboratoire, elle est le r\u00e9sultat de la phase de <strong>d\u00e9composition<\/strong> des \u00e9l\u00e9ments.\u00a0 Cette d\u00e9composition est suivie par une<strong> recomposition<\/strong> consistant en une <strong>union des deux polarit\u00e9s f\u00e9minine et masculine<\/strong>.\u00a0 On pourrait croire le processus termin\u00e9 mais cette phase est elle-m\u00eame suivie par la <strong>dissolution, <\/strong>la mort du produit de l\u2019union, et une nouvelle<em> nigredo. <\/em>Tout ici consiste en\u00a0\u00a0 morts et\u00a0 r\u00e9surrections !<em><br \/>\n<\/em><\/p>\n<p style=\"text-align: justify;\"><strong>\u00a0L\u2019<em>albedo<\/em> ou teinture blanche ou pierre blanche ou passage au blanc est le second stade.<\/strong><\/p>\n<p style=\"text-align: justify;\">Ce moment du processus a deux sens possibles. Il peut symboliser, \u00e9crit Jung\u00a0 dans <em>Psychologie et alchimie<\/em> (p.303) :<\/p>\n<blockquote>\n<p style=\"text-align: justify;\">\u201cL\u2019\u00e2me (anima) lib\u00e9r\u00e9e par la mort est \u00e0 nouveau unie au corps mort et d\u00e9termine sa r\u00e9surrection, ou enfin l\u2019ensemble des couleurs (omnes colores ou cauda pavonis, la queue du paon) conduit \u00e0 une couleur unique, le blanc qui contient toutes les couleurs.\u201d<\/p>\n<\/blockquote>\n<p style=\"text-align: justify;\">Ce stade du processus repr\u00e9sente d\u00e9j\u00e0, pour beaucoup d\u2019alchimistes, <strong>un aboutissement<\/strong>. Il est symbolis\u00e9 par l\u2019argent, ou la lune, et Jung le compare \u00e0 l\u2019aube pr\u00e9c\u00e9dant le lever du soleil.<\/p>\n<p style=\"text-align: justify;\"><strong>La transition vers le stade ultime, la rubedo,<\/strong> <strong>ou \u0152uvre au rouge.\u00a0<\/strong><\/p>\n<p style=\"text-align: justify;\">Elle se\u00a0 faisait par la<em> citrinitas<\/em> (passage au jaune) associ\u00e9e au soleil et \u00e0 l\u2019illumination. Apr\u00e8s <strong>la suppression de cette \u00e9tape<\/strong>,\u00a0 la <em>rubedo<\/em> suit directement <em>l\u2019albedo.<\/em> \u00c0 ce stade, le rouge et le blanc, le<strong> soleil masculin et la lune f\u00e9minine<\/strong>, peuvent, au moment o\u00f9 le feu atteint son acm\u00e9, <strong>c\u00e9l\u00e9brer leurs noces chymiques.<\/strong><\/p>\n<p style=\"text-align: justify;\">Tout ceci est tr\u00e8s simplifi\u00e9. Nous voulons uniquement, dans les pas de Jung, donner <strong>une indication sur les termes courants de l\u2019alchimie<\/strong>.<\/p>\n<p style=\"text-align: justify;\">On verra que le processus est loin d\u2019\u00eatre lin\u00e9aire. Il comprend d\u2019incessantes putr\u00e9factions, ablutions, morts et r\u00e9surrections de la mati\u00e8re et, pensons-nous, <strong>en accord avec Jung,<\/strong> ces m\u00e9tamorphoses ont pour cons\u00e9quences des <strong>variations de l\u2019\u00e9tat du psychisme de l\u2019op\u00e9rateur<\/strong>.<\/p>\n<h2>La vari\u00e9t\u00e9 des motivations des alchimistes<\/h2>\n<p style=\"text-align: justify;\"><strong>Selon Jung,<\/strong> les diff\u00e9rentes classifications des phases du processus alchimique d\u00e9pendent surtout de la mani\u00e8re dont les op\u00e9rateurs envisagent la finalit\u00e9 de l\u2019Oeuvre.<\/p>\n<p style=\"text-align: justify;\">Certains alchimistes ont pour vis\u00e9e l\u2019obtention de la teinture blanche ou rouge, d\u2019autres <strong>recherchent la pierre philosophale<\/strong>, qui les contient toutes deux, et qui\u00a0 peut \u00eatre, \u00e0 la fois, la mati\u00e8re ou l\u2019agent d\u2019une transmutation.<\/p>\n<p style=\"text-align: justify;\">Il s\u2019agit aussi, parfois, de<strong> la panac\u00e9e<\/strong> : or buvable ou \u00e9lixir de vie.<\/p>\n<p style=\"text-align: justify;\"><strong>Plus philosophique<\/strong>, est le projet d\u2019<strong>obtention d\u2019un \u00eatre enti\u00e8rement mystique<\/strong> nomm\u00e9 Dieu terrestre, Sauveur, Fils du macrocosme. On pourrait comparer cet \u00eatre \u00e0 <em>l\u2019Anthropos gnostique<\/em>, c\u2019est-\u00e0-dire l\u2019homme primordial divin, qui est aussi <strong>l\u2019\u00e2me du monde.<\/strong> Jung, s\u2019inspirant de Paracelse, le d\u00e9crit ainsi dans son livre <em>Synchronicit\u00e9 et Paracelsica<\/em> (p.178):<\/p>\n<blockquote>\n<p style=\"text-align: justify;\">\u201cIl est l\u2019\u00e2me du monde qui met le Tout en mouvement et qui soutient le Tout. Sous sa forme terrestre primitive il est impur. Mais il se purifie progressivement au cours de son ascension dans les formes aquatiques, a\u00e9riennes et ign\u00e9es. Dans la quintessence enfin, il appara\u00eet en son \u201ccorps clarifi\u00e9\u201d. Cet esprit est le secret qui fut cach\u00e9 depuis les origines.\u201d<\/p>\n<\/blockquote>\n<p style=\"text-align: justify;\"><strong>Le projet des philosophes alchimistes<\/strong> est de<strong> purifier cette mati\u00e8re<\/strong> \u00e0 laquelle s\u2019est en, quelque sorte sorte, m\u00e9lang\u00e9 l\u2019esprit, pour redonner \u00e0 ce dernier sa fonction motrice et directrice. En tant que mati\u00e8re et esprit, ils sont conjointement impliqu\u00e9s, mat\u00e9riellement et spirituellement, dans l\u2018\u0152uvre alchimique.<\/p>\n<h2>La perplexit\u00e9 de Jung<\/h2>\n<p style=\"text-align: justify;\">La vari\u00e9t\u00e9 des symboles d\u00e9signant les agents de la transformation a deux origines.<\/p>\n<p style=\"text-align: justify;\">D\u2019abord, comme d\u00e9j\u00e0 dit, la n\u00e9cessit\u00e9 du<strong> secret<\/strong>.\u00a0 \u00c0 ce d\u00e9sir de ne pas \u00eatre compris de tous s&rsquo;ajoute l<strong>\u2019interchangeabilit\u00e9 d\u2019\u00e9l\u00e9ments<\/strong>, pr\u00e9alablement pr\u00e9sent\u00e9s comme antagonistes. C\u2019est le cas de l\u2019eau et du feu, une paire d\u2019oppos\u00e9s typiques qui, si on en croit les auteurs, sont <em>un et un seul<\/em>. De m\u00eame, <em>l\u2019eau philosophique<\/em> est, en m\u00eame temps, la pierre et le solvant de cette m\u00eame pierre.<\/p>\n<p><strong>Jung donne un exemple<\/strong> pris dans l&rsquo;<em>Aurora consurgens <\/em>:<\/p>\n<blockquote><p>\u00ab\u00a0Et quand ils veulent extraire cette eau divine qui est du feu, ils la font chauffer avec son feu qui est de l&rsquo;eau, et ce feu ils l&rsquo;ont mesur\u00e9 jusqu&rsquo;au bout et ils l&rsquo;ont cach\u00e9 \u00e0 cause de la d\u00e9raison des sots \u00ab\u00a0<\/p><\/blockquote>\n<p style=\"text-align: justify;\">Le lecteur des ouvrages alchimiques se trouve ainsi devant <strong>des noms de substances signifiant \u00e0 peu pr\u00e8s n\u2019importe quoi.<\/strong> En outre, <strong>plus une substance est utilis\u00e9e<\/strong>, ou importante, <strong>plus est grande la multiplicit\u00e9<\/strong> des vocables et des allusions symboliques servant \u00e0 la d\u00e9signer.<\/p>\n<p style=\"text-align: justify;\">On comprend <strong>la perplexit\u00e9 de Jung<\/strong> pendant les ann\u00e9es o\u00f9 il fut en contact avec la litt\u00e9rature alchimique, sans en saisir l\u2019utilit\u00e9. On comprend aussi <strong>celle de lecteurs de Jung<\/strong> qui se plongent, sans aucune connaissance pr\u00e9alable,\u00a0 dans un ouvrage comme le <em>Mysterium conjonctionis<\/em>. Ils en concluent que Jung est illisible !<\/p>\n<p style=\"text-align: justify;\">Et pourtant,<strong> \u00e0 sa mani\u00e8re<\/strong>, en particulier dans<em> Psychologie et alchimie,<\/em> il s&rsquo;est donn\u00e9 du mal pour aider, gr\u00e2ce \u00e0 ses connaissances, ceux qui veulent aborder la symbolique alchimique.<\/p>\n<p style=\"text-align: justify;\">Jung a tent\u00e9 de nous faire profiter du fruit de ses longues ann\u00e9es de purgatoire, de son travail hercul\u00e9en, dans les textes des anciens alchimistes philosophes de la Nature. Le probl\u00e8me est que nous ne poss\u00e9dons pas tous son in\u00e9puisable capacit\u00e9 de travail, son intelligence et sa relation particuli\u00e8re avec l\u2019inconscient.<\/p>\n<h3><svg class=\"genericon genericond-genericons-neue genericons-neue-document genericond-genericons-neue-1x genericond-rotate-normal\" style=\"fill:#19486B;\" title=\"document\" role=\"img\" aria-labelledby=\"title\"><use xlink:href=\"https:\/\/www.cgjung.net\/espace\/wp-content\/plugins\/genericond\/\/icons\/genericons-neue\/svg-sprite\/genericons-neue.svg#document\" \/><\/svg> <a href=\"https:\/\/www.cgjung.net\/espace\/ariaga-ecrits-jung\/alchimie\/oeuvres-alchimie\/\">Page pr\u00e9c\u00e9dente<\/a>\u00a0| <a href=\"https:\/\/www.cgjung.net\/espace\/ariaga-ecrits-jung\/alchimie\/vocabulaire-pratique-alchimistes\/\">Page suivante<\/a><\/h3>\n<p style=\"text-align: right;\"><span style=\"font-size: 10pt;\"><em><a href=\"https:\/\/www.cgjung.net\/espace\/cg-jung\/avertissement\/\">Publi\u00e9 initialement dans le cadre d&rsquo;une th\u00e8se<\/a> cette page a \u00e9t\u00e9 adapt\u00e9e par Ariaga (Ariane Callot), son auteure.<br \/>\nLes ouvrages cit\u00e9s <a href=\"https:\/\/www.cgjung.net\/espace\/cg-jung\/bibliographie\/\">sont r\u00e9f\u00e9renc\u00e9s \u00e0 la page bibliographie<\/a>.<\/em><\/span><\/p>\n\n","protected":false},"excerpt":{"rendered":"<p>Enseignement de C.G. Jung sur la symbolique, le gout du secret et la vari\u00e9t\u00e9 des motivations\u00a0 des alchimistes philosophes. Origine et fondements de l&rsquo;alchimie Le terme alchimie, a pour origine un mot arabe EL-Kimya, lui-m\u00eame d\u00e9riv\u00e9 de Kemi qui signifie terre noire. Or, Terre Noire \u00e9tait un des noms de l\u2019\u00c9gypte ancienne, ce qui conforterait [&hellip;]<\/p>\n","protected":false},"author":1,"featured_media":0,"parent":4485,"menu_order":56,"comment_status":"closed","ping_status":"closed","template":"","meta":{"footnotes":""},"class_list":["post-4361","page","type-page","status-publish","hentry"],"_links":{"self":[{"href":"https:\/\/www.cgjung.net\/espace\/wp-json\/wp\/v2\/pages\/4361","targetHints":{"allow":["GET"]}}],"collection":[{"href":"https:\/\/www.cgjung.net\/espace\/wp-json\/wp\/v2\/pages"}],"about":[{"href":"https:\/\/www.cgjung.net\/espace\/wp-json\/wp\/v2\/types\/page"}],"author":[{"embeddable":true,"href":"https:\/\/www.cgjung.net\/espace\/wp-json\/wp\/v2\/users\/1"}],"replies":[{"embeddable":true,"href":"https:\/\/www.cgjung.net\/espace\/wp-json\/wp\/v2\/comments?post=4361"}],"version-history":[{"count":48,"href":"https:\/\/www.cgjung.net\/espace\/wp-json\/wp\/v2\/pages\/4361\/revisions"}],"predecessor-version":[{"id":5108,"href":"https:\/\/www.cgjung.net\/espace\/wp-json\/wp\/v2\/pages\/4361\/revisions\/5108"}],"up":[{"embeddable":true,"href":"https:\/\/www.cgjung.net\/espace\/wp-json\/wp\/v2\/pages\/4485"}],"wp:attachment":[{"href":"https:\/\/www.cgjung.net\/espace\/wp-json\/wp\/v2\/media?parent=4361"}],"curies":[{"name":"wp","href":"https:\/\/api.w.org\/{rel}","templated":true}]}}