{"id":3733,"date":"2017-03-13T11:12:51","date_gmt":"2017-03-13T10:12:51","guid":{"rendered":"https:\/\/www.cgjung.net\/espace\/?page_id=3733"},"modified":"2017-10-16T18:53:15","modified_gmt":"2017-10-16T16:53:15","slug":"alchimie-de-nature","status":"publish","type":"page","link":"https:\/\/www.cgjung.net\/espace\/ariaga-poesie\/alchimie-de-nature\/","title":{"rendered":"Alchimie de la nature"},"content":{"rendered":"<div class=\"posttext\">\n<h2 class=\"postbottom\">Le vase de la Nature<\/h2>\n<h4 style=\"text-align: center;\">Dans le vase de la Nature o\u00f9 les fleurs poussent sur le fumier,<\/h4>\n<h4 style=\"text-align: center;\">les filles du vent et des embruns cuisinent au plus intime.<\/h4>\n<h4 style=\"text-align: center;\">Ciel terrestre et terre c\u00e9leste,<\/h4>\n<h4 style=\"text-align: center;\">dans le vase de la Nature elles concoctent le grand Oui<\/h4>\n<h4 style=\"text-align: center;\">aux origines de la vie,<\/h4>\n<h4 style=\"text-align: center;\">et le rire lib\u00e9rateur d&rsquo;un ancien orgasme de l&rsquo;\u00eatre,<\/h4>\n<h4 style=\"text-align: center;\">cascadant les r\u00eaves en \u00e9chos.<\/h4>\n<h4 style=\"text-align: center;\">Corps spiritualis\u00e9 par l&rsquo;air,<\/h4>\n<h4 style=\"text-align: center;\">esprit perdu dans la mati\u00e8re,<\/h4>\n<h4 style=\"text-align: center;\">ce qui fermente dans le vase sera transmut\u00e9 en son temps &#8230;<\/h4>\n<h2><\/h2>\n<h2>Cultiver son jardin alchimique<\/h2>\n<h4 style=\"text-align: center;\">Trouver la Cl\u00e9 du jardin philosophique,<\/h4>\n<h4 style=\"text-align: center;\">voir si le temps et l&rsquo;espace se tissent,<\/h4>\n<h4 style=\"text-align: center;\">pour donner un temps propice,<\/h4>\n<h4 style=\"text-align: center;\">aux travaux d&rsquo;ensemencement.<\/h4>\n<h4 style=\"text-align: center;\">Commencer par arracher les mauvaises herbes du caquetage mental,<\/h4>\n<h4 style=\"text-align: center;\">enlever la premi\u00e8re couche de terre, celle \u00e9paisse et grasse de la persona,<\/h4>\n<h4 style=\"text-align: center;\">a\u00e9rer jusqu&rsquo;aux racines,<\/h4>\n<h4 style=\"text-align: center;\">promesses des fruits vivants de l&rsquo;Amour,<\/h4>\n<h4 style=\"text-align: center;\">recouvrir le tout du riche terreau de l&rsquo;exp\u00e9rience<\/h4>\n<h4 style=\"text-align: center;\">et laisser agir la ros\u00e9e de la patience et de l&rsquo;imagination cr\u00e9ative.<\/h4>\n<h4 style=\"text-align: center;\">C&rsquo;est ainsi que se multiplieront les richesses du jardin,<\/h4>\n<h4 style=\"text-align: center;\">o\u00f9 ceux qui savent s&rsquo;\u00e9merveiller des dons de notre M\u00e8re Nature,<\/h4>\n<h4 style=\"text-align: center;\">viendront cueillir des fleurs inconnues.<\/h4>\n<p>&nbsp;<\/p>\n<h2>Arc en ciel de l&rsquo;amour<\/h2>\n<\/div>\n<h4 style=\"text-align: center;\">Dis moi, toi qui passes ici,<\/h4>\n<h4 style=\"text-align: center;\">dis moi quelle est la couleur de la joie ?<\/h4>\n<h4 style=\"text-align: center;\">Douceur du lever de l&rsquo;aurore,<\/h4>\n<h4 style=\"text-align: center;\">hymne incandescent,<\/h4>\n<h4 style=\"text-align: center;\">alchimique soufre rouge,<\/h4>\n<h4 style=\"text-align: center;\">alcool qui flambe aux joues de la fille,<\/h4>\n<h4 style=\"text-align: center;\">corail intime,<\/h4>\n<h4 style=\"text-align: center;\">tatouages de la m\u00e9moire,<\/h4>\n<h4 style=\"text-align: center;\">ros\u00e9e de l&rsquo;instant,<\/h4>\n<h4 style=\"text-align: center;\">et pourquoi pas tout simplement<\/h4>\n<h4 style=\"text-align: center;\">l&rsquo;arc en ciel de l&rsquo;amour ?<\/h4>\n<p>&nbsp;<\/p>\n<h2>Don \u00e0 la nature<\/h2>\n<h4 style=\"text-align: center;\">Forte des puissances de la nuit<\/h4>\n<h4 style=\"text-align: center;\">nue sur la roche ronde enfant\u00e9e par les vents<\/h4>\n<h4 style=\"text-align: center;\">la femme est venue offrir sa chair humide d&rsquo;un d\u00e9sir d&rsquo;Oc\u00e9an<\/h4>\n<h4 style=\"text-align: center;\">\u00e0 l&rsquo;aimant de la mer montante.<\/h4>\n<h4 style=\"text-align: center;\">\u00a0\u00a0\u00a0\u00a0\u00a0\u00a0\u00a0\u00a0\u00a0\u00a0\u00a0 Les langues du soleil tout pr\u00e8s d&rsquo;\u00eatre englouti<\/h4>\n<h4 style=\"text-align: center;\">\u00a0\u00a0\u00a0\u00a0\u00a0\u00a0\u00a0\u00a0\u00a0\u00a0\u00a0 ont caress\u00e9 sa peau en spasmes d&rsquo;agonie<\/h4>\n<h4 style=\"text-align: center;\">\u00a0\u00a0\u00a0\u00a0\u00a0\u00a0\u00a0\u00a0\u00a0\u00a0\u00a0 le ressac a chant\u00e9<\/h4>\n<h4 style=\"text-align: center;\">\u00a0\u00a0\u00a0\u00a0\u00a0\u00a0\u00a0\u00a0\u00a0\u00a0\u00a0 au rythme de l&rsquo;amour<\/h4>\n<h4 style=\"text-align: center;\">\u00a0\u00a0\u00a0\u00a0\u00a0 et le feu a\u00a0 brul\u00e9 dans la pierre mouill\u00e9e.<\/h4>\n<h4 style=\"text-align: center;\">Quand ses reins ont quitt\u00e9 leur lit granitique<\/h4>\n<h4 style=\"text-align: center;\">quand son ventre s&rsquo;est tendu vers le ciel<\/h4>\n<h4 style=\"text-align: center;\">\u00a0 quand ses cuisses lourdes se sont ouvertes \u00e0 la caresse des gouttes<\/h4>\n<h4 style=\"text-align: center;\">la vague est arriv\u00e9e aspirant la fontaine<\/h4>\n<h4 style=\"text-align: center;\">cri et jaillissement de son eau f\u00e9minine<\/h4>\n<h4 style=\"text-align: center;\">un don \u00e0 la Nature aux temps des dieux multiples.<\/h4>\n<h2>Po\u00e9sies d&rsquo;Ariane Callot<\/h2>\n<p><strong>Po\u00e9sies alchimiques<\/strong><\/p>\n<ul>\n<li><a href=\"https:\/\/www.cgjung.net\/espace\/ariaga-poesie\/alchimie-oeuvre-noir\/\">Alchimie, \u0153uvre au noir<\/a><\/li>\n<li><a href=\"https:\/\/www.cgjung.net\/espace\/ariaga-poesie\/alchimie-matiere-premiere\/\">Alchimie, mati\u00e8re premi\u00e8re<\/a><\/li>\n<li><a href=\"https:\/\/www.cgjung.net\/espace\/ariaga-poesie\/alchimique-conjonction\/\">Alchimique conjonction<\/a><\/li>\n<li><a href=\"https:\/\/www.cgjung.net\/espace\/ariaga-poesie\/alchimie-ici-maintenant\/\">Alchimie de l&rsquo;ici et maintenant<\/a><\/li>\n<li><a href=\"https:\/\/www.cgjung.net\/espace\/ariaga-poesie\/alchimie-de-la-mort\/\">Alchimie de la mort<\/a><\/li>\n<li><a href=\"https:\/\/www.cgjung.net\/espace\/ariaga-poesie\/alchimie-de-nature\/\">Alchimie de la nature<\/a><\/li>\n<li><a href=\"https:\/\/www.cgjung.net\/espace\/ariaga-poesie\/alchimie-divine\/\">Alchimie divine<\/a><\/li>\n<li><a href=\"https:\/\/www.cgjung.net\/espace\/ariaga-poesie\/amours-alchimiques\/\">Amours alchimiques<\/a><\/li>\n<li><a href=\"https:\/\/www.cgjung.net\/espace\/ariaga-poesie\/travail-alchimique\/\">Travail alchimique<\/a><\/li>\n<li><a href=\"https:\/\/www.cgjung.net\/espace\/ariaga-poesie\/echo-a-c-g-jung\/\">En \u00e9cho \u00e0 C.G. Jung<\/a><\/li>\n<li><a href=\"https:\/\/www.cgjung.net\/espace\/ariaga-poesie\/regards\/\">Regards<\/a><\/li>\n<li><a href=\"https:\/\/www.cgjung.net\/espace\/ariaga-poesie\/reves-visions-alchimiques\/\">R\u00eaves et visions alchimiques<\/a><\/li>\n<li><a href=\"https:\/\/www.cgjung.net\/espace\/ariaga-poesie\/microcosme\/\">Microcosme<\/a><\/li>\n<li><a href=\"https:\/\/www.cgjung.net\/espace\/ariaga-poesie\/profondeurs\/\">Dans les profondeurs<\/a><\/li>\n<li><a href=\"https:\/\/www.cgjung.net\/espace\/ariaga-poesie\/musiques\/\">Musiques<\/a><\/li>\n<\/ul>\n<p><strong>M\u00e9moires de l&rsquo;Oc\u00e9an<\/strong><\/p>\n<ul>\n<li><a href=\"https:\/\/www.cgjung.net\/espace\/ariaga-poesie\/memoires-ocean\/#plainte\">Plainte des \u00e2mes perdues<\/a><\/li>\n<li><a href=\"https:\/\/www.cgjung.net\/espace\/ariaga-poesie\/memoires-ocean\/#bateaux\">Bateaux oubli\u00e9s<\/a><\/li>\n<li><a href=\"https:\/\/www.cgjung.net\/espace\/ariaga-poesie\/memoires-ocean\/#racines\">Racines marines<\/a><\/li>\n<\/ul>\n<p><strong>Article de pr\u00e9sentation des po\u00e9sies<\/strong><\/p>\n<ul>\n<li><a href=\"https:\/\/www.cgjung.net\/espace\/accueil\/alchimie-poetique\/\">Jung, Rimbaud, vers l\u2019alchimie po\u00e9tique<\/a><\/li>\n<\/ul>\n\n","protected":false},"excerpt":{"rendered":"<p>Le vase de la Nature Dans le vase de la Nature o\u00f9 les fleurs poussent sur le fumier, les filles du vent et des embruns cuisinent au plus intime. Ciel terrestre et terre c\u00e9leste, dans le vase de la Nature elles concoctent le grand Oui aux origines de la vie, et le rire lib\u00e9rateur d&rsquo;un [&hellip;]<\/p>\n","protected":false},"author":1,"featured_media":0,"parent":142,"menu_order":61,"comment_status":"closed","ping_status":"closed","template":"","meta":{"footnotes":""},"class_list":["post-3733","page","type-page","status-publish","hentry"],"_links":{"self":[{"href":"https:\/\/www.cgjung.net\/espace\/wp-json\/wp\/v2\/pages\/3733","targetHints":{"allow":["GET"]}}],"collection":[{"href":"https:\/\/www.cgjung.net\/espace\/wp-json\/wp\/v2\/pages"}],"about":[{"href":"https:\/\/www.cgjung.net\/espace\/wp-json\/wp\/v2\/types\/page"}],"author":[{"embeddable":true,"href":"https:\/\/www.cgjung.net\/espace\/wp-json\/wp\/v2\/users\/1"}],"replies":[{"embeddable":true,"href":"https:\/\/www.cgjung.net\/espace\/wp-json\/wp\/v2\/comments?post=3733"}],"version-history":[{"count":9,"href":"https:\/\/www.cgjung.net\/espace\/wp-json\/wp\/v2\/pages\/3733\/revisions"}],"predecessor-version":[{"id":5449,"href":"https:\/\/www.cgjung.net\/espace\/wp-json\/wp\/v2\/pages\/3733\/revisions\/5449"}],"up":[{"embeddable":true,"href":"https:\/\/www.cgjung.net\/espace\/wp-json\/wp\/v2\/pages\/142"}],"wp:attachment":[{"href":"https:\/\/www.cgjung.net\/espace\/wp-json\/wp\/v2\/media?parent=3733"}],"curies":[{"name":"wp","href":"https:\/\/api.w.org\/{rel}","templated":true}]}}