{"id":3450,"date":"2017-02-24T16:16:22","date_gmt":"2017-02-24T15:16:22","guid":{"rendered":"https:\/\/www.cgjung.net\/espace\/?page_id=3450"},"modified":"2026-02-24T18:07:58","modified_gmt":"2026-02-24T17:07:58","slug":"relation-c-g-jung-friedrich-nietzsche","status":"publish","type":"page","link":"https:\/\/www.cgjung.net\/espace\/ariaga-ecrits-jung\/relation-c-g-jung-friedrich-nietzsche\/","title":{"rendered":"La relation C.G. Jung \/ Friedrich Nietzsche"},"content":{"rendered":"<p style=\"text-align: justify;\"><strong>Carl Gustav Jung a eu envers Friedrich Nietzsche, et particuli\u00e8rement son Zarathoustra, une relation tr\u00e8s ambig\u00fce de fascination et de r\u00e9pulsion. Il a trouv\u00e9 chez ce philosophe des concepts et des r\u00e9ponses qui ont nourri son \u0153uvre mais, connaissant sa propre fragilit\u00e9, il craignait d&rsquo;\u00eatre contamin\u00e9 par son d\u00e9s\u00e9quilibre psychologique.<\/strong><\/p>\n<p><img loading=\"lazy\" decoding=\"async\" class=\"size-full wp-image-3630 aligncenter\" src=\"https:\/\/www.cgjung.net\/espace\/wp-content\/uploads\/2017\/02\/plongee-dans-l-inconscient.jpeg\" alt=\"\" width=\"639\" height=\"389\" srcset=\"https:\/\/www.cgjung.net\/espace\/wp-content\/uploads\/2017\/02\/plongee-dans-l-inconscient.jpeg 639w, https:\/\/www.cgjung.net\/espace\/wp-content\/uploads\/2017\/02\/plongee-dans-l-inconscient-300x183.jpeg 300w\" sizes=\"auto, (max-width: 639px) 100vw, 639px\" \/><\/p>\n<p><a href=\"https:\/\/www.cgjung.net\/espace\/ariaga-ecrits-jung\/relation-c-g-jung-friedrich-nietzsche\/nietzsche-apporte-reponses-a-jung\/\">Nietzsche apporte des r\u00e9ponses \u00e0 Jung<\/a><\/p>\n<p><a href=\"https:\/\/www.cgjung.net\/espace\/ariaga-ecrits-jung\/relation-c-g-jung-friedrich-nietzsche\/influence-faust-zarathoustra-c-g-jung\/\">Influence du Faust et du Zarathoustra sur C.G. Jung<\/a><\/p>\n<p><a href=\"https:\/\/www.cgjung.net\/espace\/ariaga-ecrits-jung\/relation-c-g-jung-friedrich-nietzsche\/sept-sermons-aux-morts-de-c-g-jung\/\">Les Sept Sermons aux morts de C.G. Jung<\/a><\/p>\n<p><a href=\"https:\/\/www.cgjung.net\/espace\/ariaga-ecrits-jung\/relation-c-g-jung-friedrich-nietzsche\/la-totalite-chez-jung\/\">La Totalit\u00e9 chez Jung<\/a><\/p>\n<p><a href=\"https:\/\/www.cgjung.net\/espace\/ariaga-ecrits-jung\/relation-c-g-jung-friedrich-nietzsche\/complexite-du-chez-jung-et-nietzsche\/\">La complexit\u00e9 du divin chez Jung et Nietzsche<\/a><\/p>\n<p><a href=\"https:\/\/www.cgjung.net\/espace\/ariaga-ecrits-jung\/relation-c-g-jung-friedrich-nietzsche\/maladie-chez-jung-et-nietzsche\/\">Le c\u00f4t\u00e9 positif de la maladie chez Jung et Nietzsche<\/a><\/p>\n<p><a href=\"https:\/\/www.cgjung.net\/espace\/ariaga-ecrits-jung\/relation-c-g-jung-friedrich-nietzsche\/analyse-de-nietzsche-par-jung\/\">Analyse du cas Nietzsche par Jung dans psychologie de l\u2019inconscient<\/a><\/p>\n<p><a href=\"https:\/\/www.cgjung.net\/espace\/ariaga-ecrits-jung\/relation-c-g-jung-friedrich-nietzsche\/jung-et-nietzsche-a-la-recherche-de-dieu\/\">Jung et Nietzsche \u00e0 la recherche de Dieu<\/a><\/p>\n<h3 style=\"text-align: justify;\"><svg class=\"genericon genericond-genericons-neue genericons-neue-document genericond-genericons-neue-1x genericond-rotate-normal\" style=\"fill:#19486B;\" title=\"document\" role=\"img\" aria-labelledby=\"title\"><use xlink:href=\"https:\/\/www.cgjung.net\/espace\/wp-content\/plugins\/genericond\/\/icons\/genericons-neue\/svg-sprite\/genericons-neue.svg#document\" \/><\/svg>&nbsp;<a href=\"https:\/\/www.cgjung.net\/espace\/ariaga-ecrits-jung\/theatre-des-reves\/\">Page pr\u00e9c\u00e9dente<\/a>&nbsp;<\/h3>\n<p style=\"text-align: right;\"><span style=\"font-size: 10pt;\"><em><a href=\"https:\/\/www.cgjung.net\/espace\/cg-jung\/avertissement\/\">Publi\u00e9 initialement dans le cadre d&rsquo;une th\u00e8se<\/a> cette page a \u00e9t\u00e9 adapt\u00e9e par Ariaga (Ariane Callot), son auteure.<br \/>\nLes ouvrages cit\u00e9s <a href=\"https:\/\/www.cgjung.net\/espace\/cg-jung\/bibliographie\/\">sont r\u00e9f\u00e9renc\u00e9s \u00e0 la page bibliographie<\/a>.<\/em><\/span><\/p>\n\n<p>&nbsp;<\/p>\n","protected":false},"excerpt":{"rendered":"<p>Carl Gustav Jung a eu envers Friedrich Nietzsche, et particuli\u00e8rement son Zarathoustra, une relation tr\u00e8s ambig\u00fce de fascination et de r\u00e9pulsion. Il a trouv\u00e9 chez ce philosophe des concepts et des r\u00e9ponses qui ont nourri son \u0153uvre mais, connaissant sa propre fragilit\u00e9, il craignait d&rsquo;\u00eatre contamin\u00e9 par son d\u00e9s\u00e9quilibre psychologique. Nietzsche apporte des r\u00e9ponses \u00e0 [&hellip;]<\/p>\n","protected":false},"author":1,"featured_media":0,"parent":2023,"menu_order":21,"comment_status":"closed","ping_status":"closed","template":"","meta":{"footnotes":""},"class_list":["post-3450","page","type-page","status-publish","hentry"],"_links":{"self":[{"href":"https:\/\/www.cgjung.net\/espace\/wp-json\/wp\/v2\/pages\/3450","targetHints":{"allow":["GET"]}}],"collection":[{"href":"https:\/\/www.cgjung.net\/espace\/wp-json\/wp\/v2\/pages"}],"about":[{"href":"https:\/\/www.cgjung.net\/espace\/wp-json\/wp\/v2\/types\/page"}],"author":[{"embeddable":true,"href":"https:\/\/www.cgjung.net\/espace\/wp-json\/wp\/v2\/users\/1"}],"replies":[{"embeddable":true,"href":"https:\/\/www.cgjung.net\/espace\/wp-json\/wp\/v2\/comments?post=3450"}],"version-history":[{"count":33,"href":"https:\/\/www.cgjung.net\/espace\/wp-json\/wp\/v2\/pages\/3450\/revisions"}],"predecessor-version":[{"id":3455,"href":"https:\/\/www.cgjung.net\/espace\/wp-json\/wp\/v2\/pages\/3450\/revisions\/3455"}],"up":[{"embeddable":true,"href":"https:\/\/www.cgjung.net\/espace\/wp-json\/wp\/v2\/pages\/2023"}],"wp:attachment":[{"href":"https:\/\/www.cgjung.net\/espace\/wp-json\/wp\/v2\/media?parent=3450"}],"curies":[{"name":"wp","href":"https:\/\/api.w.org\/{rel}","templated":true}]}}