{"id":34334,"date":"2026-05-07T06:05:50","date_gmt":"2026-05-07T04:05:50","guid":{"rendered":"https:\/\/www.cgjung.net\/espace\/?page_id=34334"},"modified":"2026-05-09T08:16:40","modified_gmt":"2026-05-09T06:16:40","slug":"blacher-robert","status":"publish","type":"page","link":"https:\/\/www.cgjung.net\/espace\/ressources\/blacher-robert\/","title":{"rendered":"Des sanglots secs &#8211; Victor Sageot"},"content":{"rendered":"<p><strong>Sous le pseudonyme de Victor Sageot, le docteur Robert Blacher livre dans <em>Des sanglots secs<\/em> un r\u00e9cit autobiographique d\u2019une rare intensit\u00e9. M\u00e9decin devenu analyste jungien apr\u00e8s un long parcours en Afrique et en France, il t\u00e9moigne des ravages d\u2019une enfance sans amour et des violences psychiques qui marquent une existence.&nbsp;<\/strong><\/p>\n<p><img loading=\"lazy\" decoding=\"async\" class=\"aligncenter size-full wp-image-34333\" src=\"https:\/\/www.cgjung.net\/espace\/wp-content\/uploads\/2026\/05\/des-sanglots-secs.jpg\" alt=\"\" width=\"280\" height=\"469\" srcset=\"https:\/\/www.cgjung.net\/espace\/wp-content\/uploads\/2026\/05\/des-sanglots-secs.jpg 280w, https:\/\/www.cgjung.net\/espace\/wp-content\/uploads\/2026\/05\/des-sanglots-secs-179x300.jpg 179w\" sizes=\"auto, (max-width: 280px) 100vw, 280px\" \/><\/p>\n<p style=\"text-align: center;\"><a href=\"https:\/\/www.cgjung.net\/aphorismes-blacher.php\">Voir les aphorismes de Robert Blacher<\/a><\/p>\n<p>Ce livre, discret mais profond\u00e9ment humain, appara\u00eet aujourd\u2019hui comme un t\u00e9moignage pr\u00e9curseur sur les maltraitances familiales et la possibilit\u00e9 d\u2019une reconstruction int\u00e9rieure.<\/p>\n<h2>Rep\u00e8res biographiques<\/h2>\n<p>N\u00e9 en 1932 et d\u00e9c\u00e9d\u00e9 en 2005, Robert Blacher fut d\u2019abord m\u00e9decin en France puis \u00e0 Brazzaville, en R\u00e9publique du Congo, avant de revenir en France o\u00f9 il entreprit une formation \u00e0 la Soci\u00e9t\u00e9 Fran\u00e7aise de Psychologie Analytique (SFPA) pour devenir analyste jungien.<\/p>\n<p>Son passage \u00e0 Brazzaville semble avoir laiss\u00e9 une empreinte durable, au point que le nom \u00ab Dr Blacher&nbsp;\u00bb appara\u00eet encore aujourd\u2019hui dans la toponymie locale de la capitale congolaise.<\/p>\n<p>Peu connu du grand public et rest\u00e9 discret dans le milieu jungien lui-m\u00eame, il ne semble pas avoir publi\u00e9 d\u2019articles dans les revues sp\u00e9cialis\u00e9es de son \u00e9poque. Pourtant, \u00e0 travers un unique livre publi\u00e9 sous le pseudonyme de Victor Sageot, il a laiss\u00e9 un t\u00e9moignage particuli\u00e8rement fort.<\/p>\n<h2>Des sanglots secs<\/h2>\n<p>En exergue de son ouvrage figure cet aphorisme sign\u00e9 de ses initiales :<\/p>\n<blockquote>\n<p>\u00ab On ira d&rsquo;autant plus loin qu&rsquo;on revient de loin. \u00bb<br \/>\nR.B.<\/p>\n<\/blockquote>\n<p>Cette phrase \u00e9claire tout son parcours. Robert Blacher revient de loin. Son existence fut marqu\u00e9e par une enfance profond\u00e9ment carenc\u00e9e sur le plan affectif, domin\u00e9e par une m\u00e8re toxique, puis par une relation conjugale tout aussi destructrice. Malgr\u00e9 ces blessures, il mena une vie professionnelle riche, prot\u00e9gea son fils au milieu de tr\u00e8s grandes difficult\u00e9s et poursuivit un long travail int\u00e9rieur qui le conduisit vers la psychologie analytique.<\/p>\n<p>Publi\u00e9 sous forme de roman, <em>Des sanglots secs<\/em> est en r\u00e9alit\u00e9 une autobiographie \u00e0 peine voil\u00e9e. Bien avant que les notions d\u2019emprise, de violence psychologique ou de maltraitance familiale ne soient largement mises en lumi\u00e8re, Robert Blacher mettait d\u00e9j\u00e0 des mots sur les ravages silencieux d\u2019une enfance sans amour.<\/p>\n<h2>Pr\u00e9sentation par l&rsquo;\u00e9diteur<\/h2>\n<p>La quatri\u00e8me de couverture r\u00e9sume avec sobri\u00e9t\u00e9 cette exp\u00e9rience fondatrice :<\/p>\n<blockquote>\n<p>\u00ab C&rsquo;est l&rsquo;heure de la sortie. Assis sur les petits bancs compartiment\u00e9s du pr\u00e9au, nous gardons les yeux fix\u00e9s sur la porte entreb\u00e2ill\u00e9e o\u00f9 se pr\u00e9sentent les m\u00e8res. Je reste le dernier, impatient. Je pleure en pensant qu&rsquo;on pourrait ne jamais venir me chercher. Ma m\u00e8re est toujours en retard pour moi. Je d\u00e9teste me rendre \u00e0 l&rsquo;\u00e9cole \u00e0 cause de cette attente du soir. Je finirais par souhaiter ne plus bouger de mon banc, plus jamais. Et qu&rsquo;elle m&rsquo;oublie pour de bon, ma m\u00e8re. \u00bb<\/p>\n<\/blockquote>\n<p><img loading=\"lazy\" decoding=\"async\" class=\"size-full wp-image-34332 alignright\" src=\"https:\/\/www.cgjung.net\/espace\/wp-content\/uploads\/2026\/05\/robert-blacher.jpg\" alt=\"\" width=\"120\" height=\"170\" \/><\/p>\n<p>L\u2019\u00e9diteur pr\u00e9sentait ainsi son auteur :<\/p>\n<blockquote>\n<p>\u00ab Apr\u00e8s avoir \u00e9t\u00e9 m\u00e9decin en France puis en Afrique, Victor Sageot exerce actuellement la psychanalyse \u00e0 Paris. Mari\u00e9 et p\u00e8re d&rsquo;un fils, il t\u00e9moigne ici du conditionnement au malheur que peut provoquer une enfance sans amour. \u00bb<\/p>\n<\/blockquote>\n<h2>Les aphorismes de Robert Blacher<\/h2>\n<p><a href=\"https:\/\/www.cgjung.net\/aphorismes-blacher.php\">Les aphorismes aujourd\u2019hui diffus\u00e9s sur le site EFJ<\/a> ont \u00e9t\u00e9 transmis par des personnes qui l\u2019ont connu personnellement. Ils prolongent ce m\u00eame regard lucide, souvent incisif, mais profond\u00e9ment humain.<\/p>\n<p>\u00c0 travers eux comme \u00e0 travers son livre, Robert Blacher laisse le t\u00e9moignage d\u2019un homme ayant tent\u00e9 de transformer une histoire marqu\u00e9e par la souffrance en chemin de conscience et de transmission.<\/p>\n<h2>Vos t\u00e9moignages<\/h2>\n<p>Si vous avez connu Robert Blacher, en Afrique comme en France, <a href=\"https:\/\/www.cgjung.net\/contact.htm\">nous serions heureux de recueillir vos souvenirs, t\u00e9moignages ou informations<\/a> le concernant, afin de mieux faire vivre la m\u00e9moire de son parcours humain et analytique.<\/p>\n<p><em>\u00c9ditions Fixot \u2013 1997 \u2013 304 pages \u2013 ISBN 9782221081402 \u2013 13,6 x 21,5 x 2,6 cm.<\/em><\/p>\n","protected":false},"excerpt":{"rendered":"<p>Sous le pseudonyme de Victor Sageot, le docteur Robert Blacher livre dans Des sanglots secs un r\u00e9cit autobiographique d\u2019une rare intensit\u00e9. M\u00e9decin devenu analyste jungien apr\u00e8s un long parcours en Afrique et en France, il t\u00e9moigne des ravages d\u2019une enfance sans amour et des violences psychiques qui marquent une existence.&nbsp; Voir les aphorismes de Robert [&hellip;]<\/p>\n","protected":false},"author":1,"featured_media":0,"parent":9713,"menu_order":0,"comment_status":"closed","ping_status":"closed","template":"","meta":{"footnotes":""},"class_list":["post-34334","page","type-page","status-publish","hentry"],"_links":{"self":[{"href":"https:\/\/www.cgjung.net\/espace\/wp-json\/wp\/v2\/pages\/34334","targetHints":{"allow":["GET"]}}],"collection":[{"href":"https:\/\/www.cgjung.net\/espace\/wp-json\/wp\/v2\/pages"}],"about":[{"href":"https:\/\/www.cgjung.net\/espace\/wp-json\/wp\/v2\/types\/page"}],"author":[{"embeddable":true,"href":"https:\/\/www.cgjung.net\/espace\/wp-json\/wp\/v2\/users\/1"}],"replies":[{"embeddable":true,"href":"https:\/\/www.cgjung.net\/espace\/wp-json\/wp\/v2\/comments?post=34334"}],"version-history":[{"count":9,"href":"https:\/\/www.cgjung.net\/espace\/wp-json\/wp\/v2\/pages\/34334\/revisions"}],"predecessor-version":[{"id":34358,"href":"https:\/\/www.cgjung.net\/espace\/wp-json\/wp\/v2\/pages\/34334\/revisions\/34358"}],"up":[{"embeddable":true,"href":"https:\/\/www.cgjung.net\/espace\/wp-json\/wp\/v2\/pages\/9713"}],"wp:attachment":[{"href":"https:\/\/www.cgjung.net\/espace\/wp-json\/wp\/v2\/media?parent=34334"}],"curies":[{"name":"wp","href":"https:\/\/api.w.org\/{rel}","templated":true}]}}