{"id":33967,"date":"2026-03-18T11:37:29","date_gmt":"2026-03-18T10:37:29","guid":{"rendered":"https:\/\/www.cgjung.net\/espace\/?page_id=33967"},"modified":"2026-03-18T11:37:29","modified_gmt":"2026-03-18T10:37:29","slug":"2026-03","status":"publish","type":"page","link":"https:\/\/www.cgjung.net\/espace\/lettre-information\/2026-03\/","title":{"rendered":"Lettre d&rsquo;information Mars 2026"},"content":{"rendered":"<p><strong>Cette lettre comprend :<\/strong> Colloque IA &amp; Psychologie des profondeurs | Dante et l&rsquo;amour | L&rsquo;\u00e9toile | Introversion et extraversion | Technologie et mythe | Les Mythes de cr\u00e9ation | Agenda | \u00c0 explorer.<\/p>\n<p style=\"text-align: right;\"><a href=\"https:\/\/www.cgjung.net\/espace\/lettre-information\/\">Vous abonner ou vous d\u00e9sabonner<\/a><\/p>\n<p>Ch\u00e8re abonn\u00e9e, cher abonn\u00e9,<\/p>\n<p>Voici une nouvelle lettre d\u2019information de l\u2019Espace Francophone Jungien. Elle rassemble plusieurs contributions r\u00e9centes, ainsi que des \u00e9v\u00e9nements et ressources \u00e0 d\u00e9couvrir.<\/p>\n<p>&nbsp;<\/p>\n<h1>Colloque EFJ<\/h1>\n<p>&nbsp;<\/p>\n<h2><a href=\"https:\/\/www.cgjung.net\/espace\/seminaires\/2026-05-intelligence-artificielle-psychologie-profondeur\/\"><img loading=\"lazy\" decoding=\"async\" class=\"alignright size-full wp-image-32461\" src=\"https:\/\/www.cgjung.net\/espace\/wp-content\/uploads\/2025\/12\/2025-05-image-colloque-v.png\" alt=\"\" width=\"120\" height=\"80\" \/>Colloque Intelligence Artificielle &amp; Psychologie des Profondeurs &#8211; 23 et 24 mai 2026<\/a><\/h2>\n<p>Le colloque approche d\u00e9sormais \u00e0 grands pas. Dans deux mois, nous nous retrouverons \u00e0 l\u2019abbaye de Belloc pour deux journ\u00e9es consacr\u00e9es \u00e0 l\u2019intelligence artificielle et \u00e0 la psychologie des profondeurs.<\/p>\n<p>Si vous envisagez d\u2019y participer en pr\u00e9sentiel, il est conseill\u00e9 de r\u00e9server d\u00e8s maintenant votre h\u00e9bergement et votre moyen de transport, le week-end de Pentec\u00f4te \u00e9tant une p\u00e9riode tr\u00e8s fr\u00e9quent\u00e9e sur la c\u00f4te basque.<\/p>\n<p>Ce colloque en pr\u00e9sentiel sera \u00e9galement diffus\u00e9 en direct sur internet, afin de permettre \u00e0 celles et ceux qui ne peuvent se d\u00e9placer d\u2019y participer.<\/p>\n<p><strong>Nous vous invitons \u00e0 bloquer d\u00e8s \u00e0 pr\u00e9sent les dates du week-end de Pentec\u00f4te et \u00e0 proc\u00e9der \u00e0 votre inscription rapidement.<\/strong><\/p>\n<p><strong>En pr\u00e9sentiel comme \u00e0 distance<\/strong>, vous pourrez entendre : Sophie Braun, Jean Carlioz, Dragana Favre, Rachel Huber, Yury Li-Toroptsov, Jean-Pierre Robert et Peggy Vermeesch.<\/p>\n<p style=\"text-align: center;\"><a style=\"display: inline-block; background-color: #1f625d; color: #ffffff; padding: 10px 20px; text-align: center; text-decoration: none; border-radius: 25px; font-size: 16px; font-weight: bold;\" href=\"https:\/\/www.cgjung.net\/espace\/seminaires\/2026-05-intelligence-artificielle-psychologie-profondeur\/#inscription\" rel=\"noopener\">Je m&rsquo;inscris au colloque<\/a><\/p>\n<p>&nbsp;<\/p>\n<h1>Articles<\/h1>\n<p>&nbsp;<\/p>\n<h2><a href=\"https:\/\/www.cgjung.net\/espace\/accueil\/tommaso-priviero\/dante-amour-livre-rouge\/\">Dante et l\u2019amour dans le Livre Rouge de C.G. Jung<\/a><a href=\"https:\/\/www.cgjung.net\/espace\/accueil\/tommaso-priviero\/dante-amour-livre-rouge\/\"><img loading=\"lazy\" decoding=\"async\" class=\"alignright wp-image-32327\" src=\"https:\/\/www.cgjung.net\/espace\/wp-content\/uploads\/2025\/12\/dante-at-the-moment-of-entering-the-fire-william-blake-150x150.jpg\" sizes=\"auto, (max-width: 120px) 100vw, 120px\" srcset=\"https:\/\/www.cgjung.net\/espace\/wp-content\/uploads\/2025\/12\/dante-at-the-moment-of-entering-the-fire-william-blake-211x300.jpg 211w, https:\/\/www.cgjung.net\/espace\/wp-content\/uploads\/2025\/12\/dante-at-the-moment-of-entering-the-fire-william-blake.jpg 400w\" alt=\"\" width=\"120\" height=\"171\" \/><\/a><\/h2>\n<p>Dans cet article passionn\u00e9, Tommaso Priviero explore la Commedia de Dante comme un voyage visionnaire fa\u00e7onn\u00e9 par l\u2019amour, et montre comment C.G. Jung y a rencontr\u00e9 un mod\u00e8le vivant pour sa propre descente dans l\u2019inconscient.<\/p>\n<p>\u00c9voluant entre le feu et la forme, l\u2019\u00e9ros et le logos, son analyse s\u2019ach\u00e8ve sur l\u2019amour con\u00e7u comme une \u00e9nigme plut\u00f4t que comme un dogme : une force primordiale qui anime les visions, exige l\u2019abandon, et appelle le \u00ab je \u00bb de Jung \u00e0 devenir le serviteur de l\u2019\u00e2me.<\/p>\n<p>&nbsp;<\/p>\n<h2><a href=\"https:\/\/www.cgjung.net\/espace\/accueil\/claire-droin\/etoile-symbole-collectif\/\"><img class=\"alignright size-full wp-image-33442\" alt=\"\" \/><img loading=\"lazy\" decoding=\"async\" class=\"alignright size-full wp-image-33442\" src=\"https:\/\/www.cgjung.net\/espace\/wp-content\/uploads\/2026\/02\/Drapeau-Etoile-Claire-Droin-v.jpg\" alt=\"\" width=\"120\" height=\"80\" \/>L\u2019\u00e9toile : exploration d\u2019un symbole collectif<\/a><\/h2>\n<p>Les symboles culturels ne sont pas uniquement des formes et des couleurs, ils sont des reflets de l\u2019inconscient collectif.<\/p>\n<p>Dans cet article, l\u2019auteure observe comment l\u2019image de l\u2019\u00e9toile concentre des \u00e9nergies psychiques et r\u00e9v\u00e8le la mani\u00e8re dont une soci\u00e9t\u00e9 se projette, se structure et se r\u00eave. L\u2019\u00e9toile \u00e9claire ainsi des dynamiques soci\u00e9tales qui \u00e9chappent \u00e0 la raison.&nbsp;<span style=\"color: #808080;\">Claire Droin<\/span><\/p>\n<p>&nbsp;<\/p>\n<h2><a href=\"https:\/\/www.cgjung.net\/espace\/accueil\/michelle-nahon\/introverti-extraverti\/\"><img loading=\"lazy\" decoding=\"async\" class=\"size-full wp-image-33845 alignright\" src=\"https:\/\/www.cgjung.net\/espace\/wp-content\/uploads\/2026\/03\/introverti-extraverti-v.png\" alt=\"\" width=\"120\" height=\"77\" \/>Introversion et extraversion : opposition ou compl\u00e9mentarit\u00e9&nbsp;?<\/a><\/h2>\n<p>Nous croyons savoir ce que sont l\u2019introversion et l\u2019extraversion : le sociable d\u2019un c\u00f4t\u00e9, le r\u00e9serv\u00e9 de l\u2019autre.<\/p>\n<p>Pourtant, \u00e0 la lumi\u00e8re de Jung, ces attitudes se r\u00e9v\u00e8lent plus complexes qu\u2019il n\u2019y para\u00eet, car l\u2019extraversion de l\u2019introverti n\u2019est pas celle de l\u2019extraverti, et inversement.&nbsp;<span style=\"color: #808080;\">Michelle Nahon<\/span><\/p>\n<p>&nbsp;<\/p>\n<h2><a href=\"https:\/\/www.cgjung.net\/espace\/accueil\/jprobert\/technologie-devient-un-mythe\/\"><img loading=\"lazy\" decoding=\"async\" class=\"alignright size-full wp-image-33420\" src=\"https:\/\/www.cgjung.net\/espace\/wp-content\/uploads\/2026\/02\/laboratoire-alchimie-v.jpg\" alt=\"\" width=\"120\" height=\"120\" \/>Quand la technologie devient mythe<\/a><\/h2>\n<p>Transformer le sable en pens\u00e9e. Coloniser Mars. Installer des centres de donn\u00e9es dans l\u2019espace.<\/p>\n<p>Et si ces projets technologiques r\u00e9v\u00e9laient moins le futur que notre imaginaire profond ?&nbsp;<span style=\"color: #808080;\">J-P. Robert<\/span><\/p>\n<p>&nbsp;<\/p>\n<h1>Ouvrage<\/h1>\n<p>&nbsp;<\/p>\n<h2><a href=\"https:\/\/www.cgjung.net\/mlvf\/oeuvre\/mythes_creation.htm\"><img loading=\"lazy\" decoding=\"async\" class=\"size-full wp-image-33985 alignright\" src=\"https:\/\/www.cgjung.net\/espace\/wp-content\/uploads\/2026\/03\/les-mythes-de-creation-v.jpg\" alt=\"\" width=\"90\" height=\"148\" \/>Les Mythes de cr\u00e9ation<\/a><\/h2>\n<p>Marie-Louise von Franz, dans Les Mythes de cr\u00e9ation, explore ces r\u00e9cits comme des expressions de la psych\u00e9 plut\u00f4t que comme des explications du monde. Ils d\u00e9crivent la naissance de la conscience et surgissent aux limites de l\u2019inconnu, avec une port\u00e9e toujours actuelle.<\/p>\n<p>D\u00e9sormais disponible en format poche, en plus du format broch\u00e9.<\/p>\n<p>&nbsp;<\/p>\n<h1>Agenda<\/h1>\n<p>&nbsp;<\/p>\n<h2><a href=\"https:\/\/mgne.unistra.fr\/agenda\/colloque-matrimoine-mystique-et-modernite-occidentale-dans-les-arts-et-les-lettres\/\" target=\"_blank\" rel=\"noopener\"><img loading=\"lazy\" decoding=\"async\" class=\"size-full wp-image-33873 alignright\" src=\"https:\/\/www.cgjung.net\/espace\/wp-content\/uploads\/2026\/03\/colloque-strasbourg-toulouse.jpg\" alt=\"\" width=\"120\" height=\"120\" \/>Colloque interdisciplinaire Strasbourg \u2013 Toulouse<\/a><\/h2>\n<p><em>Matrimoine mystique et modernit\u00e9 occidentale dans les arts et les lettres<\/em>, ce colloque aura lieu \u00e0 Strasbourg les 26 et 27 mars 2026.<\/p>\n<p>Parmi les intervenantes : Aur\u00e9lie Chon\u00e9 (co-organisatrice), V\u00e9ronique Liard et Christine Maillard, personnalit\u00e9s bien identifi\u00e9es dans la communaut\u00e9 jungienne francophone.<\/p>\n<p>&nbsp;<\/p>\n<h2><a href=\"https:\/\/psyjungmp.jimdofree.com\/\" target=\"_blank\" rel=\"noopener\"><img loading=\"lazy\" decoding=\"async\" class=\"alignright size-full wp-image-23515\" src=\"https:\/\/www.cgjung.net\/espace\/wp-content\/uploads\/2024\/01\/ajpo.png\" alt=\"\" width=\"150\" height=\"85\" \/>Colloque AJPO \u00e0 Toulouse<\/a><\/h2>\n<p>Les \u00ab&nbsp;complexes culturels&nbsp;\u00bb de l\u2019Occident, ombre et avenir, ce colloque aura lieu \u00e0&nbsp;Toulouse le 28 mars 2026, en pr\u00e9sentiel et en visioconf\u00e9rence.<\/p>\n<p>Intervenants : Mariette Mignet, Helen Morgan, Sam Regad et Luigi Zoja.<\/p>\n<p>&nbsp;<\/p>\n<h2><a href=\"https:\/\/www.groupe-jung.fr\/programme\/evenements-a-venir\/christine-fouchard-emmanuel-damville-soins-psychiques-et-soins-medicamenteux-tenir-un-conflit-dopposes\" target=\"_blank\" rel=\"noopener\"><img loading=\"lazy\" decoding=\"async\" class=\"size-full wp-image-29461 alignright\" src=\"https:\/\/www.cgjung.net\/espace\/wp-content\/uploads\/2025\/05\/groupe-cg-jung-paris.png\" alt=\"\" width=\"120\" height=\"43\" \/>Soins psychiques et soins m\u00e9dicamenteux<\/a><\/h2>\n<p>Visioconf\u00e9rence avec Christine Fouchard et Emmanuel Damville.<\/p>\n<p>&nbsp;<\/p>\n<h2><a href=\"https:\/\/cgjungfrance.com\/events\/la-vie-en-noir-journee-detudes-jungiennes\/\" target=\"_blank\" rel=\"noopener\"><img loading=\"lazy\" decoding=\"async\" class=\"alignright size-full wp-image-23519\" src=\"https:\/\/www.cgjung.net\/espace\/wp-content\/uploads\/2024\/01\/sfpa.png\" alt=\"\" width=\"120\" height=\"52\" \/>\u00ab La vie en noir \u00bb<\/a><\/h2>\n<p>Journ\u00e9e d\u2019\u00c9tudes Jungiennes le 11 avril 2026 en pr\u00e9sentiel et \u00e0 distance.<\/p>\n<p>Intervenants : Marie-Laure Colonna, Sophie Seale et Bertrand de la Vaissi\u00e8re.<\/p>\n<p>&nbsp;<\/p>\n<h2><a href=\"https:\/\/www.vonfranzjung.fr\/evenement-therapie-par-le-jeu-de-sable-et-fonction-transcendante-par-catherine-farzat-et-matthieu-mares\" target=\"_blank\" rel=\"noopener\"><img decoding=\"async\" class=\"alignright\" src=\"https:\/\/www.cgjung.net\/espace\/wp-content\/uploads\/2024\/01\/cgjung-vonfranz.png\" \/>Th\u00e9rapie par le Jeu de sable et fonction transcendante<\/a><\/h2>\n<p>A Paris, en pr\u00e9sentiel, le samedi 18 avril 2026.<\/p>\n<p>Intervenants Catherine Farzat et Matthieu Mares.<\/p>\n<p>&nbsp;<\/p>\n<h2><a href=\"https:\/\/abonnementlenoir.wixsite.com\/rencontres-de-prov26\" target=\"_blank\" rel=\"noopener\"><img loading=\"lazy\" decoding=\"async\" class=\"alignright size-full wp-image-33072\" src=\"https:\/\/www.cgjung.net\/espace\/wp-content\/uploads\/2026\/02\/Rencontres-de-provence-2026.png\" alt=\"\" width=\"120\" height=\"120\" \/>Rencontres de Provence 2026<\/a><\/h2>\n<p>Sur le th\u00e8me&nbsp;<em>Cr\u00e9ation artistique et individuation<\/em>&nbsp;ces rencontres auront lieu en pr\u00e9sentiel \u00e0&nbsp;Aix en Provence les 24 et 25 avril 2026.<\/p>\n<p>Intervenants : Genevi\u00e8ve Cailloux, Pierre Cauvin, C\u00e9cile Chavel, Natacha Guillemaud Jargic, Reine-Marie Halbout, Yury Li-Toroptsov, Ryan Nielsen et Nathalie Pilard.<\/p>\n<p>&nbsp;<\/p>\n<h1>\u00c0 explorer<\/h1>\n<p>&nbsp;<\/p>\n<h2><a href=\"https:\/\/www.cgjung.net\/espace\/ressources\/medias\/#erotic-1\">Le transfert \u00e9rotique dans une perspective jungienne<img loading=\"lazy\" decoding=\"async\" class=\"wp-image-33891 alignright\" src=\"https:\/\/www.cgjung.net\/espace\/wp-content\/uploads\/2026\/03\/conference-geneve.jpg\" sizes=\"auto, (max-width: 120px) 100vw, 120px\" srcset=\"https:\/\/www.cgjung.net\/espace\/wp-content\/uploads\/2026\/03\/conference-geneve.jpg 673w, https:\/\/www.cgjung.net\/espace\/wp-content\/uploads\/2026\/03\/conference-geneve-300x213.jpg 300w\" alt=\"\" width=\"120\" height=\"85\" \/><\/a><\/h2>\n<p>Dans cette vid\u00e9o en anglais et sous-titr\u00e9e en fran\u00e7ais, Peggy Vermeesch propose une lecture jungienne du transfert \u00e9rotique, en explorant ses manifestations symboliques, ses enjeux \u00e9thiques et son r\u00f4le potentiellement structurant dans le processus d\u2019individuation.<\/p>\n<p>La pr\u00e9sentation a \u00e9t\u00e9 propos\u00e9e par le&nbsp;Salon Jungien&nbsp;\u00e0 Gen\u00e8ve en f\u00e9vrier 2026.<\/p>\n<p>&nbsp;<\/p>\n<h2><a href=\"https:\/\/surlestracesdejung.fr\/audios\/donald-kalsched-un-post-jungien-contemporain-2\/\" target=\"_blank\" rel=\"noopener\"><img loading=\"lazy\" decoding=\"async\" class=\"size-full wp-image-26921 alignright\" src=\"https:\/\/www.cgjung.net\/espace\/wp-content\/uploads\/2024\/10\/sur-les-traces-de-jung.png\" alt=\"\" width=\"114\" height=\"95\" \/>Donald Kalsched : un post-jungien contemporain<\/a><\/h2>\n<p>Fabienne Neuquelman-Denis est l\u2019invit\u00e9e de Catherine Gras dans le podcast <em>Sur les traces de Jung,<\/em> diffus\u00e9 en mars 2026.<\/p>\n<p>&nbsp;<\/p>\n<h2><a href=\"https:\/\/www.cgjung.net\/espace\/qui-sommes-nous\/fm-callot-epheme\/\"><img loading=\"lazy\" decoding=\"async\" class=\"wp-image-4744 alignright\" src=\"https:\/\/www.cgjung.net\/espace\/wp-content\/uploads\/2017\/07\/couleurs-de-lalchimie.jpg\" sizes=\"auto, (max-width: 120px) 100vw, 120px\" srcset=\"https:\/\/www.cgjung.net\/espace\/wp-content\/uploads\/2017\/07\/couleurs-de-lalchimie.jpg 640w, https:\/\/www.cgjung.net\/espace\/wp-content\/uploads\/2017\/07\/couleurs-de-lalchimie-300x225.jpg 300w\" alt=\"\" width=\"120\" height=\"90\" \/>Illustrations de Fran\u00e7ois-Marie Callot (Eph\u00eame)<\/a><\/h2>\n<p>Fran\u00e7ois-Marie Callot, cofondateur de l\u2019association Espace Francophone Jungien, a illustr\u00e9 de nombreux articles publi\u00e9s sur ce site. Son travail accompagne et prolonge la r\u00e9flexion \u00e9crite par une expression visuelle singuli\u00e8re, attentive aux symboles et aux mouvements de l\u2019\u00e2me.<\/p>\n<p>&nbsp;<\/p>\n<h2><a href=\"https:\/\/www.cgjung.net\/go.php\"><img loading=\"lazy\" decoding=\"async\" class=\"alignright size-full wp-image-33132\" src=\"https:\/\/www.cgjung.net\/espace\/wp-content\/uploads\/2026\/02\/page-au-hasard.png\" alt=\"\" width=\"120\" height=\"120\" \/>Une page au hasard<\/a><\/h2>\n<p>Une nouvelle fonctionnalit\u00e9 vient d\u2019\u00eatre ajout\u00e9e au site.<\/p>\n<p>Accessible en bas de page sur smartphone et dans la colonne de droite sur ordinateur, elle ouvre au hasard l\u2019une des pages \u00e0 d\u00e9couvrir.<\/p>\n<p>&nbsp;<\/p>\n<h2><a href=\"https:\/\/www.cgjung.net\/espace\/ressources\/yi-jing\/tirage-yi-jing\/\"><img loading=\"lazy\" decoding=\"async\" class=\"alignright size-full wp-image-33345\" src=\"https:\/\/www.cgjung.net\/espace\/wp-content\/uploads\/2026\/02\/tirage-yi-jing.png\" alt=\"\" width=\"120\" height=\"120\" \/>Comment interroger le Yi Jing ?<\/a><\/h2>\n<p>C\u2019est l\u2019une des premi\u00e8res pages install\u00e9es sur le site et elle fait l\u2019objet d\u2019un grand nombre de consultations.<\/p>\n<p>Nous l\u2019avons enrichie afin de permettre des tirages num\u00e9riques. Cet outil s\u2019adresse principalement \u00e0 ceux qui sont d\u00e9j\u00e0 familiers de cet oracle et qui poss\u00e8dent l\u2019une des nombreuses \u00e9ditions du Yi Jing \/ Yi King diffus\u00e9es au fil du temps.<\/p>\n<p>&nbsp;<\/p>\n<table style=\"border-collapse: collapse; width: 100%;\">\n<tbody>\n<tr>\n<td style=\"width: 100%; background-color: #ffbe00; padding: 20px; border-radius: 5px; text-align: center;\">\n<p><span style=\"color: #ffffff; font-size: 18pt;\"><strong>NOUS SOUTENIR<\/strong><\/span><\/p>\n<p>Gr\u00e2ce \u00e0 votre soutien financier, le site Espace Francophone Jungien peut continuer \u00e0 promouvoir la compr\u00e9hension et la diffusion de la pens\u00e9e jungienne. M\u00eame une petite contribution peut faire une grande diff\u00e9rence. Chaque don compte, merci pour votre g\u00e9n\u00e9rosit\u00e9 !<\/p>\n<p><a style=\"display: inline-block; background-color: #1f625d; color: #ffffff; padding: 10px 20px; text-align: center; text-decoration: none; border-radius: 25px; font-size: 16px; font-weight: bold;\" href=\"https:\/\/www.helloasso.com\/associations\/espace-francophone-jungien\/formulaires\/1\" target=\"_blank\" rel=\"noopener\">Je fais un don<\/a><\/td>\n<\/tr>\n<\/tbody>\n<\/table>\n<p>&nbsp;<\/p>\n<p>Les contributions r\u00e9unies dans cette lettre d\u2019information sont n\u00e9es, chacune \u00e0 leur mani\u00e8re, de cette rencontre avec l\u2019inconnu int\u00e9rieur qui ouvre le chemin de la cr\u00e9ation. Comme l\u2019\u00e9crit Marie-Louise von Franz dans <em>Les Mythes de cr\u00e9ation<\/em> (\u00e9dition de poche, p. 11) :<\/p>\n<blockquote>\n<p>\u00ab\u00a0Le myst\u00e8re imp\u00e9n\u00e9trable qui entoure l&rsquo;origine de la nature et de l&rsquo;humanit\u00e9 a induit l&rsquo;inconscient humain \u00e0 \u00e9laborer et \u00e0 proposer des r\u00e9cits aussi nombreux que vari\u00e9s de l&rsquo;\u00e9v\u00e9nement originel. On peut observer que, chaque fois que l&rsquo;esprit humain se heurte aux fronti\u00e8res de l&rsquo;inconnu, il se produit un ph\u00e9nom\u00e8ne de cet ordre.\u00a0\u00bb<\/p>\n<\/blockquote>\n<p>Peut-\u00eatre est-ce l\u00e0 l\u2019une des t\u00e2ches qui nous revient aujourd\u2019hui : continuer \u00e0 explorer, avec lucidit\u00e9 et imagination, ces fronti\u00e8res de l\u2019inconnu.<\/p>\n<p style=\"text-align: right;\">L&rsquo;\u00e9quipe d&rsquo;Espace Francophone Jungien<\/p>\n<p><em><a id=\"abonnement\"><\/a>Nous vous encourageons \u00e0 partager cette lettre d\u2019information avec vos proches. Vous avez \u00e9galement la libert\u00e9 de vous d\u00e9sabonner et de vous r\u00e9abonner \u00e0 tout moment, selon votre convenance.<\/em><\/p>\n<p><a href=\"https:\/\/www.cgjung.net\/espace\/lettre-information\/\">Historique des lettres d&rsquo;information<\/a><\/p>\n<p><a href=\"https:\/\/eepurl.com\/dtGE4X\" target=\"_blank\" rel=\"noopener\">Acc\u00e8s au formulaire pour vous abonner<\/a><\/p>\n<p><a href=\"https:\/\/cgjung.us18.list-manage.com\/unsubscribe?u=d3a4a24a2d98c83ada4736a3f&amp;id=3d1120f532\" target=\"_blank\" rel=\"noopener\">Acc\u00e8s au formulaire pour vous d\u00e9sabonner<\/a><\/p>\n\n","protected":false},"excerpt":{"rendered":"<p>Cette lettre comprend : Colloque IA &amp; Psychologie des profondeurs | Dante et l&rsquo;amour | L&rsquo;\u00e9toile | Introversion et extraversion | Technologie et mythe | Les Mythes de cr\u00e9ation | Agenda | \u00c0 explorer. Vous abonner ou vous d\u00e9sabonner Ch\u00e8re abonn\u00e9e, cher abonn\u00e9, Voici une nouvelle lettre d\u2019information de l\u2019Espace Francophone Jungien. Elle rassemble plusieurs [&hellip;]<\/p>\n","protected":false},"author":1,"featured_media":0,"parent":23487,"menu_order":100,"comment_status":"closed","ping_status":"closed","template":"","meta":{"footnotes":""},"class_list":["post-33967","page","type-page","status-publish","hentry"],"_links":{"self":[{"href":"https:\/\/www.cgjung.net\/espace\/wp-json\/wp\/v2\/pages\/33967","targetHints":{"allow":["GET"]}}],"collection":[{"href":"https:\/\/www.cgjung.net\/espace\/wp-json\/wp\/v2\/pages"}],"about":[{"href":"https:\/\/www.cgjung.net\/espace\/wp-json\/wp\/v2\/types\/page"}],"author":[{"embeddable":true,"href":"https:\/\/www.cgjung.net\/espace\/wp-json\/wp\/v2\/users\/1"}],"replies":[{"embeddable":true,"href":"https:\/\/www.cgjung.net\/espace\/wp-json\/wp\/v2\/comments?post=33967"}],"version-history":[{"count":15,"href":"https:\/\/www.cgjung.net\/espace\/wp-json\/wp\/v2\/pages\/33967\/revisions"}],"predecessor-version":[{"id":33997,"href":"https:\/\/www.cgjung.net\/espace\/wp-json\/wp\/v2\/pages\/33967\/revisions\/33997"}],"up":[{"embeddable":true,"href":"https:\/\/www.cgjung.net\/espace\/wp-json\/wp\/v2\/pages\/23487"}],"wp:attachment":[{"href":"https:\/\/www.cgjung.net\/espace\/wp-json\/wp\/v2\/media?parent=33967"}],"curies":[{"name":"wp","href":"https:\/\/api.w.org\/{rel}","templated":true}]}}