{"id":33245,"date":"2026-02-12T11:44:26","date_gmt":"2026-02-12T10:44:26","guid":{"rendered":"https:\/\/www.cgjung.net\/espace\/?page_id=33245"},"modified":"2026-02-12T13:35:58","modified_gmt":"2026-02-12T12:35:58","slug":"jung-et-la-nature","status":"publish","type":"page","link":"https:\/\/www.cgjung.net\/espace\/ressources\/jung-et-la-nature\/","title":{"rendered":"Jung et la nature &#8211; Aur\u00e9lie Chon\u00e9"},"content":{"rendered":"<p><strong>Face \u00e0 la crise \u00e9cologique, Aur\u00e9lie Chon\u00e9 relit la pens\u00e9e de Jung pour ouvrir un chemin exigeant vers une \u00e9cologie de l\u2019\u00e2me. Elle articule avec rigueur psychologie des profondeurs, traditions spirituelles et \u00e9copsychologie contemporaine, montrant que la d\u00e9sacralisation de la nature est d\u2019abord une crise int\u00e9rieure.<\/strong><\/p>\n<p><img loading=\"lazy\" decoding=\"async\" class=\"size-full wp-image-33244 aligncenter\" src=\"https:\/\/www.cgjung.net\/espace\/wp-content\/uploads\/2026\/02\/jung-nature.png\" alt=\"\" width=\"280\" height=\"449\" srcset=\"https:\/\/www.cgjung.net\/espace\/wp-content\/uploads\/2026\/02\/jung-nature.png 280w, https:\/\/www.cgjung.net\/espace\/wp-content\/uploads\/2026\/02\/jung-nature-187x300.png 187w\" sizes=\"auto, (max-width: 280px) 100vw, 280px\" \/><\/p>\n<p>Un ouvrage dense et lumineux qui invite \u00e0 refonder notre rapport au vivant en r\u00e9conciliant nature et psych\u00e9.<\/p>\n<h2>Pr\u00e9sentation de l&rsquo;\u00e9diteur<\/h2>\n<p>Comment faire face aujourd\u2019hui \u00e0 l\u2019extinction des esp\u00e8ces, aux \u00e9cocides et au d\u00e9r\u00e8glement climatique, sans c\u00e9der \u00e0 l\u2019angoisse, \u00e0 la peur ou \u00e0 l\u2019impuissance ? Aur\u00e9lie Chon\u00e9 nous emm\u00e8ne sur les traces de Carl Gustav Jung pour montrer l\u2019actualit\u00e9 de sa pens\u00e9e aujourd\u2019hui.<\/p>\n<p>En explorant la relation intime du psychiatre suisse, de sa vie et de sa pens\u00e9e, \u00e0 la nature, cet ouvrage met en lumi\u00e8re la n\u00e9cessit\u00e9 d\u2019une \u00ab \u00e9cologie de l\u2019\u00e2me \u00bb, en compl\u00e9ment d\u2019une \u00e9cologie seulement scientifique ou politique. Aller \u00e0 la rencontre de son \u00e2me, et r\u00e9sonner \u00e0 travers elle avec la nature, appara\u00eet comme un chemin salvateur pour l\u2019\u00eatre humain et pour la plan\u00e8te enti\u00e8re.<\/p>\n<p>En se reconnectant \u00e0 la terre, \u00e0 soi et aux autres, en se vivant soi-m\u00eame comme une partie de la nature, chacun d\u2019entre nous a la capacit\u00e9 de d\u00e9velopper un mode d\u2019\u00eatre favorable \u00e0 l\u2019\u00e9panouissement du vivant, plut\u00f4t qu\u2019\u00e0 sa destruction.<\/p>\n<p>L\u2019ouvrage offre \u00e9galement un aper\u00e7u des multiples ramifications auxquelles a donn\u00e9 lieu la pens\u00e9e jungienne de la nature dans le champ de l\u2019\u00e9copsychologie depuis le d\u00e9but des ann\u00e9es 1990.<\/p>\n<h2>Table des mati\u00e8res<\/h2>\n<p><strong>Introduction<\/strong><\/p>\n<p><strong>Chapitre premier. Le diagnostic de Jung sur les soci\u00e9t\u00e9s occidentales modernes<\/strong><\/p>\n<p>\u00abL&rsquo;instinct est nature et veut la nature\u00bb: le grand partage entre nature et culture ou la lutte entre l&rsquo;inconscience primitive et la conscience moderne<\/p>\n<p>De la crise de l&rsquo;\u00e2me en Occident \u00e0 une vision \u00e9largie&nbsp;de la nature et de l&rsquo;humain<\/p>\n<p>Cons\u00e9quences de la rationalit\u00e9 et de l&rsquo;ext\u00e9riorisation de la vie : d\u00e9sacralisation de la&nbsp; nature et \u00ab <em>hybris<\/em> sans Dieu \u00bb<\/p>\n<p><strong>Chapitre 2. Ontologies de la nature et inspirations extraeurop\u00e9ennes<\/strong><\/p>\n<p>\u00abToute vie vient de la montagne\u00bb: l&rsquo;enracinement&nbsp;cosmologique des peuples racines<\/p>\n<p>Une connaissance approfondie des lois de la nature en&nbsp;Orient<\/p>\n<p style=\"padding-left: 40px;\">Les traditions indiennes: dharma (loi sociocos-mique), rita (ordre cosmique), prana (\u00e9nergie&nbsp;vitale)<\/p>\n<p style=\"padding-left: 40px;\">La pens\u00e9e chinoise : yin\/yang et Wu Wei (tao\u00efsme)<\/p>\n<p style=\"padding-left: 40px;\">La pens\u00e9e japonaise : satori, allonomie et silence<\/p>\n<p><strong>Chapitre 3. Une th\u00e9orie des interrelations complexes entre nature et psych\u00e9<\/strong><\/p>\n<p>\u00ab Nous sommes issus du sein \u00e9troit de la terre \u00bb :&nbsp;l&rsquo;homme archa\u00efque \u00e0 l&rsquo;int\u00e9rieur de soi<\/p>\n<p>L&rsquo;inconscient collectif entre nature et culture<\/p>\n<p>De l&rsquo;inconscient collectif \u00e0 l&rsquo;\u00e2me du monde : un fond&nbsp;commun entre le biologique et le psychique<\/p>\n<p>Le myst\u00e8re du Soi, par-del\u00e0 nature et culture<\/p>\n<p>\u00ab Le chemin de la vie est m\u00e9tamorphose \u00bb : vers une&nbsp;\u00e9nerg\u00e9tique psychique<\/p>\n<p style=\"padding-left: 40px;\">\u00abTout ce qui est vivant est \u00e9nergie\u00bb: l&rsquo;\u00e9nergie psychique, r\u00e9sultat de la tension entre les oppos\u00e9s<\/p>\n<p style=\"padding-left: 40px;\">L&rsquo;\u00e2me, un \u00e9cosyst\u00e8me psychique autor\u00e9gul\u00e9<\/p>\n<p><strong>Chapitre 4. Les implications \u00e9thiques d&rsquo;une relation renouvel\u00e9e \u00e0 la nature<\/strong><\/p>\n<p>Pour une \u00e9thique de la terre : \u00ababsorber la nourriture obscure des profondeurs\u00bb<\/p>\n<p>Les enseignements du v\u00e9g\u00e9tal : enracinement et croissance<\/p>\n<p>Paroles d&rsquo;animal et reconnexion \u00e0 notre animalit\u00e9: \u00abHomme, tu as m\u00eame oubli\u00e9 que tu es aussi un&nbsp;animal.\u00bb<\/p>\n<p style=\"padding-left: 40px;\">Les animaux, figures de notre \u00e2me<\/p>\n<p style=\"padding-left: 40px;\">L&rsquo;\u00e9nergie instinctive des animaux, au-del\u00e0 de la&nbsp;distinction entre le bien et le mal<\/p>\n<p>L&rsquo;individuation en tant que processus naturel : vers un r\u00e9tablissement de la loi morale<\/p>\n<p><strong>Chapitre 5. La \u00abvoie de l&rsquo;\u00e0-venir\u00bb, une nouvelle compr\u00e9hension du christianisme et de sa relation \u00e0 la nature<\/strong><\/p>\n<p>Une critique incisive du christianisme<\/p>\n<p style=\"padding-left: 40px;\">Le christianisme jug\u00e9 responsable du dualisme&nbsp;entre la mati\u00e8re et l&rsquo;esprit<\/p>\n<p style=\"padding-left: 40px;\">La d\u00e9nonciation du pr\u00e9jug\u00e9 chr\u00e9tien contre l&rsquo;animal<\/p>\n<p style=\"padding-left: 40px;\">Le christianisme jug\u00e9 responsable de l&rsquo;errance des&nbsp;morts<\/p>\n<p>La \u00abvoie de l&rsquo;\u00e0-venir\u00bb comme exp\u00e9rience int\u00e9rieure et vivante du divin \u00ab non cliv\u00e9 \u00bb : une relation renouvel\u00e9e au christianisme<\/p>\n<p style=\"padding-left: 40px;\">R\u00e9int\u00e9grer l&rsquo;homme archa\u00efque<\/p>\n<p style=\"padding-left: 40px;\">Prendre soin des anc\u00eatres : int\u00e9grer les revendications des morts<\/p>\n<p style=\"padding-left: 40px;\">Briser toutes les formes d&rsquo;identification et de projection<\/p>\n<p style=\"padding-left: 40px;\">Faire l&rsquo;exp\u00e9rience int\u00e9rieure de la sagesse (Sophia)<\/p>\n<p>Refonder notre ontologie de la nature en tenant ensemble le rationnel et le non-rationnel (logos et&nbsp;mythos)<\/p>\n<p style=\"padding-left: 40px;\">Perspectives \u00e9pist\u00e9mologiques : une pens\u00e9e vivante,&nbsp;au-del\u00e0 du clivage entre croire et savoir<\/p>\n<p style=\"padding-left: 40px;\">Arrachement ou attachement \u00e0 la nature ?<\/p>\n<p style=\"padding-left: 40px;\">Vers un nouveau grand r\u00e9cit : myst\u00e8re de la nature et myst\u00e8re de l&rsquo;amour<\/p>\n<p><strong>Chapitre 6. Des moyens de se reconnecter au vivant<\/strong><\/p>\n<p>D\u00e9velopper sa perception sensible au-del\u00e0 du visible<\/p>\n<p>Apprendre la simplicit\u00e9 au contact des \u00e9l\u00e9ments<\/p>\n<p>\u00ab Un sentiment de parent\u00e9 avec les choses \u00bb : animisme ou sentiment romantique de la nature ?<\/p>\n<p>Toucher la nature de l&rsquo;int\u00e9rieur: l&rsquo;imagination active, puissante force cr\u00e9atrice et visionnaire<\/p>\n<p><strong>Chapitre 7. La pens\u00e9e jungienne de la nature pass\u00e9e&nbsp;au crible de la critique<\/strong><\/p>\n<p>\u00c0 propos des dichotomies entre nature et culture<\/p>\n<p>Mystique et mysticisme de la nature<\/p>\n<p>La question du conservatisme, de l&rsquo;\u00e9litisme et de l&rsquo;engagement politique<\/p>\n<p>Au sujet de la pratique th\u00e9rapeutique.<\/p>\n<p><strong>Chapitre 8. La pens\u00e9e de Jung, source d&rsquo;inspiration pour l&rsquo;\u00e9copsychologie<\/strong><\/p>\n<p>L&rsquo;influence de la pens\u00e9e jungienne sur les th\u00e9ories de&nbsp;l&rsquo;\u00e9copsychologie<\/p>\n<p style=\"padding-left: 40px;\">La compr\u00e9hension des racines psychologiques de&nbsp;la crise \u00e9cologique<\/p>\n<p style=\"padding-left: 40px;\">Vers une th\u00e9orisation des liens entre nature et&nbsp;psych\u00e9<\/p>\n<p style=\"padding-left: 40px;\">De l&rsquo;inconscient collectif \u00e0 l&rsquo;inconscient \u00e9cologique<\/p>\n<p style=\"padding-left: 40px;\">Du Soi individuel au Soi \u00e9cologique<\/p>\n<p style=\"padding-left: 40px;\">Des correspondances entre microcosme et macrocosme aux r\u00e9sonances entre l&rsquo;\u00e2me individuelle et l&rsquo;\u00e2me du monde<\/p>\n<p>Des pratiques inspir\u00e9es de l&rsquo;approche jungienne<\/p>\n<p style=\"padding-left: 40px;\">Techniques de reconnexion au corps, aux \u00e9l\u00e9ments&nbsp;et aux cycles de la nature<\/p>\n<p style=\"padding-left: 40px;\">Techniques de reconnexion \u00e0 notre nature int\u00e9rieure<\/p>\n<p><strong>Conclusion, bibliographie s\u00e9lective, index des noms et remerciements<\/strong><\/p>\n<p><em>\u00c9ditions Labor et Fides &#8211; 2025 &#8211; 308 pages &#8211; ISBN 9782830918717 \u2013 14 x 22,5 x 2,3 cm<\/em><\/p>\n<h2><img loading=\"lazy\" decoding=\"async\" class=\"alignright size-full wp-image-33242\" src=\"https:\/\/www.cgjung.net\/espace\/wp-content\/uploads\/2026\/02\/Aurelie-Chone.jpg\" alt=\"\" width=\"100\" height=\"131\" \/>Aur\u00e9lie Chon\u00e9<\/h2>\n<p>Aur\u00e9lie Chon\u00e9 est professeure d&rsquo;\u00e9tudes germaniques \u00e0 l&rsquo;Universit\u00e9 de Strasbourg. Elle enseigne la litt\u00e9rature et l&rsquo;histoire des id\u00e9es des pays de langue allemande. Depuis une dizaine d&rsquo;ann\u00e9es, ses recherches portent sur les liens entre nature et culture, humains et autres qu&rsquo;humains, \u00e9cologie et spiritualit\u00e9.<\/p>\n","protected":false},"excerpt":{"rendered":"<p>Face \u00e0 la crise \u00e9cologique, Aur\u00e9lie Chon\u00e9 relit la pens\u00e9e de Jung pour ouvrir un chemin exigeant vers une \u00e9cologie de l\u2019\u00e2me. Elle articule avec rigueur psychologie des profondeurs, traditions spirituelles et \u00e9copsychologie contemporaine, montrant que la d\u00e9sacralisation de la nature est d\u2019abord une crise int\u00e9rieure. Un ouvrage dense et lumineux qui invite \u00e0 refonder [&hellip;]<\/p>\n","protected":false},"author":1,"featured_media":0,"parent":9713,"menu_order":0,"comment_status":"closed","ping_status":"closed","template":"","meta":{"footnotes":""},"class_list":["post-33245","page","type-page","status-publish","hentry"],"_links":{"self":[{"href":"https:\/\/www.cgjung.net\/espace\/wp-json\/wp\/v2\/pages\/33245","targetHints":{"allow":["GET"]}}],"collection":[{"href":"https:\/\/www.cgjung.net\/espace\/wp-json\/wp\/v2\/pages"}],"about":[{"href":"https:\/\/www.cgjung.net\/espace\/wp-json\/wp\/v2\/types\/page"}],"author":[{"embeddable":true,"href":"https:\/\/www.cgjung.net\/espace\/wp-json\/wp\/v2\/users\/1"}],"replies":[{"embeddable":true,"href":"https:\/\/www.cgjung.net\/espace\/wp-json\/wp\/v2\/comments?post=33245"}],"version-history":[{"count":7,"href":"https:\/\/www.cgjung.net\/espace\/wp-json\/wp\/v2\/pages\/33245\/revisions"}],"predecessor-version":[{"id":33252,"href":"https:\/\/www.cgjung.net\/espace\/wp-json\/wp\/v2\/pages\/33245\/revisions\/33252"}],"up":[{"embeddable":true,"href":"https:\/\/www.cgjung.net\/espace\/wp-json\/wp\/v2\/pages\/9713"}],"wp:attachment":[{"href":"https:\/\/www.cgjung.net\/espace\/wp-json\/wp\/v2\/media?parent=33245"}],"curies":[{"name":"wp","href":"https:\/\/api.w.org\/{rel}","templated":true}]}}