{"id":33208,"date":"2026-02-10T16:42:06","date_gmt":"2026-02-10T15:42:06","guid":{"rendered":"https:\/\/www.cgjung.net\/espace\/?page_id=33208"},"modified":"2026-02-14T07:24:56","modified_gmt":"2026-02-14T06:24:56","slug":"fevrier-2026","status":"publish","type":"page","link":"https:\/\/www.cgjung.net\/espace\/lettre-information\/fevrier-2026\/","title":{"rendered":"Lettre d&rsquo;information F\u00e9vrier 2026"},"content":{"rendered":"<p><strong>Cette lettre comprend :<\/strong> Colloque IA &amp; Psychologie des profondeurs | Temporalit\u00e9s psychiques | Temporalit\u00e9s plurielles | Le rem\u00e8de <em>Camphora<\/em> | L&rsquo;IA dans nos vies | Le sens sans le corps ? | Jung et la nature | Hymnes \u00e0 Ce Qui Est | Agenda.<\/p>\n<p style=\"text-align: right;\"><a href=\"https:\/\/www.cgjung.net\/espace\/lettre-information\/\">Vous abonner ou vous d\u00e9sabonner<\/a><\/p>\n<p>Ch\u00e8re abonn\u00e9e, cher abonn\u00e9,<\/p>\n<p>De Chronos \u00e0 A\u00efon, en passant par Kairos, cette lettre explore les temporalit\u00e9s multiples qui fa\u00e7onnent nos existences du quotidien le plus concret aux m\u00e9tamorphoses int\u00e9rieures, jusqu\u2019aux d\u00e9fis pos\u00e9s par le monde technologique. Car le temps se r\u00e9v\u00e8le dans l\u2019\u00e9preuve, dans la fid\u00e9lit\u00e9 quotidienne de Tobit, dans la descente vertigineuse que certaines maladies imposent \u00e0 la conscience, et dans la question radicale de savoir si un monde d\u00e9sincarn\u00e9 peut encore porter du sens.<\/p>\n<p>Le temps est venu de vous plonger dans la lecture :<\/p>\n<h1>Colloque EFJ<\/h1>\n<p>&nbsp;<\/p>\n<h2><a href=\"https:\/\/www.cgjung.net\/espace\/seminaires\/2026-05-intelligence-artificielle-psychologie-profondeur\/\"><img loading=\"lazy\" decoding=\"async\" class=\"alignright size-full wp-image-32461\" src=\"https:\/\/www.cgjung.net\/espace\/wp-content\/uploads\/2025\/12\/2025-05-image-colloque-v.png\" alt=\"\" width=\"120\" height=\"80\" \/>Colloque Intelligence Artificielle &amp; Psychologie des Profondeurs<\/a><\/h2>\n<p>Ce colloque en pr\u00e9sentiel sera \u00e9galement accessible en visioconf\u00e9rence, afin de permettre \u00e0 celles et ceux qui ne peuvent se d\u00e9placer d\u2019y participer.<\/p>\n<p>Concernant l\u2019h\u00e9bergement sur le site de l\u2019abbaye, il ne reste \u00e0 ce jour que quelques places disponibles, en chambre double ou en dortoir de six personnes. Les r\u00e9servations s\u2019effectuent par notre interm\u00e9diaire.<\/p>\n<p><strong>En pr\u00e9sentiel comme \u00e0 distance<\/strong>, vous pourrez entendre : Sophie Braun, Jean Carlioz, Rachel Huber, Yury Li-Toroptsov, Jean-Pierre Robert, Dragana Favre et Peggy Vermeesch.<\/p>\n<p style=\"text-align: center;\"><a style=\"display: inline-block; background-color: #1f625d; color: #ffffff; padding: 10px 20px; text-align: center; text-decoration: none; border-radius: 25px; font-size: 16px; font-weight: bold;\" href=\"https:\/\/www.cgjung.net\/espace\/seminaires\/2026-05-intelligence-artificielle-psychologie-profondeur\/#inscription\" rel=\"noopener\">Je m&rsquo;inscris au colloque<\/a><\/p>\n<p>&nbsp;<\/p>\n<h1>Articles<\/h1>\n<p>&nbsp;<\/p>\n<h2><a href=\"https:\/\/www.cgjung.net\/espace\/accueil\/rachel-huber\/chronos-kairos-et-aion\/\"><img loading=\"lazy\" decoding=\"async\" class=\"alignright size-full wp-image-33166\" src=\"https:\/\/www.cgjung.net\/espace\/wp-content\/uploads\/2026\/02\/aion-mosaique-v.jpg\" alt=\"\" width=\"120\" height=\"110\" \/>Chronos, Kairos et A\u00efon : temporalit\u00e9s psychiques<\/a><\/h2>\n<p>Entre continuit\u00e9, rupture et \u00e9ternit\u00e9, l\u2019exp\u00e9rience humaine se d\u00e9ploie selon des r\u00e9gimes temporels distincts. En s\u2019appuyant sur la psychologie analytique de Jung, cet article explore comment Chronos, Kairos et A\u00efon structurent la souffrance psychique, la clinique et le processus d\u2019individuation.<br \/>\n<span style=\"color: #808080;\">Rachel Huber<\/span><\/p>\n<p>&nbsp;<\/p>\n<h2><a href=\"https:\/\/www.cgjung.net\/espace\/accueil\/dragana-favre\/temporalites-plurielles\/\"><img loading=\"lazy\" decoding=\"async\" class=\"size-full wp-image-32945 alignright\" src=\"https:\/\/www.cgjung.net\/espace\/wp-content\/uploads\/2026\/01\/time-and-algorythms-v.jpg\" alt=\"\" width=\"120\" height=\"120\" \/>Temporalit\u00e9s plurielles du vivant et du synth\u00e9tique<\/a><\/h2>\n<p>L\u2019intelligence artificielle est souvent pens\u00e9e \u00e0 partir de sa vitesse, rarement \u00e0 partir de son rapport au temps. Cet article interroge ce que deviennent Chronos, Kairos et A\u00efon lorsque le calcul survole le temps sans jamais l\u2019habiter.<br \/>\n<span style=\"color: #808080;\">Dragana Favre<\/span><\/p>\n<p>&nbsp;<\/p>\n<h2><a href=\"https:\/\/www.cgjung.net\/espace\/accueil\/michelle-nahon\/tobit-heros-du-quotidien\/\"><img loading=\"lazy\" decoding=\"async\" class=\"alignright size-full wp-image-33187\" src=\"https:\/\/www.cgjung.net\/espace\/wp-content\/uploads\/2026\/02\/tobie-v.jpg\" alt=\"\" width=\"120\" height=\"86\" \/>Tobit, h\u00e9ros du quotidien<\/a><\/h2>\n<p>Et si un texte biblique ancien, parfois jug\u00e9 \u00e9difiant ou na\u00eff, recelait en r\u00e9alit\u00e9 une profondeur symbolique capable d\u2019interroger notre rapport au bien, au mal, \u00e0 la loi et \u00e0 la transformation int\u00e9rieure ? C\u2019est ce pari que nous propose Michelle Nahon, en nous invitant \u00e0 relire le Livre de Tobie autrement.<\/p>\n<p>&nbsp;<\/p>\n<h2><a href=\"https:\/\/www.cgjung.net\/espace\/bernard-long-homeopathie\/camphora\/\"><img loading=\"lazy\" decoding=\"async\" class=\"size-full wp-image-32956 alignright\" src=\"https:\/\/www.cgjung.net\/espace\/wp-content\/uploads\/2026\/01\/vide-et-abandon-v.jpg\" alt=\"\" width=\"120\" height=\"120\" \/>Camphora &#8211; La solitude de ces espaces infinis me glace !<\/a><\/h2>\n<p>Certaines exp\u00e9riences de maladie confrontent le sujet \u00e0 une descente vertigineuse dans l\u2019inconscient, v\u00e9cue comme une glaciation du monde et du sens.&nbsp;<em>Camphora<\/em>&nbsp;semble incarner cette travers\u00e9e de la&nbsp;<em>nigredo<\/em>, telle qu\u2019elle est d\u00e9crite dans l\u2019\u0153uvre de C. G. Jung.<br \/>\n<span style=\"color: #808080;\">Bernard Long<\/span><\/p>\n<p>&nbsp;<\/p>\n<h2><a href=\"https:\/\/www.cgjung.net\/espace\/accueil\/jprobert\/ia-dans-nos-vies\/\"><img loading=\"lazy\" decoding=\"async\" class=\"alignright size-full wp-image-32801\" src=\"https:\/\/www.cgjung.net\/espace\/wp-content\/uploads\/2026\/01\/homme-au-centre-de-la-creation-v.jpg\" alt=\"\" width=\"120\" height=\"80\" \/>L\u2019intelligence artificielle dans nos vies<\/a><\/h2>\n<p>Le Groupe d\u2019\u00c9tudes C. G. Jung propose r\u00e9guli\u00e8rement des ateliers et des conf\u00e9rences.<\/p>\n<p>Cet article revient sur la visioconf\u00e9rence donn\u00e9e par Jean-Pierre Robert le 14 janvier 2026 intitul\u00e9e&nbsp;<em>L\u2019intelligence artificielle dans nos vies : alli\u00e9e ou menace pour le monde int\u00e9rieur<\/em>.<\/p>\n<p>&nbsp;<\/p>\n<h2><a href=\"https:\/\/www.cgjung.net\/espace\/accueil\/dragana-favre\/emergence-sens-sans-corps-organique\/\"><img loading=\"lazy\" decoding=\"async\" class=\"alignright size-full wp-image-32772\" src=\"https:\/\/www.cgjung.net\/espace\/wp-content\/uploads\/2026\/01\/hypnotic-woman-v.jpg\" alt=\"\" width=\"120\" height=\"170\" \/>Le sens peut-il \u00e9merger sans le corps organique ?<\/a><\/h2>\n<p>Que devient le sens dans un monde de technologies, d\u2019IA et d\u2019identit\u00e9s d\u00e9port\u00e9es hors du corps ?<\/p>\n<p>En dialogue avec Jung, les neurosciences et la clinique, cet article rappelle que toute transformation psychique commence dans l\u2019incarnation : respiration, rythmes, tensions, mouvements. Le sens \u00e9merge l\u00e0 o\u00f9 un organisme vivant dit oui.<br \/>\n<span style=\"color: #808080;\">Dragana Favre<\/span><\/p>\n<p>&nbsp;<\/p>\n<h1>Ouvrages<\/h1>\n<p>&nbsp;<\/p>\n<h2><a href=\"https:\/\/www.cgjung.net\/espace\/ressources\/jung-et-la-nature\/\"><img loading=\"lazy\" decoding=\"async\" class=\"alignright size-full wp-image-33243\" src=\"https:\/\/www.cgjung.net\/espace\/wp-content\/uploads\/2026\/02\/jung-nature-v.png\" alt=\"\" width=\"90\" height=\"144\" \/>Jung et la nature<\/a><\/h2>\n<p>Face \u00e0 la crise \u00e9cologique, Aur\u00e9lie Chon\u00e9 relit la pens\u00e9e de Jung pour ouvrir un chemin exigeant vers une \u00e9cologie de l\u2019\u00e2me.<\/p>\n<p>Elle articule avec rigueur psychologie des profondeurs, traditions spirituelles et \u00e9copsychologie contemporaine, montrant que la d\u00e9sacralisation de la nature est d\u2019abord une crise int\u00e9rieure.<\/p>\n<p>&nbsp;<\/p>\n<h2><a href=\"https:\/\/www.cgjung.net\/espace\/ressources\/hymnes\/\"><img loading=\"lazy\" decoding=\"async\" class=\"alignright size-full wp-image-33195\" src=\"https:\/\/www.cgjung.net\/espace\/wp-content\/uploads\/2026\/02\/hymnes-ce-qui-est-v.jpg\" alt=\"\" width=\"90\" height=\"129\" \/>Hymnes \u00e0 Ce Qui Est<\/a><\/h2>\n<p>Dans Hymnes \u00e0 Ce Qui Est, Nathalie Champougny propose une travers\u00e9e sensible de dialogues int\u00e9rieurs n\u00e9s de l\u2019\u00e9coute et de l\u2019accueil de l\u2019inconnu.<\/p>\n<p>Elle nous invite \u00e0 une lecture lente et vivante o\u00f9 la parole re\u00e7ue devient un guide pour le quotidien.<\/p>\n<p>&nbsp;<\/p>\n<h1>Agenda<\/h1>\n<p>&nbsp;<\/p>\n<h2><a href=\"https:\/\/www.jungiansalon.com\/fr\/events\" target=\"_blank\" rel=\"noopener\"><img loading=\"lazy\" decoding=\"async\" class=\"alignright size-full wp-image-33213\" src=\"https:\/\/www.cgjung.net\/espace\/wp-content\/uploads\/2026\/02\/jungian-salon.png\" alt=\"\" width=\"66\" height=\"58\" \/>Conf\u00e9rence \u00e0 Gen\u00e8ve<\/a><\/h2>\n<p>La conf\u00e9rence <em>Le transfert \u00e9rotique dans une perspective jungienne<\/em> aura lieu <strong>\u00e0 Gen\u00e8ve le 18 f\u00e9vrier 2026.<\/strong><\/p>\n<p>Intervenante : Peggy Vermeesch<\/p>\n<p>&nbsp;<\/p>\n<h2><a href=\"https:\/\/psyjungmp.jimdofree.com\/\" target=\"_blank\" rel=\"noopener\"><img loading=\"lazy\" decoding=\"async\" class=\"alignright size-full wp-image-23515\" src=\"https:\/\/www.cgjung.net\/espace\/wp-content\/uploads\/2024\/01\/ajpo.png\" alt=\"\" width=\"150\" height=\"85\" \/>Colloque AJPO \u00e0 Toulouse<\/a><\/h2>\n<p>Les \u00ab&nbsp;complexes culturels&nbsp;\u00bb de l\u2019Occident, ombre et avenir, ce colloque aura lieu \u00e0&nbsp;<strong>Toulouse le 28 mars 2026<\/strong>, en pr\u00e9sentiel et en visioconf\u00e9rence.<\/p>\n<p>Intervenants : Mariette Mignet, Helen Morgan, Sam Regad et Luigi Zoja.<\/p>\n<p>&nbsp;<\/p>\n<h2><a href=\"https:\/\/cgjungfrance.com\/events\/la-vie-en-noir-journee-detudes-jungiennes\/\" target=\"_blank\" rel=\"noopener\"><img loading=\"lazy\" decoding=\"async\" class=\"alignright size-full wp-image-23519\" src=\"https:\/\/www.cgjung.net\/espace\/wp-content\/uploads\/2024\/01\/sfpa.png\" alt=\"\" width=\"120\" height=\"52\" \/>\u00ab La vie en noir \u00bb<\/a><\/h2>\n<p>Journ\u00e9e d\u2019\u00c9tudes Jungiennes le 11 avril 2026 en pr\u00e9sentiel et \u00e0 distance.<\/p>\n<p>Intervenants : Marie-Laure Colonna, Sophie Seale et Bertrand de la Vaissi\u00e8re.<\/p>\n<p>&nbsp;<\/p>\n<h2><a href=\"https:\/\/abonnementlenoir.wixsite.com\/rencontres-de-prov26\" target=\"_blank\" rel=\"noopener\"><img loading=\"lazy\" decoding=\"async\" class=\"alignright size-full wp-image-33072\" src=\"https:\/\/www.cgjung.net\/espace\/wp-content\/uploads\/2026\/02\/Rencontres-de-provence-2026.png\" alt=\"\" width=\"120\" height=\"120\" \/>Rencontres de Provence 2026<\/a><\/h2>\n<p>Sur le th\u00e8me&nbsp;<em>Cr\u00e9ation artistique et individuation<\/em>&nbsp;ces rencontres auront lieu en pr\u00e9sentiel \u00e0&nbsp;<strong>Aix en Provence les 24 et 25 avril 2026<\/strong>.<\/p>\n<p>Intervenants : Genevi\u00e8ve Cailloux, Pierre Cauvin, C\u00e9cile Chavel, Natacha Guillemaud Jargic, Reine-Marie Halbout, Yury Li-Toroptsov, Ryan Nielsen et Nathalie Pilard.<\/p>\n<p>&nbsp;<\/p>\n<table style=\"border-collapse: collapse; width: 100%;\">\n<tbody>\n<tr>\n<td style=\"width: 100%; background-color: #ffbe00; padding: 20px; border-radius: 5px; text-align: center;\">\n<p><span style=\"color: #ffffff; font-size: 18pt;\"><strong>NOUS SOUTENIR<\/strong><\/span><\/p>\n<p>Gr\u00e2ce \u00e0 votre soutien financier, le site Espace Francophone Jungien peut continuer \u00e0 promouvoir la compr\u00e9hension et la diffusion de la pens\u00e9e jungienne. M\u00eame une petite contribution peut faire une grande diff\u00e9rence. Chaque don compte, merci pour votre g\u00e9n\u00e9rosit\u00e9 !<\/p>\n<p><a style=\"display: inline-block; background-color: #1f625d; color: #ffffff; padding: 10px 20px; text-align: center; text-decoration: none; border-radius: 25px; font-size: 16px; font-weight: bold;\" href=\"https:\/\/www.helloasso.com\/associations\/espace-francophone-jungien\/formulaires\/1\" target=\"_blank\" rel=\"noopener\">Je fais un don<\/a><\/td>\n<\/tr>\n<\/tbody>\n<\/table>\n<p>Et peut-\u00eatre est-ce maintenant le moment de lire cette citation de Marie-Louise von Franz, \u00e0 propos des arch\u00e9types :<\/p>\n<blockquote>\n<p>\u00ab\u00a0D&rsquo;une part, celui-ci poss\u00e8de un aspect intemporel, \u00e9ternel, tandis que, d&rsquo;autre part, les arch\u00e9types peuvent surgir dans le temps ordinaire dans le ph\u00e9nom\u00e8ne de synchronicit\u00e9, et se manifester alors au regard de l&rsquo;individu comme&nbsp;<em>arrangements<\/em> signifiants de facteurs internes et externes.\u00a0\u00bb<br \/>\n<a href=\"https:\/\/www.cgjung.net\/mlvf\/oeuvre\/nombre_temps.htm\">Nombre et temps<\/a> (p.&nbsp;242)<\/p>\n<\/blockquote>\n<p>Merci de faire vivre, par votre pr\u00e9sence et votre soutien, cet espace de r\u00e9flexion libre et exigeant.<\/p>\n<p style=\"text-align: right;\">L&rsquo;\u00e9quipe d&rsquo;Espace Francophone Jungien<\/p>\n<p><em><a id=\"abonnement\"><\/a>Nous vous encourageons \u00e0 partager cette lettre d\u2019information avec vos proches. Vous avez \u00e9galement la libert\u00e9 de vous d\u00e9sabonner et de vous r\u00e9abonner \u00e0 tout moment, selon votre convenance.<\/em><\/p>\n<p><a href=\"https:\/\/www.cgjung.net\/espace\/lettre-information\/\">Historique des lettres d&rsquo;information<\/a><\/p>\n<p><a href=\"https:\/\/eepurl.com\/dtGE4X\" target=\"_blank\" rel=\"noopener\">Acc\u00e8s au formulaire pour vous abonner<\/a><\/p>\n<p><a href=\"https:\/\/cgjung.us18.list-manage.com\/unsubscribe?u=d3a4a24a2d98c83ada4736a3f&amp;id=3d1120f532\" target=\"_blank\" rel=\"noopener\">Acc\u00e8s au formulaire pour vous d\u00e9sabonner<\/a><\/p>\n\n","protected":false},"excerpt":{"rendered":"<p>Cette lettre comprend : Colloque IA &amp; Psychologie des profondeurs | Temporalit\u00e9s psychiques | Temporalit\u00e9s plurielles | Le rem\u00e8de Camphora | L&rsquo;IA dans nos vies | Le sens sans le corps ? | Jung et la nature | Hymnes \u00e0 Ce Qui Est | Agenda. Vous abonner ou vous d\u00e9sabonner Ch\u00e8re abonn\u00e9e, cher abonn\u00e9, De [&hellip;]<\/p>\n","protected":false},"author":1,"featured_media":0,"parent":23487,"menu_order":96,"comment_status":"closed","ping_status":"closed","template":"","meta":{"footnotes":""},"class_list":["post-33208","page","type-page","status-publish","hentry"],"_links":{"self":[{"href":"https:\/\/www.cgjung.net\/espace\/wp-json\/wp\/v2\/pages\/33208","targetHints":{"allow":["GET"]}}],"collection":[{"href":"https:\/\/www.cgjung.net\/espace\/wp-json\/wp\/v2\/pages"}],"about":[{"href":"https:\/\/www.cgjung.net\/espace\/wp-json\/wp\/v2\/types\/page"}],"author":[{"embeddable":true,"href":"https:\/\/www.cgjung.net\/espace\/wp-json\/wp\/v2\/users\/1"}],"replies":[{"embeddable":true,"href":"https:\/\/www.cgjung.net\/espace\/wp-json\/wp\/v2\/comments?post=33208"}],"version-history":[{"count":25,"href":"https:\/\/www.cgjung.net\/espace\/wp-json\/wp\/v2\/pages\/33208\/revisions"}],"predecessor-version":[{"id":33290,"href":"https:\/\/www.cgjung.net\/espace\/wp-json\/wp\/v2\/pages\/33208\/revisions\/33290"}],"up":[{"embeddable":true,"href":"https:\/\/www.cgjung.net\/espace\/wp-json\/wp\/v2\/pages\/23487"}],"wp:attachment":[{"href":"https:\/\/www.cgjung.net\/espace\/wp-json\/wp\/v2\/media?parent=33208"}],"curies":[{"name":"wp","href":"https:\/\/api.w.org\/{rel}","templated":true}]}}