{"id":32999,"date":"2026-01-26T16:06:15","date_gmt":"2026-01-26T15:06:15","guid":{"rendered":"https:\/\/www.cgjung.net\/espace\/?page_id=32999"},"modified":"2026-02-08T09:51:03","modified_gmt":"2026-02-08T08:51:03","slug":"tommaso-priviero","status":"publish","type":"page","link":"https:\/\/www.cgjung.net\/espace\/accueil\/tommaso-priviero\/","title":{"rendered":"Tommaso Priviero"},"content":{"rendered":"<h2><img loading=\"lazy\" decoding=\"async\" class=\"alignright size-full wp-image-32325\" src=\"https:\/\/www.cgjung.net\/espace\/wp-content\/uploads\/2025\/12\/tommaso-priveiro.jpg\" alt=\"\" width=\"120\" height=\"133\" \/>Tommaso Priviero, PhD<\/h2>\n<p>Tommaso Priviero est psychologue analytique et historien de la psychologie, bas\u00e9 \u00e0 Londres. Il a obtenu son doctorat \u00e0 University College London (UCL) et est actuellement titulaire d\u2019une Leverhulme Early Career Fellowship \u00e0 la Queen Mary University of London (QMUL).<\/p>\n<p>Son ouvrage<a href=\"https:\/\/www.cgjung.net\/espace\/jps\/books-resources\/fire-and-form\/\" target=\"_blank\" rel=\"noopener\"><em> Of Fire and Form: Jung, Dante, and the Making of the Red Book<\/em><\/a> [non traduit en fran\u00e7ais] (Routledge, 2023, avec une pr\u00e9face de Sonu Shamdasani) a re\u00e7u le prestigieux prix \u00ab Eugenio Montale Fuori di Casa \u00bb 2025.<\/p>\n<p>Il est membre inscrit de la Society of Analytical Psychology (SAP), du British Psychoanalytic Council (BPC) et de l\u2019International Association for Analytical Psychology (IAAP).<\/p>\n<h3>En savoir plus<\/h3>\n<ul>\n<li><a href=\"https:\/\/www.cgjung.net\/espace\/accueil\/tommaso-priviero\/dante-amour-livre-rouge\/\">Dante et l\u2019amour dans le Livre Rouge de C.G. Jung<\/a>\u2014un article de Tommaso Priviero<\/li>\n<li><a href=\"https:\/\/www.cgjung.net\/espace\/jps\/books-resources\/fire-and-form\/\" target=\"_blank\" rel=\"noopener\">Jung, Dante, and the making of the Red Book<\/a>\u2014un essai autobiographique r\u00e9flexif de Tommaso Priviero (en anglais)<\/li>\n<\/ul>\n<p>&nbsp;<\/p>\n\n","protected":false},"excerpt":{"rendered":"","protected":false},"author":1,"featured_media":0,"parent":53,"menu_order":17,"comment_status":"closed","ping_status":"closed","template":"","meta":{"footnotes":""},"class_list":["post-32999","page","type-page","status-publish","hentry"],"_links":{"self":[{"href":"https:\/\/www.cgjung.net\/espace\/wp-json\/wp\/v2\/pages\/32999","targetHints":{"allow":["GET"]}}],"collection":[{"href":"https:\/\/www.cgjung.net\/espace\/wp-json\/wp\/v2\/pages"}],"about":[{"href":"https:\/\/www.cgjung.net\/espace\/wp-json\/wp\/v2\/types\/page"}],"author":[{"embeddable":true,"href":"https:\/\/www.cgjung.net\/espace\/wp-json\/wp\/v2\/users\/1"}],"replies":[{"embeddable":true,"href":"https:\/\/www.cgjung.net\/espace\/wp-json\/wp\/v2\/comments?post=32999"}],"version-history":[{"count":3,"href":"https:\/\/www.cgjung.net\/espace\/wp-json\/wp\/v2\/pages\/32999\/revisions"}],"predecessor-version":[{"id":33168,"href":"https:\/\/www.cgjung.net\/espace\/wp-json\/wp\/v2\/pages\/32999\/revisions\/33168"}],"up":[{"embeddable":true,"href":"https:\/\/www.cgjung.net\/espace\/wp-json\/wp\/v2\/pages\/53"}],"wp:attachment":[{"href":"https:\/\/www.cgjung.net\/espace\/wp-json\/wp\/v2\/media?parent=32999"}],"curies":[{"name":"wp","href":"https:\/\/api.w.org\/{rel}","templated":true}]}}