{"id":32735,"date":"2026-01-05T16:53:51","date_gmt":"2026-01-05T15:53:51","guid":{"rendered":"https:\/\/www.cgjung.net\/espace\/?page_id=32735"},"modified":"2026-01-05T16:53:51","modified_gmt":"2026-01-05T15:53:51","slug":"lettre-dinformation-janvier-2026","status":"publish","type":"page","link":"https:\/\/www.cgjung.net\/espace\/lettre-information\/lettre-dinformation-janvier-2026\/","title":{"rendered":"Lettre d&rsquo;information Janvier 2026"},"content":{"rendered":"<p><strong>Cette lettre comprend :<\/strong> Colloque Intelligence Artificielle &amp; Psychologie des Profondeurs | Lily et la couronne de No\u00ebl : conte pour enfants divins ! | Entretien avec Martin Schmidt | Discussion avec Bertrand de la Vaissi\u00e8re | Entretien avec V\u00e9ronique Liard | Les \u00c9crits sur Freud et la psychanalyse | D\u00e9sirer, consentir, vouloir | D\u00e9sir et plaisir | Penser l&rsquo;enfantement en philosophie | Ce \u00e0 quoi le Mal a droit.<\/p>\n<p style=\"text-align: right;\"><a href=\"https:\/\/www.cgjung.net\/espace\/lettre-information\/\">Vous abonner ou vous d\u00e9sabonner<\/a><\/p>\n<p>Ch\u00e8re abonn\u00e9e, cher abonn\u00e9,<\/p>\n<p>Toute l&rsquo;\u00e9quipe d&rsquo;Espace Francophone Jungien vous pr\u00e9sente ses meilleurs v\u0153ux pour 2026. Nous vous souhaitons une ann\u00e9e propice au travail int\u00e9rieur, \u00e0 l\u2019\u00e9coute des r\u00eaves et \u00e0 l\u2019approfondissement du dialogue avec l\u2019inconscient.<\/p>\n<p>En raison d\u2019un incident de diffusion ind\u00e9pendant de notre volont\u00e9, un certain nombre d\u2019entre vous n\u2019a pas re\u00e7u notre pr\u00e9c\u00e9dente lettre d\u2019information. Cette \u00e9dition reprend donc l\u2019essentiel des contenus diffus\u00e9s en d\u00e9cembre, afin que chacun puisse en prendre connaissance.<\/p>\n<p>&nbsp;<\/p>\n<h1>Colloque EFJ<\/h1>\n<h2><a href=\"https:\/\/www.cgjung.net\/espace\/seminaires\/2026-05-intelligence-artificielle-psychologie-profondeur\/\"><img loading=\"lazy\" decoding=\"async\" class=\"alignright size-full wp-image-32461\" src=\"https:\/\/www.cgjung.net\/espace\/wp-content\/uploads\/2025\/12\/2025-05-image-colloque-v.png\" alt=\"\" width=\"120\" height=\"80\" \/>Colloque Intelligence Artificielle &amp; Psychologie des Profondeurs<\/a><\/h2>\n<p>Les 23 et 24 mai 2026, \u00e0 l\u2019abbaye de Belloc \u00e0 Urt (64), ce colloque en pr\u00e9sentiel explorera ces transformations en croisant psychologie jungienne et interrogations contemporaines. Il r\u00e9unira <span class=\"hover:entity-accent entity-underline inline cursor-pointer align-baseline\"><span class=\"whitespace-normal\">Sophie Braun<\/span><\/span>, <span class=\"hover:entity-accent entity-underline inline cursor-pointer align-baseline\"><span class=\"whitespace-normal\">Jean Carlioz<\/span><\/span>, <span class=\"hover:entity-accent entity-underline inline cursor-pointer align-baseline\"><span class=\"whitespace-normal\">Rachel Huber<\/span><\/span>, <span class=\"hover:entity-accent entity-underline inline cursor-pointer align-baseline\"><span class=\"whitespace-normal\">Yury Li-Toroptsov<\/span><\/span>, <span class=\"hover:entity-accent entity-underline inline cursor-pointer align-baseline\"><span class=\"whitespace-normal\">Jean-Pierre Robert<\/span><\/span>, <span class=\"hover:entity-accent entity-underline inline cursor-pointer align-baseline\"><span class=\"whitespace-normal\">Dragana Favre<\/span><\/span> et <span class=\"hover:entity-accent entity-underline inline cursor-pointer align-baseline\"><span class=\"whitespace-normal\">Peggy Vermeesch<\/span><\/span>.<\/p>\n<p style=\"text-align: center;\"><a style=\"display: inline-block; background-color: #1f625d; color: #ffffff; padding: 10px 20px; text-align: center; text-decoration: none; border-radius: 25px; font-size: 16px; font-weight: bold;\" href=\"https:\/\/www.cgjung.net\/espace\/seminaires\/2026-05-intelligence-artificielle-psychologie-profondeur\/#inscription\" rel=\"noopener\">Je m&rsquo;inscris au colloque<\/a><\/p>\n<p>&nbsp;<\/p>\n<h1>Article<\/h1>\n<h2><a href=\"https:\/\/www.cgjung.net\/espace\/accueil\/lise-villemaire\/lily-couronne-noel\/\"><img loading=\"lazy\" decoding=\"async\" class=\"size-full wp-image-32377 alignright\" src=\"https:\/\/www.cgjung.net\/espace\/wp-content\/uploads\/2025\/12\/Lily-couronne-noel-v.jpg\" alt=\"\" width=\"120\" height=\"103\" \/>Lily et la couronne de No\u00ebl : conte pour enfants divins !<\/a><\/h2>\n<p>Dans ce nouveau texte, Lise Villemaire laisse \u00e9merger les images, symboles et synchronicit\u00e9s, r\u00e9v\u00e9lant la dynamique vivante de l\u2019inconscient telle que l\u2019entend la psychologie jungienne. Elle met ainsi en lumi\u00e8re la puissance transformatrice de l\u2019imaginaire, capable de s\u2019incarner dans un conte de No\u00ebl o\u00f9 l\u2019exp\u00e9rience personnelle devient mati\u00e8re de cr\u00e9ation et d\u2019individuation.<\/p>\n<p>&nbsp;<\/p>\n<h1>Entretiens<\/h1>\n<p>&nbsp;<\/p>\n<h2><a href=\"https:\/\/www.cgjung.net\/espace\/accueil\/peggy-vermeesch\/entretien-martin-schmidt\/\"><img loading=\"lazy\" decoding=\"async\" class=\"alignright size-full wp-image-31972\" src=\"https:\/\/www.cgjung.net\/espace\/wp-content\/uploads\/2025\/11\/martin-schmidt.jpg\" alt=\"\" width=\"120\" height=\"156\" \/>Entretien avec Martin Schmidt<\/a><\/h2>\n<p>Dans cet \u00e9change men\u00e9 par Peggy Vermeesch, Martin Schmidt explore les paradoxes du travail analytique.<\/p>\n<p>En s\u2019inspirant de la pens\u00e9e jungienne et psychanalytique, il r\u00e9fl\u00e9chit au concept du Soi, \u00e0 son travail avec des patients psychotiques, aux complexes culturels en Russie et en Chine, ainsi qu\u2019au r\u00f4le de la beaut\u00e9, de l\u2019art et du sublime, \u00e0 la temporalit\u00e9, \u00e0 la rupture du cadre analytique et au traumatisme \u00e9rotis\u00e9.<\/p>\n<p><a href=\"https:\/\/www.cgjung.net\/espace\/ressources\/medias\/#martin-1\"><img loading=\"lazy\" decoding=\"async\" class=\"alignright size-full wp-image-32227\" src=\"https:\/\/www.cgjung.net\/espace\/wp-content\/uploads\/2025\/12\/martin-schmidt-entretien.jpg\" alt=\"\" width=\"120\" height=\"96\" \/>Cet entretien est \u00e9galement disponible en vid\u00e9o<\/a><\/p>\n<p>Retrouvez \u00e9galement l\u2019entretien original avec Martin Schmidt en vid\u00e9o, en anglais avec des sous-titres en fran\u00e7ais.<\/p>\n<p>&nbsp;<\/p>\n<h2><a href=\"https:\/\/www.cgjung.net\/espace\/accueil\/rachel-huber\/discussion-avec-bertrand-de-la-vaissiere\/\"><img loading=\"lazy\" decoding=\"async\" class=\"alignright size-full wp-image-32103\" src=\"https:\/\/www.cgjung.net\/espace\/wp-content\/uploads\/2025\/11\/bertrand-de-la-vaissiere-v.jpg\" alt=\"\" width=\"120\" height=\"168\" \/>Discussion avec Bertrand de la Vaissi\u00e8re<\/a><\/h2>\n<p>Dans cette conversation \u00e0 haute densit\u00e9, les questions, en appui discret, de Rachel Huber ouvrent l\u2019espace pour la pens\u00e9e de Bertrand de la Vaissi\u00e8re autour de son dernier opus, Jung, l\u2019\u0152uvre au noir et le Christ rouge.<\/p>\n<p>Le fil se tend depuis la confrontation au chaos jusqu\u2019\u00e0 l\u2019autonomie de l\u2019inconscient, il traverse l\u2019imagination active, le sacrifice du h\u00e9ros, les pi\u00e8ges de l\u2019inflation, la question du mal et la port\u00e9e politique des id\u00e9es, tout en accordant une place sensible au v\u00e9cu du sens.<\/p>\n<p>&nbsp;<\/p>\n<h2><a href=\"https:\/\/www.cgjung.net\/espace\/accueil\/claire-droin\/entretien-veronique-liard\/\"><img loading=\"lazy\" decoding=\"async\" class=\"size-full wp-image-32278 alignright\" src=\"https:\/\/www.cgjung.net\/espace\/wp-content\/uploads\/2025\/12\/Veronique-Liard-v.png\" alt=\"\" width=\"120\" height=\"120\" \/>Entretien avec V\u00e9ronique Liard<\/a><\/h2>\n<p>Traductrice incontournable des \u0153uvres de Jung et de Neumann, enseignante et conf\u00e9renci\u00e8re, V\u00e9ronique Liard revient ici sur l\u2019exp\u00e9rience fondatrice qui a orient\u00e9 son parcours : sa rencontre avec une pens\u00e9e qui continue de questionner notre \u00e9poque. Un entretien qui ouvre un acc\u00e8s vivant et personnel \u00e0 la profondeur de la voie jungienne.<\/p>\n<p>&nbsp;<\/p>\n<h1>Ouvrages<\/h1>\n<h2><a href=\"https:\/\/www.cgjung.net\/espace\/ressources\/ecrits-freud-psychanalyse\/\">Les \u00c9crits sur Freud et la psychanalyse<\/a><a href=\"https:\/\/www.cgjung.net\/espace\/ressources\/ecrits-freud-psychanalyse\/\"><img loading=\"lazy\" decoding=\"async\" class=\"size-full wp-image-32055 alignright\" src=\"https:\/\/www.cgjung.net\/espace\/wp-content\/uploads\/2025\/11\/Ecrits-sur-Feud-et-psychanalyse-v.jpg\" alt=\"\" width=\"90\" height=\"141\" \/><\/a><\/h2>\n<p>Pendant plus d\u2019un demi-si\u00e8cle, Carl Gustav Jung n\u2019a cess\u00e9 de dialoguer avec l\u2019\u0153uvre de Freud, depuis l\u2019enthousiasme des d\u00e9buts jusqu\u2019\u00e0 une reconnaissance distanci\u00e9e et respectueuse. Cet ouvrage rassemble les textes dans lesquels se d\u00e9ploie, au fil du temps, une relation intellectuelle fondatrice de la psychologie du XX\u1d49 si\u00e8cle.<\/p>\n<p>&nbsp;<\/p>\n<h2><a href=\"https:\/\/www.cgjung.net\/espace\/ressources\/cahiers-jungiens-de-psychanalyse-no-162\/\"><img loading=\"lazy\" decoding=\"async\" class=\"alignright size-full wp-image-32473\" src=\"https:\/\/www.cgjung.net\/espace\/wp-content\/uploads\/2025\/12\/cahiers-jungiens-de-psychanalyse-no-162-v.jpg\" alt=\"\" width=\"90\" height=\"132\" \/>D\u00e9sirer, consentir, vouloir<\/a><\/h2>\n<p>Ce num\u00e9ro explore le d\u00e9sir et ses m\u00e9tamorphoses, de la vie onirique aux \u00e9preuves du transfert, de l\u2019adolescence aux remaniements du corps en mouvement. Entre histoire, clinique et po\u00e9sie, il interroge ce qui, en nous, r\u00e9siste, fascine, se trouble, puis cherche une forme plus humaine de lien, d\u2019esp\u00e9rance et d\u2019amour.<\/p>\n<p>&nbsp;<\/p>\n<h2><a href=\"https:\/\/www.cgjung.net\/espace\/ressources\/desir-et-plaisir\/\"><img loading=\"lazy\" decoding=\"async\" class=\"alignright size-full wp-image-32482\" src=\"https:\/\/www.cgjung.net\/espace\/wp-content\/uploads\/2025\/12\/desir-et-plaisir-v.jpg\" alt=\"\" width=\"90\" height=\"131\" \/>D\u00e9sir et plaisir<\/a><\/h2>\n<p>Le num\u00e9ro 10 des Publications de la SFPA rassemble les actes d\u2019une journ\u00e9e d\u2019\u00e9tude consacr\u00e9e \u00e0 l\u2019exploration d\u2019\u00c9ros dans sa dimension la plus exigeante : celle qui engage le corps, la relation, l\u2019ombre et le sacr\u00e9.<\/p>\n<p>&nbsp;<\/p>\n<h2><a href=\"https:\/\/www.cgjung.net\/espace\/ressources\/enfantement-philosophie\/\"><img loading=\"lazy\" decoding=\"async\" class=\"alignright size-full wp-image-32526\" src=\"https:\/\/www.cgjung.net\/espace\/wp-content\/uploads\/2025\/12\/penser-enfantement-philosophie-v.jpg\" alt=\"\" width=\"90\" height=\"135\" \/>Penser l&rsquo;enfantement en philosophie<\/a><\/h2>\n<p>Et si l\u2019enfantement, longtemps rel\u00e9gu\u00e9 aux marges du discours philosophique, constituait l\u2019une des exp\u00e9riences les plus d\u00e9cisives pour repenser le sens, le sujet et la philosophie elle-m\u00eame ? Clarisse Picard fait de cette interrogation le fil conducteur de cet ouvrage.<\/p>\n<p>&nbsp;<\/p>\n<h2><a href=\"https:\/\/www.cgjung.net\/espace\/ressources\/ce-a-quoi-le-mal-a-droit\/\"><img loading=\"lazy\" decoding=\"async\" class=\"alignright size-full wp-image-32504\" src=\"https:\/\/www.cgjung.net\/espace\/wp-content\/uploads\/2025\/12\/ce-a-quoi-le-mal-a-droit-v.jpg\" alt=\"\" width=\"90\" height=\"133\" \/>Ce \u00e0 quoi le Mal a droit<\/a><\/h2>\n<p>Dans ce livre Yves Buisson engage une r\u00e9flexion exigeante sur le mal, non comme concept abstrait, mais comme exp\u00e9rience v\u00e9cue, individuelle et collective, \u00e0 laquelle nul ne peut se soustraire. Loin des r\u00e9ponses morales ou id\u00e9ologiques, l\u2019auteur invite \u00e0 une confrontation lucide avec cette part sombre, condition n\u00e9cessaire pour que du sens et de la transformation puissent advenir.<\/p>\n<p>&nbsp;<\/p>\n<table style=\"border-collapse: collapse; width: 100%;\">\n<tbody>\n<tr>\n<td style=\"width: 100%; background-color: #ffbe00; padding: 20px; border-radius: 5px; text-align: center;\">\n<p><span style=\"color: #ffffff; font-size: 18pt;\"><strong>NOUS SOUTENIR<\/strong><\/span><\/p>\n<p>Gr\u00e2ce \u00e0 votre soutien financier, le site Espace Francophone Jungien peut continuer \u00e0 promouvoir la compr\u00e9hension et la diffusion de la pens\u00e9e jungienne. M\u00eame une petite contribution peut faire une grande diff\u00e9rence. Chaque don compte, merci pour votre g\u00e9n\u00e9rosit\u00e9 !<\/p>\n<p><a style=\"display: inline-block; background-color: #1f625d; color: #ffffff; padding: 10px 20px; text-align: center; text-decoration: none; border-radius: 25px; font-size: 16px; font-weight: bold;\" href=\"https:\/\/www.helloasso.com\/associations\/espace-francophone-jungien\/formulaires\/1\" target=\"_blank\" rel=\"noopener\">Je fais un don<\/a><\/td>\n<\/tr>\n<\/tbody>\n<\/table>\n<p>&nbsp;<\/p>\n<p>En 1955, Carl Gustav Jung alertait d\u00e9j\u00e0 sur les effets des technologies de son temps. Soixante-et-onze ans plus tard, alors que les environnements num\u00e9riques et m\u00e9diatiques fa\u00e7onnent en profondeur nos modes de pens\u00e9e, d\u2019attention et de relation au monde, ces r\u00e9flexions sont plus que jamais pertinentes :<\/p>\n<blockquote>\n<p>\u00ab Les tensions et les troubles de la vie, au XXe si\u00e8cle, ont tant affect\u00e9 l&rsquo;esprit moderne que dans de nombreux pays les enfants ne savent plus se concentrer. Ici \u00e0 Zurich, les instituteurs de la partie sup\u00e9rieure du lac m&rsquo;ont demand\u00e9 pourquoi ils ne pouvaient plus terminer le programme. Les enfants, selon eux, semblaient incapables de se concentrer. Je leur r\u00e9pondis que la faute en incombait au cin\u00e9ma, \u00e0 la radio, \u00e0 la t\u00e9l\u00e9vision, au bruit continuel des voitures et au ronflement des avions. Tout cela d\u00e9tourne l&rsquo;attention. Les m\u00eames distractions affectent aussi bien les adultes. \u00bb<br \/>\n<a href=\"https:\/\/www.cgjung.net\/oeuvre\/cgjung_parle.htm\" target=\"_blank\" rel=\"noopener\">C. G. Jung parle<\/a>, page 196, interview Frederick Sands, correspondant au Daily Mail londonien.<\/p>\n<\/blockquote>\n<p>Que les articles et les r\u00e9flexions partag\u00e9s sur ce site puissent vous guider sur votre chemin. \u00c0 chacun lumi\u00e8re, confiance et \u00e9lan tout au long de l\u2019ann\u00e9e.<\/p>\n<p style=\"text-align: right;\">L&rsquo;\u00e9quipe d&rsquo;Espace Francophone Jungien<\/p>\n<p><em><a id=\"abonnement\"><\/a>Nous vous encourageons \u00e0 partager cette lettre d\u2019information avec vos proches. Vous avez \u00e9galement la libert\u00e9 de vous d\u00e9sabonner et de vous r\u00e9abonner \u00e0 tout moment, selon votre convenance.<\/em><\/p>\n<p><a href=\"https:\/\/www.cgjung.net\/espace\/lettre-information\/\">Historique des lettres d&rsquo;information<\/a><\/p>\n<p><a href=\"https:\/\/eepurl.com\/dtGE4X\" target=\"_blank\" rel=\"noopener\">Acc\u00e8s au formulaire pour vous abonner<\/a><\/p>\n<p><a href=\"https:\/\/cgjung.us18.list-manage.com\/unsubscribe?u=d3a4a24a2d98c83ada4736a3f&amp;id=3d1120f532\" target=\"_blank\" rel=\"noopener\">Acc\u00e8s au formulaire pour vous d\u00e9sabonner<\/a><\/p>\n\n","protected":false},"excerpt":{"rendered":"<p>Cette lettre comprend : Colloque Intelligence Artificielle &amp; Psychologie des Profondeurs | Lily et la couronne de No\u00ebl : conte pour enfants divins ! | Entretien avec Martin Schmidt | Discussion avec Bertrand de la Vaissi\u00e8re | Entretien avec V\u00e9ronique Liard | Les \u00c9crits sur Freud et la psychanalyse | D\u00e9sirer, consentir, vouloir | D\u00e9sir [&hellip;]<\/p>\n","protected":false},"author":1,"featured_media":0,"parent":23487,"menu_order":91,"comment_status":"closed","ping_status":"closed","template":"","meta":{"footnotes":""},"class_list":["post-32735","page","type-page","status-publish","hentry"],"_links":{"self":[{"href":"https:\/\/www.cgjung.net\/espace\/wp-json\/wp\/v2\/pages\/32735","targetHints":{"allow":["GET"]}}],"collection":[{"href":"https:\/\/www.cgjung.net\/espace\/wp-json\/wp\/v2\/pages"}],"about":[{"href":"https:\/\/www.cgjung.net\/espace\/wp-json\/wp\/v2\/types\/page"}],"author":[{"embeddable":true,"href":"https:\/\/www.cgjung.net\/espace\/wp-json\/wp\/v2\/users\/1"}],"replies":[{"embeddable":true,"href":"https:\/\/www.cgjung.net\/espace\/wp-json\/wp\/v2\/comments?post=32735"}],"version-history":[{"count":1,"href":"https:\/\/www.cgjung.net\/espace\/wp-json\/wp\/v2\/pages\/32735\/revisions"}],"predecessor-version":[{"id":32736,"href":"https:\/\/www.cgjung.net\/espace\/wp-json\/wp\/v2\/pages\/32735\/revisions\/32736"}],"up":[{"embeddable":true,"href":"https:\/\/www.cgjung.net\/espace\/wp-json\/wp\/v2\/pages\/23487"}],"wp:attachment":[{"href":"https:\/\/www.cgjung.net\/espace\/wp-json\/wp\/v2\/media?parent=32735"}],"curies":[{"name":"wp","href":"https:\/\/api.w.org\/{rel}","templated":true}]}}