{"id":32583,"date":"2025-12-22T07:00:37","date_gmt":"2025-12-22T06:00:37","guid":{"rendered":"https:\/\/www.cgjung.net\/espace\/?page_id=32583"},"modified":"2026-01-25T11:34:29","modified_gmt":"2026-01-25T10:34:29","slug":"inscription-desinscription","status":"publish","type":"page","link":"https:\/\/www.cgjung.net\/espace\/lettre-information\/inscription-desinscription\/","title":{"rendered":"Lettre d\u2019information d\u2019Espace Francophone Jungien"},"content":{"rendered":"<p><strong>En vous abonnant \u00e0 notre lettre d\u2019information, vous acceptez de recevoir ponctuellement des messages d\u2019Espace Francophone Jungien (EFJ) vous informant de nos activit\u00e9s (articles, s\u00e9minaires, colloques, pr\u00e9sentations d&rsquo;ouvrage) et partageant des \u00e9l\u00e9ments de r\u00e9flexion en lien avec la psychologie des profondeurs.<\/strong><\/p>\n<p><a href=\"https:\/\/www.cgjung.net\/espace\/lettre-information\/\">Vous pouvez consulter ici les lettres d\u2019information<\/a> que nous avons d\u00e9j\u00e0 diffus\u00e9es.<\/p>\n<p>L\u2019inscription et la gestion des abonnements sont assur\u00e9es de mani\u00e8re attentive et non automatis\u00e9e.&nbsp;<\/p>\n<p>Vous pouvez \u00e0 tout moment demander votre d\u00e9sabonnement. Cette demande sera prise en compte manuellement par l\u2019\u00e9quipe d\u2019EFJ, et votre adresse sera retir\u00e9e du syst\u00e8me concern\u00e9 dans les meilleurs d\u00e9lais.<\/p>\n<p>&nbsp;<\/p>\n<p><iframe loading=\"lazy\" src=\"https:\/\/docs.google.com\/forms\/d\/e\/1FAIpQLSclxa-JfJqOIAKNdqz4JJdUnPftIaaB3C2FE1hDBpIudv0Isg\/viewform?embedded=true\" width=\"100%\" height=\"926\" frameborder=\"0\" marginwidth=\"0\" marginheight=\"0\"><span data-mce-type=\"bookmark\" style=\"display: inline-block; width: 0px; overflow: hidden; line-height: 0;\" class=\"mce_SELRES_start\">\ufeff<\/span>Chargement\u2026<\/iframe><\/p>\n<p>Votre adresse e-mail est utilis\u00e9e uniquement pour l\u2019envoi de cette lettre d\u2019information et n\u2019est jamais transmise \u00e0 des tiers.<\/p>\n","protected":false},"excerpt":{"rendered":"<p>En vous abonnant \u00e0 notre lettre d\u2019information, vous acceptez de recevoir ponctuellement des messages d\u2019Espace Francophone Jungien (EFJ) vous informant de nos activit\u00e9s (articles, s\u00e9minaires, colloques, pr\u00e9sentations d&rsquo;ouvrage) et partageant des \u00e9l\u00e9ments de r\u00e9flexion en lien avec la psychologie des profondeurs. Vous pouvez consulter ici les lettres d\u2019information que nous avons d\u00e9j\u00e0 diffus\u00e9es. L\u2019inscription et [&hellip;]<\/p>\n","protected":false},"author":1,"featured_media":0,"parent":23487,"menu_order":0,"comment_status":"closed","ping_status":"closed","template":"","meta":{"footnotes":""},"class_list":["post-32583","page","type-page","status-publish","hentry"],"_links":{"self":[{"href":"https:\/\/www.cgjung.net\/espace\/wp-json\/wp\/v2\/pages\/32583","targetHints":{"allow":["GET"]}}],"collection":[{"href":"https:\/\/www.cgjung.net\/espace\/wp-json\/wp\/v2\/pages"}],"about":[{"href":"https:\/\/www.cgjung.net\/espace\/wp-json\/wp\/v2\/types\/page"}],"author":[{"embeddable":true,"href":"https:\/\/www.cgjung.net\/espace\/wp-json\/wp\/v2\/users\/1"}],"replies":[{"embeddable":true,"href":"https:\/\/www.cgjung.net\/espace\/wp-json\/wp\/v2\/comments?post=32583"}],"version-history":[{"count":10,"href":"https:\/\/www.cgjung.net\/espace\/wp-json\/wp\/v2\/pages\/32583\/revisions"}],"predecessor-version":[{"id":32978,"href":"https:\/\/www.cgjung.net\/espace\/wp-json\/wp\/v2\/pages\/32583\/revisions\/32978"}],"up":[{"embeddable":true,"href":"https:\/\/www.cgjung.net\/espace\/wp-json\/wp\/v2\/pages\/23487"}],"wp:attachment":[{"href":"https:\/\/www.cgjung.net\/espace\/wp-json\/wp\/v2\/media?parent=32583"}],"curies":[{"name":"wp","href":"https:\/\/api.w.org\/{rel}","templated":true}]}}