{"id":32527,"date":"2025-12-19T05:50:39","date_gmt":"2025-12-19T04:50:39","guid":{"rendered":"https:\/\/www.cgjung.net\/espace\/?page_id=32527"},"modified":"2025-12-19T06:53:07","modified_gmt":"2025-12-19T05:53:07","slug":"enfantement-philosophie","status":"publish","type":"page","link":"https:\/\/www.cgjung.net\/espace\/ressources\/enfantement-philosophie\/","title":{"rendered":"Penser l&rsquo;enfantement en philosophie"},"content":{"rendered":"<p><strong>Et si l\u2019enfantement, longtemps rel\u00e9gu\u00e9 aux marges du discours philosophique, constituait l\u2019une des exp\u00e9riences les plus d\u00e9cisives pour repenser le sens, le sujet et la philosophie elle-m\u00eame ? Clarisse Picard fait de cette interrogation le fil conducteur de cet ouvrage.<\/strong><\/p>\n<p><img loading=\"lazy\" decoding=\"async\" class=\"size-full wp-image-32525 aligncenter\" src=\"https:\/\/www.cgjung.net\/espace\/wp-content\/uploads\/2025\/12\/penser-enfantement-philosophie.jpg\" alt=\"\" width=\"280\" height=\"420\" srcset=\"https:\/\/www.cgjung.net\/espace\/wp-content\/uploads\/2025\/12\/penser-enfantement-philosophie.jpg 280w, https:\/\/www.cgjung.net\/espace\/wp-content\/uploads\/2025\/12\/penser-enfantement-philosophie-200x300.jpg 200w\" sizes=\"auto, (max-width: 280px) 100vw, 280px\" \/><\/p>\n<p>Cet ouvrage s\u2019attaque \u00e0 une question longtemps laiss\u00e9e en marge de la philosophie&nbsp;: celle du sens de l\u2019enfantement. Face \u00e0 la double dynamique d\u2019assujettissement persistant des femmes et d\u2019effacement contemporain de leur corps et de leur subjectivit\u00e9, Clarisse Picard hisse l\u2019exp\u00e9rience de l\u2019enfantement au rang de probl\u00e8me philosophique \u00e0 part enti\u00e8re. Elle propose de penser l\u2019enfantement comme une exp\u00e9rience d\u2019incarnation, d\u2019individuation et de transformation du sujet.<\/p>\n<p>Loin de toute r\u00e9duction biologique ou id\u00e9alisation abstraite, l\u2019enfantement devient ici un lieu de cr\u00e9ation symbolique, o\u00f9 se co-constituent le sens, le soi et la relation \u00e0 l\u2019autre. L\u2019ouvrage engage ainsi une relecture profonde des rapports entre philosophie, f\u00e9minit\u00e9 et transmission, tout en ouvrant un dialogue exigeant avec la th\u00e9ologie, l\u2019\u00e9thique et les enjeux contemporains de la cr\u00e9ation, de la diff\u00e9rence sexuelle et de l\u2019\u00e9mancipation.<\/p>\n<h2>Pr\u00e9sentation de l&rsquo;\u00e9diteur<\/h2>\n<p>Et si penser l&rsquo;enfantement en philosophie permettait de red\u00e9couvrir l&rsquo;exp\u00e9rience matricielle qui est au fondement m\u00eame de la philosophie ? Une ph\u00e9nom\u00e9nologie de l&rsquo;enfantement, en dialogue avec la psychanalyse, op\u00e8re un v\u00e9ritable changement de paradigme quant \u00e0 nos repr\u00e9sentations des m\u00e8res, de l&rsquo;enfantement et de la philosophie elle-m\u00eame.<\/p>\n<p>La r\u00e9flexion se prolonge dans un dialogue avec la th\u00e9ologie, interrogeant les correspondances entre l&rsquo;incarnation f\u00e9minine dans l&rsquo;enfantement et l&rsquo;Incarnation de J\u00e9sus-Christ, ainsi que leurs implications pour repenser les relations entre hommes et femmes dans l&rsquo;\u00c9glise. Il s&rsquo;agit enfin de ressaisir le sens universel de l&rsquo;enfantement, d\u00e9fini comme mouvement originaire du na\u00eetre \u00e0 soi-m\u00eame en donnant naissance \u00e0 des enfants ou \u00e0 des \u0153uvres.<\/p>\n<h2>Table des mati\u00e8res<\/h2>\n<p>Introduction<\/p>\n<p style=\"text-align: left;\">Penser l&rsquo;enfantement dans une perspective \u00e9mancipatrice :<\/p>\n<ul>\n<li>Incarnation et individuation \u00e0 l&rsquo;\u00e9preuve de l&rsquo;enfantement.<\/li>\n<li>Penser l&rsquo;enfantement dans une perspective \u00e9mancipatrice ?<\/li>\n<li>Intersubjectivit\u00e9 et alt\u00e9rit\u00e9 dans l&rsquo;exp\u00e9rience de l&rsquo;enfantement.<\/li>\n<li>Enjeux d&rsquo;une philosophie de l&rsquo;enfantement, de l&rsquo;ontologie \u00e0 l&rsquo;\u00e9thique.<\/li>\n<\/ul>\n<p>Apport de la philosophie de l&rsquo;enfantement \u00e0 la r\u00e9flexion th\u00e9ologique :<\/p>\n<ul>\n<li>L&rsquo;assujettissement des femmes&nbsp;en raison de leur potentialit\u00e9 maternelle,&nbsp;dans la soci\u00e9t\u00e9 et dans l&rsquo;\u00e9glise,&nbsp;et leviers d&rsquo;\u00e9mancipation.<\/li>\n<li>L&rsquo;enfantement, un probl\u00e8me non th\u00e9ologique.<\/li>\n<li>L&rsquo;\u00e9glise et le corps des femmes.<\/li>\n<li>\u00c9thique de la diff\u00e9rence sexuelle pour une \u00e9glise en enfantement.<\/li>\n<\/ul>\n<p>Enfanter, un mouvement originaire :<\/p>\n<ul>\n<li>L&rsquo;enfantement, \u00e2ge de la vie ou mouvement originaire&nbsp;?<\/li>\n<li>L&rsquo;enfantement, paradigme de la cr\u00e9ation artistique ?<\/li>\n<\/ul>\n<p>Remerciements,&nbsp;source des textes,&nbsp;bibliographie,&nbsp;index des noms et&nbsp;index des notions.<\/p>\n<p><em>\u00c9ditions Classiques Garnier &#8211; 2025 &#8211; 236 pages &#8211; ISBN 9782406185413 &#8211; 15 x 22 x 1,2 cm<\/em><\/p>\n<h2>Clarisse Picard<\/h2>\n<p>Clarisse Picard est professeure de philosophie aux Facult\u00e9s Loyola Paris (anciennement Centre S\u00e8vres), docteure en philosophie et titulaire d&rsquo;un baccalaur\u00e9at canonique de th\u00e9ologie du Centre S\u00e8vres. Ses recherches portent sur une philosophie de l&rsquo;enfantement dans une perspective \u00e9mancipatrice, ainsi que sur les repr\u00e9sentations du f\u00e9minin, des femmes et des m\u00e8res en philosophie.<\/p>\n","protected":false},"excerpt":{"rendered":"<p>Et si l\u2019enfantement, longtemps rel\u00e9gu\u00e9 aux marges du discours philosophique, constituait l\u2019une des exp\u00e9riences les plus d\u00e9cisives pour repenser le sens, le sujet et la philosophie elle-m\u00eame ? Clarisse Picard fait de cette interrogation le fil conducteur de cet ouvrage. Cet ouvrage s\u2019attaque \u00e0 une question longtemps laiss\u00e9e en marge de la philosophie&nbsp;: celle du [&hellip;]<\/p>\n","protected":false},"author":1,"featured_media":0,"parent":9713,"menu_order":0,"comment_status":"closed","ping_status":"closed","template":"","meta":{"footnotes":""},"class_list":["post-32527","page","type-page","status-publish","hentry"],"_links":{"self":[{"href":"https:\/\/www.cgjung.net\/espace\/wp-json\/wp\/v2\/pages\/32527","targetHints":{"allow":["GET"]}}],"collection":[{"href":"https:\/\/www.cgjung.net\/espace\/wp-json\/wp\/v2\/pages"}],"about":[{"href":"https:\/\/www.cgjung.net\/espace\/wp-json\/wp\/v2\/types\/page"}],"author":[{"embeddable":true,"href":"https:\/\/www.cgjung.net\/espace\/wp-json\/wp\/v2\/users\/1"}],"replies":[{"embeddable":true,"href":"https:\/\/www.cgjung.net\/espace\/wp-json\/wp\/v2\/comments?post=32527"}],"version-history":[{"count":6,"href":"https:\/\/www.cgjung.net\/espace\/wp-json\/wp\/v2\/pages\/32527\/revisions"}],"predecessor-version":[{"id":32539,"href":"https:\/\/www.cgjung.net\/espace\/wp-json\/wp\/v2\/pages\/32527\/revisions\/32539"}],"up":[{"embeddable":true,"href":"https:\/\/www.cgjung.net\/espace\/wp-json\/wp\/v2\/pages\/9713"}],"wp:attachment":[{"href":"https:\/\/www.cgjung.net\/espace\/wp-json\/wp\/v2\/media?parent=32527"}],"curies":[{"name":"wp","href":"https:\/\/api.w.org\/{rel}","templated":true}]}}