{"id":32480,"date":"2025-12-18T15:32:55","date_gmt":"2025-12-18T14:32:55","guid":{"rendered":"https:\/\/www.cgjung.net\/espace\/?page_id=32480"},"modified":"2025-12-18T15:40:48","modified_gmt":"2025-12-18T14:40:48","slug":"desir-et-plaisir","status":"publish","type":"page","link":"https:\/\/www.cgjung.net\/espace\/ressources\/desir-et-plaisir\/","title":{"rendered":"D\u00e9sir et plaisir"},"content":{"rendered":"<p><strong>Le num\u00e9ro 10 des Publications de la SFPA rassemble les actes d&rsquo;une journ\u00e9e&nbsp; d&rsquo;\u00e9tude consacr\u00e9e \u00e0 l\u2019exploration d\u2019\u00c9ros dans sa dimension la plus exigeante : celle qui engage le corps, la relation, l\u2019ombre et le sacr\u00e9.<\/strong><img loading=\"lazy\" decoding=\"async\" class=\"size-full wp-image-32481 aligncenter\" src=\"https:\/\/www.cgjung.net\/espace\/wp-content\/uploads\/2025\/12\/desir-et-plaisir.jpg\" alt=\"\" width=\"280\" height=\"407\" srcset=\"https:\/\/www.cgjung.net\/espace\/wp-content\/uploads\/2025\/12\/desir-et-plaisir.jpg 280w, https:\/\/www.cgjung.net\/espace\/wp-content\/uploads\/2025\/12\/desir-et-plaisir-206x300.jpg 206w\" sizes=\"auto, (max-width: 280px) 100vw, 280px\" \/><\/p>\n<p>&nbsp;<\/p>\n<p style=\"text-align: center;\"><a href=\"https:\/\/cgjungfrance.com\/2025\/11\/publications-de-la-sfpa-n10-actes-de-la-journee-desir-et-plaisir\/\" target=\"_blank\" rel=\"noopener noreferrer\">Les commander aupr\u00e8s des Publications de la SFPA<\/a><\/p>\n<p style=\"text-align: center;\">Num\u00e9ro 10 \u2013 15,5 cm x 22 cm \u2013 138 pages&nbsp;<\/p>\n<h2>Vers une \u00e9rotique de l\u2019alchimie<\/h2>\n<p>Dans une intervention dense, <strong>Sophie Seale<\/strong> propose une lecture alchimique du d\u00e9sir et du plaisir, en dialogue avec Jung, Hillman, Kalshed, Schnarch et Bataille. Elle explore la mani\u00e8re dont l\u2019\u00e9nergie \u00e9rotique peut se noircir au contact du trauma, se retourner contre la vie et produire des formes de sadomasochisme psychique ou relationnel.<\/p>\n<p>Son propos engage une v\u00e9ritable \u00e9rotique alchimique, o\u00f9 les diff\u00e9rentes phases du Grand \u0152uvre deviennent des rep\u00e8res cliniques pour comprendre comment \u00c9ros peut \u00eatre humanis\u00e9, purifi\u00e9, puis r\u00e9int\u00e9gr\u00e9 comme force vivante au service du Soi.<\/p>\n<h2>Oh toi d\u00e9sir qui vas chanter<\/h2>\n<p><strong>Bertrand de la Vaissi\u00e8re<\/strong> poursuit cette exploration en donnant voix au d\u00e9sir comme puissance po\u00e9tique et symbolique. Il met en lumi\u00e8re la tension permanente entre \u00e9lan vital et risque de fixation, entre appel de la vie et enfermement pulsionnel.<\/p>\n<p>Son intervention rappelle que le d\u00e9sir n\u2019est jamais un simple manque \u00e0 combler, mais un mouvement int\u00e9rieur qui, lorsqu\u2019il est reconnu et contenu, peut devenir chant, orientation et cr\u00e9ation de sens. Bertrand de la Vaissi\u00e8re en parle alors avec des mots qui laissent percevoir le d\u00e9sir comme une exp\u00e9rience int\u00e9rieure en devenir&nbsp; :<\/p>\n<blockquote>\n<p>\u00ab\u00a0Et puis le plaisir est un don, un go\u00fbt, une gourmandise. Et de cela nous devons \u00eatre infiniment reconnaissants. J\u2019aurais tendance \u00e0 dire que lorsqu\u2019il survient, vraiment, c\u2019est le signe indubitable que l\u2019amour est l\u00e0, fruit du hasard ou de la n\u00e9cessit\u00e9. Et qu\u2019il doit \u00eatre respect\u00e9 autant que la personne avec laquelle on le partage.\u00a0\u00bb (p. 55)<\/p>\n<\/blockquote>\n<h2>Amours et synchronicit\u00e9s, au temps de l\u2019\u0153uvre au rouge<\/h2>\n<p><strong>Marie-Laure Colonna<\/strong> inscrit d\u00e9sir et plaisir dans la dynamique de la rubedo, cette phase ultime de l\u2019alchimie o\u00f9 l\u2019exp\u00e9rience humaine s\u2019incarne pleinement. Elle montre comment les relations amoureuses, leurs \u00e9preuves et leurs rencontres parfois synchronistiques, participent \u00e0 la maturation du lien entre le Moi et le Soi.<\/p>\n<p>L\u2019amour n\u2019y est ni id\u00e9alis\u00e9 ni disqualifi\u00e9, mais compris comme un lieu de passage, o\u00f9 se r\u00e9v\u00e8lent \u00e0 la fois la profondeur du lien et la vuln\u00e9rabilit\u00e9 de l\u2019\u00e2me. C\u2019est \u00e0 partir de cette compr\u00e9hension de l\u2019amour comme lieu de passage qu\u2019elle formule cette image saisissante :<\/p>\n<blockquote>\n<p>\u00ab\u00a0Et lorsque les mar\u00e9es hautes et basses de la vie pourraient para\u00eetre monotones et d\u00e9sesp\u00e9rantes, on se souvient que ne pas s\u2019identifier au plaisir ou au d\u00e9plaisir dans la vie est capital pour pouvoir chevaucher son dragon et tenir fermement le gouvernail de sa barque.\u00a0\u00bb (p. 106)<\/p>\n<\/blockquote>\n<p><strong>Ce num\u00e9ro fait d\u2019\u00c9ros une \u00e9preuve de v\u00e9rit\u00e9, o\u00f9 se r\u00e9v\u00e8lent \u00e0 la fois la fragilit\u00e9 et la puissance du vivant.<\/strong><\/p>\n<h2>Les publications de la SFPA<\/h2>\n<p><em>(Pr\u00e9sent\u00e9es sur le site EFJ)<\/em><\/p>\n<p><strong>Ouvrage<\/strong><\/p>\n<ul>\n<li><a href=\"https:\/\/www.cgjung.net\/espace\/ressources\/supervision\/\">Superviser et \u00eatre supervis\u00e9<\/a><\/li>\n<\/ul>\n<p><strong>Actes des colloques<\/strong><\/p>\n<ul>\n<li><a href=\"https:\/\/www.cgjung.net\/espace\/ressources\/jung-alchimie-temps\/\">1 &#8211; Jung et l\u2019alchimie du temps<\/a> (16 novembre 2019)<\/li>\n<li><a href=\"https:\/\/www.cgjung.net\/espace\/ressources\/dissidence-en-psychanalyse\/\">2 &#8211; Dissidence en psychanalyse<\/a> (3 octobre 2020)<\/li>\n<li><a href=\"https:\/\/www.cgjung.net\/espace\/ressources\/technologies-inconscient\/\">3 &#8211; Technologies et inconscient<\/a> (10 avril 2021)<\/li>\n<li><a href=\"https:\/\/www.cgjung.net\/espace\/ressources\/couleurs-alchimiques\/\">4 &#8211; Couleurs alchimiques \u2013 La vie en jaune<\/a> (9 octobre 2021)<\/li>\n<li><a href=\"https:\/\/www.cgjung.net\/espace\/ressources\/feminin-psyche\/\">5 &#8211; Jung et l\u2019\u0153uvre du f\u00e9minin dans la psych\u00e9<\/a> (19 novembre 2022)<\/li>\n<li><a href=\"https:\/\/www.cgjung.net\/espace\/ressources\/psychiatrie-psychanalyse\/\">6 &#8211; L&rsquo;approche jungienne \u00e0 la crois\u00e9e de la psychiatrie et de la psychanalyse<\/a> (9 avril 2022)<\/li>\n<li><a href=\"https:\/\/www.cgjung.net\/espace\/ressources\/sfpa-no7\/\">7 &#8211; Qu\u2019est ce que l\u2019on se raconte comme histoire ?<\/a>&nbsp; (13 mai 2023)<\/li>\n<li><a href=\"https:\/\/www.cgjung.net\/espace\/ressources\/couleurs-alchimiques-rouge\/\">8 &#8211; Couleurs alchimiques. La vie en rouge<\/a> (2 d\u00e9cembre 2023)<\/li>\n<li><a href=\"https:\/\/www.cgjung.net\/espace\/ressources\/yi-jing-individuation\/\">9 &#8211; Le Yi Jing et l&rsquo;individuation<\/a> (14 d\u00e9cembre 2024)<\/li>\n<li><a href=\"https:\/\/www.cgjung.net\/espace\/ressources\/desir-et-plaisir\/\">10 &#8211; D\u00e9sir et plaisir<\/a> (24 mai 2025)<\/li>\n<\/ul>\n\n","protected":false},"excerpt":{"rendered":"<p>Le num\u00e9ro 10 des Publications de la SFPA rassemble les actes d&rsquo;une journ\u00e9e&nbsp; d&rsquo;\u00e9tude consacr\u00e9e \u00e0 l\u2019exploration d\u2019\u00c9ros dans sa dimension la plus exigeante : celle qui engage le corps, la relation, l\u2019ombre et le sacr\u00e9. &nbsp; Les commander aupr\u00e8s des Publications de la SFPA Num\u00e9ro 10 \u2013 15,5 cm x 22 cm \u2013 138 [&hellip;]<\/p>\n","protected":false},"author":1,"featured_media":0,"parent":9713,"menu_order":0,"comment_status":"closed","ping_status":"closed","template":"","meta":{"footnotes":""},"class_list":["post-32480","page","type-page","status-publish","hentry"],"_links":{"self":[{"href":"https:\/\/www.cgjung.net\/espace\/wp-json\/wp\/v2\/pages\/32480","targetHints":{"allow":["GET"]}}],"collection":[{"href":"https:\/\/www.cgjung.net\/espace\/wp-json\/wp\/v2\/pages"}],"about":[{"href":"https:\/\/www.cgjung.net\/espace\/wp-json\/wp\/v2\/types\/page"}],"author":[{"embeddable":true,"href":"https:\/\/www.cgjung.net\/espace\/wp-json\/wp\/v2\/users\/1"}],"replies":[{"embeddable":true,"href":"https:\/\/www.cgjung.net\/espace\/wp-json\/wp\/v2\/comments?post=32480"}],"version-history":[{"count":5,"href":"https:\/\/www.cgjung.net\/espace\/wp-json\/wp\/v2\/pages\/32480\/revisions"}],"predecessor-version":[{"id":32488,"href":"https:\/\/www.cgjung.net\/espace\/wp-json\/wp\/v2\/pages\/32480\/revisions\/32488"}],"up":[{"embeddable":true,"href":"https:\/\/www.cgjung.net\/espace\/wp-json\/wp\/v2\/pages\/9713"}],"wp:attachment":[{"href":"https:\/\/www.cgjung.net\/espace\/wp-json\/wp\/v2\/media?parent=32480"}],"curies":[{"name":"wp","href":"https:\/\/api.w.org\/{rel}","templated":true}]}}