{"id":32471,"date":"2025-12-17T07:30:53","date_gmt":"2025-12-17T06:30:53","guid":{"rendered":"https:\/\/www.cgjung.net\/espace\/?page_id=32471"},"modified":"2025-12-19T07:21:43","modified_gmt":"2025-12-19T06:21:43","slug":"cahiers-jungiens-de-psychanalyse-no-162","status":"publish","type":"page","link":"https:\/\/www.cgjung.net\/espace\/ressources\/cahiers-jungiens-de-psychanalyse-no-162\/","title":{"rendered":"Cahiers Jungiens de Psychanalyse no 162"},"content":{"rendered":"<p><strong>Ce num\u00e9ro explore le d\u00e9sir et ses m\u00e9tamorphoses, de la vie onirique aux \u00e9preuves du transfert, de l\u2019adolescence aux remaniements du corps en mouvement. Entre histoire, clinique et po\u00e9sie, il interroge ce qui, en nous, r\u00e9siste, fascine, se trouble, puis cherche une forme plus humaine de lien, d\u2019esp\u00e9rance et d\u2019amour.<\/strong><\/p>\n<p><img loading=\"lazy\" decoding=\"async\" class=\"size-full wp-image-32472 aligncenter\" src=\"https:\/\/www.cgjung.net\/espace\/wp-content\/uploads\/2025\/12\/cahiers-jungiens-de-psychanalyse-no-162.jpg\" alt=\"\" width=\"280\" height=\"411\" srcset=\"https:\/\/www.cgjung.net\/espace\/wp-content\/uploads\/2025\/12\/cahiers-jungiens-de-psychanalyse-no-162.jpg 280w, https:\/\/www.cgjung.net\/espace\/wp-content\/uploads\/2025\/12\/cahiers-jungiens-de-psychanalyse-no-162-204x300.jpg 204w\" sizes=\"auto, (max-width: 280px) 100vw, 280px\" \/><\/p>\n<p style=\"text-align: center;\"><a href=\"https:\/\/cahiers-jungiens.cairn.info\/\" target=\"_blank\" rel=\"noopener noreferrer\">Achat ou abonnement sur le site des Cahiers Jungiens de Psychanalyse<\/a><\/p>\n<p style=\"text-align: center;\">&nbsp;Automne-Hiver 2025 &#8211; 24,6 cm x 17 cm x 1,3 cm \u2013 166 pages<\/p>\n<h2>Contenu du num\u00e9ro D\u00e9sirer, consentir, vouloir (I)<\/h2>\n<p><strong>\u00c9ditorial<\/strong><br \/>\nPar Sophie Braun, Laurence Druet, Laurence Lacour<\/p>\n<p><strong>Sur l\u2019aveugle r\u00e9sistance des r\u00eaves<br \/>\n<\/strong><em>Aim\u00e9 Agnel<\/em><\/p>\n<p>Cet article nous convie \u00e0 une histoire libre du r\u00eave en empruntant des chemins de traverse. Walter Benjamin propose une lecture des r\u00eaves \u00e9loign\u00e9e de l\u2019interpr\u00e9tation freudienne. Il convient selon lui d\u2019en prot\u00e9ger le caract\u00e8re secret et de l\u2019envisager comme une rencontre du moi avec lui-m\u00eame, \u201ccomme il lui est impossible de le faire dans la vie \u00e9veill\u00e9e\u201d.<\/p>\n<p>Marguerite Yourcenar, t\u00e9moigne quant \u00e0 elle d\u2019une compr\u00e9hension po\u00e9tique du r\u00eave, le consid\u00e9rant comme un assemblage d\u2019images dont le dormeur \u201cuse avec plus ou moins de bonheur pour parler de soi \u00e0 soi-m\u00eame\u201d.<\/p>\n<p>Les r\u00eaves recueillis entre 1930 et 1939 par Charlotte Beradt mettent en sc\u00e8ne le collectif en marche et renvoient \u00e0 la domination nazie en train de s\u2019\u00e9tablir en Allemagne. De m\u00eame, Frantz Fanon met-il en \u00e9vidence le caract\u00e8re politique des r\u00eaves d\u2019hommes noirs, dont l\u2019\u00e9lucidation passe par la n\u00e9cessaire transformation des structures sociales.<\/p>\n<p>Enfin, A. Adler et C. G. Jung mettent l\u2019accent, pour le premier, sur le complexe d\u2019inf\u00e9riorit\u00e9 et la volont\u00e9 de puissance, tandis que le second introduit dans l\u2019analyse des r\u00eaves la dynamique arch\u00e9typique, la&nbsp; compensation et le jeu des contraires.<\/p>\n<p><strong>La syzygie animusienne<br \/>\n<\/strong><em>Fabienne Neuquelman-Denis<\/em><strong><br \/>\n<\/strong><\/p>\n<p>L\u2019autrice proc\u00e8de \u00e0 une relecture des concepts d\u2019animus et d\u2019anima au regard de la clinique et des recherches contemporaines. Apr\u00e8s examen de la notion de syzygie, une reformulation est propos\u00e9e de ce qu\u2019elle nomme la fonction animusienne.<\/p>\n<p><strong>S\u00e9duction et fascination, une travers\u00e9e sensible<\/strong><br \/>\n<em>Laurence Druet<\/em><\/p>\n<p>Certaines personnes ont d\u00fb s\u2019appuyer sur des sch\u00e8mes arch\u00e9typiques pour acqu\u00e9rir une construction identitaire fragile et trouver une place dans la soci\u00e9t\u00e9. La croyance mystique et magique a pris sens en tant qu\u2019appui essentiel, voire vital, pour venir combler des carences affectives et d\u00e9faillances parentales graves.<\/p>\n<p>Cet article rend t\u00e9moin d\u2019un transfert v\u00e9cu dans le numinosum avec un patient, transfert anim\u00e9 par des projections numineuses. Il nous invite \u00e0 nous interroger, en tant que psychanalyste, sur la posture \u00e0 tenir pour \u00e9viter les \u00e9cueils d\u2019une emprise \u00e0 forte valence \u00e9motionnelle dans le transfert, et pour installer petit \u00e0 petit une relation transf\u00e9rentielle humanis\u00e9e, de personne \u00e0 personne.<\/p>\n<p><strong>La plus grande chose au monde est de savoir \u00eatre \u00e0 soi<\/strong><br \/>\n<em>Flore Delapalme<\/em><\/p>\n<p>En allant \u00e0 la source des mots, on fait des d\u00e9couvertes fabuleuses. Ainsi, consentir \u00e0 soi indique qu\u2019on a d\u00e9j\u00e0 le pressentiment d\u2019une unit\u00e9 en soi qui ne demande qu\u2019\u00e0 se r\u00e9aliser ; tandis que l\u2019acquiescement qui suit, contient la marche \u00e0 suivre pour r\u00e9cup\u00e9rer son \u00e2me. Tout cela pour le plus grand bonheur de l\u2019auteure qui fait ces d\u00e9couvertes.<\/p>\n<p><strong>\u00c9ros et Psych\u00e9, le transfert \u00e0 l\u2019\u00e9preuve du traumatisme<\/strong><br \/>\n<em>Laurence Lacour<\/em><\/p>\n<p>Le mythe d\u2019\u00c9ros et Psych\u00e9 tel qu\u2019il a \u00e9t\u00e9 analys\u00e9 par Donald Kalsched dans son ouvrage <a href=\"https:\/\/www.cgjung.net\/espace\/ressources\/psyche-traumatisme\/\">La Psych\u00e9 face au traumatisme<\/a> illustre \u00e0 la fois la dynamique traumatique et les diff\u00e9rents moments de la relation transf\u00e9rentielle. Celle-ci, dans un cadre et un espace prot\u00e9g\u00e9s, va permettre la transformation des exp\u00e9riences traumatiques en une r\u00e9alit\u00e9 v\u00e9cue et partag\u00e9e. C\u2019est \u00e0 cette condition que peut avoir lieu<br \/>\nune int\u00e9gration progressive des affects, ainsi qu\u2019une restauration du lien entre corps et psychisme permettant au sujet de retrouver une continuit\u00e9 d\u2019\u00eatre.<\/p>\n<p>Autour de ce mythe et des apports pr\u00e9cieux de Kalsched, l\u2019auteure propose quelques prolongements th\u00e9orico-cliniques illustr\u00e9s par des vignettes issues de sa pratique.<\/p>\n<p><strong>Une tranquille et certaine esp\u00e9rance<\/strong><br \/>\n<em>Catherine Fouillet<\/em><\/p>\n<p>\u00c0 partir d\u2019une exp\u00e9rience clinique, cet article interroge la fragilit\u00e9 du d\u00e9sir adolescent dans un monde satur\u00e9 d\u2019injonctions \u00e0 la performance, de crises multiples et d\u2019une acc\u00e9l\u00e9ration du temps. Comment accueillir dans l\u2019espace th\u00e9rapeutique ce qui, en l\u2019adolescent, r\u00e9siste, bute ou cherche \u00e0 na\u00eetre ? \u00c0 travers le transfert, le th\u00e9rapeute offre un espace o\u00f9 peut se dire et se sentir la vie d\u00e9sirante. L\u2019article explore les liens entre intimit\u00e9, subjectivation et esp\u00e9rance, au c\u0153ur d\u2019une adolescence en qu\u00eate de sens.<\/p>\n<p><strong><em>Soutif mon amour<\/em> ou le d\u00e9sir lib\u00e9r\u00e9<br \/>\n<\/strong><em>Sophie Carquain<\/em><strong><br \/>\n<\/strong><\/p>\n<p>\u00c9coutons les po\u00e8mes, vivons nos \u00e9motions, laissons couler nos larmes.<\/p>\n<p><strong>Fous de d\u00e9sir, cr\u00e9ation et destruction chez l\u2019adolescent<\/strong><br \/>\n<em>Robert Tyminski<\/em><\/p>\n<p>Dans cet article, l\u2019auteur explore les complexit\u00e9s du d\u00e9sir masculin pendant l\u2019adolescence. Cette p\u00e9riode formatrice offre aux gar\u00e7ons de nombreuses occasions de d\u00e9couvrir le d\u00e9sir comme une exp\u00e9rience cr\u00e9atrice et agr\u00e9able, tant sur le plan physique que psychologique. L\u2019accumulation de ces exp\u00e9riences favorise une sorte d\u2019initiation masculine dans laquelle le corps du gar\u00e7on est accept\u00e9 et accueilli \u00e0 mesure qu\u2019il approche de l\u2019\u00e2ge adulte. Cependant, il existe de nombreux moments au cours de ce parcours o\u00f9 le d\u00e9sir peut basculer dans la destruction.<\/p>\n<p>L\u2019article fondateur de Sabina Spielrein sur ce th\u00e8me de la cr\u00e9ation et de la destruction sert de support \u00e0 cette r\u00e9flexion. Un exemple tir\u00e9 de la s\u00e9rie Netflix Adolescence en montre une repr\u00e9sentation contemporaine. Les Souffrances du jeune Werther de Goethe, \u00e9crit il y a plus de 250 ans, reste pertinent pour comprendre un possible tournant tragique dans cet \u00e9quilibre du d\u00e9sir. Dans cette histoire, le d\u00e9sir d\u2019un jeune homme entra\u00eene son autodestruction.<\/p>\n<p>Enfin, l\u2019auteur pr\u00e9sente un exemple clinique qui montre la fragilit\u00e9 des points de basculement chez les adolescents masculins lorsque le d\u00e9sir d\u00e9g\u00e9n\u00e8re en folie. L\u2019auteur fait l\u2019hypoth\u00e8se de l\u2019importance d\u2019un contact r\u00e9el avec le p\u00e8re et introduit le concept de \u00ab p\u00e8re \u00e9pouvantail \u00bb pour montrer les facteurs susceptibles de contribuer \u00e0 une \u00e9volution destructrice, plut\u00f4t que cr\u00e9atrice, du d\u00e9sir masculin \u00e0 l\u2019adolescence.<\/p>\n<p><strong>D\u00e9sirer ce que l\u2019on ne veut pas, vouloir ce que l\u2019on ne d\u00e9sire pas<br \/>\n<\/strong><em>Brigitte Allain-Dupr\u00e9 et Sophie Braun<\/em><strong><br \/>\n<\/strong><\/p>\n<p>Cet article pr\u00e9sente des extraits d\u2019un ouvrage \u00e0 para\u00eetre aux \u00e9ditions Le Martin-P\u00eacheur consacr\u00e9 \u00e0 l\u2019adolescence aujourd\u2019hui. Les deux auteures s\u2019interrogent sur ce qui sous-tend les comportements sexuels addictifs d\u2019une adolescente, en cherchant notamment \u00e0 diff\u00e9rencier la soumission au conditionnement collectif de ce qui appartient \u00e0 la singularit\u00e9 de l\u2019histoire de la patiente. Elles tentent de montrer la richesse paradoxale des voies d\u2019approche de l\u2019insaisissable du d\u00e9sir : cette jeune fille semblant, dans ses extr\u00eames m\u00eames, repr\u00e9sentative de la complexit\u00e9 \u00e0 laquelle les jeunes g\u00e9n\u00e9rations sont aujourd\u2019hui confront\u00e9es.<\/p>\n<p>C\u2019est dans le transfert que la relation fantasmatique, les excitations et les besoins d\u2019apaisement peuvent progressivement se transformer au profit d\u2019une relation engag\u00e9e et r\u00e9ciproque, ce qui demande une grande implication et ouverture d\u2019esprit aux analystes.<\/p>\n<p><strong>De la volont\u00e9 au d\u00e9sir : l\u2019apprentissage somatique, une \u00e9cologie du geste<\/strong><br \/>\n<em>Agn\u00e8s Calmel<\/em><\/p>\n<p>Dans un \u00e9change avec les r\u00e9dactrices de la revue, l\u2019autrice, enseignante Feldenkrais explique en quoi les notions de d\u00e9sir, de consentement, de volont\u00e9 et de plaisir sont au c\u0153ur de la m\u00e9thode Feldenkrais. Elle nous invite \u00e0 d\u00e9couvrir comment cette pratique propose de mettre entre parenth\u00e8ses la volont\u00e9 habituelle pour laisser \u00e9merger la sensation de soi en mouvement, la curiosit\u00e9 de l\u2019exploration, l\u2019intention qui pr\u00e9c\u00e8de l\u2019action, ainsi qu\u2019un questionnement attentif, port\u00e9 par une \u00e9coute fine et subtile.<\/p>\n<p><strong>Jung et l\u2019amour, le voyage d\u2019une vie<\/strong><br \/>\n<em>Reine-Marie Halbout<\/em><\/p>\n<p>C. G. Jung s\u2019est int\u00e9ress\u00e9 \u00e0 de nombreux domaines et ses \u00e9crits t\u00e9moignent de la dimension \u00e0 la fois intemporelle et anticipatrice de sa pens\u00e9e. Le th\u00e8me de l\u2019amour ne fait pas exception. Les citations propos\u00e9es dans cet article, extraites de plusieurs de ses ouvrages, offrent au lecteur la possibilit\u00e9 d\u2019un voyage de l\u2019amour de l\u2019enfant pour sa m\u00e8re \u00e0 l\u2019amour divin o\u00f9 l\u2019\u0153uvre et la vie s\u2019entrem\u00ealent.<\/p>\n<p><strong>Bloc-notes<br \/>\n<\/strong>Sous la direction de Delphine Renard, quatre ouvrages sont pr\u00e9sent\u00e9s :<\/p>\n<ul>\n<li>Isabelle Alfandary, <em>Le Scandale de la s\u00e9duction, <\/em>par Maria de Oliveira.<\/li>\n<li>Jean-Michel Hirt, <em>L\u2019\u00c9preuve de l\u2019\u00e2me. Entre cin\u00e9ma et psychanalyse,<\/em> par Reine-Marie Halbout.<\/li>\n<li>Jean-Fran\u00e7ois Alizon, <a href=\"https:\/\/www.cgjung.net\/espace\/accueil\/jprobert\/dialogue-inconscient\/\">Dialoguer avec son inconscient, Jung et l\u2019imagination active,<\/a> par Carole Anne Rivi\u00e8re.<\/li>\n<li>Clara Serra, <em>La Doctrine du consentement<\/em> par Marie-Laure Humery.<\/li>\n<\/ul>\n<p><strong>Revue des revues<br \/>\n<\/strong>Sous la direction de Samira Richer-Villar, deux pr\u00e9sentations de :<\/p>\n<ul>\n<li><a href=\"https:\/\/www.cgjung.net\/espace\/ressources\/rpa-n13\/\">La revue de psychologie analytique<\/a>, n\u00b0 13, \u00e9t\u00e9 2025, par Samira Richer-Villar.<\/li>\n<li>XXIIIe Congr\u00e8s International de Psychologie Analytique, Zurich, ao\u00fbt 2025, par Sam Regad<\/li>\n<\/ul>\n<h2>A lire \u00e9galement<\/h2>\n<ul>\n<li><a href=\"https:\/\/www.cgjung.net\/espace\/accueil\/cahiers-jungiens-de-psychanalyse\/\">Entretien autour des Cahiers Jungiens de Psychanalyse avec Reine-Marie Halbout,<\/a>&nbsp;\u00e0 l&rsquo;occasion de la sortie du no 152, f\u00e9vrier 2021<\/li>\n<\/ul>\n<p>Pr\u00e9sentation des num\u00e9ros suivants des Cahiers Jungiens de Psychanalyse sur le site EFJ :<\/p>\n<ul>\n<li><a href=\"https:\/\/www.cgjung.net\/espace\/ressources\/cahiers-jungiens-de-psychanalyse-no-162\/\">D\u00e9sirer, consentir, vouloir,<\/a> no 162 &#8211; 2025<\/li>\n<li><a href=\"https:\/\/www.cgjung.net\/espace\/ressources\/cahier-jungien-de-psychanalyse-no-161\/\">Jung au pr\u00e9sent<\/a>, no 161 &#8211; 2025<\/li>\n<li><a href=\"https:\/\/www.cgjung.net\/espace\/ressources\/cahiers-jungiens-de-psychanalyse-no-160-2024\/\">Jung en France,<\/a> no 160 &#8211; 2024<\/li>\n<li><a href=\"https:\/\/www.cgjung.net\/espace\/ressources\/cahiers-jungiens-de-psychanalyse-no-159-2024\/\">Jung dans le monde<\/a>, no 159 &#8211; 2024<\/li>\n<li><a href=\"https:\/\/www.cgjung.net\/espace\/ressources\/cahiers-jungiens-de-psychanalyse-no-158-2023\/\">Br\u00fbler<\/a>, no 158 &#8211; 2023<\/li>\n<li><a href=\"https:\/\/www.cgjung.net\/espace\/ressources\/cahiers-jungiens-de-psychanalyse-no-157-juin-2023\/\">Esprits de la nature<\/a>, no 157 &#8211; 2023<\/li>\n<li><a href=\"https:\/\/www.cgjung.net\/espace\/ressources\/cahiers-jungiens-de-psychanalyse-no-156-decembre-2022\/\">Contagion\/Contamination<\/a>, no 156 &#8211; 2022<\/li>\n<li><a href=\"https:\/\/www.cgjung.net\/espace\/ressources\/cahiers-jungiens-de-psychanalyse-no-155-juin-2022\/\">Des fins<\/a>, no 155 &#8211; 2022<\/li>\n<li><a href=\"https:\/\/www.cgjung.net\/espace\/ressources\/cahiers-jungiens-de-psychanalyse-no-154-decembre-2021\/\">Au commencement<\/a>, no 154 &#8211; 2021<\/li>\n<li><a href=\"https:\/\/www.cgjung.net\/espace\/ressources\/cahiers-jungiens-de-psychanalyse-no-153-juin-2021\/\">Intimit\u00e9s<\/a>, no 153 -2021<\/li>\n<li><a href=\"https:\/\/www.cgjung.net\/espace\/accueil\/cahiers-jungiens-de-psychanalyse\/\">Nature(s), vivre la terre<\/a>, no 152 &#8211; 2020<\/li>\n<li><a href=\"https:\/\/www.cgjung.net\/espace\/ressources\/cahiers-jungiens-de-psychanalyse-no-151-juin-2020\/\">Souviens-toi de ton futur<\/a>, no 151 &#8211; 2020<\/li>\n<li><a href=\"https:\/\/www.cgjung.net\/espace\/ressources\/cahiers-jungiens-de-psychanalyse\/\">Images, repr\u00e9sentations et mondes virtuels<\/a>, no 150 &#8211; 2019<\/li>\n<\/ul>\n<p>Ouvrages :<\/p>\n<ul>\n<li><a href=\"https:\/\/www.cgjung.net\/publications\/nise_da_silveira_images_inconscient.htm\">Images de l&rsquo;inconscient de Nise Da Silveira<\/a><\/li>\n<li><a href=\"https:\/\/www.cgjung.net\/espace\/ressources\/dimension-aimer\/\">La dimension d\u2019aimer d&rsquo;\u00c9lie G. Humbert<\/a><\/li>\n<\/ul>\n\n","protected":false},"excerpt":{"rendered":"<p>Ce num\u00e9ro explore le d\u00e9sir et ses m\u00e9tamorphoses, de la vie onirique aux \u00e9preuves du transfert, de l\u2019adolescence aux remaniements du corps en mouvement. Entre histoire, clinique et po\u00e9sie, il interroge ce qui, en nous, r\u00e9siste, fascine, se trouble, puis cherche une forme plus humaine de lien, d\u2019esp\u00e9rance et d\u2019amour. Achat ou abonnement sur le [&hellip;]<\/p>\n","protected":false},"author":1,"featured_media":0,"parent":9713,"menu_order":13,"comment_status":"closed","ping_status":"closed","template":"","meta":{"footnotes":""},"class_list":["post-32471","page","type-page","status-publish","hentry"],"_links":{"self":[{"href":"https:\/\/www.cgjung.net\/espace\/wp-json\/wp\/v2\/pages\/32471","targetHints":{"allow":["GET"]}}],"collection":[{"href":"https:\/\/www.cgjung.net\/espace\/wp-json\/wp\/v2\/pages"}],"about":[{"href":"https:\/\/www.cgjung.net\/espace\/wp-json\/wp\/v2\/types\/page"}],"author":[{"embeddable":true,"href":"https:\/\/www.cgjung.net\/espace\/wp-json\/wp\/v2\/users\/1"}],"replies":[{"embeddable":true,"href":"https:\/\/www.cgjung.net\/espace\/wp-json\/wp\/v2\/comments?post=32471"}],"version-history":[{"count":5,"href":"https:\/\/www.cgjung.net\/espace\/wp-json\/wp\/v2\/pages\/32471\/revisions"}],"predecessor-version":[{"id":32540,"href":"https:\/\/www.cgjung.net\/espace\/wp-json\/wp\/v2\/pages\/32471\/revisions\/32540"}],"up":[{"embeddable":true,"href":"https:\/\/www.cgjung.net\/espace\/wp-json\/wp\/v2\/pages\/9713"}],"wp:attachment":[{"href":"https:\/\/www.cgjung.net\/espace\/wp-json\/wp\/v2\/media?parent=32471"}],"curies":[{"name":"wp","href":"https:\/\/api.w.org\/{rel}","templated":true}]}}