{"id":32046,"date":"2025-12-08T18:51:49","date_gmt":"2025-12-08T17:51:49","guid":{"rendered":"https:\/\/www.cgjung.net\/espace\/?page_id=32046"},"modified":"2025-12-09T04:09:35","modified_gmt":"2025-12-09T03:09:35","slug":"ecrits-freud-psychanalyse","status":"publish","type":"page","link":"https:\/\/www.cgjung.net\/espace\/ressources\/ecrits-freud-psychanalyse\/","title":{"rendered":"Les \u00c9crits sur Freud et la psychanalyse (1901-1953) &#8211; C.G. Jung"},"content":{"rendered":"<p><strong>Pendant plus d\u2019un demi-si\u00e8cle, Carl Gustav Jung n\u2019a cess\u00e9 de dialoguer avec l\u2019\u0153uvre de Freud, depuis l\u2019enthousiasme des d\u00e9buts jusqu\u2019\u00e0 une reconnaissance distanci\u00e9e et respectueuse. Cet ouvrage rassemble les textes dans lesquels se d\u00e9ploie, au fil du temps, une relation intellectuelle fondatrice de la psychologie du XX\u1d49 si\u00e8cle.<\/strong><\/p>\n<p><img loading=\"lazy\" decoding=\"async\" class=\"size-full wp-image-32056 aligncenter\" src=\"https:\/\/www.cgjung.net\/espace\/wp-content\/uploads\/2025\/11\/Ecrits-sur-Feud-et-psychanalyse.jpg\" alt=\"\" width=\"383\" height=\"600\" srcset=\"https:\/\/www.cgjung.net\/espace\/wp-content\/uploads\/2025\/11\/Ecrits-sur-Feud-et-psychanalyse.jpg 383w, https:\/\/www.cgjung.net\/espace\/wp-content\/uploads\/2025\/11\/Ecrits-sur-Feud-et-psychanalyse-192x300.jpg 192w\" sizes=\"auto, (max-width: 383px) 100vw, 383px\" \/><\/p>\n<p style=\"text-align: center;\">La Compagnie du Livre Rouge \/ Imago<\/p>\n<h2>Un demi-si\u00e8cle de dialogue entre Jung et Freud<\/h2>\n<p>Publi\u00e9 en fran\u00e7ais, Les \u00c9crits sur Freud et la psychanalyse (1901\u20131953) rassemble l\u2019ensemble des textes dans lesquels Carl Gustav Jung s\u2019est exprim\u00e9 publiquement sur les travaux de Freud et de l\u2019\u00e9cole psychanalytique, depuis ses premiers engagements en faveur de la psychanalyse naissante jusqu\u2019aux hommages rendus \u00e0 Freud dans les derni\u00e8res ann\u00e9es de sa vie. Longtemps dispers\u00e9s ou difficiles d\u2019acc\u00e8s, ces \u00e9crits sont r\u00e9unis et contextualis\u00e9s dans un volume qui offre une vision d\u2019ensemble rare de plus d\u2019un demi-si\u00e8cle de dialogue, de collaboration, puis de divergence intellectuelle entre les deux figures majeures de la psychologie du XX\u1d49 si\u00e8cle.<\/p>\n<p>Ces textes, traduits de l\u2019allemand par V\u00e9ronique Liard et Christine Maillard qui ont particip\u00e9 \u00e0 la traduction du Livre Rouge, permettent de suivre l\u2019\u00e9volution du lien intellectuel entre les deux fondateurs de la psychologie moderne. Chaque contribution est introduite par Florent Serina, qui replace l\u2019\u00e9crit dans son contexte historique et dans la trajectoire globale de Jung, offrant ainsi au lecteur un fil conducteur clair et tr\u00e8s utile.<\/p>\n<p><strong>L\u2019une des grandes forces de ce recueil est de proposer une frise chronologique de la construction de la psychologie analytique.<\/strong><\/p>\n<h3>Le soutien enthousiaste de Jung \u00e0 Freud<\/h3>\n<p>Les premiers textes t\u00e9moignent du soutien enthousiaste que Jung apportait aux d\u00e9couvertes de Freud sur l\u2019hyst\u00e9rie et l\u2019analyse des r\u00eaves. Puis on voit se dessiner les notions personnelles qui deviendront centrales dans son \u0153uvre, notamment celle de \u00ab complexe \u00bb, qui occupe dans son approche une place diff\u00e9rente de celle que Freud accorde \u00e0 la r\u00e9alisation de d\u00e9sir et \u00e0 la sexualit\u00e9 comme moteur principal.<\/p>\n<h3>Vers une compr\u00e9hension dynamique de la psych\u00e9<\/h3>\n<p>\u00c0 travers les textes des ann\u00e9es suivantes, le lecteur assiste progressivement<strong> \u00e0 l\u2019\u00e9laboration de la pens\u00e9e jungienne et \u00e0 l\u2019\u00e9cart qui se creuse entre les deux hommes.<\/strong> Les conf\u00e9rences de Fordham, par exemple, sont un jalon essentiel&nbsp;: Jung y expose sa conception de la libido comme \u00e9nergie psychique g\u00e9n\u00e9rale, non limit\u00e9e \u00e0 la seule dimension sexuelle. Cette perspective, nourrie d\u2019observations cliniques, notamment sur des cas de <em>dementia praecox<\/em> (\u00ab d\u00e9mence pr\u00e9coce \u00bb requalifi\u00e9e plus tard de \u00ab schizophr\u00e9nie \u00bb), ouvre sur une compr\u00e9hension dynamique de la psych\u00e9 o\u00f9 les mouvements de la libido d\u00e9terminent la relation du sujet au monde ext\u00e9rieur comme \u00e0 son univers int\u00e9rieur.<\/p>\n<p>Jung d\u00e9crit comment la libido peut se retirer d\u2019un domaine pour s\u2019investir ailleurs, ou se d\u00e9tourner du r\u00e9el pour se concentrer sur l\u2019imaginaire. Il affirme que les causes d\u2019une n\u00e9vrose doivent souvent \u00eatre cherch\u00e9es dans les conflits et les impasses du pr\u00e9sent plut\u00f4t que dans un pass\u00e9 parfois reconstruit ou fantasm\u00e9. Selon lui, la t\u00e2che de la th\u00e9rapie consiste avant tout \u00e0 permettre au patient de r\u00e9investir la vie, de sortir de ses fixations et de retrouver un mouvement d\u2019adaptation cr\u00e9atrice.<\/p>\n<h3>Jung et Alfred Adler<\/h3>\n<p>Le volume montre \u00e9galement comment, au fil du temps, <strong>Jung se positionne vis-\u00e0-vis d\u2019autres th\u00e9ories contemporaines<\/strong>, notamment celle d\u2019Adler. Il souligne que les visions freudienne et adl\u00e9rienne reposent chacune sur un principe explicatif unique (la sexualit\u00e9 pour l\u2019une, la volont\u00e9 de puissance pour l\u2019autre) alors que la psychologie analytique se veut pluraliste, attentive \u00e0 la multiplicit\u00e9 des complexes psychiques et \u00e0 leur autonomie relative. Ce pluralisme s\u2019accompagne d\u2019un refus du r\u00e9ductionnisme causal au profit d\u2019une perspective constructive et prospective, orient\u00e9e vers la question du devenir psychique plut\u00f4t que vers la seule recherche des origines.<\/p>\n<h3>Jung souligne la stature historique de Freud<\/h3>\n<p>Dans les derniers textes, et tout particuli\u00e8rement dans l\u2019article n\u00e9crologique qu\u2019il consacre \u00e0 Freud, <strong>Jung adopte une distance respectueuse<\/strong>. Il y souligne la stature historique de Freud et l\u2019importance de son apport \u00e0 la compr\u00e9hension de l\u2019inconscient, tout en rappelant qu\u2019ils ont simplement suivi des voies diff\u00e9rentes. Loin des pol\u00e9miques qui ont accompagn\u00e9 leur s\u00e9paration, ce texte t\u00e9moigne d\u2019une reconnaissance sereine : Jung honore l\u2019\u0153uvre de Freud et ce que leur rencontre a rendu possible, tout en affirmant clairement la singularit\u00e9 de sa propre perspective.<\/p>\n<h3>L&rsquo;importance de cet ouvrage<\/h3>\n<p>En rassemblant ces textes h\u00e9t\u00e9rog\u00e8nes mais compl\u00e9mentaires, l\u2019ouvrage offre non seulement un panorama historique de la relation entre Freud et Jung, mais aussi une entr\u00e9e privil\u00e9gi\u00e9e dans la formation de la psychologie analytique elle-m\u00eame. On y voit se dessiner, \u00e9tape par \u00e9tape, les continuit\u00e9s et les ruptures, les fid\u00e9lit\u00e9s initiales, les divergences th\u00e9oriques, les tentatives de synth\u00e8se et, finalement, le respect mutuel qui marque les \u00e9crits tardifs.<\/p>\n<p>Ce volume constitue une ressource pr\u00e9cieuse : il permet d\u2019entendre la voix de Jung \u00e0 diff\u00e9rents moments de sa trajectoire, de comprendre comment sa pens\u00e9e s\u2019est d\u00e9velopp\u00e9e en dialogue constant avec la psychanalyse freudienne, et de saisir comment la psychologie analytique s\u2019est progressivement affirm\u00e9e comme sa propre voie.<\/p>\n<p>Accessible au lecteur curieux comme au sp\u00e9cialiste, ce recueil propose un t\u00e9moignage vivant de l\u2019histoire de la psychanalyse, tout en \u00e9clairant les fondements de la d\u00e9marche jungienne. Il s\u2019adresse \u00e0 celles et ceux qui souhaitent mieux comprendre ce qui rapproche et distingue Jung de Freud, mais aussi \u00e0 quiconque s\u2019int\u00e9resse \u00e0 la diversit\u00e9 des mod\u00e8les psychiques qui ont fa\u00e7onn\u00e9 la compr\u00e9hension moderne de l\u2019\u00eatre humain.<\/p>\n<h2>Sommaire<\/h2>\n<p>Avant-propos de Bertrand Eveno<\/p>\n<p>I. Sigmund Freud, Sur le r\u00eave (1901)<\/p>\n<p>II. La th\u00e9orie de Freud sur l&rsquo;hyst\u00e9rie &#8211; R\u00e9ponse \u00e0 la critique d&rsquo;Aschaffenburg (1906)<\/p>\n<p>III. La th\u00e9orie freudienne sur l&rsquo;hyst\u00e9rie (1907-1908)<\/p>\n<p>IV. L&rsquo;analyse des r\u00eaves (1909)<\/p>\n<p>V. La signification du p\u00e8re pour la destin\u00e9e de l&rsquo;individu (1909-1949)<\/p>\n<p>Document retrouv\u00e9 : Sur la symbolique (1910)<\/p>\n<p>VI. \u00c0 propos des critiques adress\u00e9es \u00e0 la psychanalyse (1910)<\/p>\n<p>VII. Une contribution \u00e0 la psychologie des rumeurs (1910)<\/p>\n<p>VII. Morton prince, <em>The Mechanism and Interpretation of Dreams &#8211; <\/em>Recension critique (1911)<\/p>\n<p>Documents retrouv\u00e9s (1911)<\/p>\n<p>IX. Rapport annuel du pr\u00e9sident de l&rsquo;Association internationale de psychanalyse (1910-1911)<\/p>\n<p>X. Une contribution \u00e0 la connaissance des nombres dans les r\u00eaves (1911)<\/p>\n<p>XI. A propos de la psychanalyse (1912)<\/p>\n<p>XII. \u00ab Conferences Fordham \u00bb : Essai de pr\u00e9sentation de la th\u00e9orie psychanalytique (1912-1913)<\/p>\n<p>XIII. Questions d&rsquo;actualit\u00e9 sur la psychoth\u00e9rapie &#8211; La correspondance entre C. G. Jung et R. Lo\u00ff (1913)<\/p>\n<p>XIV. La psychanalyse : aspects g\u00e9n\u00e9raux (1913)<\/p>\n<p>XV. Psychanalyse et n\u00e9vrose (1912-1913)<\/p>\n<p>XVI. Pr\u00e9face aux <em>Collected Papers on Analytical Psychology<\/em> (1916-1917).<\/p>\n<p>XVII. L&rsquo;opposition entre Freud et Jung (1929)<\/p>\n<p>XVIII. Introduction \u00e0 W. M. Kranefeldt, <em>Die psychoanalyse<\/em> (1930)<\/p>\n<p>XIX. Sigmund Freud : sa place dans l&rsquo;histoire culturelle (1932)<\/p>\n<p>XX. Sigmund Freud: article n\u00e9crologique (1939)<\/p>\n<p>XXI. R\u00e9ponses \u00e0 des questions sur Freud (1953)<\/p>\n<p>&nbsp;<\/p>\n<p><em>\u00c9ditions Imago \/ La Compagnie du Livre Rouge &#8211; 2025 &#8211; 416 pages &#8211; ISBN 9782380891478 &#8211; 15,4 x 23,9 x 3,1 cm<\/em><\/p>\n<p style=\"text-align: right;\"><em>D\u00e9cembre 2025<\/em><\/p>\n","protected":false},"excerpt":{"rendered":"<p>Pendant plus d\u2019un demi-si\u00e8cle, Carl Gustav Jung n\u2019a cess\u00e9 de dialoguer avec l\u2019\u0153uvre de Freud, depuis l\u2019enthousiasme des d\u00e9buts jusqu\u2019\u00e0 une reconnaissance distanci\u00e9e et respectueuse. Cet ouvrage rassemble les textes dans lesquels se d\u00e9ploie, au fil du temps, une relation intellectuelle fondatrice de la psychologie du XX\u1d49 si\u00e8cle. La Compagnie du Livre Rouge \/ Imago [&hellip;]<\/p>\n","protected":false},"author":17,"featured_media":0,"parent":9713,"menu_order":0,"comment_status":"closed","ping_status":"closed","template":"","meta":{"footnotes":""},"class_list":["post-32046","page","type-page","status-publish","hentry"],"_links":{"self":[{"href":"https:\/\/www.cgjung.net\/espace\/wp-json\/wp\/v2\/pages\/32046","targetHints":{"allow":["GET"]}}],"collection":[{"href":"https:\/\/www.cgjung.net\/espace\/wp-json\/wp\/v2\/pages"}],"about":[{"href":"https:\/\/www.cgjung.net\/espace\/wp-json\/wp\/v2\/types\/page"}],"author":[{"embeddable":true,"href":"https:\/\/www.cgjung.net\/espace\/wp-json\/wp\/v2\/users\/17"}],"replies":[{"embeddable":true,"href":"https:\/\/www.cgjung.net\/espace\/wp-json\/wp\/v2\/comments?post=32046"}],"version-history":[{"count":23,"href":"https:\/\/www.cgjung.net\/espace\/wp-json\/wp\/v2\/pages\/32046\/revisions"}],"predecessor-version":[{"id":32321,"href":"https:\/\/www.cgjung.net\/espace\/wp-json\/wp\/v2\/pages\/32046\/revisions\/32321"}],"up":[{"embeddable":true,"href":"https:\/\/www.cgjung.net\/espace\/wp-json\/wp\/v2\/pages\/9713"}],"wp:attachment":[{"href":"https:\/\/www.cgjung.net\/espace\/wp-json\/wp\/v2\/media?parent=32046"}],"curies":[{"name":"wp","href":"https:\/\/api.w.org\/{rel}","templated":true}]}}