{"id":3171,"date":"2017-02-13T08:39:12","date_gmt":"2017-02-13T07:39:12","guid":{"rendered":"https:\/\/www.cgjung.net\/espace\/?page_id=3171"},"modified":"2017-02-17T10:01:04","modified_gmt":"2017-02-17T09:01:04","slug":"projet-de-linconscient-pour-jung","status":"publish","type":"page","link":"https:\/\/www.cgjung.net\/espace\/ariaga-ecrits-jung\/cheminements-et-rencontres-de-cg-jung\/projet-de-linconscient-pour-jung\/","title":{"rendered":"Le projet de l\u2019inconscient pour Jung"},"content":{"rendered":"<p style=\"text-align: justify;\"><strong>Deux r\u00eaves essentiels pour la relation entre Jung et son inconscient : le r\u00eave de la maison et le r\u00eave de Liverpool.<\/strong><\/p>\n<h2 style=\"text-align: justify;\"><img loading=\"lazy\" decoding=\"async\" class=\"size-full wp-image-3296 aligncenter\" src=\"https:\/\/www.cgjung.net\/espace\/wp-content\/uploads\/2017\/02\/jung-reve-liverpool-ile.jpg\" alt=\"\" width=\"480\" height=\"504\" srcset=\"https:\/\/www.cgjung.net\/espace\/wp-content\/uploads\/2017\/02\/jung-reve-liverpool-ile.jpg 480w, https:\/\/www.cgjung.net\/espace\/wp-content\/uploads\/2017\/02\/jung-reve-liverpool-ile-286x300.jpg 286w\" sizes=\"auto, (max-width: 480px) 100vw, 480px\" \/>L&rsquo;enseignement de l&rsquo;inconscient<\/h2>\n<p style=\"text-align: justify;\">Les r\u00eaves de l\u2019enfance et de l\u2019adolescence de Jung, furent les premi\u00e8res \u00e9tapes de ce qu\u2019il ressentait, lui-m\u00eame, comme \u00e9tant<strong><em> un projet de l\u2019inconscient<\/em><\/strong>.<\/p>\n<p style=\"text-align: justify;\">Pendant sa vie adulte il y eut encore, si on exclut provisoirement ce qui concerne l\u2019alchimie, <strong>quatre\u00a0 moments marquants de sa relation au monde onirique<\/strong> :<\/p>\n<ol>\n<li style=\"text-align: justify;\">Le r\u00eave de la maison<\/li>\n<li style=\"text-align: justify;\">Le r\u00eave de\u00a0 de Liverpool<\/li>\n<li style=\"text-align: justify;\">Les d\u00e9lires et visions de la grave maladie de 1944<\/li>\n<li style=\"text-align: justify;\">Le r\u00eave du yogi<\/li>\n<\/ol>\n<p style=\"text-align: justify;\">Ces r\u00eaves agirent, selon lui, comme s\u2019il \u00e9taient de <strong>v\u00e9ritables enseignements de l\u2019inconscient<\/strong> au sujet de la totalit\u00e9 objective et des relations entre le Soi et le Moi.<\/p>\n<p style=\"text-align: justify;\">Il ne manqua jamais de s\u2019interroger sur le sens de messages qui furent souvent la manifestation de<strong> fortes pressions de l\u2019inconscient sur son Moi.<\/strong><\/p>\n<p style=\"text-align: justify;\">A la fin de sa vie, il effectua un bilan sur la mani\u00e8re dont il avait chemin\u00e9 le long de la voie de ces<em> intentions de l\u2019inconscient.<\/em> Il raconte l\u2019histoire de ce cheminement, dans le r\u00e9cit de ses <em>souvenirs r\u00eaves et pens\u00e9es<\/em>, intitul\u00e9 <strong>Ma vie,<\/strong> o\u00f9 il groupa ses songes les plus marquants.<\/p>\n<p style=\"text-align: justify;\"><em>Ma vie<\/em> est notre principale source d&rsquo;inspiration pour ces pages consacr\u00e9es aux r\u00eaves de Jung. Les <em>sp\u00e9cialistes <\/em>diront qu&rsquo;il n\u2019y a l\u00e0 rien de bien original\u00a0 mais cela nous semble utile pour ceux qui d\u00e9couvrent Jung et veulent cheminer avec nous sur la voie de l&rsquo;\u00e9mergence des symboles dans les r\u00eaves.<\/p>\n<h2 style=\"text-align: justify;\">Le r\u00eave de la maison<\/h2>\n<p style=\"text-align: justify;\">Le r\u00eave de la maison, se situe en <strong>1909,<\/strong> pendant un voyage aux \u00c9tats Unis, <strong>en compagnie de Freud.<\/strong><\/p>\n<p style=\"text-align: justify;\">Il s\u2019agit d\u2019une <strong>descente dans les diff\u00e9rents \u00e9tages et sous-sols d\u2019une maison<\/strong> : celle du R\u00eaveur-Jung.<\/p>\n<p style=\"text-align: justify;\">C&rsquo;est un r\u00eave long et tr\u00e8s d\u00e9taill\u00e9 que l&rsquo;on peut lire dans son int\u00e9gralit\u00e9 \u00e0 la page 186 de <em>Ma vie.<\/em><\/p>\n<p style=\"text-align: justify;\"><strong>A chaque nouvelle profondeur<\/strong>, les mat\u00e9riaux, le d\u00e9cor, <strong>les objets, deviennent plus anciens<\/strong>. Tout au fond, il d\u00e9couvre un anneau, le tire, soul\u00e8ve la dalle et emprunte un <strong>escalier,<\/strong> menant \u00e0 une grotte rocheuse o\u00f9 il trouve des ossements et autres <strong>d\u00e9bris d\u2019une civilisation primitive.<\/strong><\/p>\n<p style=\"text-align: justify;\">On peut trouver un lien entre cette d\u00e9couverte des profondeurs et <strong>la descente par un escalier du tr\u00e8s jeune enfant<\/strong> vers le lieu o\u00f9 r\u00e9sidait, sur un tr\u00f4ne, l\u2019\u00e9norme objet phallique.<strong> Pour Jung, ce r\u00eave fut tout \u00e0 fait fondateur<\/strong> :<\/p>\n<blockquote>\n<p style=\"text-align: justify;\"><em>\u201cIl d\u00e9crivait comme un diagramme structural de l\u2019\u00e2me humaine, une condition pr\u00e9alable de nature essentiellement impersonnelle. Cette id\u00e9e eut pour moi force d\u2019\u00e9vidence : it clicked, comme disent les Anglais ; et le r\u00eave devint pour moi une image directrice, qui, par la suite, se confirma dans une mesure alors impr\u00e9visible. Par ce r\u00eave je soup\u00e7onnais pour la premi\u00e8re fois l\u2019existence d\u2019un a priori collectif de la psych\u00e9 personnelle, a priori que je consid\u00e9rai d\u2019abord comme \u00e9tant des vestiges de modes fonctionnels ant\u00e9rieurs. Ce n\u2019est que plus tard, lorsque se multipli\u00e8rent mes exp\u00e9riences et que se consolida mon savoir, que je reconnus que ces modes fonctionnels \u00e9taient des formes de l\u2019instinct, des arch\u00e9types.\u201d\u00a0<\/em> (Ma vie, p.188)<em><br \/>\n<\/em><\/p>\n<\/blockquote>\n<p style=\"text-align: justify;\">On ne saurait assez souligner l\u2019importance de<strong> concepts fondateurs de la pens\u00e9e de Jung<\/strong>, pr\u00e9sent\u00e9s \u00e0 l\u2019occasion de ce r\u00eave : la structure de la psych\u00e9, l\u2019inconscient collectif, les arch\u00e9types. Mais, seule sa collaboration avec les images propos\u00e9es par son inconscient pouvait produire un r\u00e9sultat effectif pour l\u2019\u00e9volution de sa pens\u00e9e.<\/p>\n<p style=\"text-align: justify;\">Le message onirique se propose, mais c\u2019est <strong>le travail effectu\u00e9 sur le sens<\/strong> qui rend possible la conceptualisation.<\/p>\n<h2 style=\"text-align: justify;\">Le r\u00eave de Liverpool<\/h2>\n<p style=\"text-align: justify;\">Un autre r\u00eave essentiel survint en <strong>1927.<\/strong><\/p>\n<p style=\"text-align: justify;\">Depuis plusieurs ann\u00e9es, Jung\u00a0 esquissait chaque matin un petit dessin en forme de rond, un<strong><em> mandala<\/em><\/strong> , qui semblait \u00eatre une<strong> image de sa situation int\u00e9rieure.<\/strong><\/p>\n<p style=\"text-align: justify;\">Pendant ce travail, il se questionnait inlassablement sur le sens et le but de ce processus de l\u2019inconscient. Ses dessins lui \u00e9taient, comme il l\u2019\u00e9crit, <em>livr\u00e9s journellement. <\/em>Il avait, intuitivement, l\u2019impression qu\u2019ils repr\u00e9sentaient son \u201cSoi\u201d, et, qu\u2019avec le temps, il allait acqu\u00e9rir une id\u00e9e plus pr\u00e9cise de ce Soi.<\/p>\n<p style=\"text-align: justify;\">Il comprenait aussi, de plus en plus clairement, que, <strong>dans ces dessins \u201c<em>tout convergeait vers un certain point : celui du milieu.<\/em>\u201d<\/strong><\/p>\n<p style=\"text-align: justify;\">L\u2019exp\u00e9rience des <em>mandalas<\/em> s\u2019acheva sur le long r\u00eave de Liverpool dont la version int\u00e9grale se trouve, dans <em>Ma vie<\/em>, p. 230.<\/p>\n<p style=\"text-align: justify;\">Jung se trouve, la nuit, avec des compagnons, dans une ville sale et noire de suie : Liverpool. Les quartiers de la ville sont dispos\u00e9s en \u00e9toile autour d\u2019une place, et chaque quartier est, lui aussi, construit en \u00e9toile autour d\u2019un centre. Au milieu de la place, se trouve un petit \u00e9tang, au centre de l\u2019\u00e9tang, un \u00eelot, et, sur l\u2019\u00eelot, un arbre <em>inond\u00e9 de fleurs rouge\u00e2tres.<\/em> Alors que toute la ville est sombre, l\u2019\u00eelot et l\u2019arbre en fleurs resplendissent dans la lumi\u00e8re du soleil. Les compagnons du R\u00eaveur-Jung ne voient pas l\u2019arbre.<\/p>\n<p style=\"text-align: justify;\">Jung est transport\u00e9 par la beaut\u00e9 de la sc\u00e8ne et s\u2019\u00e9veille avec le sentiment d\u2019avoir acquis une pr\u00e9cieuse connaissance.<strong> Dans cet univers sombre,<\/strong>\u00a0 o\u00f9 tout \u00e9tait d\u00e9plaisant, ce lieu de l\u2019Ombre,<strong> il avait eu une vision de la beaut\u00e9 de la Vie.<\/strong> Il \u00e9crit :<\/p>\n<blockquote><p><em>\u00ab\u00a0Liverpool est the pool of life , l\u2019\u201d\u00e9tang de la vie\u201d ; car liver, le foie, est, selon une vieille conception, le si\u00e8ge de la vie.<\/em><br \/>\n<em> A l\u2019exp\u00e9rience vivante de ce r\u00eave s\u2019associa en moi le sentiment de quelque chose de d\u00e9finitif. Je vis que le but y \u00e9tait exprim\u00e9. Ce but c\u2019est le centre : il faut en passer par l\u00e0. Par ce r\u00eave je compris que le Soi est un principe, un arch\u00e9type de l\u2019orientation et du sens : c\u2019est en cela que r\u00e9side sa fonction salutaire.<\/em> \u00a0\u00bb (Ma vie, p. 231)<\/p><\/blockquote>\n<p style=\"text-align: justify;\">Ce songe lui procura un sentiment d\u2019<strong>harmonie et de satisfaction, de sym\u00e9trie<\/strong> aussi, sentiment semblable \u00e0 celui que l\u2019on retrouve dans les <strong>aboutissements des s\u00e9ries de r\u00eaves<\/strong> \u00e9tudi\u00e9es. Nous pensons surtout \u00e0 la s\u00e9rie du r\u00eaveur.<\/p>\n<p style=\"text-align: justify;\">Jung avait ainsi pu observer sur lui-m\u00eame<strong> une constante<\/strong>, qu\u2019il cernera de mieux en mieux, <strong>dans les r\u00eaves de <em>mandalas<\/em> de ses patients<\/strong>.<\/p>\n<p style=\"text-align: justify;\">Selon ses dires, Il fallut \u00e0 Jung,\u00a0 une vingtaine d\u2019ann\u00e9es avant d\u2019\u00e9laborer et de donner un cadre scientifique \u00e0 ce qu\u2019il avait v\u00e9cu \u00e0 cette p\u00e9riode de sa vie.\u00a0 Cependant, ce r\u00eave lui procura d\u00e9j\u00e0 une r\u00e9ponse <em>claire et imag\u00e9e<\/em> sur des questions essentielles qui le pr\u00e9occupaient.<\/p>\n<p style=\"text-align: justify;\">Il cessa de dessiner ou de peindre des <em>mandalas<\/em> ayant, en quelque sorte, obtenu satisfaction.<\/p>\n<p style=\"text-align: justify;\"><strong>Toute son activit\u00e9 ult\u00e9rieure consista \u00e0 \u00e9laborer ce mat\u00e9riau de l\u2019inconscient.<\/strong><\/p>\n<p style=\"text-align: justify;\">Il commen\u00e7a, selon ses propre termes, par \u00eatre<em> inond\u00e9<\/em> par l\u2019abondance des mat\u00e9riaux qui avaient jailli pendant la p\u00e9riode de sa confrontation avec l\u2019inconscient. Ensuite, ce fut la <em><strong>mati\u00e8re premi\u00e8re pour l\u2019\u0153uvre d&rsquo;une vie.<\/strong><br \/>\n<\/em><\/p>\n<h3 style=\"text-align: justify;\"><svg class=\"genericon genericond-genericons-neue genericons-neue-document genericond-genericons-neue-1x genericond-rotate-normal\" style=\"fill:#19486B;\" title=\"document\" role=\"img\" aria-labelledby=\"title\"><use xlink:href=\"https:\/\/www.cgjung.net\/espace\/wp-content\/plugins\/genericond\/\/icons\/genericons-neue\/svg-sprite\/genericons-neue.svg#document\" \/><\/svg>\u00a0<a href=\"https:\/\/www.cgjung.net\/espace\/ariaga-ecrits-jung\/cheminements-et-rencontres-de-cg-jung\/confrontation-jung-dieu\/\">Page pr\u00e9c\u00e9dente<\/a> | <a href=\"https:\/\/www.cgjung.net\/espace\/ariaga-ecrits-jung\/cheminements-et-rencontres-de-cg-jung\/grand-oui-a-la-vie-de-jung\/\">Page suivante<\/a><\/h3>\n","protected":false},"excerpt":{"rendered":"<p>Deux r\u00eaves essentiels pour la relation entre Jung et son inconscient : le r\u00eave de la maison et le r\u00eave de Liverpool. L&rsquo;enseignement de l&rsquo;inconscient Les r\u00eaves de l\u2019enfance et de l\u2019adolescence de Jung, furent les premi\u00e8res \u00e9tapes de ce qu\u2019il ressentait, lui-m\u00eame, comme \u00e9tant un projet de l\u2019inconscient. Pendant sa vie adulte il y [&hellip;]<\/p>\n","protected":false},"author":1,"featured_media":0,"parent":2271,"menu_order":46,"comment_status":"closed","ping_status":"closed","template":"","meta":{"footnotes":""},"class_list":["post-3171","page","type-page","status-publish","hentry"],"_links":{"self":[{"href":"https:\/\/www.cgjung.net\/espace\/wp-json\/wp\/v2\/pages\/3171","targetHints":{"allow":["GET"]}}],"collection":[{"href":"https:\/\/www.cgjung.net\/espace\/wp-json\/wp\/v2\/pages"}],"about":[{"href":"https:\/\/www.cgjung.net\/espace\/wp-json\/wp\/v2\/types\/page"}],"author":[{"embeddable":true,"href":"https:\/\/www.cgjung.net\/espace\/wp-json\/wp\/v2\/users\/1"}],"replies":[{"embeddable":true,"href":"https:\/\/www.cgjung.net\/espace\/wp-json\/wp\/v2\/comments?post=3171"}],"version-history":[{"count":33,"href":"https:\/\/www.cgjung.net\/espace\/wp-json\/wp\/v2\/pages\/3171\/revisions"}],"predecessor-version":[{"id":3394,"href":"https:\/\/www.cgjung.net\/espace\/wp-json\/wp\/v2\/pages\/3171\/revisions\/3394"}],"up":[{"embeddable":true,"href":"https:\/\/www.cgjung.net\/espace\/wp-json\/wp\/v2\/pages\/2271"}],"wp:attachment":[{"href":"https:\/\/www.cgjung.net\/espace\/wp-json\/wp\/v2\/media?parent=3171"}],"curies":[{"name":"wp","href":"https:\/\/api.w.org\/{rel}","templated":true}]}}