{"id":31704,"date":"2025-11-19T08:31:09","date_gmt":"2025-11-19T07:31:09","guid":{"rendered":"https:\/\/www.cgjung.net\/espace\/?page_id=31704"},"modified":"2025-12-19T05:39:00","modified_gmt":"2025-12-19T04:39:00","slug":"lettre-information-novembre-2025","status":"publish","type":"page","link":"https:\/\/www.cgjung.net\/espace\/lettre-information\/lettre-information-novembre-2025\/","title":{"rendered":"Lettre d&rsquo;information Novembre 2025"},"content":{"rendered":"<p><strong>Cette lettre comprend :<\/strong> La main du ma\u00eetre | Est-ce que les f\u00e9es croient encore aux hommes ? | Tomber amoureux de la vie | O\u00f9 se situe la psychologie analytique parmi le symbolisme, la s\u00e9miotique, l\u2019iconologie et la symbologie ? | Jung : le vieil homme et l\u2019enfant | Errer dans les Backrooms | Tuberculinum, un rem\u00e8de pneumatique | Entretien avec Susan Tiberghien | L\u2019exp\u00e9rience des associations dans la pratique th\u00e9rapeutique | Le Yi Jing et l\u2019individuation | Agenda.<\/p>\n<p style=\"text-align: right;\"><a href=\"https:\/\/www.cgjung.net\/espace\/lettre-information\/\">Vous abonner ou vous d\u00e9sabonner<\/a><\/p>\n<p>Ch\u00e8re abonn\u00e9e, cher abonn\u00e9,<\/p>\n<p>Nous avons rassembl\u00e9 pour vous une belle brass\u00e9e de feuilles d&rsquo;automne, des articles qui explorent la mani\u00e8re dont l\u2019\u00eatre humain se transforme au contact des symboles, en reliant l\u2019exp\u00e9rience sensible, l\u2019imaginaire et la pens\u00e9e. En cette p\u00e9riode&nbsp;de transformation, le Soi se met en sc\u00e8ne dans la vie.<\/p>\n<h1>Articles&nbsp;<\/h1>\n<h2><a href=\"https:\/\/www.cgjung.net\/espace\/accueil\/claire-droin\/main-maitre\/\"><img loading=\"lazy\" decoding=\"async\" class=\"alignright size-full wp-image-31666\" src=\"https:\/\/www.cgjung.net\/espace\/wp-content\/uploads\/2025\/11\/comput-digital-v.jpg\" alt=\"\" width=\"120\" height=\"153\" \/>La main du ma\u00eetre<\/a><\/h2>\n<p>Instrument du faire et du savoir, la main fut tour \u00e0 tour calculatrice, calendrier, partition, pri\u00e8re et creuset.<\/p>\n<p>Elle relie le geste \u00e0 l\u2019esprit, la mati\u00e8re \u00e0 la psych\u00e9. Cet article propose une exploration \u00e0 travers les figures de la \u00ab&nbsp;main du ma\u00eetre&nbsp;\u00bb, num\u00e9rique, musicale, spirituelle et alchimique, jusqu\u2019\u00e0 la main psychique o\u00f9 se rencontrent le Moi et le Soi.<span style=\"color: #808080;\"> Claire Droin<\/span><\/p>\n<p>&nbsp;<\/p>\n<h2><a href=\"https:\/\/www.cgjung.net\/espace\/accueil\/lise-villemaire\/fees-croient-aux-hommes\/\"><img loading=\"lazy\" decoding=\"async\" class=\"alignright size-full wp-image-31398\" src=\"https:\/\/www.cgjung.net\/espace\/wp-content\/uploads\/2025\/10\/fee-automne-v.jpg\" alt=\"\" width=\"120\" height=\"120\" \/>Est-ce que les f\u00e9es croient encore aux hommes&nbsp;?<\/a><\/h2>\n<p>Lise Villemaire nous invite \u00e0 un voyage rare : celui d\u2019une lecture v\u00e9cue, d\u2019un conte d\u2019enfance qui devient mati\u00e8re d\u2019exp\u00e9rience int\u00e9rieure.<\/p>\n<p>Ce texte, \u00e0 la crois\u00e9e de la psychologie analytique, de la th\u00e9ologie et de la cr\u00e9ation artistique, d\u00e9ploie un univers o\u00f9 le merveilleux et le symbolique dialoguent avec la rigueur d\u2019une pens\u00e9e jungienne incarn\u00e9e.<\/p>\n<p>&nbsp;<\/p>\n<h2><a href=\"https:\/\/www.cgjung.net\/espace\/accueil\/dragana-favre\/tombez-amoureux-de-la-vie\/\"><img loading=\"lazy\" decoding=\"async\" class=\"size-full wp-image-31294 alignright\" src=\"https:\/\/www.cgjung.net\/espace\/wp-content\/uploads\/2025\/10\/love.png\" alt=\"\" width=\"120\" height=\"120\" \/>Tomber amoureux de la vie<\/a><\/h2>\n<p>Cet article de Dragana Favre explore un fil rouge inattendu : l\u2019\u00e9lan vital de Bergson, l\u2019insight jungien, le \u00abmoment aha\u00bb des neurosciences et les bonds des r\u00e9seaux neuronaux en IA.<\/p>\n<p>Autant de visages d\u2019une m\u00eame dynamique cr\u00e9atrice : tomber amoureux de la vie.<\/p>\n<p>&nbsp;<\/p>\n<h2><a href=\"https:\/\/www.cgjung.net\/espace\/accueil\/rachel-huber\/symbolisme-semiotique-iconologie-symbologie\/\"><img loading=\"lazy\" decoding=\"async\" class=\"alignright size-full wp-image-31384\" src=\"https:\/\/www.cgjung.net\/espace\/wp-content\/uploads\/2025\/10\/symbolon-v.jpg\" alt=\"\" width=\"120\" height=\"90\" \/>O\u00f9 se situe la psychologie analytique parmi le symbolisme, la s\u00e9miotique, l\u2019iconologie et la symbologie ?<\/a><\/h2>\n<p>Cet article propose de situer la place de la psychologie analytique parmi les disciplines qui interrogent les symboles : symbolisme, s\u00e9miotique, iconologie et symbologie.<\/p>\n<p>Nourrie de leurs apports mais distincte d\u2019elles, elle se singularise par sa finalit\u00e9 clinique et t\u00e9l\u00e9ologique, illustr\u00e9e par des exemples concrets. <span style=\"color: #808080;\">Rachel Huber<\/span><\/p>\n<p>&nbsp;<\/p>\n<h2><a href=\"https:\/\/www.cgjung.net\/espace\/accueil\/ariane-callot\/vieil-homme-enfant\/\"><img loading=\"lazy\" decoding=\"async\" class=\"alignright size-full wp-image-31416\" src=\"https:\/\/www.cgjung.net\/espace\/wp-content\/uploads\/2025\/10\/jung-vieil-homme-enfant-v.jpg\" alt=\"\" width=\"120\" height=\"97\" \/>Jung : le vieil homme et l\u2019enfant<\/a><\/h2>\n<p>\u00c0 la lecture du tome IV de la Correspondance (1955-1957), une figure se pr\u00e9cise : celle d\u2019un Jung double, \u00e0 la fois vieil homme au travail et enfant de toujours.<\/p>\n<p>C\u2019est \u00e0 leur dialogue discret et t\u00eatu que ces pages pr\u00eatent l\u2019oreille. <span style=\"color: #808080;\">Ariane Callot<\/span><\/p>\n<p>&nbsp;<\/p>\n<h2><a href=\"https:\/\/www.cgjung.net\/espace\/accueil\/dragana-favre\/errer-dans-les-backrooms\/\"><img loading=\"lazy\" decoding=\"async\" class=\"size-full wp-image-31359 alignright\" src=\"https:\/\/www.cgjung.net\/espace\/wp-content\/uploads\/2025\/10\/backroom-1-v.jpg\" alt=\"\" width=\"120\" height=\"115\" \/>Errer dans les Backrooms : espaces liminaux, mythe num\u00e9rique et lecture jungienne du vide<\/a><\/h2>\n<p>Dans ce diptyque, Dragana Favre explore les Backrooms comme une figure contemporaine de la katabasis, une descente dans l\u2019inconscient collectif \u00e0 l\u2019\u00e8re num\u00e9rique.<\/p>\n<p>Entre mythologie d\u00e9faite, angoisse du vide et esth\u00e9tique liminale, elle met en r\u00e9sonance jeux vid\u00e9o, cin\u00e9ma et art contemporain avec la pens\u00e9e de Jung.<\/p>\n<p>&nbsp;<\/p>\n<h2><a href=\"https:\/\/www.cgjung.net\/espace\/bernard-long-homeopathie\/tuberculinum\/\"><img loading=\"lazy\" decoding=\"async\" class=\"size-full wp-image-31381 alignright\" src=\"https:\/\/www.cgjung.net\/espace\/wp-content\/uploads\/2025\/10\/tuberculinum-v.jpg\" alt=\"\" width=\"120\" height=\"80\" \/>Tuberculinum, un rem\u00e8de pneumatique<\/a><\/h2>\n<p>Entre le souffle vital et la fi\u00e8vre romantique, Tuberculinum est bien plus qu\u2019un simple rem\u00e8de. C\u2019est un souffle en mouvement, un appel au voyage et \u00e0 la transformation int\u00e9rieure.<\/p>\n<p>De ses racines m\u00e9dicales \u00e0 sa port\u00e9e symbolique, cet article en explore le trajet et la signification. <span style=\"color: #808080;\">Bernard Long<\/span><\/p>\n<div class=\"content\">\n<p>&nbsp;<\/p>\n<\/div>\n<h1>Entretien<\/h1>\n<h2><a href=\"https:\/\/www.cgjung.net\/espace\/accueil\/peggy-vermeesch\/saisons-amour\/\"><img loading=\"lazy\" decoding=\"async\" class=\"alignright size-full wp-image-31419\" src=\"https:\/\/www.cgjung.net\/espace\/wp-content\/uploads\/2025\/10\/seasons-of-love-v.jpg\" alt=\"\" width=\"90\" height=\"139\" \/>T\u00e9n\u00e8bres et lumi\u00e8re dans Les Saisons de l\u2019amour<\/a><\/h2>\n<p>Dans un \u00e9change \u00e0 la fois tendre et sans d\u00e9tour, Peggy Vermeesch s\u2019entretient avec Susan Tiberghien, auteure am\u00e9ricaine et enseignante en \u00e9criture cr\u00e9ative d\u2019inspiration jungienne, \u00e0 propos de son r\u00e9cit autobiographique <em>Seasons of Love : A Lasting Marriage<\/em>, l\u2019histoire de ses soixante-six ann\u00e9es de vie partag\u00e9e avec son mari fran\u00e7ais, marqu\u00e9es par la joie, la foi et le courage d\u2019affronter les t\u00e9n\u00e8bres de l\u2019abus sexuel au sein de la famille \u00e9largie.<\/p>\n<p>La fille de Susan, Catherine Chevron-Tiberghien, prend \u00e9galement part \u00e0 cet entretien.<\/p>\n<p>&nbsp;<\/p>\n<h1>Ouvrages<\/h1>\n<h2><a href=\"https:\/\/www.cgjung.net\/espace\/ressources\/experience-associations-pratique-therapeutique\/\"><img loading=\"lazy\" decoding=\"async\" class=\"size-full wp-image-31317 alignright\" src=\"https:\/\/www.cgjung.net\/espace\/wp-content\/uploads\/2025\/10\/Experience-associations-Verena-Kast-v.png\" alt=\"\" width=\"90\" height=\"134\" \/>L\u2019exp\u00e9rience des associations dans la pratique th\u00e9rapeutique<\/a><\/h2>\n<p>L\u2019exp\u00e9rience des associations dans la pratique th\u00e9rapeutique de Verena Kast offre au public francophone une exploration approfondie des premiers travaux exp\u00e9rimentaux de C.G. Jung.<\/p>\n<p>L\u2019ouvrage montre la port\u00e9e clinique de la m\u00e9thode des associations de mots ainsi que sa pertinence pour la pratique analytique contemporaine.<\/p>\n<p>&nbsp;<\/p>\n<h2><a href=\"https:\/\/www.cgjung.net\/espace\/ressources\/yi-jing-individuation\/\"><img loading=\"lazy\" decoding=\"async\" class=\"alignright size-full wp-image-31847\" src=\"https:\/\/www.cgjung.net\/espace\/wp-content\/uploads\/2025\/11\/yi-jing-individuation-v.png\" alt=\"\" width=\"90\" height=\"128\" \/>Le Yi Jing et l\u2019individuation<\/a><\/h2>\n<p>Entrer dans le Yi Jing, c\u2019est ouvrir un espace o\u00f9 les lignes du monde et celles de notre vie se r\u00e9pondent silencieusement.<\/p>\n<p>De tirage en tirage, le Livre r\u00e9v\u00e8le un art d\u2019\u00eatre pr\u00e9sent aux mutations qui nous traversent et d\u2019y trouver une orientation int\u00e9rieure.<\/p>\n<p>&nbsp;<\/p>\n<h1>Agenda jungien<\/h1>\n<h2><a href=\"https:\/\/www.cgjung.net\/#agenda\">Rubrique agenda<\/a><\/h2>\n<p>Les rencontres, conf\u00e9rences et colloques en lien avec la pens\u00e9e jungienne se multiplient, t\u00e9moignant de la vitalit\u00e9 et de la diversit\u00e9 de ce domaine. Afin de mieux refl\u00e9ter cette richesse, nous afficherons d\u00e9sormais sur notre page d\u2019accueil non plus les liens vers les \u00e9v\u00e9nements eux-m\u00eames, mais des liens directs vers les sites des organisateurs, o\u00f9 toutes les actualit\u00e9s sont r\u00e9guli\u00e8rement mises \u00e0 jour.<\/p>\n<p>Nous relayerons ponctuellement, dans cette lettre, nos manifestations ainsi que celles auxquelles nous sommes associ\u00e9s ou partenaires.<\/p>\n<p>&nbsp;<\/p>\n<p><a href=\"https:\/\/www.labroussaille.org\/rencontres-artistiques-et-scientifiques\" target=\"_blank\" rel=\"noopener\"><img loading=\"lazy\" decoding=\"async\" class=\"home alignright\" src=\"https:\/\/www.labroussaille.org\/wp-content\/uploads\/Dessin-ORIGINAL-Poterie-en-Argiles-Terres-Melees-2.jpeg.webp\" alt=\"\" width=\"120\" height=\"69\" \/><\/a><\/p>\n<h2><a href=\"https:\/\/www.labroussaille.org\/rencontres-artistiques-et-scientifiques\" target=\"_blank\" rel=\"noopener\">\u00ab Terres M\u00eal\u00e9es \u00bb<\/a><\/h2>\n<p class=\"home\">Atelier \u00ab R\u00eaves et mati\u00e8re \u00bb de l\u2019H\u00f4pital de Tulle (P\u00f4le de psychiatrie), en Corr\u00e8ze, les vendredi 5 et samedi 6 d\u00e9cembre 2025. Cette rencontre s\u2019inspire directement des travaux essentiels <a href=\"https:\/\/www.cgjung.net\/publications\/nise_da_silveira_images_inconscient.htm\" target=\"_blank\" rel=\"noopener\">de Nise da Silveira<\/a>, psychiatre br\u00e9silienne jungienne et pionni\u00e8re des ateliers de cr\u00e9ation th\u00e9rapeutique, ainsi que de ceux de Carl Gustav Jung.<\/p>\n<p>&nbsp;<\/p>\n<h2>\u00c0 venir en 2026<\/h2>\n<p>Les deux rendez-vous ci-dessous, que nous organisons actuellement et dont la mise en place est en cours, feront l\u2019objet d\u2019une pr\u00e9sentation d\u00e9taill\u00e9e en d\u00e9cembre et seront \u00e9galement annonc\u00e9s dans notre prochaine lettre. Nous vous invitons d\u2019ores et d\u00e9j\u00e0 \u00e0<strong> r\u00e9server ces dates dans votre agenda<\/strong>.<\/p>\n<p><strong>Colloque \u00ab&nbsp;Intelligence Artificielle et Psychologie des Profondeurs&nbsp;\u00bb<\/strong>&nbsp;<br \/>\nLes 23 et 24 mai 2026 \u00e0 l&rsquo;abbaye de Belloc &#8211; Urt (64)<\/p>\n<p><strong>S\u00e9minaire \u00ab&nbsp;Le chemin d\u2019individuation&nbsp;\u00bb&nbsp;<\/strong><br \/>\nLes 18 et 19 septembre 2026 au couvent de la Tourette &#8211; \u00c9veux (69)<\/p>\n<p>&nbsp;<\/p>\n<table style=\"border-collapse: collapse; width: 100%;\">\n<tbody>\n<tr>\n<td style=\"width: 100%; background-color: #ffbe00; padding: 20px; border-radius: 5px; text-align: center;\">\n<p><span style=\"color: #ffffff; font-size: 18pt;\"><strong>NOUS SOUTENIR<\/strong><\/span><\/p>\n<p>Gr\u00e2ce \u00e0 votre soutien financier, le site Espace Francophone Jungien peut continuer \u00e0 promouvoir la compr\u00e9hension et la diffusion de la pens\u00e9e jungienne. M\u00eame une petite contribution peut faire une grande diff\u00e9rence. Chaque don compte, merci pour votre g\u00e9n\u00e9rosit\u00e9 !<\/p>\n<p><a style=\"display: inline-block; background-color: #1f625d; color: #ffffff; padding: 10px 20px; text-align: center; text-decoration: none; border-radius: 25px; font-size: 16px; font-weight: bold;\" href=\"https:\/\/www.helloasso.com\/associations\/espace-francophone-jungien\/formulaires\/1\" target=\"_blank\" rel=\"noopener\">Je fais un don<\/a><\/td>\n<\/tr>\n<\/tbody>\n<\/table>\n<p>La main, le conte, les associations, les rem\u00e8des, les mythes num\u00e9riques nous montrent que la connaissance v\u00e9ritable est incarn\u00e9e, v\u00e9cue, et toujours en mouvement \u00e0 l&rsquo;image des saisons.<\/p>\n<blockquote>\n<p>\u00ab\u00a0Il est souvent indispensable que des contenus vagues soient pr\u00e9cis\u00e9s par une mise en forme visible ; par exemple par le dessin, la peinture, le modelage. Les mains souvent savent d\u00e9chiffrer une \u00e9nigme avec laquelle l&rsquo;intellect se d\u00e9bat en vain. Car par la mise en forme le r\u00eave est continu\u00e9 et d\u00e9taill\u00e9 \u00e0 l&rsquo;\u00e9tat de veille, et le fait qu&rsquo;il \u00e9tait au d\u00e9but incompr\u00e9hensible et isol\u00e9 est int\u00e9gr\u00e9 \u00e0 l&rsquo;ensemble de la personnalit\u00e9, m\u00eame si le sujet n&rsquo;en a d&rsquo;abord pas conscience.\u00a0\u00bb<br \/>\nC.G. Jung, <a href=\"https:\/\/www.cgjung.net\/oeuvre\/ame_soi.htm\">L&rsquo;\u00c2me et le Soi<\/a>, page 172.<\/p>\n<\/blockquote>\n<p>En toute amiti\u00e9 jungienne,<\/p>\n<p style=\"text-align: right;\">L&rsquo;\u00e9quipe d&rsquo;Espace Francophone Jungien<\/p>\n<p><em><a id=\"abonnement\"><\/a>Nous vous encourageons \u00e0 partager cette lettre d\u2019information avec vos proches. Vous avez \u00e9galement la libert\u00e9 de vous d\u00e9sabonner et de vous r\u00e9abonner \u00e0 tout moment, selon votre convenance.<\/em><\/p>\n<p><a href=\"https:\/\/www.cgjung.net\/espace\/lettre-information\/\">Historique des lettres d&rsquo;information<\/a><\/p>\n<p><a href=\"https:\/\/eepurl.com\/dtGE4X\" target=\"_blank\" rel=\"noopener\">Acc\u00e8s au formulaire pour vous abonner<\/a><\/p>\n<p><a href=\"https:\/\/cgjung.us18.list-manage.com\/unsubscribe?u=d3a4a24a2d98c83ada4736a3f&amp;id=3d1120f532\" target=\"_blank\" rel=\"noopener\">Acc\u00e8s au formulaire pour vous d\u00e9sabonner<\/a><\/p>\n\n","protected":false},"excerpt":{"rendered":"<p>Cette lettre comprend : La main du ma\u00eetre | Est-ce que les f\u00e9es croient encore aux hommes ? | Tomber amoureux de la vie | O\u00f9 se situe la psychologie analytique parmi le symbolisme, la s\u00e9miotique, l\u2019iconologie et la symbologie ? | Jung : le vieil homme et l\u2019enfant | Errer dans les Backrooms | [&hellip;]<\/p>\n","protected":false},"author":17,"featured_media":0,"parent":23487,"menu_order":81,"comment_status":"closed","ping_status":"closed","template":"","meta":{"footnotes":""},"class_list":["post-31704","page","type-page","status-publish","hentry"],"_links":{"self":[{"href":"https:\/\/www.cgjung.net\/espace\/wp-json\/wp\/v2\/pages\/31704","targetHints":{"allow":["GET"]}}],"collection":[{"href":"https:\/\/www.cgjung.net\/espace\/wp-json\/wp\/v2\/pages"}],"about":[{"href":"https:\/\/www.cgjung.net\/espace\/wp-json\/wp\/v2\/types\/page"}],"author":[{"embeddable":true,"href":"https:\/\/www.cgjung.net\/espace\/wp-json\/wp\/v2\/users\/17"}],"replies":[{"embeddable":true,"href":"https:\/\/www.cgjung.net\/espace\/wp-json\/wp\/v2\/comments?post=31704"}],"version-history":[{"count":21,"href":"https:\/\/www.cgjung.net\/espace\/wp-json\/wp\/v2\/pages\/31704\/revisions"}],"predecessor-version":[{"id":32523,"href":"https:\/\/www.cgjung.net\/espace\/wp-json\/wp\/v2\/pages\/31704\/revisions\/32523"}],"up":[{"embeddable":true,"href":"https:\/\/www.cgjung.net\/espace\/wp-json\/wp\/v2\/pages\/23487"}],"wp:attachment":[{"href":"https:\/\/www.cgjung.net\/espace\/wp-json\/wp\/v2\/media?parent=31704"}],"curies":[{"name":"wp","href":"https:\/\/api.w.org\/{rel}","templated":true}]}}