{"id":3134,"date":"2017-01-20T11:07:43","date_gmt":"2017-01-20T10:07:43","guid":{"rendered":"https:\/\/www.cgjung.net\/espace\/?page_id=3134"},"modified":"2021-01-31T06:51:47","modified_gmt":"2021-01-31T05:51:47","slug":"poesies-de-bernard-long","status":"publish","type":"page","link":"https:\/\/www.cgjung.net\/espace\/bernard-long-homeopathie\/poesies-de-bernard-long\/","title":{"rendered":"Po\u00e9sies de Bernard Long"},"content":{"rendered":"<p><strong>Bernard Long est non seulement m\u00e9decin &#8230; mais po\u00e8te &#8230; d\u00e9couvrons ses po\u00e9sies !<\/strong><\/p>\n<p><img loading=\"lazy\" decoding=\"async\" class=\"size-full wp-image-3127 aligncenter\" src=\"https:\/\/www.cgjung.net\/espace\/wp-content\/uploads\/2017\/01\/oiseau-de-poesie_2.jpeg\" alt=\"\" width=\"473\" height=\"403\" srcset=\"https:\/\/www.cgjung.net\/espace\/wp-content\/uploads\/2017\/01\/oiseau-de-poesie_2.jpeg 473w, https:\/\/www.cgjung.net\/espace\/wp-content\/uploads\/2017\/01\/oiseau-de-poesie_2-300x256.jpeg 300w\" sizes=\"auto, (max-width: 473px) 100vw, 473px\" \/><\/p>\n<h2>Enfances<\/h2>\n<p><a href=\"https:\/\/www.cgjung.net\/espace\/bernard-long-homeopathie\/poesies-de-bernard-long\/enfances\/\">Trois po\u00e9sies : Aquarium &#8211; Nocturne &#8211; Sadness<\/a><\/p>\n<p>&nbsp;<\/p>\n<p style=\"text-align: justify;\"><em><strong>Important<\/strong> : il est possible que l&rsquo;un des rem\u00e8des d\u00e9crits sur ce site vous convienne, mais on ne peut l&rsquo;affirmer sans un interrogatoire et un examen s\u00e9rieux effectu\u00e9s par un m\u00e9decin hom\u00e9opathe. Le site est fait pour faire conna\u00eetre l&rsquo;hom\u00e9opathie, en aucun cas il ne peut se substituer \u00e0 un th\u00e9rapeute. Le docteur Bernard Long n&rsquo;assure plus de consultations.<\/em><\/p>\n<p><a href=\"https:\/\/www.cgjung.net\/contact.htm\"><strong>Adresser un message \u00e0 Bernard Long<\/strong><\/a>&nbsp;<span style=\"color: #ff0000;\">(Il ne doit pas concerner une consultation \u00e0 caract\u00e8re m\u00e9dical).<\/span><\/p>\n<h2>Bernard Long<\/h2>\n<p><a href=\"https:\/\/www.cgjung.net\/espace\/bernard-long-homeopathie\/\">Pr\u00e9sentation du docteur Bernard Long<\/a><\/p>\n<h2>Ouvrages<\/h2>\n<ul>\n<li><a href=\"https:\/\/www.cgjung.net\/espace\/bernard-long-homeopathie\/symboles-archetypes\/\">Symboles et arch\u00e9types en hom\u00e9opathie<\/a>, reprend un certain nombre d\u2019articles publi\u00e9s sur ce site et les compl\u00e8te.<\/li>\n<li><a href=\"https:\/\/www.cgjung.net\/espace\/bernard-long-homeopathie\/symboles-archetypes\/#repertoire\">Le R\u00e9pertoire hom\u00e9opathique des maladies aigu\u00ebs<\/a> compl\u00e8te utilement cet ouvrage.<\/li>\n<li><a href=\"https:\/\/www.cgjung.net\/espace\/bernard-long-homeopathie\/enfant-mere-homeopathie\/\">L&rsquo;enfant, la m\u00e8re et l&rsquo;hom\u00e9opathie<\/a><\/li>\n<\/ul>\n<h2>Articles de Bernard Long<\/h2>\n<div class=\"menu-bernard-long-container\">\n<ul id=\"menu-bernard-long\" class=\"menu\">\n<li id=\"menu-item-2211\" class=\"menu-item menu-item-type-post_type menu-item-object-page current-page-ancestor menu-item-2211\"><a href=\"https:\/\/www.cgjung.net\/espace\/bernard-long-homeopathie\/lexique-de-lhomeopathie\/\">Lexique de l\u2019hom\u00e9opathie<\/a><\/li>\n<li id=\"menu-item-3010\" class=\"menu-item menu-item-type-post_type menu-item-object-page menu-item-3010\"><a href=\"https:\/\/www.cgjung.net\/espace\/bernard-long-homeopathie\/homeopathie-et-synchronicite\/\">Hom\u00e9opathie et synchronicit\u00e9<\/a><\/li>\n<li id=\"menu-item-2212\" class=\"menu-item menu-item-type-post_type menu-item-object-page menu-item-2212\"><a href=\"https:\/\/www.cgjung.net\/espace\/bernard-long-homeopathie\/le-reve-en-pratique-homeopathique\/\">R\u00eave en hom\u00e9opathie<\/a><\/li>\n<li id=\"menu-item-2213\" class=\"menu-item menu-item-type-post_type menu-item-object-page menu-item-2213\"><a href=\"https:\/\/www.cgjung.net\/espace\/bernard-long-homeopathie\/homeopathie-mandala\/\">Hom\u00e9opathie et mandala<\/a><\/li>\n<li id=\"menu-item-2214\" class=\"menu-item menu-item-type-post_type menu-item-object-page menu-item-2214\"><a href=\"https:\/\/www.cgjung.net\/espace\/bernard-long-homeopathie\/le-mercure\/\">Le Mercure<\/a><\/li>\n<li id=\"menu-item-2215\" class=\"menu-item menu-item-type-post_type menu-item-object-page menu-item-2215\"><a href=\"https:\/\/www.cgjung.net\/espace\/bernard-long-homeopathie\/coquille-philosophique\/\">Calcarea carbonica<\/a><\/li>\n<li id=\"menu-item-2216\" class=\"menu-item menu-item-type-post_type menu-item-object-page menu-item-2216\"><a href=\"https:\/\/www.cgjung.net\/espace\/bernard-long-homeopathie\/pulsatilla\/\">Pulsatilla<\/a><\/li>\n<li id=\"menu-item-2217\" class=\"menu-item menu-item-type-post_type menu-item-object-page menu-item-2217\"><a href=\"https:\/\/www.cgjung.net\/espace\/bernard-long-homeopathie\/jung-et-lhomeopathie\/\">Jung et l\u2019hom\u00e9opathie<\/a><\/li>\n<li id=\"menu-item-2218\" class=\"menu-item menu-item-type-post_type menu-item-object-page menu-item-2218\"><a href=\"https:\/\/www.cgjung.net\/espace\/bernard-long-homeopathie\/aconit\/\">Aconit<\/a><\/li>\n<li id=\"menu-item-2257\" class=\"menu-item menu-item-type-post_type menu-item-object-page menu-item-has-children menu-item-2257\"><a href=\"https:\/\/www.cgjung.net\/espace\/bernard-long-homeopathie\/arsenic\/\">Arsenic : aspects philosophique et psychologique<\/a><\/li>\n<li id=\"menu-item-2219\" class=\"menu-item menu-item-type-post_type menu-item-object-page menu-item-2219\"><a href=\"https:\/\/www.cgjung.net\/espace\/bernard-long-homeopathie\/arsenic\/vie-maladie-mortelle\/\">Arsenic : la vie est une maladie mortelle<\/a><\/li>\n<li id=\"menu-item-2220\" class=\"menu-item menu-item-type-post_type menu-item-object-page menu-item-has-children menu-item-2220\"><a href=\"https:\/\/www.cgjung.net\/espace\/bernard-long-homeopathie\/plante-belladona-belladone\/\">Belladona, la belle qui a du chien<\/a><\/li>\n<li id=\"menu-item-2446\" class=\"menu-item menu-item-type-post_type menu-item-object-page menu-item-2446\"><a href=\"https:\/\/www.cgjung.net\/espace\/bernard-long-homeopathie\/plante-belladona-belladone\/plante-homeopathique-belladona-belladone\/\">Belladona, un combat pour la vie<\/a><\/li>\n<li id=\"menu-item-3433\" class=\"menu-item menu-item-type-post_type menu-item-object-page menu-item-3433\"><a href=\"https:\/\/www.cgjung.net\/espace\/bernard-long-homeopathie\/information-compensatoire\/\">Hom\u00e9opathie : information compensatoire ?<\/a><\/li>\n<li id=\"menu-item-4301\" class=\"menu-item menu-item-type-post_type menu-item-object-page menu-item-4301\"><a href=\"https:\/\/www.cgjung.net\/espace\/bernard-long-homeopathie\/alumine-matiere-alchimie-symbolique\/\">D\u2019alumine \u00e0 alumina : mati\u00e8re, alchimie, symbolique<\/a><\/li>\n<li id=\"menu-item-5163\" class=\"menu-item menu-item-type-post_type menu-item-object-page menu-item-5163\"><a href=\"https:\/\/www.cgjung.net\/espace\/bernard-long-homeopathie\/symbolisme-du-sel\/\">Symbolisme du sel et hom\u00e9opathie<\/a><\/li>\n<li id=\"menu-item-5686\" class=\"menu-item menu-item-type-post_type menu-item-object-page menu-item-5686\"><a href=\"https:\/\/www.cgjung.net\/espace\/bernard-long-homeopathie\/ambre-gris\/\">L\u2019ambre gris, ambra grisea<\/a><\/li>\n<li id=\"menu-item-6253\" class=\"menu-item menu-item-type-post_type menu-item-object-page menu-item-6253\"><a href=\"https:\/\/www.cgjung.net\/espace\/bernard-long-homeopathie\/de-soleil-dor-aurum-metallicum\/\">De soleil et d\u2019or : aurum m\u00e9tallicum<\/a><\/li>\n<li id=\"menu-item-6699\" class=\"menu-item menu-item-type-post_type menu-item-object-page menu-item-6699\"><a href=\"https:\/\/www.cgjung.net\/espace\/bernard-long-homeopathie\/argent-argentum\/\">Lune d\u2019argent : argentum<\/a><\/li>\n<li id=\"menu-item-7142\" class=\"menu-item menu-item-type-post_type menu-item-object-page menu-item-7142\"><a href=\"https:\/\/www.cgjung.net\/espace\/bernard-long-homeopathie\/le-charbon-de-bois-carbo-vegetabilis\/\">Le charbon de bois : carbo vegetabilis<\/a><\/li>\n<li id=\"menu-item-7203\" class=\"menu-item menu-item-type-post_type menu-item-object-page menu-item-7203\"><a href=\"https:\/\/www.cgjung.net\/espace\/bernard-long-homeopathie\/cuivre-et-remede\/\">Cuivre et rem\u00e8de \u2013 Cuprum metallicum<\/a><\/li>\n<li id=\"menu-item-7266\" class=\"menu-item menu-item-type-post_type menu-item-object-page menu-item-7266\"><a href=\"https:\/\/www.cgjung.net\/espace\/bernard-long-homeopathie\/symptomes-symboles\/\">Sympt\u00f4mes et Symboles en hom\u00e9opathie<\/a><\/li>\n<li id=\"menu-item-7975\" class=\"menu-item menu-item-type-post_type menu-item-object-page menu-item-7975\"><a href=\"https:\/\/www.cgjung.net\/espace\/bernard-long-homeopathie\/soufre-sulfur\/\">Le soufre, sulfur<\/a><\/li>\n<li id=\"menu-item-8444\" class=\"menu-item menu-item-type-post_type menu-item-object-page menu-item-8444\"><a href=\"https:\/\/www.cgjung.net\/espace\/bernard-long-homeopathie\/serpent-lachesis-mutus\/\">Le serpent : Lachesis mutus<\/a><\/li>\n<li id=\"menu-item-8857\" class=\"menu-item menu-item-type-post_type menu-item-object-page menu-item-8857\"><a href=\"https:\/\/www.cgjung.net\/espace\/bernard-long-homeopathie\/la-belle-et-le-crapaud\/\">La belle et le crapaud<\/a><\/li>\n<li id=\"menu-item-9847\" class=\"menu-item menu-item-type- menu-item-object- menu-item-9847\"><a href=\"https:\/\/www.cgjung.net\/espace\/bernard-long-homeopathie\/lycopodium\/\">Au loup ! Le rem\u00e8de hom\u00e9opathique lycopodium clavatum<\/a><\/li>\n<li><a href=\"https:\/\/www.cgjung.net\/espace\/bernard-long-homeopathie\/le-plomb-plumbum-metallicum\/\">Le plomb, plumbum m\u00e9tallicum hom\u00e9opathique<\/a><\/li>\n<li><a href=\"https:\/\/www.cgjung.net\/espace\/bernard-long-homeopathie\/camomille-remede\/\">La camomille : le rem\u00e8de hom\u00e9opathique chamomilla<\/a><\/li>\n<li><a href=\"https:\/\/www.cgjung.net\/espace\/bernard-long-homeopathie\/bore-borax\/\">Le bore, borax, rem\u00e8de hom\u00e9opathique<\/a><\/li>\n<li><a href=\"https:\/\/www.cgjung.net\/espace\/bernard-long-homeopathie\/rhus-toxicodendron\/\">Rhus toxicodendron, le rem\u00e8de et le sujet<\/a><\/li>\n<li><a href=\"https:\/\/www.cgjung.net\/espace\/bernard-long-homeopathie\/bryonia-alba-le-remede-du-confine\/\">Bryonia alba le rem\u00e8de du confin\u00e9<\/a><\/li>\n<li><a href=\"https:\/\/www.cgjung.net\/espace\/bernard-long-homeopathie\/staphysagria-remede-pouilleux\/\">Staphysagria le rem\u00e8de du pouilleux<\/a><\/li>\n<li><a href=\"https:\/\/www.cgjung.net\/espace\/bernard-long-homeopathie\/veratrum-album-remede-vantard\/\">Veratrum album, rem\u00e8de pr\u00e9tentieux et vantard<\/a><\/li>\n<li><a href=\"https:\/\/www.cgjung.net\/espace\/bernard-long-homeopathie\/hepar-sulfur-calcareum-un-pyromane-frileux\/\">Hepar Sulfur Calcareum, un pyromane frileux<\/a><\/li>\n<li><a href=\"https:\/\/www.cgjung.net\/espace\/bernard-long-homeopathie\/sepia-sang-encre\/\">Le sujet sepia se fait un sang d\u2019encre<\/a><\/li>\n<li><a href=\"https:\/\/www.cgjung.net\/espace\/bernard-long-homeopathie\/zincum-metallicum\/\">Zincum metallicum&nbsp;un sujet galvanis\u00e9<\/a><\/li>\n<li><a href=\"https:\/\/www.cgjung.net\/espace\/bernard-long-homeopathie\/natrum-carbonicum-lessive-alchimique\/\">Natrum carbonicum : la grande lessive alchimique<\/a><\/li>\n<li><a href=\"https:\/\/www.cgjung.net\/espace\/bernard-long-homeopathie\/silicea\/\">Silicea sent le sol se d\u00e9rober sous ses pieds<\/a><\/li>\n<li><a href=\"https:\/\/www.cgjung.net\/espace\/bernard-long-homeopathie\/hyoscyamus-niger\/\">La jusquiame noire, hyoscyamus niger, au pays des sorci\u00e8res<\/a><\/li>\n<li><a href=\"https:\/\/www.cgjung.net\/espace\/bernard-long-homeopathie\/ammonium-muriaticum\/\">Ammonium muriaticum et l&rsquo;histoire du Petit Poucet<\/a><\/li>\n<li><a href=\"https:\/\/www.cgjung.net\/espace\/bernard-long-homeopathie\/capsicum-annuum\/\">La nostalgie du pays de Capsicum annuum<\/a><\/li>\n<li><a href=\"https:\/\/www.cgjung.net\/espace\/bernard-long-homeopathie\/kalium-carbonicum\/\">Kalium carbonicum, purification et destruction<\/a><\/li>\n<li><a href=\"https:\/\/www.cgjung.net\/espace\/bernard-long-homeopathie\/causticum-caustique\/\">Causticum : un \u00eatre caustique et empathique<\/a><\/li>\n<li><a href=\"https:\/\/www.cgjung.net\/espace\/bernard-long-homeopathie\/thuya-occidentalis\/\">Thuya occidentalis et le mythe d\u2019osiris<\/a><\/li>\n<li><a href=\"https:\/\/www.cgjung.net\/espace\/bernard-long-homeopathie\/anacardium-orientale-ange-ou-demon\/\">Anacardium orientale, ange ou d\u00e9mon ?<\/a><\/li>\n<li><a href=\"https:\/\/www.cgjung.net\/espace\/bernard-long-homeopathie\/china-officinalis\/\">China officinalis, Hahnemann et les d\u00e9buts de l\u2019hom\u00e9opathie<\/a><\/li>\n<li><a href=\"https:\/\/www.cgjung.net\/espace\/bernard-long-homeopathie\/ignatia-amara-est-fou-damour\/\">Ignatia amara est fou d\u2019amour<\/a><\/li>\n<li><a href=\"https:\/\/www.cgjung.net\/espace\/bernard-long-homeopathie\/nux-vomica\/\">Nux vomica, le juste milieu entre l\u2019abus et la rigueur<\/a><\/li>\n<li><a href=\"https:\/\/www.cgjung.net\/espace\/bernard-long-homeopathie\/ombre-lumiere\/\">Datura Stramonium, ombre, lumi\u00e8re, symbiose et magie<\/a><\/li>\n<li><a href=\"https:\/\/www.cgjung.net\/espace\/bernard-long-homeopathie\/alchimie-homeopathie\/\">Le cinabre : alchimie et hom\u00e9opathie<\/a><\/li>\n<li><a href=\"https:\/\/www.cgjung.net\/espace\/bernard-long-homeopathie\/cicuta-virosa\/\">Cicuta virosa, une ombellif\u00e8re infantile<\/a><\/li>\n<li><a href=\"https:\/\/www.cgjung.net\/espace\/bernard-long-homeopathie\/tuberculinum\/\">Tuberculinum, un rem\u00e8de pneumatique<\/a><\/li>\n<li><a href=\"https:\/\/www.cgjung.net\/espace\/bernard-long-homeopathie\/camphora\/\">Camphora &#8211; La solitude de ces espaces infinis me glace !<\/a><\/li>\n<li id=\"menu-item-3149\" class=\"menu-item menu-item-type-post_type menu-item-object-page menu-item-3149\"><a href=\"https:\/\/www.cgjung.net\/espace\/bernard-long-homeopathie\/poesies-de-bernard-long\/\">Po\u00e9sies de Bernard Long<\/a><\/li>\n<\/ul>\n<\/div>\n\n<p>&nbsp;<\/p>\n","protected":false},"excerpt":{"rendered":"<p>Bernard Long est non seulement m\u00e9decin &#8230; mais po\u00e8te &#8230; d\u00e9couvrons ses po\u00e9sies ! Enfances Trois po\u00e9sies : Aquarium &#8211; Nocturne &#8211; Sadness &nbsp; &nbsp;<\/p>\n","protected":false},"author":1,"featured_media":0,"parent":61,"menu_order":514,"comment_status":"closed","ping_status":"closed","template":"","meta":{"footnotes":""},"class_list":["post-3134","page","type-page","status-publish","hentry"],"_links":{"self":[{"href":"https:\/\/www.cgjung.net\/espace\/wp-json\/wp\/v2\/pages\/3134","targetHints":{"allow":["GET"]}}],"collection":[{"href":"https:\/\/www.cgjung.net\/espace\/wp-json\/wp\/v2\/pages"}],"about":[{"href":"https:\/\/www.cgjung.net\/espace\/wp-json\/wp\/v2\/types\/page"}],"author":[{"embeddable":true,"href":"https:\/\/www.cgjung.net\/espace\/wp-json\/wp\/v2\/users\/1"}],"replies":[{"embeddable":true,"href":"https:\/\/www.cgjung.net\/espace\/wp-json\/wp\/v2\/comments?post=3134"}],"version-history":[{"count":9,"href":"https:\/\/www.cgjung.net\/espace\/wp-json\/wp\/v2\/pages\/3134\/revisions"}],"predecessor-version":[{"id":9880,"href":"https:\/\/www.cgjung.net\/espace\/wp-json\/wp\/v2\/pages\/3134\/revisions\/9880"}],"up":[{"embeddable":true,"href":"https:\/\/www.cgjung.net\/espace\/wp-json\/wp\/v2\/pages\/61"}],"wp:attachment":[{"href":"https:\/\/www.cgjung.net\/espace\/wp-json\/wp\/v2\/media?parent=3134"}],"curies":[{"name":"wp","href":"https:\/\/api.w.org\/{rel}","templated":true}]}}