{"id":31312,"date":"2025-10-15T11:12:02","date_gmt":"2025-10-15T09:12:02","guid":{"rendered":"https:\/\/www.cgjung.net\/espace\/?page_id=31312"},"modified":"2025-10-15T11:22:36","modified_gmt":"2025-10-15T09:22:36","slug":"experience-associations-pratique-therapeutique","status":"publish","type":"page","link":"https:\/\/www.cgjung.net\/espace\/ressources\/experience-associations-pratique-therapeutique\/","title":{"rendered":"L&rsquo;exp\u00e9rience des associations dans la pratique th\u00e9rapeutique &#8211; Verena Kast"},"content":{"rendered":"<p><strong>L\u2019exp\u00e9rience des associations dans la pratique th\u00e9rapeutique de Verena Kast offre au public francophone une exploration approfondie des premiers travaux exp\u00e9rimentaux de C. G. Jung. L\u2019ouvrage montre la port\u00e9e clinique de la m\u00e9thode des associations de mots ainsi que sa pertinence pour la pratique analytique contemporaine.<\/strong><\/p>\n<p><img loading=\"lazy\" decoding=\"async\" class=\"aligncenter size-full wp-image-31316\" src=\"https:\/\/www.cgjung.net\/espace\/wp-content\/uploads\/2025\/10\/Experience-associations-Verena-Kast.png\" alt=\"\" width=\"280\" height=\"417\" srcset=\"https:\/\/www.cgjung.net\/espace\/wp-content\/uploads\/2025\/10\/Experience-associations-Verena-Kast.png 280w, https:\/\/www.cgjung.net\/espace\/wp-content\/uploads\/2025\/10\/Experience-associations-Verena-Kast-201x300.png 201w\" sizes=\"auto, (max-width: 280px) 100vw, 280px\" \/><\/p>\n<p>Avec L\u2019exp\u00e9rience des associations dans la pratique th\u00e9rapeutique, Verena Kast, psychanalyste jungienne, ancienne pr\u00e9sidente de l\u2019Association Internationale de Psychologie Analytique (IAAP) et de l\u2019Institut C. G. Jung de Zurich, propose une analyse approfondie de la gen\u00e8se exp\u00e9rimentale de la psychologie analytique.<\/p>\n<p>S\u2019appuyant sur les travaux fondateurs de C. G. Jung au Burgh\u00f6lzli au d\u00e9but du XX\u1d49 si\u00e8cle, Kast met en \u00e9vidence la port\u00e9e th\u00e9orique et clinique de la m\u00e9thode des associations de mots. Con\u00e7ue \u00e0 l\u2019origine comme dispositif d\u2019investigation psychophysiologique, cette m\u00e9thode se r\u00e9v\u00e8le \u00eatre non seulement un outil de diagnostic des complexes, mais \u00e9galement un instrument d\u2019exploration et de transformation du monde int\u00e9rieur.<\/p>\n<p>L\u2019auteure montre comment l\u2019exp\u00e9rience associative, dans la perspective jungienne, allie sciences exp\u00e9rimentales et processus symbolique, ouvrant ainsi la voie \u00e0 une compr\u00e9hension dynamique de l\u2019inconscient. Par une lecture rigoureuse et nuanc\u00e9e, Kast relie les recherches empiriques de Jung \u00e0 la pratique analytique contemporaine, soulignant la continuit\u00e9 entre la m\u00e9thode exp\u00e9rimentale et la d\u00e9marche th\u00e9rapeutique.<\/p>\n<p>Plus de la moiti\u00e9 de l\u2019ouvrage est consacr\u00e9 \u00e0 une \u00e9tude de cas d\u00e9taill\u00e9e, illustrant la mise en \u0153uvre concr\u00e8te de la m\u00e9thode associative dans la pratique clinique. Cette section, d\u2019une grande richesse, permet d\u2019observer la dynamique du processus analytique et de mesurer la f\u00e9condit\u00e9 th\u00e9rapeutique de l\u2019approche jungienne.<\/p>\n<p>Si la traduction fran\u00e7aise permet aujourd\u2019hui de rendre accessible au public francophone un texte essentiel de Verena Kast, on pourra toutefois regretter la pr\u00e9sence de quelques impr\u00e9cisions formelles et de maladresses ponctuelles qui en att\u00e9nuent parfois la clart\u00e9. Ces r\u00e9serves, mineures au regard de la richesse du propos, n\u2019enl\u00e8vent rien \u00e0 la port\u00e9e th\u00e9orique et clinique de l\u2019ouvrage.<\/p>\n<p>&nbsp;<\/p>\n<p><em>\u00c9dition Jungianeum, 2025 \u2013 Traduction Brigitte Vienne- 212 pages \u2013 ISBN 9798289702432 \u2013 15,8 x 23,5 x 1,2 cm<\/em><\/p>\n<h2>Verena Kast<\/h2>\n<p>Verena Kast est psychanalyste jungienne, docteure en psychologie et professeure \u00e9m\u00e9rite \u00e0 l\u2019Universit\u00e9 de Zurich. Ancienne pr\u00e9sidente de l\u2019IAAP et de l\u2019Institut C. G. Jung de Zurich, elle est l\u2019auteure de nombreux ouvrages consacr\u00e9s \u00e0 la dynamique des \u00e9motions, \u00e0 l\u2019interpr\u00e9tation des r\u00eaves et au processus de transformation psychique. Son travail s\u2019inscrit dans la continuit\u00e9 vivante de la tradition jungienne, \u00e0 la crois\u00e9e de la recherche th\u00e9orique et de la pratique clinique.<\/p>\n","protected":false},"excerpt":{"rendered":"<p>L\u2019exp\u00e9rience des associations dans la pratique th\u00e9rapeutique de Verena Kast offre au public francophone une exploration approfondie des premiers travaux exp\u00e9rimentaux de C. G. Jung. L\u2019ouvrage montre la port\u00e9e clinique de la m\u00e9thode des associations de mots ainsi que sa pertinence pour la pratique analytique contemporaine. Avec L\u2019exp\u00e9rience des associations dans la pratique th\u00e9rapeutique, Verena [&hellip;]<\/p>\n","protected":false},"author":17,"featured_media":0,"parent":9713,"menu_order":0,"comment_status":"closed","ping_status":"closed","template":"","meta":{"footnotes":""},"class_list":["post-31312","page","type-page","status-publish","hentry"],"_links":{"self":[{"href":"https:\/\/www.cgjung.net\/espace\/wp-json\/wp\/v2\/pages\/31312","targetHints":{"allow":["GET"]}}],"collection":[{"href":"https:\/\/www.cgjung.net\/espace\/wp-json\/wp\/v2\/pages"}],"about":[{"href":"https:\/\/www.cgjung.net\/espace\/wp-json\/wp\/v2\/types\/page"}],"author":[{"embeddable":true,"href":"https:\/\/www.cgjung.net\/espace\/wp-json\/wp\/v2\/users\/17"}],"replies":[{"embeddable":true,"href":"https:\/\/www.cgjung.net\/espace\/wp-json\/wp\/v2\/comments?post=31312"}],"version-history":[{"count":14,"href":"https:\/\/www.cgjung.net\/espace\/wp-json\/wp\/v2\/pages\/31312\/revisions"}],"predecessor-version":[{"id":31358,"href":"https:\/\/www.cgjung.net\/espace\/wp-json\/wp\/v2\/pages\/31312\/revisions\/31358"}],"up":[{"embeddable":true,"href":"https:\/\/www.cgjung.net\/espace\/wp-json\/wp\/v2\/pages\/9713"}],"wp:attachment":[{"href":"https:\/\/www.cgjung.net\/espace\/wp-json\/wp\/v2\/media?parent=31312"}],"curies":[{"name":"wp","href":"https:\/\/api.w.org\/{rel}","templated":true}]}}