{"id":31297,"date":"2025-10-14T08:02:22","date_gmt":"2025-10-14T06:02:22","guid":{"rendered":"https:\/\/www.cgjung.net\/espace\/?page_id=31297"},"modified":"2025-10-14T08:02:22","modified_gmt":"2025-10-14T06:02:22","slug":"dragana-favre","status":"publish","type":"page","link":"https:\/\/www.cgjung.net\/espace\/accueil\/dragana-favre\/","title":{"rendered":"Dragana Favre"},"content":{"rendered":"<h2>Dragana Favre, MD, PhD<\/h2>\n<p><img loading=\"lazy\" decoding=\"async\" class=\"size-full wp-image-30564 alignright\" src=\"https:\/\/www.cgjung.net\/espace\/wp-content\/uploads\/2025\/08\/dragana-favre.jpg\" alt=\"\" width=\"90\" height=\"102\" \/>Dragana Favre est psychiatre FMH et docteure en neurosciences, sp\u00e9cialis\u00e9e en psychoth\u00e9rapie analytique. Form\u00e9e aux H\u00f4pitaux Universitaires de Gen\u00e8ve et \u00e0 l\u2019Institut C.G. Jung de Zurich, elle exerce en cabinet priv\u00e9 \u00e0 Gen\u00e8ve et intervient r\u00e9guli\u00e8rement sur les th\u00e8mes de la psychologie jungienne, de la conscience et de la symbolisation.<\/p>\n<p>Titulaire d\u2019un doctorat en neurosciences (Universit\u00e9 d\u2019Alicante) apr\u00e8s un master \u00e0 G\u00f6ttingen, elle d\u00e9veloppe une approche int\u00e9grative fond\u00e9e sur les dynamiques arch\u00e9typiques, la temporalit\u00e9 psychique et la ph\u00e9nom\u00e9nologie de la conscience.<\/p>\n<p>Elle si\u00e8ge au conseil d\u2019administration <a href=\"https:\/\/jungstudies.net\/\" target=\"_blank\" rel=\"noopener\">de l\u2019IAJS<\/a>, qu\u2019elle co-pr\u00e9side en 2024 et 2025, et anime <a href=\"https:\/\/www.jungiansalon.com\/fr\" target=\"_blank\" rel=\"noopener\">le Salon Jungien<\/a>, un espace de r\u00e9flexion vivant \u00e0 la crois\u00e9e de la clinique et des enjeux contemporains.<\/p>\n<p>Son site personnel : <a href=\"https:\/\/draganafavre.ch\/\" target=\"_blank\" rel=\"noopener\">draganafavre.ch<\/a><\/p>\n<p><strong>Articles<\/strong><\/p>\n<ul>\n<li><a href=\"https:\/\/www.cgjung.net\/espace\/accueil\/jprobert\/entretien-dragana-favre\/\">Entretien avec Dragana Favre des neurosciences \u00e0 la profondeur de la psych\u00e9<\/a>.<\/li>\n<li><a href=\"https:\/\/www.cgjung.net\/espace\/accueil\/dragana-favre\/errer-dans-les-backrooms\/\">Errer dans les Backrooms : espaces liminaux, mythe num\u00e9rique et lecture jungienne du vide<\/a><\/li>\n<li><a href=\"https:\/\/www.cgjung.net\/espace\/accueil\/dragana-favre\/tombez-amoureux-de-la-vie\/\">Tomber amoureux de la vie<\/a><\/li>\n<li><a href=\"https:\/\/www.cgjung.net\/espace\/accueil\/dragana-favre\/emergence-sens-sans-corps-organique\/\">Le sens peut-il \u00e9merger sans le corps organique&nbsp; ?<\/a><\/li>\n<li><a href=\"https:\/\/www.cgjung.net\/espace\/accueil\/dragana-favre\/temporalites-plurielles\/\">Temporalit\u00e9s plurielles du vivant et du synth\u00e9tique<\/a><\/li>\n<\/ul>\n\n","protected":false},"excerpt":{"rendered":"","protected":false},"author":1,"featured_media":0,"parent":53,"menu_order":17,"comment_status":"closed","ping_status":"closed","template":"","meta":{"footnotes":""},"class_list":["post-31297","page","type-page","status-publish","hentry"],"_links":{"self":[{"href":"https:\/\/www.cgjung.net\/espace\/wp-json\/wp\/v2\/pages\/31297","targetHints":{"allow":["GET"]}}],"collection":[{"href":"https:\/\/www.cgjung.net\/espace\/wp-json\/wp\/v2\/pages"}],"about":[{"href":"https:\/\/www.cgjung.net\/espace\/wp-json\/wp\/v2\/types\/page"}],"author":[{"embeddable":true,"href":"https:\/\/www.cgjung.net\/espace\/wp-json\/wp\/v2\/users\/1"}],"replies":[{"embeddable":true,"href":"https:\/\/www.cgjung.net\/espace\/wp-json\/wp\/v2\/comments?post=31297"}],"version-history":[{"count":1,"href":"https:\/\/www.cgjung.net\/espace\/wp-json\/wp\/v2\/pages\/31297\/revisions"}],"predecessor-version":[{"id":31298,"href":"https:\/\/www.cgjung.net\/espace\/wp-json\/wp\/v2\/pages\/31297\/revisions\/31298"}],"up":[{"embeddable":true,"href":"https:\/\/www.cgjung.net\/espace\/wp-json\/wp\/v2\/pages\/53"}],"wp:attachment":[{"href":"https:\/\/www.cgjung.net\/espace\/wp-json\/wp\/v2\/media?parent=31297"}],"curies":[{"name":"wp","href":"https:\/\/api.w.org\/{rel}","templated":true}]}}