{"id":3114,"date":"2017-01-20T11:08:34","date_gmt":"2017-01-20T10:08:34","guid":{"rendered":"https:\/\/www.cgjung.net\/espace\/?page_id=3114"},"modified":"2017-01-20T11:11:15","modified_gmt":"2017-01-20T10:11:15","slug":"enfances","status":"publish","type":"page","link":"https:\/\/www.cgjung.net\/espace\/bernard-long-homeopathie\/poesies-de-bernard-long\/enfances\/","title":{"rendered":"Enfances"},"content":{"rendered":"<h2>Aquarium<\/h2>\n<h4 style=\"text-align: center;\">dans la mer pullulent les rubiac\u00e9es et les algues<\/h4>\n<h4 style=\"text-align: center;\">mon bonnet de nageur est sur l\u2019affiche<br \/>\nencore neuf<\/h4>\n<h4 style=\"text-align: center;\">les nourrissons ont des tubes \u00e0 l\u2019ombilic<br \/>\npour p\u00eacher la crevette<br \/>\net des masques \u00e0 oxyg\u00e8ne pour regarder les rochers<\/h4>\n<h4 style=\"text-align: center;\">les poissons m\u00e2chonnent du varech<br \/>\nles yeux fixes<\/h4>\n<h4 style=\"text-align: center;\">l\u2019eau ti\u00e8de<br \/>\nles coraux<br \/>\nmes sandales<br \/>\net mon petit filet bleu<\/h4>\n<h2 style=\"text-align: left;\">Nocturne<\/h2>\n<h4 style=\"text-align: center;\">la nuit aussi rumine comme un vieil arbre<\/h4>\n<h4 style=\"text-align: center;\">les chemins fusillent les heures<\/h4>\n<h4 style=\"text-align: center;\">tu coupes le vent avec ton canif mais il file plus vite encore<\/h4>\n<h4 style=\"text-align: center;\">soit !<\/h4>\n<h4 style=\"text-align: center;\">le petit h\u00f4pital minable sent la cigarette froide<\/h4>\n<h4 style=\"text-align: center;\">les ombres s\u2019allongent sous les n\u00e9ons<\/h4>\n<h4 style=\"text-align: center;\">un cargo indigo fonce dans le m\u00e9tro<\/h4>\n<h4 style=\"text-align: center;\">en plastique<\/h4>\n<h4 style=\"text-align: center;\">mon petit pistolet \u00e0 eau<\/h4>\n<h4 style=\"text-align: center;\">us\u00e9 \u00a0\u00a0 \u00a0plouf<\/h4>\n<h4 style=\"text-align: center;\">alors<\/h4>\n<h4 style=\"text-align: center;\">j\u2019attends ce train neuf au fond du jardin<\/h4>\n<h2>\u00a0Sadness<\/h2>\n<h4 style=\"text-align: center;\">je n\u2019ai ni c\u0153ur \u00e0 crier ni \u00e0 plonger mon corps dans le nuage du soir<br \/>\nquand vient le rayon vert \u00e0 l\u2019horizon<br \/>\nje n\u2019ai ni l\u2019espoir \u00e0 cracher des feux d\u2019artifice dans la mer<br \/>\nni \u00e0 marcher sur les mains<br \/>\nje demeure sur un ch\u00e2teau de sable<br \/>\n\u00e0 inspirer lentement le sel\u00a0 bleu des vagues<\/h4>\n<p>&nbsp;<\/p>\n","protected":false},"excerpt":{"rendered":"<p>Aquarium dans la mer pullulent les rubiac\u00e9es et les algues mon bonnet de nageur est sur l\u2019affiche encore neuf les nourrissons ont des tubes \u00e0 l\u2019ombilic pour p\u00eacher la crevette et des masques \u00e0 oxyg\u00e8ne pour regarder les rochers les poissons m\u00e2chonnent du varech les yeux fixes l\u2019eau ti\u00e8de les coraux mes sandales et mon [&hellip;]<\/p>\n","protected":false},"author":1,"featured_media":0,"parent":3134,"menu_order":25,"comment_status":"closed","ping_status":"closed","template":"","meta":{"footnotes":""},"class_list":["post-3114","page","type-page","status-publish","hentry"],"_links":{"self":[{"href":"https:\/\/www.cgjung.net\/espace\/wp-json\/wp\/v2\/pages\/3114","targetHints":{"allow":["GET"]}}],"collection":[{"href":"https:\/\/www.cgjung.net\/espace\/wp-json\/wp\/v2\/pages"}],"about":[{"href":"https:\/\/www.cgjung.net\/espace\/wp-json\/wp\/v2\/types\/page"}],"author":[{"embeddable":true,"href":"https:\/\/www.cgjung.net\/espace\/wp-json\/wp\/v2\/users\/1"}],"replies":[{"embeddable":true,"href":"https:\/\/www.cgjung.net\/espace\/wp-json\/wp\/v2\/comments?post=3114"}],"version-history":[{"count":17,"href":"https:\/\/www.cgjung.net\/espace\/wp-json\/wp\/v2\/pages\/3114\/revisions"}],"predecessor-version":[{"id":3138,"href":"https:\/\/www.cgjung.net\/espace\/wp-json\/wp\/v2\/pages\/3114\/revisions\/3138"}],"up":[{"embeddable":true,"href":"https:\/\/www.cgjung.net\/espace\/wp-json\/wp\/v2\/pages\/3134"}],"wp:attachment":[{"href":"https:\/\/www.cgjung.net\/espace\/wp-json\/wp\/v2\/media?parent=3114"}],"curies":[{"name":"wp","href":"https:\/\/api.w.org\/{rel}","templated":true}]}}