{"id":30980,"date":"2025-09-01T11:31:57","date_gmt":"2025-09-01T09:31:57","guid":{"rendered":"https:\/\/www.cgjung.net\/espace\/?page_id=30980"},"modified":"2025-09-02T05:35:56","modified_gmt":"2025-09-02T03:35:56","slug":"rpa-n13","status":"publish","type":"page","link":"https:\/\/www.cgjung.net\/espace\/ressources\/rpa-n13\/","title":{"rendered":"RPA n\u00b013 \u2013 Dernier num\u00e9ro : dialogues entre h\u00e9ritage et devenir de la psychologie analytique"},"content":{"rendered":"<p><strong>Ce treizi\u00e8me et dernier num\u00e9ro de la Revue de Psychologie Analytique rassemble cinq contributions denses et stimulantes, o\u00f9 l\u2019actualit\u00e9 br\u00fblante, les mythes anciens, les h\u00e9ritages th\u00e9oriques et les interrogations sur l\u2019avenir dialoguent \u00e9troitement.<\/strong><\/p>\n<p><img loading=\"lazy\" decoding=\"async\" class=\"aligncenter size-full wp-image-30978\" src=\"https:\/\/www.cgjung.net\/espace\/wp-content\/uploads\/2025\/09\/rpa-no-13.png\" alt=\"\" width=\"281\" height=\"441\" srcset=\"https:\/\/www.cgjung.net\/espace\/wp-content\/uploads\/2025\/09\/rpa-no-13.png 281w, https:\/\/www.cgjung.net\/espace\/wp-content\/uploads\/2025\/09\/rpa-no-13-191x300.png 191w\" sizes=\"auto, (max-width: 281px) 100vw, 281px\" \/><\/p>\n<p><strong>\u00catre fort ou mourir<br \/>\n<\/strong><em>Christine Fouchard<\/em><\/p>\n<p>Face aux menaces climatiques et \u00e0 l\u2019\u00e9co-anxi\u00e9t\u00e9, l\u2019auteure interroge la t\u00e2che nouvelle du psychanalyste : accueillir la fragilit\u00e9 tout en accompagnant la recherche de force vitale. Appuy\u00e9e sur des cas cliniques et des r\u00e9f\u00e9rences mythiques, elle montre comment le tissu symbolique peut redevenir consolateur et porteur de lien collectif.<\/p>\n<p><strong>Un d\u00e9saveu de post\u00e9rit\u00e9, \u00ab Le couteau de Lichtenberg&nbsp;\u00bb<br \/>\n<\/strong><em>Sophie de Mijolla-Mellor<\/em><\/p>\n<p>En revenant sur la rupture entre Freud et Jung, l\u2019auteure illustre l\u2019impossible transmission lin\u00e9aire d\u2019une pens\u00e9e. La m\u00e9taphore du couteau, dont les parties chang\u00e9es interrogent l\u2019identit\u00e9, \u00e9claire la tension entre fid\u00e9lit\u00e9 et innovation, et la f\u00e9condit\u00e9 de l\u2019h\u00e9r\u00e9sie dans la vie des id\u00e9es.<\/p>\n<p><strong>R\u00e9flexions sur la nature de la psychologie jungienne comme discipline de l\u2019int\u00e9riorit\u00e9 : une r\u00e9ponse aux \u00ab incompr\u00e9hensions \u00bb de Saban<br \/>\n<\/strong><em>John Hoedl<\/em><\/p>\n<p>S\u2019appuyant sur Wolfgang Giegerich, Hoedl d\u00e9fend une conception de la psychologie comme discipline de l\u2019int\u00e9riorit\u00e9, en r\u00e9ponse aux critiques de Mark Saban. Il montre les liens entre Jung et Giegerich, et souligne que la f\u00e9condit\u00e9 de la psychologie analytique se joue dans une pens\u00e9e de l\u2019\u00e2me comme r\u00e9alit\u00e9 objective.<\/p>\n<p><strong>Du sentiment freudien d\u2019inqui\u00e9tante \u00e9tranget\u00e9 au sentiment jungien d\u2019\u00eatre un \u00e9tranger<br \/>\n<\/strong><em>Marcel Gaumond&nbsp;<\/em><\/p>\n<p>En miroir, Freud et Jung illustrent deux exp\u00e9riences fondatrices : pour Freud, l\u2019inqui\u00e9tante \u00e9tranget\u00e9 li\u00e9e au f\u00e9minin ; pour Jung, le sentiment d\u2019\u00eatre \u00e9tranger, v\u00e9cu d\u00e8s l\u2019enfance et articul\u00e9 \u00e0 sa \u00ab personnalit\u00e9 num\u00e9ro deux \u00bb. Ces v\u00e9cus, personnels et th\u00e9oriques, r\u00e9v\u00e8lent la divergence radicale de leur rapport au monde.<\/p>\n<p><strong>L\u2019enfant-robot : un <em>puer-et-senex aeternus<\/em>, un enfant divin, ou simplement \u00ab un autre \u00bb&nbsp;?<br \/>\n<\/strong><em>Dragana Favre<\/em><\/p>\n<p>\u00c0 partir du film A.I. et de r\u00e9f\u00e9rences mythologiques et cliniques, l\u2019auteure explore l\u2019image arch\u00e9typale de l\u2019enfant-robot. Figure ambigu\u00eb \u2013 <em>puer aeternus, senex<\/em>, ou enfant divin \u2013 il refl\u00e8te les projections humaines, interroge l\u2019inconscient collectif et ouvre un d\u00e9bat \u00e9thique et psychologique sur nos futurs rapports aux cr\u00e9atures artificielles.<br \/>\nVoir \u00e9galement <a href=\"https:\/\/www.cgjung.net\/espace\/accueil\/jprobert\/entretien-dragana-favre\/\">l&rsquo;entretien EFJ avec Dragana Favre<\/a>.<\/p>\n<p><strong>Conclusion et annonce<\/strong><\/p>\n<p>Avec ce num\u00e9ro 13, la Revue de Psychologie Analytique (RPA) ach\u00e8ve treize ann\u00e9es d\u2019existence f\u00e9conde. Mais cette fin est aussi un commencement : au printemps 2025 na\u00eetra la Revue Quadrilingue en Psychologie Analytique (RQPA), port\u00e9e par une \u00e9quipe internationale et coordonn\u00e9e autour de quatre aires linguistiques : fran\u00e7ais, portugais, anglais et espagnol. Elle prolongera et \u00e9largira l\u2019aventure, en ouvrant la r\u00e9flexion jungienne et post-jungienne \u00e0 une communaut\u00e9 scientifique et culturelle encore plus vaste.<\/p>\n<h2>Revue de Psychologie Analytique (@ R P A)<\/h2>\n<p>Cette revue francophone \u00e0 vocation internationale, de niveau universitaire, est ancr\u00e9e dans la pens\u00e9e jungienne et ouverte \u00e0 d&rsquo;autres approches de la psych\u00e9 humaine. Voici les num\u00e9ros pr\u00e9sent\u00e9s sur le pr\u00e9sent site :<\/p>\n<ul>\n<li><a href=\"https:\/\/www.cgjung.net\/espace\/ressources\/revue-de-psychologie-analytique-no-12\/\">Revue de Psychologie Analytique no 12<\/a> (\u00e9t\u00e9 2023)<\/li>\n<li><a href=\"https:\/\/www.cgjung.net\/espace\/ressources\/rpa-no-11\/\">Revue de Psychologie Analytique no 11<\/a> (\u00e9t\u00e9 2022)<\/li>\n<li><a href=\"https:\/\/www.cgjung.net\/espace\/ressources\/rpa-no-10\/\">Revue de Psychologie Analytique no 10<\/a> (automne 2021)<\/li>\n<li><a href=\"https:\/\/www.cgjung.net\/espace\/ressources\/rpa-9\/\">Revue de Psychologie Analytique no 9<\/a> (automne 2020)<\/li>\n<li><a href=\"https:\/\/www.cgjung.net\/espace\/ressources\/revue-pa-conferences-2018\/\">Rencontre entre psychologie analytique et recherches universitaires<\/a> les 29 et 30 ao\u00fbt 2018.<\/li>\n<\/ul>\n<p>Les num\u00e9ros de la Revue de Psychologie Analytique sont disponibles <a href=\"https:\/\/shs.cairn.info\/revue-de-psychologie-analytique\" target=\"_blank\" rel=\"noopener\">sur le site cairn.info<\/a><\/p>\n\n","protected":false},"excerpt":{"rendered":"<p>Ce treizi\u00e8me et dernier num\u00e9ro de la Revue de Psychologie Analytique rassemble cinq contributions denses et stimulantes, o\u00f9 l\u2019actualit\u00e9 br\u00fblante, les mythes anciens, les h\u00e9ritages th\u00e9oriques et les interrogations sur l\u2019avenir dialoguent \u00e9troitement. \u00catre fort ou mourir Christine Fouchard Face aux menaces climatiques et \u00e0 l\u2019\u00e9co-anxi\u00e9t\u00e9, l\u2019auteure interroge la t\u00e2che nouvelle du psychanalyste : accueillir [&hellip;]<\/p>\n","protected":false},"author":1,"featured_media":0,"parent":9713,"menu_order":0,"comment_status":"closed","ping_status":"closed","template":"","meta":{"footnotes":""},"class_list":["post-30980","page","type-page","status-publish","hentry"],"_links":{"self":[{"href":"https:\/\/www.cgjung.net\/espace\/wp-json\/wp\/v2\/pages\/30980","targetHints":{"allow":["GET"]}}],"collection":[{"href":"https:\/\/www.cgjung.net\/espace\/wp-json\/wp\/v2\/pages"}],"about":[{"href":"https:\/\/www.cgjung.net\/espace\/wp-json\/wp\/v2\/types\/page"}],"author":[{"embeddable":true,"href":"https:\/\/www.cgjung.net\/espace\/wp-json\/wp\/v2\/users\/1"}],"replies":[{"embeddable":true,"href":"https:\/\/www.cgjung.net\/espace\/wp-json\/wp\/v2\/comments?post=30980"}],"version-history":[{"count":7,"href":"https:\/\/www.cgjung.net\/espace\/wp-json\/wp\/v2\/pages\/30980\/revisions"}],"predecessor-version":[{"id":30995,"href":"https:\/\/www.cgjung.net\/espace\/wp-json\/wp\/v2\/pages\/30980\/revisions\/30995"}],"up":[{"embeddable":true,"href":"https:\/\/www.cgjung.net\/espace\/wp-json\/wp\/v2\/pages\/9713"}],"wp:attachment":[{"href":"https:\/\/www.cgjung.net\/espace\/wp-json\/wp\/v2\/media?parent=30980"}],"curies":[{"name":"wp","href":"https:\/\/api.w.org\/{rel}","templated":true}]}}