{"id":30965,"date":"2025-09-01T08:37:04","date_gmt":"2025-09-01T06:37:04","guid":{"rendered":"https:\/\/www.cgjung.net\/espace\/?page_id=30965"},"modified":"2025-09-01T08:51:16","modified_gmt":"2025-09-01T06:51:16","slug":"autopsie-du-premier-sexe","status":"publish","type":"page","link":"https:\/\/www.cgjung.net\/espace\/ressources\/autopsie-du-premier-sexe\/","title":{"rendered":"Autopsie du premier sexe &#8211; Chantale Proulx"},"content":{"rendered":"<p><strong>\u00ab Nous savons tr\u00e8s peu ce qu\u2019est le f\u00e9minin \u00bb, \u00e9crit Chantale Proulx. En convoquant Carl Gustav Jung et la psychologie des profondeurs, elle entreprend une plong\u00e9e audacieuse au c\u0153ur de ce myst\u00e8re&nbsp;: non pour l\u2019expliquer, mais pour le r\u00e9veiller.<\/strong><\/p>\n<p><img loading=\"lazy\" decoding=\"async\" class=\"aligncenter size-full wp-image-30966\" src=\"https:\/\/www.cgjung.net\/espace\/wp-content\/uploads\/2025\/09\/autopsie-du-premier-sexe.jpg\" alt=\"\" width=\"352\" height=\"557\" srcset=\"https:\/\/www.cgjung.net\/espace\/wp-content\/uploads\/2025\/09\/autopsie-du-premier-sexe.jpg 352w, https:\/\/www.cgjung.net\/espace\/wp-content\/uploads\/2025\/09\/autopsie-du-premier-sexe-190x300.jpg 190w\" sizes=\"auto, (max-width: 352px) 100vw, 352px\" \/><\/p>\n<p>Dans <em>Autopsie du premier sexe<\/em>, Chantale Proulx explore la face cach\u00e9e du f\u00e9minin. Non celle que la soci\u00e9t\u00e9 a moul\u00e9e et assign\u00e9e, mais celle que des si\u00e8cles de silences, de projections et de st\u00e9r\u00e9otypes ont ensevelie. Ce livre n\u2019est ni un manifeste th\u00e9orique, ni un simple essai militant. Il est avant tout une \u0153uvre d\u2019\u00e9lucidation sensible, \u00e9crite \u00e0 la premi\u00e8re personne, o\u00f9 l\u2019intime rejoint le collectif.<\/p>\n<p>\u00c0 rebours des discours dominants, l&rsquo;auteure choisit de parler du f\u00e9minin en tant que dynamique int\u00e9rieure, fond arch\u00e9typal, puissance de lien, d\u2019intuition, de cr\u00e9ation. Elle interroge sans complaisance les r\u00f4les sociaux impos\u00e9s aux femmes \u2013 de l\u2019\u00e9pouse \u00e0 la muse, de la m\u00e8re sacrificielle \u00e0 la femme s\u00e9duisante \u2013 et les d\u00e9construit \u00e0 la lumi\u00e8re d\u2019une qu\u00eate plus profonde : celle du Soi, telle que l\u2019a pens\u00e9e Carl Gustav Jung.<\/p>\n<p>Car c\u2019est bien dans la psychologie jungienne, dans l\u2019arch\u00e9type de la Grande M\u00e8re, dans le dialogue avec les d\u00e9esses mythologiques et les figures sacrifi\u00e9es (Virginia Woolf, Sylvia Plath, Nelly Arcan), que l\u2019auteure trouve des balises pour revaloriser l\u2019\u00eatre f\u00e9minin, pour faire entendre sa voix, pour sortir des impasses du patriarcat sans perdre le lien au vivant.<\/p>\n<p>F\u00e9minin et masculin ne sont pas ici des essences fig\u00e9es mais des modes d\u2019\u00eatre, des forces en tension dans chaque individu. En \u00e9voquant l\u2019androgynie psychique, la maternit\u00e9 comme exp\u00e9rience initiatique, et l\u2019\u00e9cof\u00e9minisme comme projet de soci\u00e9t\u00e9, Chantale Proulx ne revendique pas un retour \u00e0 un quelconque \u00ab \u00e9ternel f\u00e9minin&nbsp;\u00bb, mais propose une relecture incarn\u00e9e, nuanc\u00e9e et puissante du f\u00e9minin contemporain.<\/p>\n<p>Son \u00e9criture convoque aussi bien les mythes que les r\u00e9alit\u00e9s sociales, la psychanalyse que la litt\u00e9rature, les arch\u00e9types que les voix des femmes d\u2019aujourd\u2019hui. Un texte riche, travers\u00e9 d\u2019indignation, d\u2019espoir, et de lucidit\u00e9.<\/p>\n<p><em>\u00c9diteur : <a href=\"https:\/\/instantmeme.com\/livres\/autopsie-du-premier-sexe\/\" target=\"_blank\" rel=\"noopener\">L&rsquo;instant m\u00eame<\/a> \u2013 2025 \u2013 208 pages \u2013 ISBN 9782898730139 \u2013 13 x 21 x 1,48 cm<\/em><\/p>\n<h2><img loading=\"lazy\" decoding=\"async\" class=\"alignright size-full\" src=\"https:\/\/www.cgjung.net\/publications\/images\/chantale-proulx.jpg\" width=\"100\" height=\"148\" \/>Chantale Proulx<\/h2>\n<p>Chantale Proulx enseigne la psychologie \u00e0 l\u2019Universit\u00e9 de Sherbrooke (Qu\u00e9bec) et s\u2019appuie sur la pens\u00e9e de Jung pour explorer les arch\u00e9types \u00e0 l\u2019\u0153uvre dans nos vies.<\/p>\n<p>Elle est l\u2019autrice d\u2019essais marquants sur la maternit\u00e9, la sexualit\u00e9, l\u2019enfance et l\u2019affranchissement int\u00e9rieur, dont <em>Devenir m\u00e8re,<\/em> <em>Petit trait\u00e9 de la vie sexuelle contemporaine<\/em> et <em>S\u2019affranchir<\/em>, \u00e0 l\u2019occasion duquel <a href=\"https:\/\/www.cgjung.net\/publications\/archetype-puer.htm\">nous avons publi\u00e9 un entretien avec elle<\/a>.<\/p>\n","protected":false},"excerpt":{"rendered":"<p>\u00ab Nous savons tr\u00e8s peu ce qu\u2019est le f\u00e9minin \u00bb, \u00e9crit Chantale Proulx. En convoquant Carl Gustav Jung et la psychologie des profondeurs, elle entreprend une plong\u00e9e audacieuse au c\u0153ur de ce myst\u00e8re&nbsp;: non pour l\u2019expliquer, mais pour le r\u00e9veiller. Dans Autopsie du premier sexe, Chantale Proulx explore la face cach\u00e9e du f\u00e9minin. Non celle [&hellip;]<\/p>\n","protected":false},"author":1,"featured_media":0,"parent":9713,"menu_order":0,"comment_status":"closed","ping_status":"closed","template":"","meta":{"footnotes":""},"class_list":["post-30965","page","type-page","status-publish","hentry"],"_links":{"self":[{"href":"https:\/\/www.cgjung.net\/espace\/wp-json\/wp\/v2\/pages\/30965","targetHints":{"allow":["GET"]}}],"collection":[{"href":"https:\/\/www.cgjung.net\/espace\/wp-json\/wp\/v2\/pages"}],"about":[{"href":"https:\/\/www.cgjung.net\/espace\/wp-json\/wp\/v2\/types\/page"}],"author":[{"embeddable":true,"href":"https:\/\/www.cgjung.net\/espace\/wp-json\/wp\/v2\/users\/1"}],"replies":[{"embeddable":true,"href":"https:\/\/www.cgjung.net\/espace\/wp-json\/wp\/v2\/comments?post=30965"}],"version-history":[{"count":5,"href":"https:\/\/www.cgjung.net\/espace\/wp-json\/wp\/v2\/pages\/30965\/revisions"}],"predecessor-version":[{"id":30972,"href":"https:\/\/www.cgjung.net\/espace\/wp-json\/wp\/v2\/pages\/30965\/revisions\/30972"}],"up":[{"embeddable":true,"href":"https:\/\/www.cgjung.net\/espace\/wp-json\/wp\/v2\/pages\/9713"}],"wp:attachment":[{"href":"https:\/\/www.cgjung.net\/espace\/wp-json\/wp\/v2\/media?parent=30965"}],"curies":[{"name":"wp","href":"https:\/\/api.w.org\/{rel}","templated":true}]}}