{"id":30875,"date":"2025-08-28T15:17:13","date_gmt":"2025-08-28T13:17:13","guid":{"rendered":"https:\/\/www.cgjung.net\/espace\/?page_id=30875"},"modified":"2025-09-04T06:05:36","modified_gmt":"2025-09-04T04:05:36","slug":"lettre-information-septembre-2025","status":"publish","type":"page","link":"https:\/\/www.cgjung.net\/espace\/lettre-information\/lettre-information-septembre-2025\/","title":{"rendered":"Lettre d&rsquo;information Septembre 2025"},"content":{"rendered":"<p><strong>Cette lettre comprend :<\/strong>&nbsp; S\u00e9minaire lyonnais |&nbsp; L&rsquo;ordinaire radical | Entretien avec Yury Li-Toroptsov | Entretien avec Dragana Favre | Etty Hillesum | Des hommes et des Dieux | Autopsie du premier sexe | RPA no 13&nbsp;| La ville de B\u00e2le | Agenda.&nbsp;<\/p>\n<p style=\"text-align: right;\"><a href=\"https:\/\/www.cgjung.net\/espace\/lettre-information\/\">Vous abonner ou vous d\u00e9sabonner<\/a><\/p>\n<p>Ch\u00e8re abonn\u00e9e, cher abonn\u00e9,<\/p>\n<p>La rentr\u00e9e s\u2019accompagne de projets, de rencontres et de perspectives inspirantes. Nous sommes heureux de vous pr\u00e9senter les prochains \u00e9v\u00e9nements jungiens, ainsi que des entretiens et articles ouvrant de nouveaux chemins de r\u00e9flexion et d\u2019approfondissement.<\/p>\n<p>&nbsp;<\/p>\n<h1>S\u00e9minaire EFJ<\/h1>\n<h2><a href=\"https:\/\/www.cgjung.net\/espace\/seminaires\/\"><em><img loading=\"lazy\" decoding=\"async\" class=\"size-full wp-image-29576 alignright\" src=\"https:\/\/www.cgjung.net\/espace\/wp-content\/uploads\/2025\/05\/ferme-du-chapi-v.jpg\" alt=\"\" width=\"100\" height=\"134\" \/>Les r\u00eaves et le Soi<\/em><\/a><\/h2>\n<p>Claire Droin et Jean-Pierre Robert vous donnent rendez-vous les 30 septembre et 1\u1d49\u02b3 octobre 2025, pr\u00e8s de Lyon, pour deux journ\u00e9es d\u2019\u00e9tude et de r\u00e9flexion sur le th\u00e8me <em>Les r\u00eaves et le Soi<\/em>. La taille r\u00e9duite du groupe (12 participants maximum) garantit un cadre propice \u00e0 l\u2019exploration et aux \u00e9changes.<\/p>\n<p>Derni\u00e8res places \u00e0 saisir : inscrivez-vous sans tarder et relayez l\u2019information dans vos r\u00e9seaux.<\/p>\n<p style=\"text-align: center;\"><a style=\"display: inline-block; background-color: #1f625d; color: #ffffff; padding: 10px 20px; text-align: center; text-decoration: none; border-radius: 25px; font-size: 16px; font-weight: bold;\" href=\"https:\/\/www.cgjung.net\/espace\/seminaires\/#inscription\" rel=\"noopener\">Je m&rsquo;inscris au s\u00e9minaire<\/a><\/p>\n<p>&nbsp;<\/p>\n<h1>Article &amp; Entretiens<\/h1>\n<h2><a href=\"https:\/\/www.cgjung.net\/espace\/accueil\/ryan-nielsen\/alchimie-jazz\/\"><img loading=\"lazy\" decoding=\"async\" class=\"size-full wp-image-29088 alignright\" src=\"https:\/\/www.cgjung.net\/espace\/wp-content\/uploads\/2025\/03\/ryan-nielsen.jpg\" alt=\"\" width=\"120\" height=\"120\" \/>L\u2019ordinaire radical&nbsp;: John McNeil et l\u2019alchimie du jazz<\/a><\/h2>\n<p>Le trompettiste Ryan Nielsen explore le jazz \u00e0 travers le prisme de l\u2019alchimie et de la psychologie jungienne, en hommage \u00e0 son mentor John McNeil. Une image issue d\u2019un r\u00eave \u00e9veill\u00e9 l\u2019a conduit \u00e0 Boston pour \u00e9tudier directement aupr\u00e8s de McNeil, l\u2019arrachant \u00e0 son \u00e9ducation mormone.<\/p>\n<p>Dans l\u2019alchimie propre \u00e0 l\u2019approche de McNeil, l\u2019ordinaire radical ou l\u2019acceptation profonde de soi, constitue le c\u0153ur de l\u2019opus alchimique.<\/p>\n<p>&nbsp;<\/p>\n<h2><a href=\"https:\/\/www.cgjung.net\/espace\/accueil\/jprobert\/yury-li-toroptsov\/\"><img loading=\"lazy\" decoding=\"async\" class=\"size-full wp-image-30616 alignright\" src=\"https:\/\/www.cgjung.net\/espace\/wp-content\/uploads\/2025\/08\/yury-li-toroptsov-tigre-v.jpg\" alt=\"\" width=\"120\" height=\"107\" \/>Quand la psych\u00e9 parle en images&nbsp;: entretien avec Yury Li-Toroptsov<\/a><\/h2>\n<p>De la ta\u00efga russe \u00e0 l\u2019Institut C.G. Jung de Zurich, Yury Li-Toroptsov a suivi un parcours fa\u00e7onn\u00e9 par les images, en tant que photographe, coach et analyste en formation travaillant avec les r\u00eaves, les contes de f\u00e9es et les symboles visuels.<\/p>\n<p>Pour lui, les images sont des expressions fondamentales de la psych\u00e9, r\u00e9v\u00e9lant ce que les mots ne peuvent pas dire, nous reliant \u00e0 des parts cach\u00e9es de nous-m\u00eames et guidant l\u2019exploration et la transformation int\u00e9rieures.&nbsp;<span style=\"color: #808080;\">J-P. Robert<\/span><\/p>\n<p>&nbsp;<\/p>\n<h2><a href=\"https:\/\/www.cgjung.net\/espace\/accueil\/jprobert\/entretien-dragana-favre\/\"><img loading=\"lazy\" decoding=\"async\" class=\"size-full wp-image-30566 alignright\" src=\"https:\/\/www.cgjung.net\/espace\/wp-content\/uploads\/2025\/08\/peter-pan-and-systeme-solaire-v.jpg\" alt=\"\" width=\"90\" height=\"135\" \/>Entretien avec Dragana Favre&nbsp;: des neurosciences \u00e0 la profondeur de la psych\u00e9<\/a><\/h2>\n<p>M\u00e9decin et docteure en neurosciences, Dragana Favre incarne une pens\u00e9e rigoureuse et sensible, ancr\u00e9e dans l\u2019\u00e9coute de la psych\u00e9 et des grands bouleversements de notre temps.<\/p>\n<p>Dans cet entretien, elle retrace un itin\u00e9raire singulier o\u00f9 la rigueur scientifique dialogue avec la psychologie jungienne, et propose une lecture sensible des enjeux contemporains.&nbsp;<span style=\"color: #808080;\">J-P. Robert<\/span><\/p>\n<div class=\"content\">\n<p>&nbsp;<\/p>\n<\/div>\n<h1>Ouvrages<\/h1>\n<p>&nbsp;<\/p>\n<h2><a href=\"https:\/\/www.cgjung.net\/espace\/ressources\/etty-hillesum\/\"><img loading=\"lazy\" decoding=\"async\" class=\"size-full wp-image-30445 alignright\" src=\"https:\/\/www.cgjung.net\/espace\/wp-content\/uploads\/2025\/07\/Une-vie-bouleversee-v.jpg\" alt=\"\" width=\"90\" height=\"148\" \/>Le journal d\u2019Etty Hillesum, un chemin d\u2019individuation \u00e9clair\u00e9 par Jung<\/a><\/h2>\n<p>Etty Hillesum (1914\u20131943), jeune femme juive n\u00e9erlandaise, nous a laiss\u00e9 une \u0153uvre d\u2019une rare intensit\u00e9 qui, \u00e0 travers l\u2019\u00e9preuve, r\u00e9v\u00e8le un chemin d\u2019individuation que la pens\u00e9e de Carl Gustav Jung permet d\u2019\u00e9clairer.<\/p>\n<p>&nbsp;<\/p>\n<h2><a href=\"https:\/\/www.cgjung.net\/espace\/ressources\/hommes-dieux\/\"><img loading=\"lazy\" decoding=\"async\" class=\"size-full wp-image-30949 alignright\" src=\"https:\/\/www.cgjung.net\/espace\/wp-content\/uploads\/2025\/09\/hommes-dieux.jpg\" alt=\"\" width=\"90\" height=\"133\" \/>Des hommes et des Dieux<\/a><\/h2>\n<p>Dans <em>Des hommes et des Dieux<\/em>, Marie-Claire Dolghin-Loyer interroge le rapport de l\u2019homme moderne aux traditions religieuses et philosophiques. Face au d\u00e9senchantement du monde, elle propose une r\u00e9flexion \u00e0 la fois exigeante et accessible, en \u00e9tablissant un dialogue constant entre la science et la spiritualit\u00e9.<\/p>\n<p>&nbsp;<\/p>\n<h2><a href=\"https:\/\/www.cgjung.net\/espace\/ressources\/autopsie-du-premier-sexe\/\"><img loading=\"lazy\" decoding=\"async\" class=\"size-full wp-image-30967 alignright\" src=\"https:\/\/www.cgjung.net\/espace\/wp-content\/uploads\/2025\/09\/autopsie-du-premier-sexe-v.jpg\" alt=\"\" width=\"90\" height=\"142\" \/>Autopsie du premier sexe<\/a><\/h2>\n<p>\u00ab Nous savons tr\u00e8s peu ce qu\u2019est le f\u00e9minin \u00bb, \u00e9crit Chantale Proulx. En convoquant Carl Gustav Jung et la psychologie des profondeurs, elle entreprend une plong\u00e9e audacieuse au c\u0153ur de ce myst\u00e8re&nbsp;: non pour l\u2019expliquer, mais pour le r\u00e9veiller.<\/p>\n<p>&nbsp;<\/p>\n<h2><a href=\"https:\/\/www.cgjung.net\/espace\/ressources\/rpa-n13\/\"><img loading=\"lazy\" decoding=\"async\" class=\"size-full wp-image-30979 alignright\" src=\"https:\/\/www.cgjung.net\/espace\/wp-content\/uploads\/2025\/09\/rpa-no-13-v.png\" alt=\"\" width=\"140\" height=\"113\" \/>Revue de Psychologie Analytique<\/a><\/h2>\n<p>Ce treizi\u00e8me et dernier num\u00e9ro de la Revue de Psychologie Analytique rassemble cinq contributions denses et stimulantes, o\u00f9 l\u2019actualit\u00e9 br\u00fblante, les mythes anciens, les h\u00e9ritages th\u00e9oriques et les interrogations sur l\u2019avenir dialoguent \u00e9troitement.<\/p>\n<p>&nbsp;<\/p>\n<h1>Les endroits o\u00f9 Jung a v\u00e9cu<\/h1>\n<p>&nbsp;<\/p>\n<h2><a href=\"https:\/\/www.cgjung.net\/tour\/bale.htm\"><img loading=\"lazy\" decoding=\"async\" class=\"size-full wp-image-30961 alignright\" src=\"https:\/\/www.cgjung.net\/espace\/wp-content\/uploads\/2025\/09\/bale-v.jpg\" alt=\"\" width=\"120\" height=\"90\" \/>La ville de B\u00e2le<\/a><\/h2>\n<p>Jung a v\u00e9cu dans cette ville suisse de 1879 \u00e0 1896, dans le quartier Klein-H\u00fcningen [Petit-Huningue], situ\u00e9 sur la rive droite du Rhin, en face de la ville de Huningue (Alsace, France).<\/p>\n<p>Cette nouvelle page vient enrichir la rubrique consacr\u00e9e aux lieux de vie de Jung.<\/p>\n<p>&nbsp;<\/p>\n<h1>Agenda jungien<\/h1>\n<p>&nbsp;<\/p>\n<h2><a href=\"https:\/\/cgjungfrance-evenement.com\/\"><img loading=\"lazy\" decoding=\"async\" class=\"size-full wp-image-29460 alignright\" src=\"https:\/\/www.cgjung.net\/espace\/wp-content\/uploads\/2025\/05\/la-clinique-du-sens.png\" alt=\"\" width=\"90\" height=\"127\" \/>La clinique du sens. Regards jungiens<\/a><\/h2>\n<p>Le 15 novembre 2025, un colloque en pr\u00e9sentiel \u00e0 Paris (\u00e9galement accessible en visioconf\u00e9rence) r\u00e9unira Sophie Braun, Olivier Cametz, Marie-Laure Colonna, \u00c8ve Pilyser et Mark Winborn.<\/p>\n<p>Partenaire de cette initiative, nous avons plaisir \u00e0 vous convier \u00e0 ce temps fort. Inscrivez-vous sans tarder pour partager ce moment avec nous.<\/p>\n<p>&nbsp;<\/p>\n<h2><a href=\"https:\/\/www.groupe-jung.fr\/programme\/evenements-a-venir\/presentation-de-la-saison-2025-26-et-des-ateliers-par-dela-le-bien-et-le-mal-la-responsabilite-de-lhomme\" target=\"_blank\" rel=\"noopener\"><img loading=\"lazy\" decoding=\"async\" class=\"alignright wp-image-29461 size-full\" src=\"https:\/\/www.cgjung.net\/espace\/wp-content\/uploads\/2025\/05\/groupe-cg-jung-paris.png\" alt=\"\" width=\"120\" height=\"43\" \/><\/a><a href=\"https:\/\/www.groupe-jung.fr\/programme\/evenements-a-venir\/presentation-de-la-saison-2025-26-et-des-ateliers-par-dela-le-bien-et-le-mal-la-responsabilite-de-lhomme\" target=\"_blank\" rel=\"noopener\">Par del\u00e0 le bien et le mal&nbsp;: les dangers de la polarisation et la responsabilit\u00e9 de l&rsquo;homme<\/a><\/h2>\n<p class=\"home\">Le mercredi 8 octobre 2025 \u00e0 20h45 pr\u00e9sentation gratuite de la saison 2025-26 et des ateliers.&nbsp; Introduction du th\u00e8me g\u00e9n\u00e9ral des deux ans, suivie d\u2019une pr\u00e9sentation des conf\u00e9rences et des ateliers permettant \u00e0 chacun de d\u00e9cider ou non de s&rsquo;inscrire.<\/p>\n<p>&nbsp;<\/p>\n<h2><a href=\"https:\/\/www.jungantenneromande.ch\/cours-publics\" target=\"_blank\" rel=\"noopener\"><img loading=\"lazy\" decoding=\"async\" class=\"size-full wp-image-26690 alignright\" src=\"https:\/\/www.cgjung.net\/espace\/wp-content\/uploads\/2024\/09\/cg-jung-institut-lausanne.png\" alt=\"\" width=\"150\" height=\"50\" \/>Institut C.G. Jung Zurich, antenne romande<\/a><\/h2>\n<p>D\u00e9couvrez leurs cours publics, programme 2025-2026.<\/p>\n<p>&nbsp;<\/p>\n<h2><a href=\"https:\/\/my.weezevent.com\/carl-gustav-jung-explorateur-de-lame-et-visionnaire\" target=\"_blank\" rel=\"noopener\"><img loading=\"lazy\" decoding=\"async\" class=\"home alignright\" style=\"font-size: 16px;\" src=\"https:\/\/gallery.weezevent.com\/891859\/sites\/newFile_6vaHt7y.png\" alt=\"\" width=\"150\" height=\"80\" \/><\/a><a href=\"https:\/\/my.weezevent.com\/carl-gustav-jung-explorateur-de-lame-et-visionnaire\" target=\"_blank\" rel=\"noopener\">Carl Gustav Jung, explorateur de l&rsquo;\u00e2me et visionnaire<\/a><\/h2>\n<p class=\"home\">Le 8 novembre 2025, colloque en pr\u00e9sentiel organis\u00e9 par la Maison des sagesses \u00e0 Paris. Intervenants : Marie-Laure Colonna, Bertrand Eveno, Catherine Gras, Reine-Marie Halbout, Fr\u00e9d\u00e9ric Lenoir, Matthieu Mares, Caroline Moye, Carole S\u00e9dillot et St\u00e9phane Vaurs.<\/p>\n<p>&nbsp;<\/p>\n<table style=\"border-collapse: collapse; width: 100%;\">\n<tbody>\n<tr>\n<td style=\"width: 100%; background-color: #ffbe00; padding: 20px; border-radius: 5px; text-align: center;\">\n<p><span style=\"color: #ffffff; font-size: 18pt;\"><strong>FAITES UN DON<\/strong><\/span><\/p>\n<p>Gr\u00e2ce \u00e0 votre soutien financier, le site Espace Francophone Jungien peut continuer \u00e0 promouvoir la compr\u00e9hension et la diffusion de la pens\u00e9e jungienne. M\u00eame une petite contribution peut faire une grande diff\u00e9rence. Chaque don compte, merci pour votre g\u00e9n\u00e9rosit\u00e9 !<\/p>\n<p><a style=\"display: inline-block; background-color: #1f625d; color: #ffffff; padding: 10px 20px; text-align: center; text-decoration: none; border-radius: 25px; font-size: 16px; font-weight: bold;\" href=\"https:\/\/www.helloasso.com\/associations\/espace-francophone-jungien\/formulaires\/1\" target=\"_blank\" rel=\"noopener\">Je fais un don<\/a><\/td>\n<\/tr>\n<\/tbody>\n<\/table>\n<p>&nbsp;<\/p>\n<p>Nous vous souhaitons une belle rentr\u00e9e, riche en d\u00e9couvertes et en rencontres et esp\u00e9rons vous compter parmi nous lors des prochains \u00e9v\u00e9nements.<\/p>\n<p>En toute amiti\u00e9 jungienne,<\/p>\n<p style=\"text-align: right;\">L&rsquo;\u00e9quipe d&rsquo;Espace Francophone Jungien<\/p>\n<p><em><a id=\"abonnement\"><\/a>Nous vous encourageons \u00e0 partager cette lettre d\u2019information avec vos proches. Vous avez \u00e9galement la libert\u00e9 de vous d\u00e9sabonner et de vous r\u00e9abonner \u00e0 tout moment, selon votre convenance.<\/em><\/p>\n<p><a href=\"https:\/\/www.cgjung.net\/espace\/lettre-information\/\">Historique des lettres d&rsquo;information<\/a><\/p>\n<p><a href=\"https:\/\/eepurl.com\/dtGE4X\" target=\"_blank\" rel=\"noopener\">Acc\u00e8s au formulaire pour vous abonner<\/a><\/p>\n<p><a href=\"https:\/\/cgjung.us18.list-manage.com\/unsubscribe?u=d3a4a24a2d98c83ada4736a3f&amp;id=3d1120f532\" target=\"_blank\" rel=\"noopener\">Acc\u00e8s au formulaire pour vous d\u00e9sabonner<\/a><\/p>\n\n","protected":false},"excerpt":{"rendered":"<p>Cette lettre comprend :&nbsp; S\u00e9minaire lyonnais |&nbsp; L&rsquo;ordinaire radical | Entretien avec Yury Li-Toroptsov | Entretien avec Dragana Favre | Etty Hillesum | Des hommes et des Dieux | Autopsie du premier sexe | RPA no 13&nbsp;| La ville de B\u00e2le | Agenda.&nbsp; Vous abonner ou vous d\u00e9sabonner Ch\u00e8re abonn\u00e9e, cher abonn\u00e9, La rentr\u00e9e s\u2019accompagne [&hellip;]<\/p>\n","protected":false},"author":1,"featured_media":0,"parent":23487,"menu_order":78,"comment_status":"closed","ping_status":"closed","template":"","meta":{"footnotes":""},"class_list":["post-30875","page","type-page","status-publish","hentry"],"_links":{"self":[{"href":"https:\/\/www.cgjung.net\/espace\/wp-json\/wp\/v2\/pages\/30875","targetHints":{"allow":["GET"]}}],"collection":[{"href":"https:\/\/www.cgjung.net\/espace\/wp-json\/wp\/v2\/pages"}],"about":[{"href":"https:\/\/www.cgjung.net\/espace\/wp-json\/wp\/v2\/types\/page"}],"author":[{"embeddable":true,"href":"https:\/\/www.cgjung.net\/espace\/wp-json\/wp\/v2\/users\/1"}],"replies":[{"embeddable":true,"href":"https:\/\/www.cgjung.net\/espace\/wp-json\/wp\/v2\/comments?post=30875"}],"version-history":[{"count":20,"href":"https:\/\/www.cgjung.net\/espace\/wp-json\/wp\/v2\/pages\/30875\/revisions"}],"predecessor-version":[{"id":31023,"href":"https:\/\/www.cgjung.net\/espace\/wp-json\/wp\/v2\/pages\/30875\/revisions\/31023"}],"up":[{"embeddable":true,"href":"https:\/\/www.cgjung.net\/espace\/wp-json\/wp\/v2\/pages\/23487"}],"wp:attachment":[{"href":"https:\/\/www.cgjung.net\/espace\/wp-json\/wp\/v2\/media?parent=30875"}],"curies":[{"name":"wp","href":"https:\/\/api.w.org\/{rel}","templated":true}]}}