{"id":30501,"date":"2025-08-04T20:07:00","date_gmt":"2025-08-04T18:07:00","guid":{"rendered":"https:\/\/www.cgjung.net\/espace\/accueil\/ryan-nielsen\/"},"modified":"2025-08-07T04:17:21","modified_gmt":"2025-08-07T02:17:21","slug":"ryan-nielsen","status":"publish","type":"page","link":"https:\/\/www.cgjung.net\/espace\/accueil\/ryan-nielsen\/","title":{"rendered":"Ryan Nielsen"},"content":{"rendered":"<h2>Ryan Nielsen<\/h2>\n<p><img loading=\"lazy\" decoding=\"async\" class=\"size-full wp-image-29088 alignright\" src=\"https:\/\/www.cgjung.net\/espace\/wp-content\/uploads\/2025\/03\/ryan-nielsen.jpg\" alt=\"\" width=\"120\" height=\"120\" \/>Ryan Nielsen est Docteur en arts musicaux. C&rsquo;est un trompettiste reconnu, qui s\u2019est produit et a enregistr\u00e9 aux c\u00f4t\u00e9s de nombreux artistes salu\u00e9s par la critique, parmi lesquels Kobie Watkins, Delfeayo Marsalis, Bobby Broom et Ra Kalam Bob Moses. Sa cha\u00eene YouTube, Ryan\u2019s Trumpet, compte des milliers d\u2019abonn\u00e9s \u00e0 travers le monde.<\/p>\n<p>Nielsen est r\u00e9dacteur Jazz pour le International Trumpet Guild Journal et co-auteur, avec John McNeil, de <em>The Classroom Guide to Jazz Improvisation<\/em>, publi\u00e9 chez Oxford University Press en 2024.<br \/>\nVous pouvez le retrouver sur : <a href=\"http:\/\/www.ryanstrumpet.com\" target=\"_blank\" rel=\"noopener\">www.ryanstrumpet.com<\/a>.<\/p>\n<p><strong>Article<\/strong><\/p>\n<ul>\n<li><a href=\"https:\/\/www.cgjung.net\/espace\/accueil\/ryan-nielsen\/alchimie-jazz\/\">L\u2019ordinaire radical : John McNeil et l\u2019alchimie du jazz<\/a><\/li>\n<\/ul>\n\n","protected":false},"excerpt":{"rendered":"","protected":false},"author":9,"featured_media":0,"parent":53,"menu_order":17,"comment_status":"closed","ping_status":"closed","template":"","meta":{"footnotes":""},"class_list":["post-30501","page","type-page","status-publish","hentry"],"_links":{"self":[{"href":"https:\/\/www.cgjung.net\/espace\/wp-json\/wp\/v2\/pages\/30501","targetHints":{"allow":["GET"]}}],"collection":[{"href":"https:\/\/www.cgjung.net\/espace\/wp-json\/wp\/v2\/pages"}],"about":[{"href":"https:\/\/www.cgjung.net\/espace\/wp-json\/wp\/v2\/types\/page"}],"author":[{"embeddable":true,"href":"https:\/\/www.cgjung.net\/espace\/wp-json\/wp\/v2\/users\/9"}],"replies":[{"embeddable":true,"href":"https:\/\/www.cgjung.net\/espace\/wp-json\/wp\/v2\/comments?post=30501"}],"version-history":[{"count":1,"href":"https:\/\/www.cgjung.net\/espace\/wp-json\/wp\/v2\/pages\/30501\/revisions"}],"predecessor-version":[{"id":30558,"href":"https:\/\/www.cgjung.net\/espace\/wp-json\/wp\/v2\/pages\/30501\/revisions\/30558"}],"up":[{"embeddable":true,"href":"https:\/\/www.cgjung.net\/espace\/wp-json\/wp\/v2\/pages\/53"}],"wp:attachment":[{"href":"https:\/\/www.cgjung.net\/espace\/wp-json\/wp\/v2\/media?parent=30501"}],"curies":[{"name":"wp","href":"https:\/\/api.w.org\/{rel}","templated":true}]}}