{"id":30280,"date":"2025-07-26T05:50:22","date_gmt":"2025-07-26T03:50:22","guid":{"rendered":"https:\/\/www.cgjung.net\/espace\/?page_id=30280"},"modified":"2025-09-01T07:12:25","modified_gmt":"2025-09-01T05:12:25","slug":"lettre-speciale-150-ans-de-la-naissance-de-jung","status":"publish","type":"page","link":"https:\/\/www.cgjung.net\/espace\/lettre-information\/lettre-speciale-150-ans-de-la-naissance-de-jung\/","title":{"rendered":"Lettre sp\u00e9ciale \u2013 150 ans de la naissance de Jung"},"content":{"rendered":"<p><strong>60Cette lettre comprend :<\/strong>&nbsp; 150 ans de la naissance de Jung |&nbsp; Les mains d\u2019Orph\u00e9e | Dialoguer avec son inconscient | Carnet photographique Jungien | Couleurs alchimiques | Qu&rsquo;est-ce que l&rsquo;on se raconte ? | Agenda.&nbsp;<\/p>\n<p style=\"text-align: right;\"><a href=\"https:\/\/www.cgjung.net\/espace\/lettre-information\/\">Vous abonner ou vous d\u00e9sabonner<\/a><\/p>\n<p>Ch\u00e8re abonn\u00e9e, cher abonn\u00e9,<\/p>\n<p><img loading=\"lazy\" decoding=\"async\" class=\"size-full wp-image-30274 alignright\" src=\"https:\/\/www.cgjung.net\/espace\/wp-content\/uploads\/2025\/07\/cg-jung-entretiens-v.jpg\" alt=\"\" width=\"120\" height=\"112\" \/>En ce 26 juillet 2025, nous c\u00e9l\u00e9brons les 150 ans de la naissance de Carl Gustav Jung. Cet anniversaire nous invite \u00e0 faire halte, \u00e0 interroger le monde o\u00f9 nous vivons et \u00e0 retrouver ce qui demeure essentiel.<\/p>\n<p>Nous vous proposons, dans cette lettre sp\u00e9ciale, de marquer ce moment par un article d&rsquo;actualit\u00e9 :<\/p>\n<h2><a href=\"https:\/\/www.cgjung.net\/espace\/accueil\/jprobert\/150-ans\/\">150 ans apr\u00e8s Jung : \u00ab Celui qui regarde \u00e0 l\u2019ext\u00e9rieur r\u00eave, celui qui regarde \u00e0 l\u2019int\u00e9rieur s\u2019\u00e9veille \u00bb<\/a><\/h2>\n<p>\u2026 accompagn\u00e9 d\u2019autres informations pour prolonger la r\u00e9flexion.<\/p>\n<p>&nbsp;<\/p>\n<h1>Article &amp; Entretien<\/h1>\n<h2><a href=\"https:\/\/www.cgjung.net\/espace\/accueil\/claire-droin\/mains-orphee\/\"><img loading=\"lazy\" decoding=\"async\" class=\"size-full wp-image-30169 alignright\" src=\"https:\/\/www.cgjung.net\/espace\/wp-content\/uploads\/2025\/07\/mains-orphee-v.jpg\" alt=\"\" width=\"90\" height=\"135\" \/>Les mains d\u2019Orph\u00e9e<\/a><\/h2>\n<p>Cet article, inspir\u00e9 d\u2019un r\u00eave, propose une lecture symbolique des mains, sans chercher \u00e0 comprendre ce que ce r\u00eave \u00ab signifie \u00bb, ni \u00e0 analyser le mythe d\u2019Orph\u00e9e et Eurydice.&nbsp;L\u2019approche se veut essentiellement contemplative pour laisser l\u2019image des mains nous parler.&nbsp;<span style=\"color: #808080;\">Claire Droin<\/span><\/p>\n<p>&nbsp;<\/p>\n<div class=\"content\">\n<h2><a href=\"https:\/\/www.cgjung.net\/espace\/accueil\/jprobert\/dialogue-inconscient\/\"><img loading=\"lazy\" decoding=\"async\" class=\"size-full wp-image-30184 alignright\" src=\"https:\/\/www.cgjung.net\/espace\/wp-content\/uploads\/2025\/07\/dialoguer-avec-son-inconscient-v.jpg\" alt=\"\" width=\"90\" height=\"146\" \/>Dialoguer avec son inconscient<\/a><\/h2>\n<p>Dialoguer avec votre inconscient est possible car l\u2019imagination active offre un chemin puissant vers la connaissance de soi.<\/p>\n<p>Inspir\u00e9e par l\u2019\u0153uvre de Carl Gustav Jung, elle vous ouvre \u00e0 un dialogue vivant avec les images de l\u2019inconscient&nbsp;: d\u00e9couvrez-en les cl\u00e9s dans notre entretien avec Jean-Fran\u00e7ois Alizon.&nbsp;<span style=\"color: #808080;\">J-P. Robert<\/span><\/p>\n<p>&nbsp;<\/p>\n<\/div>\n<h1>Ouvrages<\/h1>\n<h2><a href=\"https:\/\/www.cgjung.net\/espace\/ressources\/carnet-photographique\/\"><img loading=\"lazy\" decoding=\"async\" class=\"size-full wp-image-30101 alignright\" src=\"https:\/\/www.cgjung.net\/espace\/wp-content\/uploads\/2025\/07\/carnet-photographique-jungien-v.jpg\" alt=\"\" width=\"130\" height=\"94\" \/>Carnet photographique Jungien<\/a><\/h2>\n<p>Kristine Debreu, photographe et form\u00e9e au jeu de sable, nous livre ici un carnet de voyage int\u00e9rieur, o\u00f9 les images et les citations accompagnent pas \u00e0 pas un cheminement inspir\u00e9 de la pens\u00e9e jungienne.<\/p>\n<p>&nbsp;<\/p>\n<h2><a href=\"https:\/\/www.cgjung.net\/espace\/ressources\/couleurs-alchimiques-rouge\/\"><img loading=\"lazy\" decoding=\"async\" class=\"size-full wp-image-30138 alignright\" src=\"https:\/\/www.cgjung.net\/espace\/wp-content\/uploads\/2025\/07\/couleurs-alchimiques-no8-v.png\" alt=\"\" width=\"90\" height=\"129\" \/>Couleurs alchimiques. La vie en rouge<\/a><\/h2>\n<p>\u00c0 travers r\u00e9cits cliniques, figures symboliques et r\u00e9flexions philosophiques, cette journ\u00e9e a explor\u00e9 la rubedo comme une maturation int\u00e9rieure o\u00f9 corps, \u00e2me et esprit s\u2019unissent dans la vie symbolique.<\/p>\n<p>&nbsp;<\/p>\n<h2><a href=\"https:\/\/www.cgjung.net\/espace\/ressources\/sfpa-no7\/\"><img loading=\"lazy\" decoding=\"async\" class=\"size-full wp-image-30126 alignright\" src=\"https:\/\/www.cgjung.net\/espace\/wp-content\/uploads\/2025\/07\/approches-jungiennes-du-conte-v.png\" alt=\"\" width=\"90\" height=\"124\" \/>Qu\u2019est ce que l\u2019on se raconte comme histoire ?<\/a><\/h2>\n<p>Contenir, symboliser, transmettre : \u00e0 travers leurs exp\u00e9riences cliniques, Nicolas Elias, Christine Fouchard et \u00c8ve Pilyser ont t\u00e9moign\u00e9 du r\u00f4le structurant des contes dans les ateliers th\u00e9rapeutiques.<\/p>\n<p>&nbsp;<\/p>\n<h1>Agenda jungien<\/h1>\n<h2><a href=\"https:\/\/www.cgjung.net\/espace\/seminaires\/\"><img loading=\"lazy\" decoding=\"async\" class=\"size-full wp-image-29576 alignright\" src=\"https:\/\/www.cgjung.net\/espace\/wp-content\/uploads\/2025\/05\/ferme-du-chapi-v.jpg\" alt=\"\" width=\"100\" height=\"134\" \/>S\u00e9minaire dans le Rh\u00f4ne<\/a><\/h2>\n<p>Participez au s\u00e9minaire <em>Les r\u00eaves et le Soi<\/em>, les 30 septembre et 1er octobre 2025 pr\u00e8s de Lyon. Le groupe \u00e9tant limit\u00e9 \u00e0 12 personnes, pensez \u00e0 vous inscrire et \u00e0 en parler autour de vous !<\/p>\n<p>&nbsp;<\/p>\n<h2><a href=\"https:\/\/cgjungfrance-evenement.com\/\"><img loading=\"lazy\" decoding=\"async\" class=\"size-full wp-image-29460 alignright\" src=\"https:\/\/www.cgjung.net\/espace\/wp-content\/uploads\/2025\/05\/la-clinique-du-sens.png\" alt=\"\" width=\"90\" height=\"127\" \/>La clinique du sens. Regards jungiens<\/a><\/h2>\n<p>Le 15 novembre 2025, colloque en pr\u00e9sentiel (Paris) ou en visioconf\u00e9rence. Intervenants : Sophie Braun, Olivier Cametz, Marie-Laure Colonna, \u00c8ve Pilyser et Mark Winborn.<\/p>\n<p>En tant que partenaire, nous avons \u00e0 c\u0153ur de partager ce moment avec vous : pensez \u00e0 vous inscrire d\u00e8s maintenant.<\/p>\n<p>&nbsp;<\/p>\n<h2><a href=\"https:\/\/my.weezevent.com\/carl-gustav-jung-explorateur-de-lame-et-visionnaire\" target=\"_blank\" rel=\"noopener\"><img loading=\"lazy\" decoding=\"async\" class=\"home alignright\" style=\"font-size: 16px;\" src=\"https:\/\/gallery.weezevent.com\/891859\/sites\/newFile_6vaHt7y.png\" alt=\"\" width=\"150\" height=\"80\" \/><\/a><a href=\"https:\/\/my.weezevent.com\/carl-gustav-jung-explorateur-de-lame-et-visionnaire\" target=\"_blank\" rel=\"noopener\">Carl Gustav Jung, explorateur de l&rsquo;\u00e2me et visionnaire<\/a><\/h2>\n<p class=\"home\">Le 8 novembre 2025, colloque en pr\u00e9sentiel organis\u00e9 par la Maison des sagesses \u00e0 Paris. Intervenants : Marie-Laure Colonna, Bertrand Eveno, Catherine Gras, Reine-Marie Halbout, Fr\u00e9d\u00e9ric Lenoir, Matthieu Mares, Caroline Moye, Carole S\u00e9dillot et St\u00e9phane Vaurs.<\/p>\n<p>&nbsp;<\/p>\n<table style=\"border-collapse: collapse; width: 100%;\">\n<tbody>\n<tr>\n<td style=\"width: 100%; background-color: #ffbe00; padding: 20px; border-radius: 5px; text-align: center;\">\n<p><span style=\"color: #ffffff; font-size: 18pt;\"><strong>FAITES UN DON<\/strong><\/span><\/p>\n<p>Gr\u00e2ce \u00e0 votre soutien financier, le site Espace Francophone Jungien peut continuer \u00e0 promouvoir la compr\u00e9hension et la diffusion de la pens\u00e9e jungienne. M\u00eame une petite contribution peut faire une grande diff\u00e9rence. Chaque don compte, merci pour votre g\u00e9n\u00e9rosit\u00e9 !<\/p>\n<p><a style=\"display: inline-block; background-color: #1f625d; color: #ffffff; padding: 10px 20px; text-align: center; text-decoration: none; border-radius: 25px; font-size: 16px; font-weight: bold;\" href=\"https:\/\/www.helloasso.com\/associations\/espace-francophone-jungien\/formulaires\/1\" target=\"_blank\" rel=\"noopener\">Je fais un don<\/a><\/td>\n<\/tr>\n<\/tbody>\n<\/table>\n<p>&nbsp;<\/p>\n<p>Que cette c\u00e9l\u00e9bration des 150 ans de Jung soit l\u2019occasion de raviver notre lien avec l\u2019essentiel. Nous vous retrouverons tr\u00e8s prochainement avec d\u2019autres articles et \u00e9v\u00e9nements pour continuer ce chemin partag\u00e9.<\/p>\n<p>En toute amiti\u00e9 jungienne,<\/p>\n<p style=\"text-align: right;\">L&rsquo;\u00e9quipe d&rsquo;Espace Francophone Jungien<\/p>\n<p><em><a id=\"abonnement\"><\/a>Nous vous encourageons \u00e0 partager cette lettre d\u2019information avec vos proches. Vous avez \u00e9galement la libert\u00e9 de vous d\u00e9sabonner et de vous r\u00e9abonner \u00e0 tout moment, selon votre convenance.<\/em><\/p>\n<p><a href=\"https:\/\/www.cgjung.net\/espace\/lettre-information\/\">Historique des lettres d&rsquo;information<\/a><\/p>\n<p><a href=\"https:\/\/eepurl.com\/dtGE4X\" target=\"_blank\" rel=\"noopener\">Acc\u00e8s au formulaire pour vous abonner<\/a><\/p>\n<p><a href=\"https:\/\/cgjung.us18.list-manage.com\/unsubscribe?u=d3a4a24a2d98c83ada4736a3f&amp;id=3d1120f532\" target=\"_blank\" rel=\"noopener\">Acc\u00e8s au formulaire pour vous d\u00e9sabonner<\/a><\/p>\n\n","protected":false},"excerpt":{"rendered":"<p>60Cette lettre comprend :&nbsp; 150 ans de la naissance de Jung |&nbsp; Les mains d\u2019Orph\u00e9e | Dialoguer avec son inconscient | Carnet photographique Jungien | Couleurs alchimiques | Qu&rsquo;est-ce que l&rsquo;on se raconte ? | Agenda.&nbsp; Vous abonner ou vous d\u00e9sabonner Ch\u00e8re abonn\u00e9e, cher abonn\u00e9, En ce 26 juillet 2025, nous c\u00e9l\u00e9brons les 150 ans [&hellip;]<\/p>\n","protected":false},"author":1,"featured_media":0,"parent":23487,"menu_order":68,"comment_status":"closed","ping_status":"closed","template":"","meta":{"footnotes":""},"class_list":["post-30280","page","type-page","status-publish","hentry"],"_links":{"self":[{"href":"https:\/\/www.cgjung.net\/espace\/wp-json\/wp\/v2\/pages\/30280","targetHints":{"allow":["GET"]}}],"collection":[{"href":"https:\/\/www.cgjung.net\/espace\/wp-json\/wp\/v2\/pages"}],"about":[{"href":"https:\/\/www.cgjung.net\/espace\/wp-json\/wp\/v2\/types\/page"}],"author":[{"embeddable":true,"href":"https:\/\/www.cgjung.net\/espace\/wp-json\/wp\/v2\/users\/1"}],"replies":[{"embeddable":true,"href":"https:\/\/www.cgjung.net\/espace\/wp-json\/wp\/v2\/comments?post=30280"}],"version-history":[{"count":15,"href":"https:\/\/www.cgjung.net\/espace\/wp-json\/wp\/v2\/pages\/30280\/revisions"}],"predecessor-version":[{"id":30959,"href":"https:\/\/www.cgjung.net\/espace\/wp-json\/wp\/v2\/pages\/30280\/revisions\/30959"}],"up":[{"embeddable":true,"href":"https:\/\/www.cgjung.net\/espace\/wp-json\/wp\/v2\/pages\/23487"}],"wp:attachment":[{"href":"https:\/\/www.cgjung.net\/espace\/wp-json\/wp\/v2\/media?parent=30280"}],"curies":[{"name":"wp","href":"https:\/\/api.w.org\/{rel}","templated":true}]}}