{"id":30139,"date":"2025-07-12T09:41:29","date_gmt":"2025-07-12T07:41:29","guid":{"rendered":"https:\/\/www.cgjung.net\/espace\/?page_id=30139"},"modified":"2025-07-12T10:47:33","modified_gmt":"2025-07-12T08:47:33","slug":"couleurs-alchimiques-rouge","status":"publish","type":"page","link":"https:\/\/www.cgjung.net\/espace\/ressources\/couleurs-alchimiques-rouge\/","title":{"rendered":"Couleurs alchimiques. La vie en rouge"},"content":{"rendered":"<p><strong>\u00c0 travers r\u00e9cits cliniques, figures symboliques et r\u00e9flexions philosophiques, cette journ\u00e9e a explor\u00e9 la rubedo comme une maturation int\u00e9rieure o\u00f9 corps, \u00e2me et esprit s\u2019unissent dans la vie symbolique.<\/strong><\/p>\n<p><img loading=\"lazy\" decoding=\"async\" class=\"aligncenter size-full wp-image-30137\" src=\"https:\/\/www.cgjung.net\/espace\/wp-content\/uploads\/2025\/07\/couleurs-alchimiques-no8.png\" alt=\"\" width=\"280\" height=\"402\" srcset=\"https:\/\/www.cgjung.net\/espace\/wp-content\/uploads\/2025\/07\/couleurs-alchimiques-no8.png 280w, https:\/\/www.cgjung.net\/espace\/wp-content\/uploads\/2025\/07\/couleurs-alchimiques-no8-209x300.png 209w\" sizes=\"auto, (max-width: 280px) 100vw, 280px\" \/><\/p>\n<p style=\"text-align: center;\"><a href=\"https:\/\/cgjungfrance.com\/2024\/10\/publications-de-la-sfpa-n8-actes-de-la-journee-couleurs-alchimiques-la-vie-en-rouge\/\" target=\"_blank\" rel=\"noopener noreferrer\">Les commander aupr\u00e8s des Publications de la SFPA<\/a><\/p>\n<p style=\"text-align: center;\">Num\u00e9ro 8 \u2013 15,5 cm x 22 cm x 0,8 cm \u2013 122 pages&nbsp;<\/p>\n<p>Lors de cette journ\u00e9e intitul\u00e9e <em>Couleurs alchimiques. La vie en rouge<\/em>, <strong>Nathalie Dominguez<\/strong> a introduit l\u2019exploration de la rubedo, phase ultime du processus alchimique, en soulignant combien ses manifestations ne se livrent que \u00ab par touches l\u00e9g\u00e8res, successives et pointillistes \u00bb (p 6) dans l\u2019exp\u00e9rience analytique.<\/p>\n<h2>\u00ab Au-del\u00e0 du del\u00e0 \u00bb&nbsp;<em>Rubedo<\/em> introuvable,&nbsp;<em>rubedo<\/em> en approche<\/h2>\n<p><strong>Bertrand de la Vaissi\u00e8re<\/strong> s\u2019est attach\u00e9 \u00e0 \u00e9clairer la phase de la rubedo, souvent r\u00e9put\u00e9e inatteignable, en soulignant qu\u2019elle d\u00e9signe \u00ab l\u2019incarnation pleine et la r\u00e9union des trois : corps-\u00e2me-esprit \u00bb (p&nbsp;\u202f11), tout en relevant qu\u2019elle ne saurait \u00eatre dissoci\u00e9e des \u00e9tapes qui la pr\u00e9c\u00e8dent.<\/p>\n<p>Il en a propos\u00e9 une approche clinique, ponctu\u00e9e de r\u00e9cits de r\u00eaves, et a rappel\u00e9 qu\u2019au c\u0153ur de cette \u0153uvre au rouge r\u00e9side \u00ab la couleur de l\u2019amour, du saisissement par l\u2019esprit de vie et de l\u2019engagement \u00bb (p \u202f34).<\/p>\n<h2>Au C\u0153ur du Rouge. Manifestation et Impact<\/h2>\n<p><strong>Sophie Seale<\/strong> explore la <em>rubedo<\/em> \u00e0 partir de l\u2019Axiome de Maria la Proph\u00e9tesse :<\/p>\n<blockquote>\n<p>\u00ab Le Un devient le Deux, le Deux devient le Trois, et du Trois advient le Un en tant que Quatre \u00bb (p&nbsp;\u202f43)<\/p>\n<\/blockquote>\n<p>qu\u2019elle consid\u00e8re comme une puissante synth\u00e8se du parcours alchimique et de sa port\u00e9e psychologique.<\/p>\n<p>\u00c0 travers une l\u00e9gende am\u00e9rindienne et son exp\u00e9rience clinique, elle illustre comment cette \u0153uvre rouge, loin d\u2019\u00eatre abstraite, transforme en profondeur les sch\u00e9mas destructeurs :<\/p>\n<blockquote>\n<p>\u00ab les tourments de la nuit psychique s\u2019abandonnent \u00e0 la tendresse de l\u2019aurore \u00bb (p&nbsp;\u202f46).<\/p>\n<\/blockquote>\n<h2>La naissance du Roi Rouge ou l\u2019Art Alchimique de M\u00fbrir<\/h2>\n<p><strong>Marie-Laure Colonna<\/strong> explore l\u2019ultime phase du Grand \u0152uvre alchimique, la <em>Rubedo<\/em>, comme m\u00e9taphore d\u2019un processus de transformation int\u00e9rieure propre \u00e0 la seconde moiti\u00e9 de la vie. Ce moment d\u2019aboutissement est pr\u00e9sent\u00e9 non pas comme une fin, mais comme un \u00e9veil \u00e0 la vie symbolique, une union incarn\u00e9e entre le moi conscient, le Soi, la nature, et le monde ext\u00e9rieur.<\/p>\n<p>\u00c0 travers les figures de saint Thomas d\u2019Aquin, de Jung, et du personnage fictif de Tessa, l&rsquo;auteure illustre diverses formes de cette m\u00e9tamorphose : celle du th\u00e9ologien touch\u00e9 par une exp\u00e9rience mystique qui le conduit \u00e0 abandonner son \u0153uvre intellectuelle, celle de Jung vivant un mariage sacr\u00e9 lors d\u2019une NDE, et celle de Tessa, femme contemporaine, qui transforme une passion projective pour des figures masculines id\u00e9alis\u00e9es en une cr\u00e9ativit\u00e9 autonome et incarn\u00e9e.<\/p>\n<p>La <em>rubedo<\/em> est d\u00e9crite comme la venue \u00e0 maturit\u00e9 d\u2019un \u00eatre qui a travers\u00e9 les phases du noir (nigredo), du blanc (albedo) et du jaune (citrinitas). Elle permet l\u2019union du masculin et du f\u00e9minin int\u00e9rieurs, dans une conscience non dualiste, ouverte \u00e0 la vie symbolique. Ce n\u2019est pas un \u00e9tat fig\u00e9, mais une dynamique o\u00f9 les phases alchimiques peuvent se superposer, dans un perp\u00e9tuel mouvement de cr\u00e9ation.<\/p>\n<p><strong>La rubedo s\u2019est r\u00e9v\u00e9l\u00e9e au fil des interventions comme une transformation vivante, enracin\u00e9e dans l\u2019exp\u00e9rience et la maturit\u00e9 psychique. Ni aboutissement fig\u00e9, ni id\u00e9al lointain, elle ouvre \u00e0 une conscience unifi\u00e9e, incarn\u00e9e, travers\u00e9e par l\u2019amour et la vie symbolique.<\/strong><\/p>\n<h2>Les publications de la SFPA<\/h2>\n<p><em>(Pr\u00e9sent\u00e9es sur le site EFJ)<\/em><\/p>\n<p><strong>Ouvrage<\/strong><\/p>\n<ul>\n<li><a href=\"https:\/\/www.cgjung.net\/espace\/ressources\/supervision\/\">Superviser et \u00eatre supervis\u00e9<\/a><\/li>\n<\/ul>\n<p><strong>Actes des colloques<\/strong><\/p>\n<ul>\n<li><a href=\"https:\/\/www.cgjung.net\/espace\/ressources\/jung-alchimie-temps\/\">1 &#8211; Jung et l\u2019alchimie du temps<\/a> (16 novembre 2019)<\/li>\n<li><a href=\"https:\/\/www.cgjung.net\/espace\/ressources\/dissidence-en-psychanalyse\/\">2 &#8211; Dissidence en psychanalyse<\/a> (3 octobre 2020)<\/li>\n<li><a href=\"https:\/\/www.cgjung.net\/espace\/ressources\/technologies-inconscient\/\">3 &#8211; Technologies et inconscient<\/a> (10 avril 2021)<\/li>\n<li><a href=\"https:\/\/www.cgjung.net\/espace\/ressources\/couleurs-alchimiques\/\">4 &#8211; Couleurs alchimiques \u2013 La vie en jaune<\/a> (9 octobre 2021)<\/li>\n<li><a href=\"https:\/\/www.cgjung.net\/espace\/ressources\/feminin-psyche\/\">5 &#8211; Jung et l\u2019\u0153uvre du f\u00e9minin dans la psych\u00e9<\/a> (19 novembre 2022)<\/li>\n<li><a href=\"https:\/\/www.cgjung.net\/espace\/ressources\/psychiatrie-psychanalyse\/\">6 &#8211; L&rsquo;approche jungienne \u00e0 la crois\u00e9e de la psychiatrie et de la psychanalyse<\/a> (9 avril 2022)<\/li>\n<li><a href=\"https:\/\/www.cgjung.net\/espace\/ressources\/sfpa-no7\/\">7 &#8211; Qu\u2019est ce que l\u2019on se raconte comme histoire ?<\/a>&nbsp; (13 mai 2023)<\/li>\n<li><a href=\"https:\/\/www.cgjung.net\/espace\/ressources\/couleurs-alchimiques-rouge\/\">8 &#8211; Couleurs alchimiques. La vie en rouge<\/a> (2 d\u00e9cembre 2023)<\/li>\n<li><a href=\"https:\/\/www.cgjung.net\/espace\/ressources\/yi-jing-individuation\/\">9 &#8211; Le Yi Jing et l&rsquo;individuation<\/a> (14 d\u00e9cembre 2024)<\/li>\n<li><a href=\"https:\/\/www.cgjung.net\/espace\/ressources\/desir-et-plaisir\/\">10 &#8211; D\u00e9sir et plaisir<\/a> (24 mai 2025)<\/li>\n<\/ul>\n\n","protected":false},"excerpt":{"rendered":"<p>\u00c0 travers r\u00e9cits cliniques, figures symboliques et r\u00e9flexions philosophiques, cette journ\u00e9e a explor\u00e9 la rubedo comme une maturation int\u00e9rieure o\u00f9 corps, \u00e2me et esprit s\u2019unissent dans la vie symbolique. Les commander aupr\u00e8s des Publications de la SFPA Num\u00e9ro 8 \u2013 15,5 cm x 22 cm x 0,8 cm \u2013 122 pages&nbsp; Lors de cette journ\u00e9e [&hellip;]<\/p>\n","protected":false},"author":1,"featured_media":0,"parent":9713,"menu_order":0,"comment_status":"closed","ping_status":"closed","template":"","meta":{"footnotes":""},"class_list":["post-30139","page","type-page","status-publish","hentry"],"_links":{"self":[{"href":"https:\/\/www.cgjung.net\/espace\/wp-json\/wp\/v2\/pages\/30139","targetHints":{"allow":["GET"]}}],"collection":[{"href":"https:\/\/www.cgjung.net\/espace\/wp-json\/wp\/v2\/pages"}],"about":[{"href":"https:\/\/www.cgjung.net\/espace\/wp-json\/wp\/v2\/types\/page"}],"author":[{"embeddable":true,"href":"https:\/\/www.cgjung.net\/espace\/wp-json\/wp\/v2\/users\/1"}],"replies":[{"embeddable":true,"href":"https:\/\/www.cgjung.net\/espace\/wp-json\/wp\/v2\/comments?post=30139"}],"version-history":[{"count":6,"href":"https:\/\/www.cgjung.net\/espace\/wp-json\/wp\/v2\/pages\/30139\/revisions"}],"predecessor-version":[{"id":30145,"href":"https:\/\/www.cgjung.net\/espace\/wp-json\/wp\/v2\/pages\/30139\/revisions\/30145"}],"up":[{"embeddable":true,"href":"https:\/\/www.cgjung.net\/espace\/wp-json\/wp\/v2\/pages\/9713"}],"wp:attachment":[{"href":"https:\/\/www.cgjung.net\/espace\/wp-json\/wp\/v2\/media?parent=30139"}],"curies":[{"name":"wp","href":"https:\/\/api.w.org\/{rel}","templated":true}]}}