{"id":30123,"date":"2025-07-12T06:47:01","date_gmt":"2025-07-12T04:47:01","guid":{"rendered":"https:\/\/www.cgjung.net\/espace\/?page_id=30123"},"modified":"2025-07-12T08:01:02","modified_gmt":"2025-07-12T06:01:02","slug":"sfpa-no7","status":"publish","type":"page","link":"https:\/\/www.cgjung.net\/espace\/ressources\/sfpa-no7\/","title":{"rendered":"Qu&rsquo;est ce que l&rsquo;on se raconte comme histoire ?"},"content":{"rendered":"<p><strong>Contenir, symboliser, transmettre : \u00e0 travers leurs exp\u00e9riences cliniques, Nicolas Elias, Christine Fouchard et \u00c8ve Pilyser ont t\u00e9moign\u00e9 du r\u00f4le structurant des contes dans les ateliers th\u00e9rapeutiques<\/strong><\/p>\n<p><img loading=\"lazy\" decoding=\"async\" class=\"aligncenter size-full wp-image-30125\" src=\"https:\/\/www.cgjung.net\/espace\/wp-content\/uploads\/2025\/07\/approches-jungiennes-du-conte.png\" alt=\"\" width=\"280\" height=\"387\" srcset=\"https:\/\/www.cgjung.net\/espace\/wp-content\/uploads\/2025\/07\/approches-jungiennes-du-conte.png 280w, https:\/\/www.cgjung.net\/espace\/wp-content\/uploads\/2025\/07\/approches-jungiennes-du-conte-217x300.png 217w\" sizes=\"auto, (max-width: 280px) 100vw, 280px\" \/><\/p>\n<p style=\"text-align: center;\"><a href=\"https:\/\/cgjungfrance.com\/2024\/10\/publications-de-la-sfpa-n7-actes-de-la-journee-quest-ce-que-lon-se-raconte-comme-histoire\/\" target=\"_blank\" rel=\"noopener noreferrer\">Les commander aupr\u00e8s des Publications de la SFPA<\/a><\/p>\n<p style=\"text-align: center;\">Num\u00e9ro 7 \u2013 15,5 cm x 22 cm x 0,6 cm \u2013 64 pages&nbsp;<\/p>\n<p>Sous la conduite de <strong>Nathalie Dominguez<\/strong>, la Soci\u00e9t\u00e9 Fran\u00e7aise de Psychologie Analytique (SFPA) a propos\u00e9 le 13 mai 2023 une journ\u00e9e d\u2019\u00e9tudes consacr\u00e9e aux contes et \u00e0 leurs r\u00e9sonances profondes dans le champ de la psychologie jungienne.<\/p>\n<p>Cette journ\u00e9e, comme le souligne Nathalie Dominguez \u00ab<em> a su r\u00e9veiller ce qui \u00e9tait assoupi dans notre \u00e2me d\u2019enfant<\/em> \u00bb. Elle \u00e9crit aussi que conter n\u2019est pas simplement parler, mais un \u00ab <em>toucher si particulier des mots, du timbre et du sens, jusque dans nos cellules afin de devenir un r\u00e9cit<\/em> \u00bb.<\/p>\n<h2>Le m\u00e9dium conte dans les th\u00e9rapies groupales d\u2019enfants<\/h2>\n<p><strong>Nicolas Elias<\/strong> a partag\u00e9 une riche exp\u00e9rience clinique men\u00e9e aupr\u00e8s d\u2019enfants en th\u00e9rapie groupale dans un CMPP. Il montre comment les contes, porteurs d\u2019images arch\u00e9typiques, peuvent devenir de v\u00e9ritables leviers th\u00e9rapeutiques.<\/p>\n<p>Partant du cas de Maxime, un enfant mutique et fig\u00e9, il d\u00e9crit comment un r\u00eave contenant un loup \u00ab imposant et immobile \u00bb a marqu\u00e9 un tournant dans la relation. Cette figure du loup, tout \u00e0 la fois terrifiante et protectrice, a permis de mettre en mouvement la psych\u00e9 de l\u2019enfant :<\/p>\n<blockquote><p>\u00ab Je vis en lui un alli\u00e9 s\u00fbr dans le travail. Sa numinosit\u00e9 m\u2019avait contamin\u00e9 au point de me redonner confiance. \u00bb (p&nbsp;13)<\/p><\/blockquote>\n<p>S\u2019appuyant sur l\u2019approche jungienne, il d\u00e9veloppe une r\u00e9flexion sur les effets structurants du cadre groupal, de la symbolisation par le corps et de la ritualisation du conte :<\/p>\n<blockquote><p>\u00ab Le travail th\u00e9rapeutique repose sur le rev\u00e9cu arch\u00e9typique collectif du groupe au sein duquel pourront s\u2019instaurer, puis se d\u00e9gager, des aspects singuliers de chaque enfant. \u00bb (p&nbsp;16)<\/p><\/blockquote>\n<h2>De bouche \u00e0 oreille, tout pr\u00e8s, tout pr\u00e8s<\/h2>\n<p><strong>Christine Fouchard<\/strong> a puis\u00e9 dans sa longue pratique des ateliers contes une r\u00e9flexion sensible sur la transmission vivante des r\u00e9cits. Pour elle, le contage n\u2019est pas seulement r\u00e9cit mais mise en relation, vibration partag\u00e9e :<\/p>\n<blockquote><p>\u00ab Il n\u2019y a pas de contage sans reconnaissance de l\u2019\u00e9rotisme \u00e9prouv\u00e9 \u00e0 conter, \u00e0 jouir de sa phonation dans une d\u00e9charge pulsionnelle. \u00bb (p&nbsp;26)<\/p><\/blockquote>\n<p>Elle d\u00e9crit avec justesse les diff\u00e9rents niveaux de symbolisation (parole, image, corps) et la dynamique du groupe dans l\u2019atelier th\u00e9rapeutique. Elle \u00e9voque aussi la puissance de la \u00ab&nbsp;palabre&nbsp;\u00bb, ce temps de parole libre et associative o\u00f9 le conte peut ouvrir \u00e0 la transformation int\u00e9rieure :<\/p>\n<blockquote><p>\u00ab Parler autour du conte, c&rsquo;est aussi toujours avoir \u00e0 l&rsquo;esprit que les relations transf\u00e9rentielles projet\u00e9es sur les adultes ne sont pas uniquement aliment\u00e9es par des projections parentales mais qu&rsquo;une part de ces projections puise ses contenus directement dans le conte. \u00bb (p 31)<\/p><\/blockquote>\n<h2>Dans l\u2019ombre du conte : le r\u00e9cit occult\u00e9 et tronqu\u00e9<\/h2>\n<p><strong>\u00c8ve Pilyser<\/strong> propose une lecture critique et audacieuse des interpr\u00e9tations classiques du conte, souvent domin\u00e9es par la th\u00e9orie \u0153dipienne. Elle invite \u00e0 prendre en compte ce qu\u2019elle nomme le \u00ab&nbsp;complexe contre-\u0153dipien parental \u00bb, ces projections parentales qui p\u00e8sent lourdement sur l\u2019enfant et sont souvent \u00e0 l\u2019\u0153uvre dans les r\u00e9cits.<\/p>\n<p><img loading=\"lazy\" decoding=\"async\" class=\"aligncenter size-full wp-image-30135\" src=\"https:\/\/www.cgjung.net\/espace\/wp-content\/uploads\/2025\/07\/approches-jungiennes-du-conte-eve-pilyser.jpg\" alt=\"\" width=\"403\" height=\"534\" srcset=\"https:\/\/www.cgjung.net\/espace\/wp-content\/uploads\/2025\/07\/approches-jungiennes-du-conte-eve-pilyser.jpg 403w, https:\/\/www.cgjung.net\/espace\/wp-content\/uploads\/2025\/07\/approches-jungiennes-du-conte-eve-pilyser-226x300.jpg 226w\" sizes=\"auto, (max-width: 403px) 100vw, 403px\" \/><\/p>\n<p>Avec rigueur, elle interroge la tendance des lectures projectives \u00e0 minimiser les violences symboliques parentales dans les contes :<\/p>\n<blockquote><p>\u00ab Il me semble que nous devons assumer pleinement et \u00e9thiquement nos fonctions \u00e9ducatives et parentales sur un registre mature et adulte en acceptant de faire une lecture simple, litt\u00e9rale, des contes, tel qu&rsquo;en tout premier lieu les enfants en re\u00e7oivent le r\u00e9cit. \u00bb (p&nbsp;34)<\/p><\/blockquote>\n<p>Elle appelle \u00e0 entendre dans ces r\u00e9cits combien les contes peuvent aussi devenir des espaces de r\u00e9sistance int\u00e9rieure.<\/p>\n<p><strong>Cette journ\u00e9e d\u2019\u00e9tudes a permis de mesurer combien les contes, loin d\u2019\u00eatre de simples r\u00e9cits pour enfants, sont des chemins de transformation int\u00e9rieure, porteurs de potentialit\u00e9s th\u00e9rapeutiques profondes.<\/strong>&nbsp;<\/p>\n<h2>Les publications de la SFPA<\/h2>\n<p><em>(Pr\u00e9sent\u00e9es sur le site EFJ)<\/em><\/p>\n<p><strong>Ouvrage<\/strong><\/p>\n<ul>\n<li><a href=\"https:\/\/www.cgjung.net\/espace\/ressources\/supervision\/\">Superviser et \u00eatre supervis\u00e9<\/a><\/li>\n<\/ul>\n<p><strong>Actes des colloques<\/strong><\/p>\n<ul>\n<li><a href=\"https:\/\/www.cgjung.net\/espace\/ressources\/jung-alchimie-temps\/\">1 &#8211; Jung et l\u2019alchimie du temps<\/a> (16 novembre 2019)<\/li>\n<li><a href=\"https:\/\/www.cgjung.net\/espace\/ressources\/dissidence-en-psychanalyse\/\">2 &#8211; Dissidence en psychanalyse<\/a> (3 octobre 2020)<\/li>\n<li><a href=\"https:\/\/www.cgjung.net\/espace\/ressources\/technologies-inconscient\/\">3 &#8211; Technologies et inconscient<\/a> (10 avril 2021)<\/li>\n<li><a href=\"https:\/\/www.cgjung.net\/espace\/ressources\/couleurs-alchimiques\/\">4 &#8211; Couleurs alchimiques \u2013 La vie en jaune<\/a> (9 octobre 2021)<\/li>\n<li><a href=\"https:\/\/www.cgjung.net\/espace\/ressources\/feminin-psyche\/\">5 &#8211; Jung et l\u2019\u0153uvre du f\u00e9minin dans la psych\u00e9<\/a> (19 novembre 2022)<\/li>\n<li><a href=\"https:\/\/www.cgjung.net\/espace\/ressources\/psychiatrie-psychanalyse\/\">6 &#8211; L&rsquo;approche jungienne \u00e0 la crois\u00e9e de la psychiatrie et de la psychanalyse<\/a> (9 avril 2022)<\/li>\n<li><a href=\"https:\/\/www.cgjung.net\/espace\/ressources\/sfpa-no7\/\">7 &#8211; Qu\u2019est ce que l\u2019on se raconte comme histoire ?<\/a>&nbsp; (13 mai 2023)<\/li>\n<li><a href=\"https:\/\/www.cgjung.net\/espace\/ressources\/couleurs-alchimiques-rouge\/\">8 &#8211; Couleurs alchimiques. La vie en rouge<\/a> (2 d\u00e9cembre 2023)<\/li>\n<li><a href=\"https:\/\/www.cgjung.net\/espace\/ressources\/yi-jing-individuation\/\">9 &#8211; Le Yi Jing et l&rsquo;individuation<\/a> (14 d\u00e9cembre 2024)<\/li>\n<li><a href=\"https:\/\/www.cgjung.net\/espace\/ressources\/desir-et-plaisir\/\">10 &#8211; D\u00e9sir et plaisir<\/a> (24 mai 2025)<\/li>\n<\/ul>\n\n","protected":false},"excerpt":{"rendered":"<p>Contenir, symboliser, transmettre : \u00e0 travers leurs exp\u00e9riences cliniques, Nicolas Elias, Christine Fouchard et \u00c8ve Pilyser ont t\u00e9moign\u00e9 du r\u00f4le structurant des contes dans les ateliers th\u00e9rapeutiques Les commander aupr\u00e8s des Publications de la SFPA Num\u00e9ro 7 \u2013 15,5 cm x 22 cm x 0,6 cm \u2013 64 pages&nbsp; Sous la conduite de Nathalie Dominguez, [&hellip;]<\/p>\n","protected":false},"author":1,"featured_media":0,"parent":9713,"menu_order":0,"comment_status":"closed","ping_status":"closed","template":"","meta":{"footnotes":""},"class_list":["post-30123","page","type-page","status-publish","hentry"],"_links":{"self":[{"href":"https:\/\/www.cgjung.net\/espace\/wp-json\/wp\/v2\/pages\/30123","targetHints":{"allow":["GET"]}}],"collection":[{"href":"https:\/\/www.cgjung.net\/espace\/wp-json\/wp\/v2\/pages"}],"about":[{"href":"https:\/\/www.cgjung.net\/espace\/wp-json\/wp\/v2\/types\/page"}],"author":[{"embeddable":true,"href":"https:\/\/www.cgjung.net\/espace\/wp-json\/wp\/v2\/users\/1"}],"replies":[{"embeddable":true,"href":"https:\/\/www.cgjung.net\/espace\/wp-json\/wp\/v2\/comments?post=30123"}],"version-history":[{"count":10,"href":"https:\/\/www.cgjung.net\/espace\/wp-json\/wp\/v2\/pages\/30123\/revisions"}],"predecessor-version":[{"id":30136,"href":"https:\/\/www.cgjung.net\/espace\/wp-json\/wp\/v2\/pages\/30123\/revisions\/30136"}],"up":[{"embeddable":true,"href":"https:\/\/www.cgjung.net\/espace\/wp-json\/wp\/v2\/pages\/9713"}],"wp:attachment":[{"href":"https:\/\/www.cgjung.net\/espace\/wp-json\/wp\/v2\/media?parent=30123"}],"curies":[{"name":"wp","href":"https:\/\/api.w.org\/{rel}","templated":true}]}}