{"id":30102,"date":"2025-07-11T05:48:16","date_gmt":"2025-07-11T03:48:16","guid":{"rendered":"https:\/\/www.cgjung.net\/espace\/?page_id=30102"},"modified":"2025-07-13T05:26:54","modified_gmt":"2025-07-13T03:26:54","slug":"carnet-photographique","status":"publish","type":"page","link":"https:\/\/www.cgjung.net\/espace\/ressources\/carnet-photographique\/","title":{"rendered":"Carnet photographique Jungien"},"content":{"rendered":"<p><strong>Kristine Debreu, photographe et form\u00e9e au jeu de sable, nous livre ici un carnet de voyage int\u00e9rieur, o\u00f9 les images et les citations accompagnent pas \u00e0 pas un cheminement inspir\u00e9 de la pens\u00e9e jungienne.<\/strong><\/p>\n<p><img loading=\"lazy\" decoding=\"async\" class=\"aligncenter size-full wp-image-30099\" src=\"https:\/\/www.cgjung.net\/espace\/wp-content\/uploads\/2025\/07\/carnet-photographique-jungien.jpg\" alt=\"\" width=\"600\" height=\"435\" srcset=\"https:\/\/www.cgjung.net\/espace\/wp-content\/uploads\/2025\/07\/carnet-photographique-jungien.jpg 600w, https:\/\/www.cgjung.net\/espace\/wp-content\/uploads\/2025\/07\/carnet-photographique-jungien-300x218.jpg 300w\" sizes=\"auto, (max-width: 600px) 100vw, 600px\" \/><\/p>\n<p>Photographe et praticienne du jeu de sable, <strong>Kristine Debreu<\/strong> nous invite \u00e0 un voyage sensible, de l\u2019<em>Unus Mundus<\/em> \u00e0 la dissolution. Inspir\u00e9e par les grands th\u00e8mes de la psychologie jungienne, elle les \u00e9voque en images, \u00e0 travers des photographies qu\u2019elle a prises au fil de ses d\u00e9ambulations. Ces images, qui r\u00e9sonnent profond\u00e9ment en elle, sont associ\u00e9es \u00e0 plusieurs \u00e9tapes du processus d\u2019individuation.<\/p>\n<p><img loading=\"lazy\" decoding=\"async\" class=\"aligncenter size-full wp-image-30100\" src=\"https:\/\/www.cgjung.net\/espace\/wp-content\/uploads\/2025\/07\/carnet-photographique-jungien-p59.jpg\" alt=\"\" width=\"600\" height=\"506\" srcset=\"https:\/\/www.cgjung.net\/espace\/wp-content\/uploads\/2025\/07\/carnet-photographique-jungien-p59.jpg 600w, https:\/\/www.cgjung.net\/espace\/wp-content\/uploads\/2025\/07\/carnet-photographique-jungien-p59-300x253.jpg 300w\" sizes=\"auto, (max-width: 600px) 100vw, 600px\" \/><\/p>\n<h6 style=\"text-align: center;\">Page 59<\/h6>\n<p>Chaque double page pr\u00e9sente un th\u00e8me, une image, une ou plusieurs citations en \u00e9cho. Les lecteurs et lectrices s\u2019arr\u00eatent, contemplent, parfois longtemps. Une photo, soudain, les touche. Une situation les rejoint. Une image r\u00e9veille une m\u00e9moire enfouie ou ouvre une porte int\u00e9rieure.<\/p>\n<p>L\u2019approche est r\u00e9solument visuelle, intuitive, et s\u2019adresse \u00e0 celles et ceux pour qui une image vaut parfois bien plus qu\u2019un long discours. Ce carnet est \u00e0 la fois invitation \u00e0 la m\u00e9ditation, support d\u2019introspection, et proposition de cheminement.<\/p>\n<p>\u00c0 travers ce carnet photographique, Kristine Debreu nous propose bien plus qu\u2019un livre d\u2019images : une invitation \u00e0 contempler, \u00e0 ressentir, \u00e0 se laisser traverser. Et peut-\u00eatre, \u00e0 entreprendre son propre voyage.<\/p>\n<p><i>\u00c9diteur : <a href=\"https:\/\/www.rafaeldesurtis.fr\/\" target=\"_blank\" rel=\"noopener\">Rafael de Surtis<\/a> avec le soutien des Editions Terre Noire \u2013 2025 \u2013 124 pages \u2013 ISBN 9782846726108\u2013 29 x 21 x 1,2 cm &#8211; Pr\u00e9face de Lo\u00efs le Tuault &#8211; Avant-propos de Paul Sanda &#8211; R\u00e9f\u00e9rences des artistes \u00e0 la fin de l&rsquo;ouvrage.<\/i><\/p>\n","protected":false},"excerpt":{"rendered":"<p>Kristine Debreu, photographe et form\u00e9e au jeu de sable, nous livre ici un carnet de voyage int\u00e9rieur, o\u00f9 les images et les citations accompagnent pas \u00e0 pas un cheminement inspir\u00e9 de la pens\u00e9e jungienne. Photographe et praticienne du jeu de sable, Kristine Debreu nous invite \u00e0 un voyage sensible, de l\u2019Unus Mundus \u00e0 la dissolution. [&hellip;]<\/p>\n","protected":false},"author":1,"featured_media":0,"parent":9713,"menu_order":0,"comment_status":"closed","ping_status":"closed","template":"","meta":{"footnotes":""},"class_list":["post-30102","page","type-page","status-publish","hentry"],"_links":{"self":[{"href":"https:\/\/www.cgjung.net\/espace\/wp-json\/wp\/v2\/pages\/30102","targetHints":{"allow":["GET"]}}],"collection":[{"href":"https:\/\/www.cgjung.net\/espace\/wp-json\/wp\/v2\/pages"}],"about":[{"href":"https:\/\/www.cgjung.net\/espace\/wp-json\/wp\/v2\/types\/page"}],"author":[{"embeddable":true,"href":"https:\/\/www.cgjung.net\/espace\/wp-json\/wp\/v2\/users\/1"}],"replies":[{"embeddable":true,"href":"https:\/\/www.cgjung.net\/espace\/wp-json\/wp\/v2\/comments?post=30102"}],"version-history":[{"count":9,"href":"https:\/\/www.cgjung.net\/espace\/wp-json\/wp\/v2\/pages\/30102\/revisions"}],"predecessor-version":[{"id":30154,"href":"https:\/\/www.cgjung.net\/espace\/wp-json\/wp\/v2\/pages\/30102\/revisions\/30154"}],"up":[{"embeddable":true,"href":"https:\/\/www.cgjung.net\/espace\/wp-json\/wp\/v2\/pages\/9713"}],"wp:attachment":[{"href":"https:\/\/www.cgjung.net\/espace\/wp-json\/wp\/v2\/media?parent=30102"}],"curies":[{"name":"wp","href":"https:\/\/api.w.org\/{rel}","templated":true}]}}