{"id":29999,"date":"2025-07-07T05:01:45","date_gmt":"2025-07-07T03:01:45","guid":{"rendered":"https:\/\/www.cgjung.net\/espace\/?page_id=29999"},"modified":"2025-09-01T07:12:09","modified_gmt":"2025-09-01T05:12:09","slug":"lettre-dinformation-juillet-2025","status":"publish","type":"page","link":"https:\/\/www.cgjung.net\/espace\/lettre-information\/lettre-dinformation-juillet-2025\/","title":{"rendered":"Lettre d&rsquo;information Juillet 2025"},"content":{"rendered":"<p><strong>C<\/strong><strong>ette lettre comprend :<\/strong>&nbsp; S\u00e9minaire |&nbsp; Le Soi frappe \u00e0 notre porte | Cicuta virosa | Susan Schwartz | Cahier Jungien de Psychanalyse | The Hands of Children | Animus et Anima dans les contes de f\u00e9es | Jung \u00e0 la plage | Agenda.&nbsp;<\/p>\n<p style=\"text-align: right;\"><a href=\"https:\/\/www.cgjung.net\/espace\/lettre-information\/\">Vous abonner ou vous d\u00e9sabonner<\/a><\/p>\n<p>Ch\u00e8re abonn\u00e9e, cher abonn\u00e9,<\/p>\n<p>En cette p\u00e9riode estivale propice au ressourcement, cette nouvelle lettre d\u2019information vous propose un parcours vivant \u00e0 travers les multiples visages de la pens\u00e9e jungienne : s\u00e9minaires, articles, entretiens, parutions et \u00e9v\u00e9nements \u00e0 venir.<\/p>\n<h1>Actualit\u00e9<\/h1>\n<h2><a href=\"https:\/\/www.cgjung.net\/espace\/seminaires\/\"><img loading=\"lazy\" decoding=\"async\" class=\"size-full wp-image-29576 alignright\" src=\"https:\/\/www.cgjung.net\/espace\/wp-content\/uploads\/2025\/05\/ferme-du-chapi-v.jpg\" alt=\"\" width=\"100\" height=\"134\" \/>S\u00e9minaire dans le Rh\u00f4ne<\/a><\/h2>\n<p>Vous pouvez d\u00e8s \u00e0 pr\u00e9sent vous inscrire au s\u00e9minaire Les r\u00eaves et le Soi, qui se tiendra en pr\u00e9sentiel les 30 septembre et 1er octobre 2025, \u00e0 proximit\u00e9 de Lyon (Rh\u00f4ne).<\/p>\n<p>Afin de pr\u00e9server la qualit\u00e9 des \u00e9changes, le groupe sera limit\u00e9 \u00e0 12 personnes. Pensez \u00e0 r\u00e9server rapidement pour garantir votre place, et n\u2019h\u00e9sitez pas \u00e0 diffuser l&rsquo;information autour de vous !<\/p>\n<p>Vous pouvez lire&nbsp;<a href=\"https:\/\/www.cgjung.net\/espace\/seminaires\/2025-06\/\" target=\"_blank\" rel=\"noopener\" data-saferedirecturl=\"https:\/\/www.google.com\/url?q=https:\/\/www.cgjung.net\/espace\/seminaires\/2025-06\/&amp;source=gmail&amp;ust=1751967542287000&amp;usg=AOvVaw1RezHEp8N6fvkeAbnaBBzh\">le compte-rendu de la derni\u00e8re session<\/a>, qui s\u2019est tenue en juin au Pays Basque.<\/p>\n<p style=\"text-align: center;\"><a style=\"display: inline-block; background-color: #1f625d; color: #ffffff; padding: 10px 20px; text-align: center; text-decoration: none; border-radius: 25px; font-size: 16px; font-weight: bold;\" href=\"https:\/\/www.cgjung.net\/espace\/seminaires\/#inscription\" rel=\"noopener\">Je m&rsquo;inscris au s\u00e9minaire<\/a><\/p>\n<h1>&nbsp;<\/h1>\n<h1>Articles<\/h1>\n<h2><a href=\"https:\/\/www.cgjung.net\/espace\/accueil\/michelle-nahon\/soi-porte\/\"><img loading=\"lazy\" decoding=\"async\" class=\"size-full wp-image-29901 alignright\" src=\"https:\/\/www.cgjung.net\/espace\/wp-content\/uploads\/2025\/06\/philemon-baucis-v.jpg\" alt=\"\" width=\"120\" height=\"93\" \/>Quand le Soi vient frapper \u00e0 notre porte<\/a><\/h2>\n<p>\u00c0 travers le mythe de Phil\u00e9mon et Baucis, Michelle Nahon nous montre l\u2019union paisible du moi et de l\u2019anima ou de l\u2019animus, dans une conscience pr\u00eate \u00e0 accueillir le Soi.<\/p>\n<p>Une sagesse discr\u00e8te, enracin\u00e9e dans l\u2019ouverture du c\u0153ur.&nbsp;<span style=\"color: #808080;\">Michelle Nahon<\/span><\/p>\n<p>&nbsp;<\/p>\n<h2><a href=\"https:\/\/www.cgjung.net\/espace\/bernard-long-homeopathie\/cicuta-virosa\/\"><em><img loading=\"lazy\" decoding=\"async\" class=\"size-full wp-image-29873 alignright\" src=\"https:\/\/www.cgjung.net\/espace\/wp-content\/uploads\/2025\/06\/cicuta-v.png\" alt=\"\" width=\"120\" height=\"80\" \/>Cicuta virosa<\/em>, une ombellif\u00e8re infantile<\/a><\/h2>\n<p>Coup\u00e9 du ciel,&nbsp;<em>Cicuta<\/em>&nbsp;incarne ce moment de rupture o\u00f9 l\u2019\u00eatre vacille, entre spasme et retrait, entre enfance fig\u00e9e et monde inatteignable.<\/p>\n<p>\u00c0 la lumi\u00e8re de Jung, on peut y lire une d\u00e9connexion du pl\u00e9r\u00f4me, un effondrement du lien au Soi. L\u2019hom\u00e9opathie, ici, ne soigne pas seulement les convulsions : elle donne une forme au d\u00e9sarroi de l\u2019\u00e2me.&nbsp;<span style=\"color: #808080;\">Bernard Long<\/span><\/p>\n<p>&nbsp;<\/p>\n<h1>Entretien<\/h1>\n<h2><a href=\"https:\/\/www.cgjung.net\/espace\/accueil\/peggy-vermeesch\/entretien-susan-schwartz\/\">Entretien avec Susan Schwartz<\/a><a href=\"https:\/\/www.cgjung.net\/espace\/accueil\/peggy-vermeesch\/entretien-susan-schwartz\/\"><img loading=\"lazy\" decoding=\"async\" class=\"alignright wp-image-27812\" src=\"https:\/\/www.cgjung.net\/espace\/wp-content\/uploads\/2024\/12\/susan-schwartz.jpg\" alt=\"\" width=\"120\" height=\"137\" \/><\/a><\/h2>\n<p>Un \u00e9change men\u00e9 par Peggy Vermeesch autour des blessures laiss\u00e9es par l\u2019amour paternel manquant et de leur r\u00e9sonance dans la relation th\u00e9rapeutique. Susan Schwartz met \u00e9galement en lumi\u00e8re des figures arch\u00e9typiques souvent mal comprises, telles que la <em>Puella<\/em>, porteuses d\u2019un potentiel de transformation et de gu\u00e9rison encore m\u00e9connu.<\/p>\n<p><a href=\"https:\/\/www.cgjung.net\/espace\/ressources\/medias\/\">Cet entretien est \u00e0 d\u00e9couvrir en vid\u00e9o sur notre site<\/a>, o\u00f9 il ouvre une nouvelle page consacr\u00e9e \u00e0 nos contenus audio et vid\u00e9o, qu\u2019ils soient produits par nous ou \u00e9troitement li\u00e9s aux articles publi\u00e9s.<\/p>\n<p>&nbsp;<\/p>\n<h1>Ouvrages<\/h1>\n<h2><a href=\"https:\/\/www.cgjung.net\/espace\/ressources\/cahier-jungien-de-psychanalyse-no-161\/\"><img loading=\"lazy\" decoding=\"async\" class=\"size-full wp-image-29978 alignright\" src=\"https:\/\/www.cgjung.net\/espace\/wp-content\/uploads\/2025\/07\/cahiers-jungiens-de-psychanalyse-no-161-v.jpg\" alt=\"\" width=\"90\" height=\"125\" \/>Cahier Jungien de Psychanalyse no 161<\/a><\/h2>\n<p>Ce num\u00e9ro interroge la vitalit\u00e9 de la pens\u00e9e jungienne face aux enjeux de notre temps.<\/p>\n<p>Il rassemble des contributions th\u00e9oriques, cliniques et culturelles, ainsi que des t\u00e9moignages personnels, qui t\u00e9moignent d\u2019un lien toujours vivant entre la psychanalyse jungienne, l\u2019exp\u00e9rience int\u00e9rieure et le monde contemporain.&nbsp;<\/p>\n<p>&nbsp;<\/p>\n<h2><a href=\"https:\/\/www.cgjung.net\/espace\/ressources\/hands-children\/\"><img loading=\"lazy\" decoding=\"async\" class=\"size-full wp-image-29928 alignright\" src=\"https:\/\/www.cgjung.net\/espace\/wp-content\/uploads\/2025\/06\/Hands-of-children-v.jpg\" alt=\"\" width=\"120\" height=\"69\" \/>The Hands of Children \u2013 Julius Spier<\/a><\/h2>\n<p>Le livre de Julius Spier&nbsp;<em>The Hands of Children<\/em> : An Introduction to Psycho-Chirology (non traduit en fran\u00e7ais), malgr\u00e9 son apparence marginale dans les sciences officielles de l\u2019\u00e9poque, fut salu\u00e9 par Carl Gustav Jung dans son introduction, comme une contribution originale et prometteuse \u00e0 la recherche sur le caract\u00e8re humain.<\/p>\n<p>Il reste aujourd\u2019hui un document singulier et inspirant pour ceux qui s\u2019int\u00e9ressent aux liens entre le corps, la psych\u00e9, la symbolique, et l\u2019\u00e9ducation.<\/p>\n<p>&nbsp;<\/p>\n<h2><a href=\"https:\/\/www.cgjung.net\/mlvf\/oeuvre\/animus_anima_dans_les_contes_de_fees.htm\"><img loading=\"lazy\" decoding=\"async\" class=\"alignright size-full\" src=\"https:\/\/www.cgjung.net\/mlvf\/images\/animus-anima-contes-de-fees-p-v.jpg\" width=\"90\" height=\"149\" \/>L&rsquo;Animus et l&rsquo;Anima dans les contes de f\u00e9es<\/a><\/h2>\n<p>Dans cette \u00e9dition en livre de poche, Marie-Louise von Franz explore les figures int\u00e9rieures du masculin et du f\u00e9minin telles qu\u2019elles apparaissent dans les contes de f\u00e9es. Gr\u00e2ce \u00e0 ce langage imag\u00e9, plus accessible que la th\u00e9orie, elle donne vie \u00e0 l\u2019anima et \u00e0 l\u2019animus, ces arch\u00e9types d\u00e9crits par Jung, dans un ouvrage propos\u00e9 \u00e0 prix abordable par l\u2019\u00e9diteur.<\/p>\n<p>&nbsp;<\/p>\n<h2><a href=\"https:\/\/www.cgjung.net\/espace\/ressources\/jung-plage\/\"><img loading=\"lazy\" decoding=\"async\" class=\"size-full wp-image-29990 alignright\" src=\"https:\/\/www.cgjung.net\/espace\/wp-content\/uploads\/2025\/07\/jung-a-la-plage-v.jpg\" alt=\"\" width=\"90\" height=\"131\" \/>Jung \u00e0 la plage<\/a><\/h2>\n<p>Chantal Motto nous invite \u00e0 d\u00e9couvrir l\u2019univers de Jung depuis un transat. Elle propose une premi\u00e8re approche claire et vivante, destin\u00e9e \u00e0 celles et ceux qui ne connaissent pas encore sa pens\u00e9e.<\/p>\n<p>&nbsp;<\/p>\n<h1>Agenda jungien<\/h1>\n<h2><a href=\"https:\/\/cgjungfrance-evenement.com\/\"><img loading=\"lazy\" decoding=\"async\" class=\"size-full wp-image-29460 alignright\" src=\"https:\/\/www.cgjung.net\/espace\/wp-content\/uploads\/2025\/05\/la-clinique-du-sens.png\" alt=\"\" width=\"90\" height=\"127\" \/>La clinique du sens. Regards jungiens<\/a><\/h2>\n<p>Le 15 novembre 2025, colloque en pr\u00e9sentiel (Paris) ou en visioconf\u00e9rence. Intervenants : Sophie Braun, Olivier Cametz, Marie-Laure Colonna, \u00c8ve Pilyser et Mark Winborn.<\/p>\n<p><span style=\"color: #808080;\">Partenaires de cet \u00e9v\u00e9nement, nous vous invitons \u00e0 vous inscrire&nbsp;!<\/span><\/p>\n<p>&nbsp;<\/p>\n<h2><a href=\"https:\/\/www.cgjung.net\/espace\/ressources\/2025-07-parole-et-guerison\/\"><img loading=\"lazy\" decoding=\"async\" class=\"wp-image-29965 alignright\" src=\"https:\/\/www.cgjung.net\/espace\/wp-content\/uploads\/2025\/06\/jung-carl-emma.jpg\" sizes=\"auto, (max-width: 120px) 100vw, 120px\" srcset=\"https:\/\/www.cgjung.net\/espace\/wp-content\/uploads\/2025\/06\/jung-carl-emma.jpg 491w, https:\/\/www.cgjung.net\/espace\/wp-content\/uploads\/2025\/06\/jung-carl-emma-246x300.jpg 246w\" alt=\"\" width=\"120\" height=\"147\" \/><\/a><a href=\"https:\/\/www.cgjung.net\/espace\/ressources\/2025-07-parole-et-guerison\/\">Parole et gu\u00e9rison<\/a><\/h2>\n<p>Pr\u00e9sent\u00e9e au Festival Off d\u2019Avignon du 5 au 26 juillet 2025, la pi\u00e8ce Parole et Gu\u00e9rison, de Christopher Hampton (adapt\u00e9e par Didier Long), est mise en sc\u00e8ne par Nora Giret, qui y incarne \u00e9galement Sabina Spielrein.&nbsp;Elle a accept\u00e9 de r\u00e9pondre \u00e0 nos questions.<\/p>\n<p>&nbsp;<\/p>\n<h2><a href=\"https:\/\/my.weezevent.com\/carl-gustav-jung-explorateur-de-lame-et-visionnaire\" target=\"_blank\" rel=\"noopener\"><img loading=\"lazy\" decoding=\"async\" class=\"home alignright\" style=\"font-size: 16px;\" src=\"https:\/\/gallery.weezevent.com\/891859\/sites\/newFile_6vaHt7y.png\" alt=\"\" width=\"150\" height=\"80\" \/><\/a><a href=\"https:\/\/my.weezevent.com\/carl-gustav-jung-explorateur-de-lame-et-visionnaire\" target=\"_blank\" rel=\"noopener\">Carl Gustav Jung, explorateur de l&rsquo;\u00e2me et visionnaire<\/a><\/h2>\n<p class=\"home\">Le 8 novembre 2025, colloque en pr\u00e9sentiel organis\u00e9 par la Maison des sagesses \u00e0 Paris. Intervenants : Marie-Laure Colonna, Bertrand Eveno, Catherine Gras, Reine-Marie Halbout, Fr\u00e9d\u00e9ric Lenoir, Matthieu Mares, Caroline Moye, Carole S\u00e9dillot et St\u00e9phane Vaurs.<\/p>\n<p>&nbsp;<\/p>\n<table style=\"border-collapse: collapse; width: 100%;\">\n<tbody>\n<tr>\n<td style=\"width: 100%; background-color: #ffbe00; padding: 20px; border-radius: 5px; text-align: center;\">\n<p><span style=\"color: #ffffff; font-size: 18pt;\"><strong>FAITES UN DON<\/strong><\/span><\/p>\n<p>Gr\u00e2ce \u00e0 votre soutien financier, le site Espace Francophone Jungien peut continuer \u00e0 promouvoir la compr\u00e9hension et la diffusion de la pens\u00e9e jungienne. M\u00eame une petite contribution peut faire une grande diff\u00e9rence. Chaque don compte, merci pour votre g\u00e9n\u00e9rosit\u00e9 !<\/p>\n<p><a style=\"display: inline-block; background-color: #1f625d; color: #ffffff; padding: 10px 20px; text-align: center; text-decoration: none; border-radius: 25px; font-size: 16px; font-weight: bold;\" href=\"https:\/\/www.helloasso.com\/associations\/espace-francophone-jungien\/formulaires\/1\" target=\"_blank\" rel=\"noopener\">Je fais un don<\/a><\/td>\n<\/tr>\n<\/tbody>\n<\/table>\n<p>&nbsp;<\/p>\n<p>Si l\u2019\u00e9t\u00e9 marque une pause pour nombre d\u2019activit\u00e9s jungiennes, nous continuerons de publier durant cette p\u00e9riode. Nous vous donnons rendez-vous \u00e0 la rentr\u00e9e pour reprendre, ensemble, le fil de nos \u00e9changes et approfondissements.<\/p>\n<p>En toute amiti\u00e9 jungienne,<\/p>\n<p style=\"text-align: right;\">L&rsquo;\u00e9quipe d&rsquo;Espace Francophone Jungien<\/p>\n<p><em><a id=\"abonnement\"><\/a>Nous vous encourageons \u00e0 partager cette lettre d\u2019information avec vos proches. Vous avez \u00e9galement la libert\u00e9 de vous d\u00e9sabonner et de vous r\u00e9abonner \u00e0 tout moment, selon votre convenance.<\/em><\/p>\n<p><a href=\"https:\/\/www.cgjung.net\/espace\/lettre-information\/\">Historique des lettres d&rsquo;information<\/a><\/p>\n<p><a href=\"https:\/\/eepurl.com\/dtGE4X\" target=\"_blank\" rel=\"noopener\">Acc\u00e8s au formulaire pour vous abonner<\/a><\/p>\n<p><a href=\"https:\/\/cgjung.us18.list-manage.com\/unsubscribe?u=d3a4a24a2d98c83ada4736a3f&amp;id=3d1120f532\" target=\"_blank\" rel=\"noopener\">Acc\u00e8s au formulaire pour vous d\u00e9sabonner<\/a><\/p>\n\n","protected":false},"excerpt":{"rendered":"<p>Cette lettre comprend :&nbsp; S\u00e9minaire |&nbsp; Le Soi frappe \u00e0 notre porte | Cicuta virosa | Susan Schwartz | Cahier Jungien de Psychanalyse | The Hands of Children | Animus et Anima dans les contes de f\u00e9es | Jung \u00e0 la plage | Agenda.&nbsp; Vous abonner ou vous d\u00e9sabonner Ch\u00e8re abonn\u00e9e, cher abonn\u00e9, En cette [&hellip;]<\/p>\n","protected":false},"author":1,"featured_media":0,"parent":23487,"menu_order":58,"comment_status":"closed","ping_status":"closed","template":"","meta":{"footnotes":""},"class_list":["post-29999","page","type-page","status-publish","hentry"],"_links":{"self":[{"href":"https:\/\/www.cgjung.net\/espace\/wp-json\/wp\/v2\/pages\/29999","targetHints":{"allow":["GET"]}}],"collection":[{"href":"https:\/\/www.cgjung.net\/espace\/wp-json\/wp\/v2\/pages"}],"about":[{"href":"https:\/\/www.cgjung.net\/espace\/wp-json\/wp\/v2\/types\/page"}],"author":[{"embeddable":true,"href":"https:\/\/www.cgjung.net\/espace\/wp-json\/wp\/v2\/users\/1"}],"replies":[{"embeddable":true,"href":"https:\/\/www.cgjung.net\/espace\/wp-json\/wp\/v2\/comments?post=29999"}],"version-history":[{"count":15,"href":"https:\/\/www.cgjung.net\/espace\/wp-json\/wp\/v2\/pages\/29999\/revisions"}],"predecessor-version":[{"id":30043,"href":"https:\/\/www.cgjung.net\/espace\/wp-json\/wp\/v2\/pages\/29999\/revisions\/30043"}],"up":[{"embeddable":true,"href":"https:\/\/www.cgjung.net\/espace\/wp-json\/wp\/v2\/pages\/23487"}],"wp:attachment":[{"href":"https:\/\/www.cgjung.net\/espace\/wp-json\/wp\/v2\/media?parent=29999"}],"curies":[{"name":"wp","href":"https:\/\/api.w.org\/{rel}","templated":true}]}}