{"id":29991,"date":"2025-07-06T18:01:10","date_gmt":"2025-07-06T16:01:10","guid":{"rendered":"https:\/\/www.cgjung.net\/espace\/?page_id=29991"},"modified":"2025-07-06T19:03:18","modified_gmt":"2025-07-06T17:03:18","slug":"jung-plage","status":"publish","type":"page","link":"https:\/\/www.cgjung.net\/espace\/ressources\/jung-plage\/","title":{"rendered":"Jung \u00e0 la plage &#8211; Le symbolisme universel dans un transat"},"content":{"rendered":"<p><strong>Chantal Motto nous invite \u00e0 d\u00e9couvrir l\u2019univers de Jung depuis un transat. Elle propose une premi\u00e8re approche claire et vivante, destin\u00e9e \u00e0 celles et ceux qui ne connaissent pas encore sa pens\u00e9e.<\/strong><\/p>\n<p><img loading=\"lazy\" decoding=\"async\" class=\"aligncenter size-full wp-image-29989\" src=\"https:\/\/www.cgjung.net\/espace\/wp-content\/uploads\/2025\/07\/jung-a-la-plage.jpg\" alt=\"\" width=\"280\" height=\"409\" srcset=\"https:\/\/www.cgjung.net\/espace\/wp-content\/uploads\/2025\/07\/jung-a-la-plage.jpg 280w, https:\/\/www.cgjung.net\/espace\/wp-content\/uploads\/2025\/07\/jung-a-la-plage-205x300.jpg 205w\" sizes=\"auto, (max-width: 280px) 100vw, 280px\" \/><\/p>\n<h2>Une introduction \u00e0 la pens\u00e9e jungienne<\/h2>\n<p>Avec <em>Jung \u00e0 la plage &#8211; Le symbolisme universel dans un transat<\/em>, Chantal Motto propose une synth\u00e8se accessible de la pens\u00e9e de Carl Gustav Jung. Ce livre s\u2019adresse en priorit\u00e9 \u00e0 celles et ceux qui d\u00e9couvrent l\u2019univers jungien ou souhaitent en approcher les grandes notions dans un langage simple, sans jargon.<\/p>\n<p>Le livre se lit comme une promenade guid\u00e9e \u00e0 travers les grandes \u00e9tapes de la vie et de l\u2019\u0153uvre de Jung. De sa rupture avec Freud \u00e0 ses recherches sur les r\u00eaves, les mythes, l\u2019alchimie ou encore les traditions orientales, l\u2019autrice met en lumi\u00e8re les apports fondamentaux du psychiatre suisse.<\/p>\n<p>Chaque chapitre explore une facette de son h\u00e9ritage : l\u2019inconscient collectif, les arch\u00e9types, l\u2019anima et l\u2019animus, le processus d\u2019individuation, la synchronicit\u00e9, ou encore le r\u00f4le du transfert dans la relation th\u00e9rapeutique.<\/p>\n<p>La table des mati\u00e8res, structur\u00e9e en courts chapitres, invite \u00e0 une lecture souple. L&rsquo;ouvrage est ponctu\u00e9 de r\u00e9f\u00e9rences aux exp\u00e9riences de Jung lui-m\u00eame, notamment \u00e0 travers sa d\u00e9marche introspective, que repr\u00e9sente le Livre Rouge.<\/p>\n<p>En guise d\u2019introduction, le prologue pr\u00e9sente Jung comme un novateur, un visionnaire et un humaniste. Il rappelle \u00e0 quel point son influence a d\u00e9pass\u00e9 les fronti\u00e8res de la psychanalyse pour irriguer la philosophie, la spiritualit\u00e9, l\u2019anthropologie et l\u2019art.<\/p>\n<p>Ce livre permet de saisir, en peu de pages, les grands enjeux de cette psychologie tourn\u00e9e vers le sens, le symbolique et le dialogue avec l\u2019inconscient.<\/p>\n<h2>Contenu de l&rsquo;ouvrage<\/h2>\n<p>Prologue<br \/>\nUne vie inspir\u00e9e et inspirante<br \/>\nUn esprit passionn\u00e9 qui f\u00e9conde une abondante mati\u00e8re<br \/>\nLa v\u00e9rit\u00e9 sur sa relation avec Freud<br \/>\nInconscient personnel et collectif, r\u00eaves pr\u00e9monitoires<br \/>\nDes mythologies aux mythes personnels<br \/>\nJung, fondateur d&rsquo;une psychologie inspir\u00e9e<br \/>\nDe l&rsquo;individualit\u00e9 \u00e0 l&rsquo;individuation<br \/>\nDes forces compl\u00e9mentaires nous \u00ab animent \u00bb<br \/>\nR\u00e9volution chez les psys, transfert et contre-transfert<br \/>\nJung, alchimiste moderne de l&rsquo;inconscient<br \/>\nQuestions existentielles<br \/>\nLa formidable aventure du grand <em>Livre Rouge<br \/>\n<\/em>\u00c9pilogue<\/p>\n<p><i>\u00c9diteur : Dunod \u2013 2025 \u2013 166 pages \u2013 ISBN 9782100880171 \u2013 14 x 20,5 x 1,4 cm<\/i><\/p>\n<h2>Chantal Motto<\/h2>\n<p>Chantal Motto se d\u00e9finit comme <em>psychopraticienne, coach, formatrice, psychanalyste jungienne.<\/em> Elle est l&rsquo;autrice de nombreux ouvrages. Pour en savoir plus, vous pouvez consulter sa pr\u00e9sentation <a href=\"https:\/\/www.chantalmotto.com\/\" target=\"_blank\" rel=\"noopener\">sur son site internet<\/a>.<\/p>\n","protected":false},"excerpt":{"rendered":"<p>Chantal Motto nous invite \u00e0 d\u00e9couvrir l\u2019univers de Jung depuis un transat. Elle propose une premi\u00e8re approche claire et vivante, destin\u00e9e \u00e0 celles et ceux qui ne connaissent pas encore sa pens\u00e9e. Une introduction \u00e0 la pens\u00e9e jungienne Avec Jung \u00e0 la plage &#8211; Le symbolisme universel dans un transat, Chantal Motto propose une synth\u00e8se [&hellip;]<\/p>\n","protected":false},"author":1,"featured_media":0,"parent":9713,"menu_order":0,"comment_status":"closed","ping_status":"closed","template":"","meta":{"footnotes":""},"class_list":["post-29991","page","type-page","status-publish","hentry"],"_links":{"self":[{"href":"https:\/\/www.cgjung.net\/espace\/wp-json\/wp\/v2\/pages\/29991","targetHints":{"allow":["GET"]}}],"collection":[{"href":"https:\/\/www.cgjung.net\/espace\/wp-json\/wp\/v2\/pages"}],"about":[{"href":"https:\/\/www.cgjung.net\/espace\/wp-json\/wp\/v2\/types\/page"}],"author":[{"embeddable":true,"href":"https:\/\/www.cgjung.net\/espace\/wp-json\/wp\/v2\/users\/1"}],"replies":[{"embeddable":true,"href":"https:\/\/www.cgjung.net\/espace\/wp-json\/wp\/v2\/comments?post=29991"}],"version-history":[{"count":7,"href":"https:\/\/www.cgjung.net\/espace\/wp-json\/wp\/v2\/pages\/29991\/revisions"}],"predecessor-version":[{"id":29998,"href":"https:\/\/www.cgjung.net\/espace\/wp-json\/wp\/v2\/pages\/29991\/revisions\/29998"}],"up":[{"embeddable":true,"href":"https:\/\/www.cgjung.net\/espace\/wp-json\/wp\/v2\/pages\/9713"}],"wp:attachment":[{"href":"https:\/\/www.cgjung.net\/espace\/wp-json\/wp\/v2\/media?parent=29991"}],"curies":[{"name":"wp","href":"https:\/\/api.w.org\/{rel}","templated":true}]}}