{"id":29831,"date":"2025-06-20T04:25:49","date_gmt":"2025-06-20T02:25:49","guid":{"rendered":"https:\/\/www.cgjung.net\/espace\/?page_id=29831"},"modified":"2026-02-09T16:33:00","modified_gmt":"2026-02-09T15:33:00","slug":"michelle-nahon","status":"publish","type":"page","link":"https:\/\/www.cgjung.net\/espace\/accueil\/michelle-nahon\/","title":{"rendered":"Michelle Nahon"},"content":{"rendered":"<p><a href=\"https:\/\/www.cgjung.net\/contact.htm\"><strong>Adresser un message \u00e0 Michelle Nahon<\/strong><\/a><\/p>\n<p>&nbsp;<\/p>\n<h2>Michelle Nahon<\/h2>\n<p>Michelle Nahon est psychologue de formation, attir\u00e9e depuis longtemps par les \u00ab&nbsp;sciences parall\u00e8les \u00bb dites \u00e9sot\u00e9riques. Elle a lu Jung et s\u2019est int\u00e9ress\u00e9e \u00e0 l\u2019astrologie, \u00e0 l\u2019alchimie, \u00e0 la gnose, ainsi qu\u2019aux \u00e9coles de myst\u00e8re de la Gr\u00e8ce antique, qu\u2019elle a pu approcher gr\u00e2ce \u00e0 sa formation de base en latin et en grec.<\/p>\n<p>Elle a travaill\u00e9 plusieurs ann\u00e9es sur ses r\u00eaves&nbsp;<a href=\"https:\/\/www.cgjung.net\/alchimie\/\">avec Rolande Bi\u00e8s<\/a>. Elle a \u00e9galement particip\u00e9 au Groupe de travail jungien de Bordeaux (2001\u20132019), fond\u00e9 par Jean-Pierre Marmonier, docteur en psychologie et enseignant \u00e0 l\u2019Universit\u00e9 de Bordeaux.<\/p>\n<p>Elle est l\u2019auteure d\u2019un ouvrage consacr\u00e9 \u00e0&nbsp;<a href=\"https:\/\/www.dervy-medicis.fr\/martines-de-pasqually-p-7442.html\" target=\"_blank\" rel=\"noopener\">Martin\u00e8s de Pasqually<\/a>&nbsp;et poursuit actuellement l\u2019\u00e9tude de l\u2019\u0153uvre de Raymond Abellio (1907\u20131986).<\/p>\n<p><strong>Article<\/strong><\/p>\n<ul>\n<li><a href=\"https:\/\/www.cgjung.net\/espace\/accueil\/michelle-nahon\/introverti-extraverti\/\">Introversion et extraversion : opposition ou compl\u00e9mentarit\u00e9 ?<\/a><\/li>\n<li><a href=\"https:\/\/www.cgjung.net\/espace\/accueil\/michelle-nahon\/tobit-heros-du-quotidien\/\">Tobit, h\u00e9ros du quotidien<\/a><\/li>\n<li><a href=\"https:\/\/www.cgjung.net\/espace\/accueil\/michelle-nahon\/soi-porte\/\">Quand le Soi vient frapper \u00e0 notre porte<\/a><\/li>\n<\/ul>\n\n","protected":false},"excerpt":{"rendered":"","protected":false},"author":1,"featured_media":0,"parent":53,"menu_order":17,"comment_status":"closed","ping_status":"closed","template":"","meta":{"footnotes":""},"class_list":["post-29831","page","type-page","status-publish","hentry"],"_links":{"self":[{"href":"https:\/\/www.cgjung.net\/espace\/wp-json\/wp\/v2\/pages\/29831","targetHints":{"allow":["GET"]}}],"collection":[{"href":"https:\/\/www.cgjung.net\/espace\/wp-json\/wp\/v2\/pages"}],"about":[{"href":"https:\/\/www.cgjung.net\/espace\/wp-json\/wp\/v2\/types\/page"}],"author":[{"embeddable":true,"href":"https:\/\/www.cgjung.net\/espace\/wp-json\/wp\/v2\/users\/1"}],"replies":[{"embeddable":true,"href":"https:\/\/www.cgjung.net\/espace\/wp-json\/wp\/v2\/comments?post=29831"}],"version-history":[{"count":5,"href":"https:\/\/www.cgjung.net\/espace\/wp-json\/wp\/v2\/pages\/29831\/revisions"}],"predecessor-version":[{"id":33183,"href":"https:\/\/www.cgjung.net\/espace\/wp-json\/wp\/v2\/pages\/29831\/revisions\/33183"}],"up":[{"embeddable":true,"href":"https:\/\/www.cgjung.net\/espace\/wp-json\/wp\/v2\/pages\/53"}],"wp:attachment":[{"href":"https:\/\/www.cgjung.net\/espace\/wp-json\/wp\/v2\/media?parent=29831"}],"curies":[{"name":"wp","href":"https:\/\/api.w.org\/{rel}","templated":true}]}}