{"id":29656,"date":"2025-05-19T14:04:03","date_gmt":"2025-05-19T12:04:03","guid":{"rendered":"https:\/\/www.cgjung.net\/espace\/?page_id=29656"},"modified":"2026-03-08T20:31:54","modified_gmt":"2026-03-08T19:31:54","slug":"medias","status":"publish","type":"page","link":"https:\/\/www.cgjung.net\/espace\/ressources\/medias\/","title":{"rendered":"M\u00e9dias audio et vid\u00e9o"},"content":{"rendered":"<p><strong>Nous vous proposons ici un acc\u00e8s direct \u00e0 des ressources multim\u00e9dias (vid\u00e9os et audios) h\u00e9berg\u00e9es sur des plateformes externes. Ces contenus mettent en lumi\u00e8re les travaux men\u00e9s ainsi que les personnes engag\u00e9es dans la dynamique du site.<\/strong><\/p>\n<p>Cette page a son \u00e9quivalent en anglais sur le site <a href=\"https:\/\/www.cgjung.net\/espace\/jps\/books-resources\/multimedia\/\">Jungian Psychology Space<\/a>. Les contenus peuvent toutefois varier d\u2019une version \u00e0 l\u2019autre.<\/p>\n<p>&nbsp;<\/p>\n<h2><a id=\"erotic-1\"><\/a>Le transfert \u00e9rotique dans une perspective jungienne<\/h2>\n<div style=\"position: relative; padding-bottom: 56.25%; height: 0; overflow: hidden;\"><iframe style=\"position: absolute; top: 0; left: 0; width: 100%; height: 100%;\" title=\"YouTube video player\" src=\"https:\/\/www.youtube.com\/embed\/QxQBt7NPprQ?si=9QnqMutMMDilpT30\" frameborder=\"0\" allowfullscreen=\"allowfullscreen\"><br \/>\n  <\/iframe><\/div>\n<p>Dans cette conf\u00e9rence en anglais et&nbsp;sous-titr\u00e9e en fran\u00e7ais, <a href=\"https:\/\/www.cgjung.net\/espace\/accueil\/peggy-vermeesch\/\">Peggy Vermeesch<\/a> propose une lecture jungienne du transfert \u00e9rotique, en explorant ses manifestations symboliques, ses enjeux \u00e9thiques et son r\u00f4le potentiellement structurant dans le processus d\u2019individuation.<\/p>\n<p>La pr\u00e9sentation a \u00e9t\u00e9 propos\u00e9e par le <a href=\"https:\/\/www.jungiansalon.com\/fr\/events\" target=\"_blank\" rel=\"noopener\">Salon Jungien<\/a> \u00e0 Gen\u00e8ve en f\u00e9vrier 2026. L\u2019article est actuellement en cours d&rsquo;\u00e9valuation au <em>Journal of Analytical Psychology (JAP)<\/em>. Une version exploratoire ant\u00e9rieure de ce travail a \u00e9t\u00e9 publi\u00e9e sous le titre <a href=\"https:\/\/www.cgjung.net\/espace\/accueil\/peggy-vermeesch\/parfaite-compagne\/\">Tenir la tension du transfert \u00e9rotique : incarner le Capitaine Picard dans \u00ab\u00a0La Parfaite Compagne\u00a0\u00bb de Star Trek<\/a>.<\/p>\n<p>\u00c0 la fin de la pr\u00e9sentation (1:18:30), <a href=\"https:\/\/www.cgjung.net\/espace\/accueil\/claire-droin\/\">Claire Droin<\/a> pr\u00e9sente l\u2019Espace Francophone Jungien et Jungian Psychology Space (en fran\u00e7ais).<\/p>\n<div class=\"su-spoiler su-spoiler-style-default su-spoiler-icon-plus su-spoiler-closed\" data-scroll-offset=\"0\" data-anchor-in-url=\"no\"><div class=\"su-spoiler-title\" tabindex=\"0\" role=\"button\"><span class=\"su-spoiler-icon\"><\/span>Comment afficher les sous-titres automatiques en fran\u00e7ais ?<\/div><div class=\"su-spoiler-content su-u-clearfix su-u-trim\">\n<div style=\"border: 1px solid #ccc; padding: 1em; background-color: #f9f9f9; border-radius: 8px; max-width: 560px; margin-top: 1em; font-family: sans-serif; font-size: 14px;\"><strong> Cette vid\u00e9o est en anglais.<\/strong><br \/>\nPour activer la <strong>traduction automatique en fran\u00e7ais<\/strong>, suivez ces \u00e9tapes :<\/p>\n<ol style=\"margin-top: 0.5em; padding-left: 1.2em;\">\n<li>Cliquez sur l\u2019ic\u00f4ne <strong>&#x2699;&#xfe0f; Param\u00e8tres<\/strong> en bas \u00e0 droite de la vid\u00e9o<\/li>\n<li>Choisissez <strong>Sous-titres<\/strong>, puis <em>Anglais (g\u00e9n\u00e9r\u00e9s automatiquement)<\/em><\/li>\n<li>Revenez dans le menu <strong>Sous-titres<\/strong>, puis cliquez sur <strong>Traduire automatiquement<\/strong><\/li>\n<li>S\u00e9lectionnez <strong>Fran\u00e7ais<\/strong> dans la liste des langues<\/li>\n<\/ol>\n<\/div>\n<\/div><\/div>\n<p>&nbsp;<\/p>\n<h2><a id=\"martin-1\"><\/a>Entretien avec Martin Schmidt<\/h2>\n<div style=\"position: relative; padding-bottom: 56.25%; height: 0; overflow: hidden;\"><iframe style=\"position: absolute; top: 0; left: 0; width: 100%; height: 100%;\" title=\"YouTube video player\" src=\"https:\/\/www.youtube-nocookie.com\/embed\/5Pl3hz_Or5s?rel=0\" frameborder=\"0\" allowfullscreen=\"allowfullscreen\"><br \/>\n  <\/iframe><\/div>\n<p>R\u00e9alis\u00e9e en anglais par <a href=\"https:\/\/www.cgjung.net\/espace\/accueil\/peggy-vermeesch\/\">Peggy Vermeesch<\/a> et sous-titr\u00e9e en fran\u00e7ais, cette interview est \u00e9galement disponible sous forme \u00e9crite, sous le titre <a href=\"https:\/\/www.cgjung.net\/espace\/accueil\/peggy-vermeesch\/entretien-martin-schmidt\/\">Explorer le paradoxe dans le processus analytique<\/a>. <span style=\"color: #808080;\">(novembre 2025)<\/span><\/p>\n<div class=\"su-spoiler su-spoiler-style-default su-spoiler-icon-plus su-spoiler-closed\" data-scroll-offset=\"0\" data-anchor-in-url=\"no\"><div class=\"su-spoiler-title\" tabindex=\"0\" role=\"button\"><span class=\"su-spoiler-icon\"><\/span>Comment afficher les sous-titres automatiques en fran\u00e7ais ?<\/div><div class=\"su-spoiler-content su-u-clearfix su-u-trim\">\n<div style=\"border: 1px solid #ccc; padding: 1em; background-color: #f9f9f9; border-radius: 8px; max-width: 560px; margin-top: 1em; font-family: sans-serif; font-size: 14px;\"><strong> Cette vid\u00e9o est en anglais.<\/strong><br \/>\nPour activer la <strong>traduction automatique en fran\u00e7ais<\/strong>, suivez ces \u00e9tapes :<\/p>\n<ol style=\"margin-top: 0.5em; padding-left: 1.2em;\">\n<li>Cliquez sur l\u2019ic\u00f4ne <strong>&#x2699;&#xfe0f; Param\u00e8tres<\/strong> en bas \u00e0 droite de la vid\u00e9o<\/li>\n<li>Choisissez <strong>Sous-titres<\/strong>, puis <em>Anglais (g\u00e9n\u00e9r\u00e9s automatiquement)<\/em><\/li>\n<li>Revenez dans le menu <strong>Sous-titres<\/strong>, puis cliquez sur <strong>Traduire automatiquement<\/strong><\/li>\n<li>S\u00e9lectionnez <strong>Fran\u00e7ais<\/strong> dans la liste des langues<\/li>\n<\/ol>\n<\/div>\n<\/div><\/div>\n<p>&nbsp;<\/p>\n<h2><a id=\"susan-1\"><\/a>Entretien avec Susan Schwartz<\/h2>\n<div style=\"position: relative; padding-bottom: 56.25%; height: 0; overflow: hidden;\"><iframe style=\"position: absolute; top: 0; left: 0; width: 100%; height: 100%;\" title=\"YouTube video player\" src=\"https:\/\/www.youtube-nocookie.com\/embed\/StqGAaNHkOc?rel=0\" frameborder=\"0\" allowfullscreen=\"allowfullscreen\"><br \/>\n  <\/iframe><\/div>\n<p>R\u00e9alis\u00e9e en anglais par <a href=\"https:\/\/www.cgjung.net\/espace\/accueil\/peggy-vermeesch\/\">Peggy Vermeesch<\/a> et sous-titr\u00e9e en fran\u00e7ais, cette interview est \u00e9galement disponible sous forme \u00e9crite, sous le titre <a href=\"https:\/\/www.cgjung.net\/espace\/accueil\/peggy-vermeesch\/entretien-susan-schwartz\/\">Amour non partag\u00e9, blessure paternelle et fragilit\u00e9 du Soi<\/a>. <span style=\"color: #808080;\">(mai 2025)<\/span><\/p>\n<div class=\"su-spoiler su-spoiler-style-default su-spoiler-icon-plus su-spoiler-closed\" data-scroll-offset=\"0\" data-anchor-in-url=\"no\"><div class=\"su-spoiler-title\" tabindex=\"0\" role=\"button\"><span class=\"su-spoiler-icon\"><\/span>Comment afficher les sous-titres automatiques en fran\u00e7ais ?<\/div><div class=\"su-spoiler-content su-u-clearfix su-u-trim\">\n<div style=\"border: 1px solid #ccc; padding: 1em; background-color: #f9f9f9; border-radius: 8px; max-width: 560px; margin-top: 1em; font-family: sans-serif; font-size: 14px;\"><strong> Cette vid\u00e9o est en anglais.<\/strong><br \/>\nPour activer la <strong>traduction automatique en fran\u00e7ais<\/strong>, suivez ces \u00e9tapes :<\/p>\n<ol style=\"margin-top: 0.5em; padding-left: 1.2em;\">\n<li>Cliquez sur l\u2019ic\u00f4ne <strong>&#x2699;&#xfe0f; Param\u00e8tres<\/strong> en bas \u00e0 droite de la vid\u00e9o<\/li>\n<li>Choisissez <strong>Sous-titres<\/strong>, puis <em>Anglais (g\u00e9n\u00e9r\u00e9s automatiquement)<\/em><\/li>\n<li>Revenez dans le menu <strong>Sous-titres<\/strong>, puis cliquez sur <strong>Traduire automatiquement<\/strong><\/li>\n<li>S\u00e9lectionnez <strong>Fran\u00e7ais<\/strong> dans la liste des langues<\/li>\n<\/ol>\n<\/div>\n<\/div><\/div>\n<p>&nbsp;<\/p>\n<h2><a href=\"https:\/\/surlestracesdejung.fr\/audios\/\" target=\"_blank\" rel=\"noopener\"><img loading=\"lazy\" decoding=\"async\" class=\"size-full wp-image-26921 alignright\" src=\"https:\/\/www.cgjung.net\/espace\/wp-content\/uploads\/2024\/10\/sur-les-traces-de-jung.png\" alt=\"\" width=\"114\" height=\"95\" \/><\/a>Sur les traces de Jung<\/h2>\n<p>Sur le site <a href=\"https:\/\/surlestracesdejung.fr\/audios\/\" target=\"_blank\" rel=\"noopener\">Sur les traces de Jung<\/a>, anim\u00e9 par Catherine Gras, figurent de nombreux enregistrements audio sous forme d\u2019interviews d\u2019acteurs jungiens contemporains.&nbsp;Ces entretiens, \u00e9galement disponibles en podcast sur les principales plateformes de streaming, offrent une d\u00e9couverte vivante de l\u2019\u0153uvre de Jung \u00e0 la lumi\u00e8re de notre \u00e9poque.<\/p>\n<p>Vous trouverez ci-dessous une s\u00e9lection d\u2019enregistrements en lien direct avec notre site et ses acteurs, t\u00e9moignant de leur engagement dans la pens\u00e9e jungienne contemporaine.<\/p>\n<h3><a id=\"efj\"><\/a>Cr\u00e9ation du site Espace Francophone Jungien cgjung.net<\/h3>\n<p><audio style=\"width: 100%;\" controls=\"controls\"><source src=\"https:\/\/audio.audiomeans.fr\/file\/hChUDAaLCm\/b731fc4e-90b6-4aed-b406-5dc6f309db96.mp3\" type=\"audio\/mpeg\" \/><\/audio><\/p>\n<p>Jean-Pierre Robert raconte la naissance du site Espace Francophone Jungien cgjung.net en 1998 et partage son aventure pionni\u00e8re aux d\u00e9buts d\u2019Internet.&nbsp;<span style=\"color: #808080;\">(Novembre 2024)<\/span><\/p>\n<h3><a id=\"ombre\"><\/a>L\u2019ombre et le mal \u2013 Un monde de \u00ab puers \u00bb<\/h3>\n<p><audio style=\"width: 100%;\" controls=\"controls\"><span data-mce-type=\"bookmark\" style=\"display: inline-block; width: 0px; overflow: hidden; line-height: 0;\" class=\"mce_SELRES_start\">\ufeff<\/span><source src=\"https:\/\/audio.audiomeans.fr\/file\/jbrOiHbVdi\/e98f34fe-1e86-4116-903c-6b5b73dee3da.mp3\" type=\"audio\/mpeg\" \/><span data-mce-type=\"bookmark\" style=\"display: inline-block; width: 0px; overflow: hidden; line-height: 0;\" class=\"mce_SELRES_end\">\ufeff<\/span><\/audio><\/p>\n<p>Jean-Pierre Robert, interrog\u00e9 par Chantal Delacotte, explore les zones d\u2019ombre des technologies modernes, notamment l\u2019intelligence artificielle, \u00e0 travers le prisme de la psychologie jungienne. Conf\u00e9rence du 26 janvier 2025 \u00e0 Paris dans le cadre du <a href=\"https:\/\/www.cgjung.net\/espace\/accueil\/actualite\/2025-01-25_26-colloque\/\">Colloque L&rsquo;oeuvre de Jung, pr\u00e9sent et devenir<\/a>.<\/p>\n<p><a href=\"https:\/\/www.cgjung.net\/espace\/accueil\/jprobert\/ombre-mal-technologie\/\">Voir les diapos et le texte de cette conf\u00e9rence<\/a>.<\/p>\n<p>&nbsp;<\/p>\n<h2><a id=\"stein-1\"><\/a>Murray Stein &#8211; La Construction de la Masculinit\u00e9<\/h2>\n<div style=\"position: relative; padding-bottom: 56.25%; height: 0; overflow: hidden;\"><iframe style=\"position: absolute; top: 0; left: 0; width: 100%; height: 100%;\" title=\"YouTube video player\" src=\"https:\/\/www.youtube-nocookie.com\/embed\/ZOioCVEu-RA?rel=0\" frameborder=\"0\" allowfullscreen=\"allowfullscreen\"><br \/>\n  <\/iframe><\/div>\n<p>Entretien avec Murray Stein \u00e0 l&rsquo;occasion de la sortie de son ouvrage <a href=\"https:\/\/www.cgjung.net\/espace\/ressources\/construction-masculinite\/\">La construction de la masculinit\u00e9<\/a><a href=\"https:\/\/www.cgjung.net\/espace\/ressources\/paul-achilles-jung\/\">,<\/a> traduit de l&rsquo;anglais par Fabienne Neuquelman-Denis et r\u00e9alis\u00e9 par les <a href=\"https:\/\/editions-martinpecheur.fr\/\" target=\"_blank\" rel=\"noopener\">\u00c9ditions du Martin-P\u00eacheur<\/a> <span style=\"color: #808080;\">(2024)<\/span><\/p>\n<p>&nbsp;<\/p>\n<h2><a id=\"claudio\"><\/a>Jung et la figure du pe\u0300re &#8211; Pier Claudio Devescovi<\/h2>\n<div style=\"position: relative; padding-bottom: 56.25%; height: 0; overflow: hidden;\"><iframe style=\"position: absolute; top: 0; left: 0; width: 100%; height: 100%;\" title=\"YouTube video player\" src=\"https:\/\/www.youtube-nocookie.com\/embed\/vQuLUE2oBoA?rel=0\" frameborder=\"0\" allowfullscreen=\"allowfullscreen\"><br \/>\n  <\/iframe><\/div>\n<p>Entretien avec Pier Claudio Devescovi \u00e0 l&rsquo;occasion de la sortie de son ouvrage <a href=\"https:\/\/www.cgjung.net\/espace\/ressources\/paul-achilles-jung\/\">Jung et la figure du p\u00e8re,<\/a> traduit de l&rsquo;italien par Brigitte Allain Dupr\u00e9 et r\u00e9alis\u00e9 par les <a href=\"https:\/\/editions-martinpecheur.fr\/\" target=\"_blank\" rel=\"noopener\">\u00c9ditions du Martin-P\u00eacheur<\/a> <span style=\"color: #808080;\">(2022)<\/span><\/p>\n<p>&nbsp;<\/p>\n<h2><a id=\"viviane\"><\/a>Rencontre avec Viviane Thibaudier<\/h2>\n<div style=\"position: relative; padding-bottom: 56.25%; height: 0; overflow: hidden;\"><iframe style=\"position: absolute; top: 0; left: 0; width: 100%; height: 100%;\" title=\"YouTube video player\" src=\"https:\/\/www.youtube-nocookie.com\/embed\/u3ftd139324?rel=0\" frameborder=\"0\" allowfullscreen=\"allowfullscreen\"><br \/>\n  <\/iframe><\/div>\n<p>Rencontre avec Viviane Thibaudier auteure de <a href=\"https:\/\/www.cgjung.net\/publications\/100-pourcent-jung-viviane-thibaudier.htm\">100% Jung<\/a> et <a href=\"https:\/\/www.cgjung.net\/espace\/ressources\/inconscient-images\/\">L&rsquo;inconscient et ses images<\/a> organis\u00e9e&nbsp;par les <a href=\"https:\/\/editions-martinpecheur.fr\/\" target=\"_blank\" rel=\"noopener\">\u00c9ditions du Martin-P\u00eacheur<\/a> <span style=\"color: #808080;\">(2021)<\/span><\/p>\n<p><em>Cette s\u00e9lection n\u2019a pas vocation \u00e0 l\u2019exhaustivit\u00e9.<\/em><\/p>\n","protected":false},"excerpt":{"rendered":"<p>Nous vous proposons ici un acc\u00e8s direct \u00e0 des ressources multim\u00e9dias (vid\u00e9os et audios) h\u00e9berg\u00e9es sur des plateformes externes. Ces contenus mettent en lumi\u00e8re les travaux men\u00e9s ainsi que les personnes engag\u00e9es dans la dynamique du site. Cette page a son \u00e9quivalent en anglais sur le site Jungian Psychology Space. Les contenus peuvent toutefois varier [&hellip;]<\/p>\n","protected":false},"author":1,"featured_media":0,"parent":9713,"menu_order":0,"comment_status":"closed","ping_status":"closed","template":"","meta":{"footnotes":""},"class_list":["post-29656","page","type-page","status-publish","hentry"],"_links":{"self":[{"href":"https:\/\/www.cgjung.net\/espace\/wp-json\/wp\/v2\/pages\/29656","targetHints":{"allow":["GET"]}}],"collection":[{"href":"https:\/\/www.cgjung.net\/espace\/wp-json\/wp\/v2\/pages"}],"about":[{"href":"https:\/\/www.cgjung.net\/espace\/wp-json\/wp\/v2\/types\/page"}],"author":[{"embeddable":true,"href":"https:\/\/www.cgjung.net\/espace\/wp-json\/wp\/v2\/users\/1"}],"replies":[{"embeddable":true,"href":"https:\/\/www.cgjung.net\/espace\/wp-json\/wp\/v2\/comments?post=29656"}],"version-history":[{"count":41,"href":"https:\/\/www.cgjung.net\/espace\/wp-json\/wp\/v2\/pages\/29656\/revisions"}],"predecessor-version":[{"id":33872,"href":"https:\/\/www.cgjung.net\/espace\/wp-json\/wp\/v2\/pages\/29656\/revisions\/33872"}],"up":[{"embeddable":true,"href":"https:\/\/www.cgjung.net\/espace\/wp-json\/wp\/v2\/pages\/9713"}],"wp:attachment":[{"href":"https:\/\/www.cgjung.net\/espace\/wp-json\/wp\/v2\/media?parent=29656"}],"curies":[{"name":"wp","href":"https:\/\/api.w.org\/{rel}","templated":true}]}}