{"id":29621,"date":"2025-05-16T06:05:09","date_gmt":"2025-05-16T04:05:09","guid":{"rendered":"https:\/\/www.cgjung.net\/espace\/?page_id=29621"},"modified":"2025-05-16T06:45:40","modified_gmt":"2025-05-16T04:45:40","slug":"2025-05","status":"publish","type":"page","link":"https:\/\/www.cgjung.net\/espace\/ressources\/revue-des-deux-tours\/2025-05\/","title":{"rendered":"Revue des Deux Tours  : Sacr\u00e9 Sacrifice"},"content":{"rendered":"<p><strong>Ce sixi\u00e8me volume explore les articulations profondes entre le sacr\u00e9 et le sacrifice, deux r\u00e9alit\u00e9s fondatrices de la psych\u00e9. Qu\u2019il s\u2019agisse du travail, de la transmission, de l\u2019adolescence ou du h\u00e9ros int\u00e9rieur, les auteurs de ce num\u00e9ro mettent en lumi\u00e8re ce que Jung appelait la \u00ab\u00a0fonction religieuse\u00a0\u00bb de la psych\u00e9, \u00e0 travers l\u2019\u00e9preuve, la perte, et la qu\u00eate de sens.<\/strong><\/p>\n<p><img loading=\"lazy\" decoding=\"async\" class=\"aligncenter size-full wp-image-29622\" src=\"https:\/\/www.cgjung.net\/espace\/wp-content\/uploads\/2025\/05\/revue-des-deux-tours-no-6.jpg\" alt=\"\" width=\"280\" height=\"400\" srcset=\"https:\/\/www.cgjung.net\/espace\/wp-content\/uploads\/2025\/05\/revue-des-deux-tours-no-6.jpg 280w, https:\/\/www.cgjung.net\/espace\/wp-content\/uploads\/2025\/05\/revue-des-deux-tours-no-6-210x300.jpg 210w\" sizes=\"auto, (max-width: 280px) 100vw, 280px\" \/><\/p>\n<p>Le pr\u00e9sent num\u00e9ro (no 6 parus en mai 2025), ainsi que l\u2019ensemble des num\u00e9ros pr\u00e9c\u00e9dents de <em data-start=\"198\" data-end=\"223\">La Revue des Deux Tours<\/em>, sont accessibles en ligne <a href=\"https:\/\/www.vonfranzjung.fr\/\" target=\"_blank\" rel=\"noopener\">sur le site de l\u2019association Marie-Louise von Franz &amp; Carl Gustav Jung<\/a>. Leur consultation est r\u00e9serv\u00e9e aux adh\u00e9rents de l\u2019association.<\/p>\n<h2>Au sommaire<\/h2>\n<p><strong>Au nom du P\u00e8re, du sacrifice au sacr\u00e9<br \/>\n<\/strong><a href=\"https:\/\/www.cgjung.net\/publications\/100-pourcent-jung-viviane-thibaudier.htm\"><em>Viviane Thibaudier<\/em><\/a><strong><br \/>\n<\/strong><\/p>\n<p>\u00c0 travers l\u2019histoire personnelle de Jung et son lien complexe au p\u00e8re &#8211; \u00e0 la fois figure humaine et arch\u00e9type divin &#8211; Viviane Thibaudier retrace la gen\u00e8se d\u2019une pens\u00e9e enracin\u00e9e dans une blessure jamais referm\u00e9e. Elle montre comment, apr\u00e8s la rupture avec Freud, Jung a travers\u00e9 une v\u00e9ritable nuit obscure qui l\u2019a men\u00e9 jusqu\u2019au <em data-start=\"1108\" data-end=\"1121\">Livre Rouge<\/em>, puis au c\u0153ur m\u00eame de sa th\u00e9orie du Soi. Loin d\u2019un r\u00e9cit purement biographique, l\u2019article illustre comment Jung en vint \u00e0 penser que \u00ab\u00a0le Soi ou le Christ est pr\u00e9sent a priori en chacun de nous\u00a0\u00bb, mais que cette r\u00e9alit\u00e9 ne devient vivante qu\u2019\u00e0 travers un v\u00e9ritable retrait des projections et une confrontation au numineux.<\/p>\n<p><strong>Adolescence et id\u00e9alisation<br \/>\n<\/strong><a href=\"https:\/\/www.cgjung.net\/espace\/ressources\/pma-et-transmission\/\"><em>Brigitte Allain Dupr\u00e9<\/em><\/a><\/p>\n<p>En retra\u00e7ant le parcours th\u00e9rapeutique d\u2019un adolescent, Florent, l\u2019autrice explore le douloureux processus de diff\u00e9renciation dans une configuration familiale marqu\u00e9e par la toute-puissance maternelle et l\u2019effacement du p\u00e8re. \u00c0 travers le jeu des transferts, Brigitte Allain Dupr\u00e9 met en lumi\u00e8re la dynamique sacrificielle \u00e0 l\u2019\u0153uvre dans la construction du sujet : renoncer au r\u00f4le du \u00ab\u00a0fils-h\u00e9ros\u00a0\u00bb, oser le conflit, affronter une v\u00e9rit\u00e9 blessante, et faire l\u2019exp\u00e9rience de l\u2019inconnu. C\u2019est en se d\u00e9tachant de l\u2019id\u00e9alisation que Florent acc\u00e8de \u00e0 une parole plus vraie, jusqu\u2019\u00e0 reconna\u00eetre : \u00ab\u00a0Quelque chose n\u2019est plus pareil, je me sens plus heureux !\u00a0\u00bb<\/p>\n<p><strong>Le Livre Rouge et le sacr\u00e9<br \/>\n<\/strong><a href=\"https:\/\/www.cgjung.net\/espace\/ressources\/oeuvre-noir-christ-rouge\/\"><em>Bertrand de La Vaissi\u00e8re<\/em><\/a><strong><br \/>\n<\/strong><\/p>\n<p>Cet essai \u00e9claire la profondeur du travail entrepris par Jung dans son Livre Rouge, lu ici comme un rituel de passage vers le Soi. L\u2019auteur met en \u00e9vidence le lien entre l\u2019exp\u00e9rience du chaos int\u00e9rieur, les figures arch\u00e9typiques qui surgissent, et le sacrifice de l\u2019ego n\u00e9cessaire \u00e0 toute individuation. Pour Jung, cette plong\u00e9e ne relevait pas de l\u2019exaltation mystique, mais d\u2019un devoir int\u00e9rieur : \u00ab\u00a0Le service du Soi, c\u2019est donc le service de Dieu et le service de l\u2019humanit\u00e9.\u00a0\u00bb<\/p>\n<p><strong>Travail et sacrifice<br \/>\n<\/strong><a href=\"https:\/\/www.cgjung.net\/espace\/ressources\/yves-buisson\/\"><em>Yves Buisson<\/em><\/a><strong><br \/>\n<\/strong><\/p>\n<p>Dans une perspective \u00e0 la fois critique et symbolique, l\u2019auteur interroge la perte du sens du sacrifice dans notre rapport contemporain au travail. L\u00e0 o\u00f9 le sacrifice authentique engage une transformation de l\u2019\u00eatre, le travail tel qu\u2019il est aujourd\u2019hui v\u00e9cu glisse vers l\u2019ali\u00e9nation ou le burn-out. Or, rappelle Yves Buisson, \u00ab\u00a0le sacrifice ne rel\u00e8ve pas de la logique productiviste, utilitariste, il touche au registre du symbole\u00a0\u00bb : l\u00e0 r\u00e9side toute la diff\u00e9rence.<\/p>\n<p><strong>De la n\u00e9cessit\u00e9 du sacrifice du h\u00e9ros<\/strong><br \/>\n<a href=\"https:\/\/www.cgjung.net\/espace\/accueil\/association-von-franz-jung\/\"><em>Matthieu Mares<\/em><\/a><\/p>\n<p>Ce texte revient sur la fonction du h\u00e9ros dans le processus d\u2019individuation. En s\u2019appuyant sur la symbolique du mythe, Matthieu Mares montre que le h\u00e9ros, figure indispensable du d\u00e9but du parcours, doit pourtant, \u00e0 terme, \u00eatre sacrifi\u00e9. \u00ab\u00a0Le sacrifice du h\u00e9ros devient ainsi une cl\u00e9 de l\u2019individuation\u00a0\u00bb : il marque le d\u00e9passement du moi triomphant et l\u2019entr\u00e9e dans un rapport plus humble et plus vivant \u00e0 l\u2019inconscient.<\/p>\n<p><strong>La citadelle int\u00e9rieure<br \/>\n<\/strong><a href=\"https:\/\/www.cgjung.net\/espace\/accueil\/rachel-huber\/alizon-opicino\/\">Jean-Fran\u00e7ois Alizon<\/a><strong><br \/>\n<\/strong><\/p>\n<p>Ce chapitre invite \u00e0 une m\u00e9ditation autour du Temenos, cet espace sacr\u00e9 au sein duquel l\u2019\u00e2me peut retrouver un lien avec le divin. Jean-Fran\u00e7ois Alizon montre que dans un monde d\u00e9sorient\u00e9, il est vital de retrouver ce lieu int\u00e9rieur, o\u00f9 peut s\u2019op\u00e9rer la jonction entre sacr\u00e9 et quotidien. \u00ab\u00a0Le Temenos est une image du Soi\u00a0\u00bb, \u00e9crit-il, une enceinte symbolique o\u00f9 l\u2019on peut, en silence, se rendre pr\u00e9sent \u00e0 ce qui nous d\u00e9passe.<\/p>\n<h2>En synth\u00e8se<\/h2>\n<p><strong>Les articles r\u00e9unis dans ce volume nous rappellent que toute transformation r\u00e9elle implique une part de sacrifice. Mais ce sacrifice, loin d\u2019\u00eatre perte ou abn\u00e9gation, est ce qui permet l\u2019\u00e9mergence d\u2019un sens, d\u2019un chemin, d\u2019un Soi. Ce num\u00e9ro est une invitation \u00e0 redonner au mot \u00ab\u00a0sacr\u00e9\u00a0\u00bb sa force, sa place et sa profondeur.<\/strong><\/p>\n<h2>Association Marie-Louise von Franz &amp; Carl Gustav Jung<\/h2>\n<p>La revue des deux tours <a href=\"https:\/\/www.vonfranzjung.fr\/revue-des-deux-tours\" target=\"_blank\" rel=\"noopener\">est disponible sur le site de l&rsquo;association<\/a>. Disponible uniquement au format pdf, elle peut \u00eatre consult\u00e9e ou t\u00e9l\u00e9charg\u00e9e \u00e0 condition d&rsquo;\u00eatre membre de l&rsquo;association et \u00e0 jour du paiement des cotisations.<\/p>\n<p>Sur ce site nous pr\u00e9sentons :<\/p>\n<ul>\n<li><a href=\"https:\/\/www.cgjung.net\/espace\/accueil\/association-von-franz-jung\/\">L&rsquo;association Marie-Louise von Franz &amp; Carl Gustav Jung<\/a> (entretien avec son Pr\u00e9sident)<\/li>\n<li>La revue no 4 : <a href=\"https:\/\/www.cgjung.net\/espace\/ressources\/revue-des-deux-tours\/no-4\/\">L\u2019amour dans l\u2019\u0153uvre jungienne<\/a><\/li>\n<li>La revue no 5 :&nbsp; <a href=\"https:\/\/www.cgjung.net\/espace\/ressources\/revue-des-deux-tours\/revue-des-deux-tours-no-5-aout-2023\/\">La qu\u00eate du graal<\/a><\/li>\n<li>La revue no 6 : <a href=\"https:\/\/www.cgjung.net\/espace\/ressources\/revue-des-deux-tours\/2025-05\/\">Sacr\u00e9 Sacrifice<\/a><\/li>\n<\/ul>\n\n","protected":false},"excerpt":{"rendered":"<p>Ce sixi\u00e8me volume explore les articulations profondes entre le sacr\u00e9 et le sacrifice, deux r\u00e9alit\u00e9s fondatrices de la psych\u00e9. Qu\u2019il s\u2019agisse du travail, de la transmission, de l\u2019adolescence ou du h\u00e9ros int\u00e9rieur, les auteurs de ce num\u00e9ro mettent en lumi\u00e8re ce que Jung appelait la \u00ab\u00a0fonction religieuse\u00a0\u00bb de la psych\u00e9, \u00e0 travers l\u2019\u00e9preuve, la perte, [&hellip;]<\/p>\n","protected":false},"author":1,"featured_media":0,"parent":20324,"menu_order":0,"comment_status":"closed","ping_status":"closed","template":"","meta":{"footnotes":""},"class_list":["post-29621","page","type-page","status-publish","hentry"],"_links":{"self":[{"href":"https:\/\/www.cgjung.net\/espace\/wp-json\/wp\/v2\/pages\/29621","targetHints":{"allow":["GET"]}}],"collection":[{"href":"https:\/\/www.cgjung.net\/espace\/wp-json\/wp\/v2\/pages"}],"about":[{"href":"https:\/\/www.cgjung.net\/espace\/wp-json\/wp\/v2\/types\/page"}],"author":[{"embeddable":true,"href":"https:\/\/www.cgjung.net\/espace\/wp-json\/wp\/v2\/users\/1"}],"replies":[{"embeddable":true,"href":"https:\/\/www.cgjung.net\/espace\/wp-json\/wp\/v2\/comments?post=29621"}],"version-history":[{"count":9,"href":"https:\/\/www.cgjung.net\/espace\/wp-json\/wp\/v2\/pages\/29621\/revisions"}],"predecessor-version":[{"id":29632,"href":"https:\/\/www.cgjung.net\/espace\/wp-json\/wp\/v2\/pages\/29621\/revisions\/29632"}],"up":[{"embeddable":true,"href":"https:\/\/www.cgjung.net\/espace\/wp-json\/wp\/v2\/pages\/20324"}],"wp:attachment":[{"href":"https:\/\/www.cgjung.net\/espace\/wp-json\/wp\/v2\/media?parent=29621"}],"curies":[{"name":"wp","href":"https:\/\/api.w.org\/{rel}","templated":true}]}}