{"id":29567,"date":"2025-05-16T11:20:25","date_gmt":"2025-05-16T09:20:25","guid":{"rendered":"https:\/\/www.cgjung.net\/espace\/?page_id=29567"},"modified":"2025-09-01T07:11:43","modified_gmt":"2025-09-01T05:11:43","slug":"lettre-dinformation-mai-2025","status":"publish","type":"page","link":"https:\/\/www.cgjung.net\/espace\/lettre-information\/lettre-dinformation-mai-2025\/","title":{"rendered":"Lettre d&rsquo;information Mai 2025"},"content":{"rendered":"<p><strong>40C<\/strong><strong>ette lettre comprend :<\/strong>&nbsp; S\u00e9minaire | Du quatre au cinq | Bernard Kaempf | Contes de f\u00e9es | Marie-Laure Colonna | L\u2019enfant, la m\u00e8re et l\u2019hom\u00e9opathie | Sacr\u00e9 Sacrifice | Agenda.&nbsp;<\/p>\n<p style=\"text-align: right;\"><a href=\"https:\/\/www.cgjung.net\/espace\/lettre-information\/\">Vous abonner ou vous d\u00e9sabonner<\/a><\/p>\n<p>Ch\u00e8re abonn\u00e9e, cher abonn\u00e9,<\/p>\n<p>Cette nouvelle lettre d&rsquo;information vous invite \u00e0 d\u00e9couvrir les derni\u00e8res publications et actualit\u00e9s li\u00e9es \u00e0 la pens\u00e9e jungienne : articles, entretiens, parutions et \u00e9v\u00e9nements \u00e0 venir.<\/p>\n<h1>Actualit\u00e9<\/h1>\n<h2><a href=\"https:\/\/www.cgjung.net\/espace\/seminaires\/\"><img loading=\"lazy\" decoding=\"async\" class=\"size-full wp-image-29576 alignright\" src=\"https:\/\/www.cgjung.net\/espace\/wp-content\/uploads\/2025\/05\/ferme-du-chapi-v.jpg\" alt=\"\" width=\"100\" height=\"134\" \/>S\u00e9minaire dans le Rh\u00f4ne<\/a><\/h2>\n<p>Les inscriptions sont ouvertes pour le s\u00e9minaire <em>Les r\u00eaves et le Soi<\/em>, qui se tiendra en pr\u00e9sentiel les 30 septembre et 1er octobre 2025, pr\u00e8s de Lyon (Rh\u00f4ne).<\/p>\n<p>Notez que le s\u00e9minaire qui aura lieu au mois de juin au Pays Basque est complet.&nbsp;<\/p>\n<p>Afin de pr\u00e9server la qualit\u00e9 du s\u00e9minaire, le nombre de participants est limit\u00e9 \u00e0 12 places. Nous vous encourageons \u00e0 r\u00e9server sans tarder afin de garantir votre participation et \u00e0 diffuser largement cette information autour de vous !<\/p>\n<p style=\"text-align: center;\"><a style=\"display: inline-block; background-color: #1f625d; color: #ffffff; padding: 10px 20px; text-align: center; text-decoration: none; border-radius: 25px; font-size: 16px; font-weight: bold;\" href=\"https:\/\/www.cgjung.net\/espace\/seminaires\/#inscription\" rel=\"noopener\">Je m&rsquo;inscris au s\u00e9minaire<\/a><\/p>\n<h1>&nbsp;<\/h1>\n<h1>Articles<\/h1>\n<h2><a href=\"https:\/\/www.cgjung.net\/espace\/accueil\/claire-droin\/evolution-psyche\/\"><img loading=\"lazy\" decoding=\"async\" class=\"size-full wp-image-29183 alignright\" src=\"https:\/\/www.cgjung.net\/espace\/wp-content\/uploads\/2025\/04\/Cinq-evolution-psyche-vignette.jpg\" alt=\"\" width=\"120\" height=\"125\" \/>Du quatre au cinq : vers une nouvelle perception de la psych\u00e9<\/a><\/h2>\n<p>Le nombre cinq se manifeste aussi bien dans la nature que dans les productions symboliques de la psych\u00e9 humaine.<\/p>\n<p>Il semble aujourd\u2019hui n\u00e9cessaire d\u2019interroger le r\u00f4le que pourrait jouer le nombre cinq dans le cadre conceptuel traditionnellement quaternaire de la psychologie analytique de Carl Gustav Jung.&nbsp;<span style=\"color: #808080;\">Claire Droin<\/span><\/p>\n<p>&nbsp;<\/p>\n<h2><a href=\"https:\/\/www.cgjung.net\/espace\/accueil\/ariane-callot\/rencontres-bernard-kaempf\/\"><img loading=\"lazy\" decoding=\"async\" class=\"size-full wp-image-29438 alignright\" src=\"https:\/\/www.cgjung.net\/espace\/wp-content\/uploads\/2025\/05\/reconciliation-v.jpg\" alt=\"\" width=\"120\" height=\"100\" \/>Rencontres autour de Jung avec Bernard Kaempf<\/a><\/h2>\n<p>Il est des rencontres essentielles qui surviennent au moment o\u00f9 l\u2019on en a le plus besoin, sans qu\u2019on les ait cherch\u00e9es, et dont l\u2019importance ne se r\u00e9v\u00e8le que dans le temps.<\/p>\n<p>Celle que j\u2019ai faite avec Bernard Kaempf, le jour de ma difficile soutenance de th\u00e8se sur Jung, en fait partie. Il m\u2019a apport\u00e9 non seulement un soutien intellectuel mais aussi un vrai compagnonnage autour de la pens\u00e9e jungienne.&nbsp;&nbsp;<span style=\"color: #808080;\">Ariane Callot<\/span><\/p>\n<p>&nbsp;<\/p>\n<h2><a href=\"https:\/\/www.cgjung.net\/espace\/accueil\/jprobert\/contes-de-fees\/\"><img loading=\"lazy\" decoding=\"async\" class=\"size-full wp-image-29115 alignright\" src=\"https:\/\/www.cgjung.net\/espace\/wp-content\/uploads\/2025\/03\/contes-de-fees-v.jpg\" alt=\"\" width=\"120\" height=\"80\" \/>Que sont r\u00e9ellement les contes de f\u00e9es ?<\/a><\/h2>\n<p>Loin d\u2019\u00eatre de simples r\u00e9cits pour enfants, les contes de f\u00e9es renferment des v\u00e9rit\u00e9s profondes sur l\u2019\u00e2me humaine et ses transformations.<\/p>\n<p>\u00c0 travers r\u00e9interpr\u00e9tations, adaptations \u00e9dulcor\u00e9es, d\u00e9tournements contemporains et nouvelles cr\u00e9ations, que sont-ils r\u00e9ellement ?&nbsp;<span style=\"color: #808080;\">J-P. Robert<\/span><\/p>\n<p>&nbsp;<\/p>\n<h1>Entretien<\/h1>\n<h2><a href=\"https:\/\/www.cgjung.net\/espace\/accueil\/rachel-huber\/marie-laure-colonna\/\"><img loading=\"lazy\" decoding=\"async\" class=\"size-full wp-image-29547 alignright\" src=\"https:\/\/www.cgjung.net\/espace\/wp-content\/uploads\/2025\/05\/les-facettes-de-l-ame-v.jpg\" alt=\"\" width=\"90\" height=\"136\" \/>Discussion avec Marie-Laure Colonna<\/a><\/h2>\n<p>Marie-Laure Colonna partage ici les grandes lignes de sa pens\u00e9e autour de son ouvrage Les facettes de l\u2019\u00e2me \u2013 La fusion entre l\u2019esprit et la mati\u00e8re. Dans un dialogue avec Rachel Huber, elle retrace son parcours analytique, \u00e9voque les figures mythiques qui l\u2019ont guid\u00e9e, et approfondit des th\u00e8mes essentiels comme l\u2019alchimie int\u00e9rieure, l\u2019\u00e9rotique de l\u2019\u00e2me ou la conscience universelle.<\/p>\n<p>Une travers\u00e9e vivante entre clinique, symboles et spiritualit\u00e9, au c\u0153ur du processus d\u2019individuation jungien.<\/p>\n<p>&nbsp;<\/p>\n<h1>Ouvrages<\/h1>\n<h2><a href=\"https:\/\/www.cgjung.net\/espace\/bernard-long-homeopathie\/enfant-mere-homeopathie\/\"><img loading=\"lazy\" decoding=\"async\" class=\"size-full wp-image-29428 alignright\" src=\"https:\/\/www.cgjung.net\/espace\/wp-content\/uploads\/2025\/04\/enfant-mere-homeopathie-v.jpg\" alt=\"\" width=\"90\" height=\"128\" \/>L\u2019enfant, la m\u00e8re et l\u2019hom\u00e9opathie<\/a><\/h2>\n<p>\u00c0 la lumi\u00e8re de l\u2019hom\u00e9opathie, ce livre explore les dynamiques m\u00e8re-p\u00e8re-enfant \u00e0 travers une lecture arch\u00e9typale inspir\u00e9e de Jung.<\/p>\n<p>Plus de 80 rem\u00e8des y sont convoqu\u00e9s autour de trois grands axes symboliques.&nbsp;<span style=\"color: #808080;\">Bernard Long<\/span><\/p>\n<p>&nbsp;<\/p>\n<h2><a href=\"https:\/\/www.cgjung.net\/espace\/ressources\/revue-des-deux-tours\/2025-05\/\"><img loading=\"lazy\" decoding=\"async\" class=\"size-full wp-image-29623 alignright\" src=\"https:\/\/www.cgjung.net\/espace\/wp-content\/uploads\/2025\/05\/revue-des-deux-tours-no-6-v.jpg\" alt=\"\" width=\"90\" height=\"129\" \/>Sacr\u00e9 Sacrifice<\/a><\/h2>\n<p>Ce sixi\u00e8me volume de la Revue des Deux Tours explore les articulations profondes entre le sacr\u00e9 et le sacrifice, deux r\u00e9alit\u00e9s fondatrices de la psych\u00e9.<\/p>\n<p>Qu\u2019il s\u2019agisse du travail, de la transmission, de l\u2019adolescence ou du h\u00e9ros int\u00e9rieur, les auteurs de ce num\u00e9ro mettent en lumi\u00e8re ce que Jung appelait la \u00ab&nbsp;fonction religieuse&nbsp;\u00bb de la psych\u00e9, \u00e0 travers l\u2019\u00e9preuve, la perte, et la qu\u00eate de sens.<\/p>\n<p>&nbsp;<\/p>\n<h1>Agenda jungien<\/h1>\n<h2><a href=\"https:\/\/cgjungfrance-evenement.com\/\"><img loading=\"lazy\" decoding=\"async\" class=\"size-full wp-image-29460 alignright\" src=\"https:\/\/www.cgjung.net\/espace\/wp-content\/uploads\/2025\/05\/la-clinique-du-sens.png\" alt=\"\" width=\"90\" height=\"127\" \/>La clinique du sens. Regards jungiens<\/a><\/h2>\n<p>Le 15 novembre 2025, colloque en pr\u00e9sentiel (Paris) ou en visioconf\u00e9rence. Intervenants : Sophie Braun, Olivier Cametz, Marie-Laure Colonna, \u00c8ve Pilyser et Mark Winborn.<\/p>\n<p>Partenaires de cet \u00e9v\u00e9nement, nous vous invitons \u00e0 vous inscrire&nbsp;!<\/p>\n<p>&nbsp;<\/p>\n<h2><a href=\"https:\/\/cgjungfrance.com\/events\/desir-et-plaisir-journee-detudes-jungiennes\/\"><img loading=\"lazy\" decoding=\"async\" class=\"size-full wp-image-23519 alignright\" src=\"https:\/\/www.cgjung.net\/espace\/wp-content\/uploads\/2024\/01\/sfpa.png\" alt=\"\" width=\"120\" height=\"52\" \/>D\u00e9sir et plaisir<\/a><\/h2>\n<p class=\"home\">Journ\u00e9e d\u2019\u00c9tudes Jungiennes le samedi 24 mai 2025 en pr\u00e9sentiel (Paris) ou visioconf\u00e9rence. Intervenants : Marie-Laure Colonna, Sophie Seale et Bertrand de la Vaissi\u00e8re.<\/p>\n<p>&nbsp;<\/p>\n<h2><a href=\"https:\/\/groupe-jung.fr\/programme\/evenements-a-venir\" target=\"_blank\" rel=\"noopener\"><img loading=\"lazy\" decoding=\"async\" class=\"size-full wp-image-29461 alignright\" src=\"https:\/\/www.cgjung.net\/espace\/wp-content\/uploads\/2025\/05\/groupe-cg-jung-paris.png\" alt=\"\" width=\"120\" height=\"43\" \/>L&rsquo;interpr\u00e9tation par Erich Neumann du conte \u00ab \u00c9ros et Psych\u00e9 \u00bb dans L\u2019\u00e2ne d\u2019Or d\u2019Apul\u00e9e<\/a><\/h2>\n<p class=\"home\">Visioconf\u00e9rence de V\u00e9ronique Liard <em>L&rsquo;interpr\u00e9tation par Erich Neumann du conte \u00ab \u00c9ros et Psych\u00e9 \u00bb dans L\u2019\u00e2ne d\u2019Or d\u2019Apul\u00e9e<\/em> le mercredi 11 juin 2025 \u00e0 20h30.<\/p>\n<p>&nbsp;<\/p>\n<h2><a href=\"https:\/\/www.vonfranzjung.fr\/evenement-aspects-de-l-ombre-f%C3%A9minine-par-jean-fran%C3%A7ois-alizon\" target=\"_blank\" rel=\"noopener\"><img loading=\"lazy\" decoding=\"async\" class=\"alignright size-full wp-image-23516\" src=\"https:\/\/www.cgjung.net\/espace\/wp-content\/uploads\/2024\/01\/cgjung-vonfranz.png\" alt=\"\" width=\"150\" height=\"40\" \/>Aspects de l&rsquo;ombre f\u00e9minine<\/a><\/h2>\n<p>Soir\u00e9e conf\u00e9rence \u00e0 Paris<em>&nbsp;<\/em>le vendredi 27 juin 2025 \u00e0 19h30, par Jean-Fran\u00e7ois Alizon.<\/p>\n<p>&nbsp;<\/p>\n<h2><a href=\"https:\/\/www.amjung.ch\/copie-de-rencontres\/\"><img loading=\"lazy\" decoding=\"async\" class=\"size-full wp-image-27354 alignright\" src=\"https:\/\/www.cgjung.net\/espace\/wp-content\/uploads\/2024\/12\/amj-2.png\" alt=\"\" width=\"100\" height=\"71\" \/>Transcender la dualit\u00e9, \u2028une rencontre avec soi<\/a><\/h2>\n<p class=\"home\">\u00c0 Pully (Suisse), conf\u00e9rence par David Joshua Jones, le jeudi 5 juin 2025 \u00e0 19h30.<\/p>\n<p>&nbsp;<\/p>\n<h2><a href=\"https:\/\/www.festivaloffavignon.com\/spectacles\/7492-parole-et-gurison\" target=\"_blank\" rel=\"noopener\">Parole et gu\u00e9rison<\/a><a href=\"https:\/\/www.festivaloffavignon.com\/spectacles\/7492-parole-et-gurison\" target=\"_blank\" rel=\"noopener\"><img loading=\"lazy\" decoding=\"async\" class=\"alignright\" src=\"https:\/\/www.cgjung.net\/espace\/wp-content\/uploads\/2025\/05\/festival-off-avignon.png\" alt=\"\" width=\"120\" height=\"81\" \/><\/a><\/h2>\n<p>Quand Sabina Spielrein entre dans le cabinet de Carl Gustav Jung, l\u2019un et l\u2019autre vont \u00eatre bouscul\u00e9s. La pi\u00e8ce de th\u00e9\u00e2tre de Christopher Hampton sera jou\u00e9e au Festival off d&rsquo;Avignon.<\/p>\n<table style=\"border-collapse: collapse; width: 100%;\">\n<tbody>\n<tr>\n<td style=\"width: 100%; background-color: #ffbe00; padding: 20px; border-radius: 5px; text-align: center;\">\n<p><span style=\"color: #ffffff; font-size: 18pt;\"><strong>FAITES UN DON<\/strong><\/span><\/p>\n<p>Gr\u00e2ce \u00e0 votre soutien financier, le site Espace Francophone Jungien peut continuer \u00e0 promouvoir la compr\u00e9hension et la diffusion de la pens\u00e9e jungienne. M\u00eame une petite contribution peut faire une grande diff\u00e9rence. Chaque don compte, merci pour votre g\u00e9n\u00e9rosit\u00e9 !<\/p>\n<p><a style=\"display: inline-block; background-color: #1f625d; color: #ffffff; padding: 10px 20px; text-align: center; text-decoration: none; border-radius: 25px; font-size: 16px; font-weight: bold;\" href=\"https:\/\/www.helloasso.com\/associations\/espace-francophone-jungien\/formulaires\/1\" target=\"_blank\" rel=\"noopener\">Je fais un don<\/a><\/td>\n<\/tr>\n<\/tbody>\n<\/table>\n<p>&nbsp;<\/p>\n<p>Nous vous invitons \u00e0 explorer ces propositions selon vos \u00e9lans du moment, qu\u2019il s\u2019agisse de lectures, de r\u00e9flexions, de rencontres ou de partages autour de la pens\u00e9e de Jung.<\/p>\n<p>En toute amiti\u00e9 jungienne,<\/p>\n<p style=\"text-align: right;\">L&rsquo;\u00e9quipe d&rsquo;Espace Francophone Jungien<\/p>\n<p><em><a id=\"abonnement\"><\/a>Nous vous encourageons \u00e0 partager cette lettre d\u2019information avec vos proches. Vous avez \u00e9galement la libert\u00e9 de vous d\u00e9sabonner et de vous r\u00e9abonner \u00e0 tout moment, selon votre convenance.<\/em><\/p>\n<p><a href=\"https:\/\/www.cgjung.net\/espace\/lettre-information\/\">Historique des lettres d&rsquo;information<\/a><\/p>\n<p><a href=\"https:\/\/eepurl.com\/dtGE4X\" target=\"_blank\" rel=\"noopener\">Acc\u00e8s au formulaire pour vous abonner<\/a><\/p>\n<p><a href=\"https:\/\/cgjung.us18.list-manage.com\/unsubscribe?u=d3a4a24a2d98c83ada4736a3f&amp;id=3d1120f532\" target=\"_blank\" rel=\"noopener\">Acc\u00e8s au formulaire pour vous d\u00e9sabonner<\/a><\/p>\n\n","protected":false},"excerpt":{"rendered":"<p>40Cette lettre comprend :&nbsp; S\u00e9minaire | Du quatre au cinq | Bernard Kaempf | Contes de f\u00e9es | Marie-Laure Colonna | L\u2019enfant, la m\u00e8re et l\u2019hom\u00e9opathie | Sacr\u00e9 Sacrifice | Agenda.&nbsp; Vous abonner ou vous d\u00e9sabonner Ch\u00e8re abonn\u00e9e, cher abonn\u00e9, Cette nouvelle lettre d&rsquo;information vous invite \u00e0 d\u00e9couvrir les derni\u00e8res publications et actualit\u00e9s li\u00e9es \u00e0 [&hellip;]<\/p>\n","protected":false},"author":17,"featured_media":0,"parent":23487,"menu_order":48,"comment_status":"closed","ping_status":"closed","template":"","meta":{"footnotes":""},"class_list":["post-29567","page","type-page","status-publish","hentry"],"_links":{"self":[{"href":"https:\/\/www.cgjung.net\/espace\/wp-json\/wp\/v2\/pages\/29567","targetHints":{"allow":["GET"]}}],"collection":[{"href":"https:\/\/www.cgjung.net\/espace\/wp-json\/wp\/v2\/pages"}],"about":[{"href":"https:\/\/www.cgjung.net\/espace\/wp-json\/wp\/v2\/types\/page"}],"author":[{"embeddable":true,"href":"https:\/\/www.cgjung.net\/espace\/wp-json\/wp\/v2\/users\/17"}],"replies":[{"embeddable":true,"href":"https:\/\/www.cgjung.net\/espace\/wp-json\/wp\/v2\/comments?post=29567"}],"version-history":[{"count":25,"href":"https:\/\/www.cgjung.net\/espace\/wp-json\/wp\/v2\/pages\/29567\/revisions"}],"predecessor-version":[{"id":30958,"href":"https:\/\/www.cgjung.net\/espace\/wp-json\/wp\/v2\/pages\/29567\/revisions\/30958"}],"up":[{"embeddable":true,"href":"https:\/\/www.cgjung.net\/espace\/wp-json\/wp\/v2\/pages\/23487"}],"wp:attachment":[{"href":"https:\/\/www.cgjung.net\/espace\/wp-json\/wp\/v2\/media?parent=29567"}],"curies":[{"name":"wp","href":"https:\/\/api.w.org\/{rel}","templated":true}]}}