{"id":29021,"date":"2025-03-21T07:50:19","date_gmt":"2025-03-21T06:50:19","guid":{"rendered":"https:\/\/www.cgjung.net\/espace\/?page_id=29021"},"modified":"2025-03-21T08:33:32","modified_gmt":"2025-03-21T07:33:32","slug":"jung-ovnis","status":"publish","type":"page","link":"https:\/\/www.cgjung.net\/espace\/ressources\/jung-ovnis\/","title":{"rendered":"C.G. Jung et le myst\u00e8re des Ovnis"},"content":{"rendered":"<p><strong>En 1960, C.G. Jung analysait le ph\u00e9nom\u00e8ne OVNI comme un mythe moderne r\u00e9v\u00e9lateur d\u2019une angoisse collective face aux menaces de l\u2019\u00e8re nucl\u00e9aire. Soixante ans plus tard, Jean-Michel Crabb\u00e9 r\u00e9interroge cette lecture \u00e0 la lumi\u00e8re des observations et d\u00e9bats actuels, montrant pourquoi la r\u00e9flexion jungienne reste d\u2019actualit\u00e9.<\/strong><\/p>\n<p><img loading=\"lazy\" decoding=\"async\" class=\"aligncenter size-full wp-image-29004\" src=\"https:\/\/www.cgjung.net\/espace\/wp-content\/uploads\/2025\/03\/cg-jung-mystere-des-ovnis.jpg\" alt=\"\" width=\"280\" height=\"398\" \/><\/p>\n<p><a href=\"http:\/\/www.amazon.fr\/exec\/obidos\/ASIN\/2322536962\/carlgustavjungen\" target=\"_blank\" rel=\"noopener\"><img loading=\"lazy\" decoding=\"async\" class=\"aligncenter\" src=\"https:\/\/www.cgjung.net\/images\/achat-2.gif\" alt=\"La voie des r\u00eaves de Marie-Louise von Franz\" width=\"300\" height=\"25\" border=\"0\" \/><\/a><\/p>\n<h2>Pr\u00e9sentation de l&rsquo;\u00e9diteur<\/h2>\n<p>En 1960, suite aux nombreuses observations faites d\u00e8s la fin de la Deuxi\u00e8me Guerre mondiale, C.G. Jung pr\u00e9sentait <a href=\"https:\/\/www.cgjung.net\/oeuvre\/mythe_moderne.htm\">Un mythe moderne<\/a>, une \u00e9tude des aspects psychologiques du ph\u00e9nom\u00e8ne Ovni.<\/p>\n<p>Pour Jung, cette fin de guerre s&rsquo;accompagnait d&rsquo;une sombre menace. Une angoisse collective suscitait partout dans le monde une rumeur, l&rsquo;espoir qu&rsquo;un \u00e9v\u00e9nement \u00ab\u00a0extraterrestre\u00a0\u00bb dissiperait les nouveaux dangers associ\u00e9s aux d\u00e9buts de l&rsquo;\u00e8re nucl\u00e9aire. \u00ab\u00a0Signes du Ciel\u00a0\u00bb, les ovnis annon\u00e7aient le passage de l&rsquo;\u00e8re astrologique des Poissons \u00e0 l&rsquo;\u00e8re du Verseau. Ils exhortaient tout un chacun \u00e0 m\u00e9diter sur la totalit\u00e9 psychique, le Soi, cet id\u00e9al de l&rsquo;homme \u00e9tant la r\u00e9ponse ultime face aux dangers qui mena\u00e7aient l&rsquo;humanit\u00e9.<\/p>\n<p>Soixante ans plus tard, les scientifiques ignorent encore si les Ovnis sont des engins exp\u00e9rimentaux, des vaisseaux extraterrestres, des hallucinations ou des manifestations d&rsquo;un univers parall\u00e8le. Apr\u00e8s avoir dress\u00e9 un vaste panorama des nouvelles observations, recherches, contradictions et fictions au sujet des Ovnis, le Dr Jean-Michel Crabb\u00e9 nous montre pourquoi le point de vue de Jung reste d&rsquo;actualit\u00e9.<\/p>\n<p>Face \u00e0 une accumulation sans pr\u00e9c\u00e9dent d&rsquo;armes d\u00e9vastatrices et devant les risques d&rsquo;une nouvelle guerre mondiale d\u00e9vastatrice, les portes du Ciel ne restent pas ferm\u00e9es. En 1955, Orfeo Angelucci t\u00e9moignait de ses \u00e9changes impressionnants avec des \u00ab\u00a0extraterrestres\u00a0\u00bb, les \u00ab\u00a0\u00eatres des soucoupes\u00a0\u00bb: \u00ab\u00a0Sur Terre, le v\u00e9ritable but de l&rsquo;homme est de retrouver son v\u00e9ritable moi immortel, fait \u00e0 l&rsquo;image d&rsquo;un Dieu qui est \u00ab\u00a0Amour\u00a0\u00bb.<\/p>\n<p>En derni\u00e8re analyse, le ph\u00e9nom\u00e8ne Ovni est un avertissement, un rappel \u00e0 notre nature profonde et \u00e0 l&rsquo;id\u00e9al de fraternit\u00e9 qui devrait unir tous les peuples de la Terre. Tout espoir n&rsquo;est pas perdu. Comme \u00e0 d&rsquo;autres p\u00e9riodes tr\u00e8s sombres de l&rsquo;histoire de l&rsquo;humanit\u00e9, les visions de grands vaisseaux sugg\u00e8rent que le Ciel pourrait venir au secours des hommes de bonne volont\u00e9.<\/p>\n<p><i>\u00c9diteur : BoD \u2013 2024 \u2013 222 pages \u2013 ISBN 9782322536962 \u2013 15,5 x 22 x 1,6 cm<\/i><\/p>\n<h2><img loading=\"lazy\" decoding=\"async\" class=\"size-full wp-image-29024 alignright\" src=\"https:\/\/www.cgjung.net\/espace\/wp-content\/uploads\/2025\/03\/jean-michel-crabbe.jpg\" alt=\"\" width=\"120\" height=\"160\" \/>Jean-Michel Crabb\u00e9<\/h2>\n<p>Le docteur Jean-Michel Crabb\u00e9 a exerc\u00e9 la m\u00e9decine g\u00e9n\u00e9rale pendant quarante ans. Depuis 1980, il \u00e9tudie la chronobiologie, les interactions psychosomatiques, la toxicologie, C.G. Jung et la psychologie analytique, le sommeil et le r\u00eave. <a href=\"https:\/\/www.jm-crabbe.fr\/\">Site de Jean-Michel Crabb\u00e9<\/a>.<\/p>\n<p><strong>Pr\u00e9sentation d&rsquo;ouvrages sur ce site :<\/strong><\/p>\n<ul>\n<li><a href=\"https:\/\/www.cgjung.net\/espace\/ressources\/jung-ovnis\/\">C.G. Jung et le myst\u00e8re des Ovnis<\/a><\/li>\n<li><a href=\"https:\/\/www.cgjung.net\/espace\/ressources\/lumieres-nuits\/\">Les lumi\u00e8res de mes nuit<\/a><\/li>\n<li><a href=\"https:\/\/www.cgjung.net\/publications\/le-journal-de-mes-nuits-jean-michel-crabbe.htm\">Le journal de mes nuits<\/a><\/li>\n<\/ul>\n","protected":false},"excerpt":{"rendered":"<p>En 1960, C.G. Jung analysait le ph\u00e9nom\u00e8ne OVNI comme un mythe moderne r\u00e9v\u00e9lateur d\u2019une angoisse collective face aux menaces de l\u2019\u00e8re nucl\u00e9aire. Soixante ans plus tard, Jean-Michel Crabb\u00e9 r\u00e9interroge cette lecture \u00e0 la lumi\u00e8re des observations et d\u00e9bats actuels, montrant pourquoi la r\u00e9flexion jungienne reste d\u2019actualit\u00e9. Pr\u00e9sentation de l&rsquo;\u00e9diteur En 1960, suite aux nombreuses observations [&hellip;]<\/p>\n","protected":false},"author":1,"featured_media":0,"parent":9713,"menu_order":0,"comment_status":"closed","ping_status":"closed","template":"","meta":{"footnotes":""},"class_list":["post-29021","page","type-page","status-publish","hentry"],"_links":{"self":[{"href":"https:\/\/www.cgjung.net\/espace\/wp-json\/wp\/v2\/pages\/29021","targetHints":{"allow":["GET"]}}],"collection":[{"href":"https:\/\/www.cgjung.net\/espace\/wp-json\/wp\/v2\/pages"}],"about":[{"href":"https:\/\/www.cgjung.net\/espace\/wp-json\/wp\/v2\/types\/page"}],"author":[{"embeddable":true,"href":"https:\/\/www.cgjung.net\/espace\/wp-json\/wp\/v2\/users\/1"}],"replies":[{"embeddable":true,"href":"https:\/\/www.cgjung.net\/espace\/wp-json\/wp\/v2\/comments?post=29021"}],"version-history":[{"count":6,"href":"https:\/\/www.cgjung.net\/espace\/wp-json\/wp\/v2\/pages\/29021\/revisions"}],"predecessor-version":[{"id":29037,"href":"https:\/\/www.cgjung.net\/espace\/wp-json\/wp\/v2\/pages\/29021\/revisions\/29037"}],"up":[{"embeddable":true,"href":"https:\/\/www.cgjung.net\/espace\/wp-json\/wp\/v2\/pages\/9713"}],"wp:attachment":[{"href":"https:\/\/www.cgjung.net\/espace\/wp-json\/wp\/v2\/media?parent=29021"}],"curies":[{"name":"wp","href":"https:\/\/api.w.org\/{rel}","templated":true}]}}