{"id":28993,"date":"2025-03-20T11:46:11","date_gmt":"2025-03-20T10:46:11","guid":{"rendered":"https:\/\/www.cgjung.net\/espace\/?page_id=28993"},"modified":"2025-03-20T11:54:56","modified_gmt":"2025-03-20T10:54:56","slug":"oeuvre-noir-christ-rouge","status":"publish","type":"page","link":"https:\/\/www.cgjung.net\/espace\/ressources\/oeuvre-noir-christ-rouge\/","title":{"rendered":"Jung. L&rsquo;oeuvre au noir et le Christ rouge"},"content":{"rendered":"<p><strong>Le Livre Rouge, r\u00e9volution th\u00e9rapeutique et spirituelle ? Tel est le sous titre de cet ouvrage de Bertrand de la Vaissi\u00e8re qui nous invite \u00e0 engager un travail int\u00e9rieur intense, inspir\u00e9 par l&rsquo;exp\u00e9rience personnelle de Jung et ses intuitions sur l&rsquo;alchimie.<\/strong><\/p>\n<p><img loading=\"lazy\" decoding=\"async\" class=\"aligncenter size-full wp-image-28991\" src=\"https:\/\/www.cgjung.net\/espace\/wp-content\/uploads\/2025\/03\/oeuvre-noir-christ-rouge.jpg\" alt=\"\" width=\"280\" height=\"411\" \/><\/p>\n<p style=\"text-align: center;\"><a href=\"https:\/\/editions-terrenoire.fr\/catalogue\/jung-l-oeuvre-au-noir-et-le-christ-rouge\" target=\"_blank\" rel=\"noopener\">\u00c9ditions Terre Noire<\/a><\/p>\n<h2>Pr\u00e9sentation de l&rsquo;\u00e9diteur<\/h2>\n<p>Apr\u00e8s deux ouvrages de clinique alchimique, <a href=\"https:\/\/www.cgjung.net\/publications\/le-travail-des-reves.htm\">Le travail des r\u00eaves<\/a> et <a href=\"https:\/\/www.cgjung.net\/publications\/les-energies-du-mal.htm\">Les \u00e9nergies du mal<\/a>,&nbsp;qui t\u00e9moignaient d\u2019une pratique de la psychoth\u00e9rapie analytique et soulignaient l\u2019importance de la connaissance de l\u2019herm\u00e9neutique alchimique et de la lecture du processus analytique propos\u00e9es par Jung, le pr\u00e9sent opus est le fruit d\u2019un retour aux sources et d\u2019une m\u00e9ditation personnelle de l\u2019exp\u00e9rience tr\u00e8s singuli\u00e8re du fondateur de la psychologie analytique telle qu\u2019elle est consign\u00e9e dans le Livre Rouge.<\/p>\n<p>L\u2019ouvrage s\u2019efforce de r\u00e9pondre aux questions suivantes :<\/p>\n<ul>\n<li>Est-ce que le Livre Rouge s\u2019inscrit dans le courant d\u2019une r\u00e9volution spirituelle (en Occident) qui accorde \u00e0 l\u2019homme une responsabilit\u00e9 d\u00e9cisive : Se positionner face \u00e0 ses passions et \u00ab faire na\u00eetre Dieu dans l\u2019\u00e2me \u00bb ?<\/li>\n<li>En quoi initie-t-il une r\u00e9volution th\u00e9rapeutique (dont on peut penser qu\u2019elle d\u00e9borde celle de la psychanalyse) ?<\/li>\n<li>A quoi ce livre si baroque et si difficile, qui correspond en fait \u00e0 une sorte d\u2019auto-analyse de Jung et \u00e0 son \u0153uvre au noir, nous engage-t-il ?<\/li>\n<li>Est-ce qu\u2019il peut souligner l\u2019urgence pour un plus grand nombre d\u2019un travail analytique et philosophique jungien, en s\u2019inspirant de ce dont Jung a t\u00e9moign\u00e9, et selon une intensit\u00e9 qui d\u00e9passe largement les seuls exercices de l\u2019anamn\u00e8se comme ceux du d\u00e9veloppement personnel ?<\/li>\n<li>De quelle fa\u00e7on anticipe t\u2019il ce que Jung d\u00e9c\u00e8lera dans la philosophie alchimique ?<\/li>\n<\/ul>\n<h2>Contenu de l&rsquo;ouvrage<\/h2>\n<p>Remerciements et pr\u00e9ambule<br \/>\nLe sens de la parution du Livre Rouge<br \/>\nLes deux couleurs du Livre Rouge<\/p>\n<h3>Premi\u00e8re partie &#8211; Le Livre Rouge : R\u00e9volution spirituelle ?<\/h3>\n<p>Au-del\u00e0 du Christianisme ?<br \/>\nL&rsquo;\u00e2me et la vie spirituelle<br \/>\nL&rsquo;ombre et le chaos<br \/>\nUne autre conception de ce que les hommes nomment Dieu<br \/>\nLa signification de l&rsquo;exp\u00e9rience du Christ<br \/>\nLa contestation de la doctrine extravertie<br \/>\nLa mort des id\u00e9aux, la transformation du rapport \u00e0 ce que les hommes nomment Dieu et la naissance de Dieu dans l&rsquo;\u00e2me<br \/>\nLa question du Mal<br \/>\nConclusion<\/p>\n<h3>Deuxi\u00e8me partie &#8211; Le Livre Rouge : R\u00e9volution th\u00e9rapeutique ?<\/h3>\n<p>Le Moi et le Soi &#8211; Grandeur et vicissitude<br \/>\nLe chaos et l&rsquo;\u0153uvre au noir<br \/>\nAspects de l&rsquo;individuation<br \/>\nLe Diable, le mal et la rencontre de l&rsquo;autre Animus et Anima &#8211; La relation de couple<br \/>\nLa magie (Les vertus. Une imagination active de Jung.&nbsp; Un deuxi\u00e8me puis un troisi\u00e8me temps de l&rsquo;imagination active)<br \/>\nProlongements discutables (La cruaut\u00e9 du divin et la position de l&rsquo;analyste. Pour en finir avec le d\u00e9veloppement personnel. \u00c0 propos de Nietzsche et de l&rsquo;individuation. \u00c9ros en exil \u00c9ros retrouv\u00e9).<br \/>\nConclusion et bibliographie<\/p>\n<p><i>\u00c9diteur : Terre Noire \u2013 2025 \u2013 Collection Transmutation \u2013 364 pages \u2013 ISBN 9782487519039 \u2013 15 x 22 x 2,2 cm<\/i><\/p>\n<h2><strong><img loading=\"lazy\" decoding=\"async\" class=\"alignright size-full wp-image-32103\" src=\"https:\/\/www.cgjung.net\/espace\/wp-content\/uploads\/2025\/11\/bertrand-de-la-vaissiere-v.jpg\" alt=\"\" width=\"120\" height=\"168\" \/><\/strong>Bertrand de la Vaissi\u00e8re<\/h2>\n<p>Bertrand de la Vaissi\u00e8re est analyste jungien et exerce depuis pr\u00e8s de trente ans. Il vit d\u00e9sormais \u00e0 Montpellier, ville qui a accueilli au Moyen Age de grands alchimistes comme Raymond Lulle, Arnaud de Villeneuve, et Fran\u00e7ois Rabelais. Il a patiemment entretenu l\u2019athanor o\u00f9 se m\u00e9tabolisent r\u00eaves, affects et images, jusqu\u2019\u00e0 exercer une v\u00e9ritable \u00ab clinique alchimique \u00bb.<\/p>\n<p>Fondateur de \u00ab Relation et Transformation \u00bb, il a anim\u00e9 \u00e0 partir de 2002 et jusqu\u2019en 2024 des groupes de travail consacr\u00e9s \u00e0 la psychoth\u00e9rapie analytique jungienne et au travail des r\u00eaves. Il intervient r\u00e9guli\u00e8rement pour diff\u00e9rentes associations jungiennes, notamment lors des journ\u00e9es d\u2019\u00e9tudes de la SFPA.<\/p>\n<p><strong>Voir \u00e9galement<\/strong><\/p>\n<ul>\n<li><a href=\"https:\/\/www.cgjung.net\/espace\/accueil\/rachel-huber\/discussion-avec-bertrand-de-la-vaissiere\/\">Discussion avec Bertrand de la Vaissi\u00e8re<\/a>&nbsp;<span style=\"color: #808080;\">Rachel Huber<\/span><\/li>\n<li><a href=\"https:\/\/www.cgjung.net\/publications\/le-travail-des-reves.htm\">Le travail des r\u00eaves en psychoth\u00e9rapie analytique jungienne<\/a><\/li>\n<li><a href=\"https:\/\/www.cgjung.net\/publications\/les-energies-du-mal.htm\">Les \u00e9nergies du mal en psychoth\u00e9rapie jungienne<\/a><\/li>\n<li><a href=\"https:\/\/www.cgjung.net\/espace\/ressources\/oeuvre-noir-christ-rouge\/\">Jung. L\u2019oeuvre au noir et le Christ rouge<\/a><\/li>\n<\/ul>\n\n","protected":false},"excerpt":{"rendered":"<p>Le Livre Rouge, r\u00e9volution th\u00e9rapeutique et spirituelle ? Tel est le sous titre de cet ouvrage de Bertrand de la Vaissi\u00e8re qui nous invite \u00e0 engager un travail int\u00e9rieur intense, inspir\u00e9 par l&rsquo;exp\u00e9rience personnelle de Jung et ses intuitions sur l&rsquo;alchimie. \u00c9ditions Terre Noire Pr\u00e9sentation de l&rsquo;\u00e9diteur Apr\u00e8s deux ouvrages de clinique alchimique, Le travail [&hellip;]<\/p>\n","protected":false},"author":1,"featured_media":0,"parent":9713,"menu_order":0,"comment_status":"closed","ping_status":"closed","template":"","meta":{"footnotes":""},"class_list":["post-28993","page","type-page","status-publish","hentry"],"_links":{"self":[{"href":"https:\/\/www.cgjung.net\/espace\/wp-json\/wp\/v2\/pages\/28993","targetHints":{"allow":["GET"]}}],"collection":[{"href":"https:\/\/www.cgjung.net\/espace\/wp-json\/wp\/v2\/pages"}],"about":[{"href":"https:\/\/www.cgjung.net\/espace\/wp-json\/wp\/v2\/types\/page"}],"author":[{"embeddable":true,"href":"https:\/\/www.cgjung.net\/espace\/wp-json\/wp\/v2\/users\/1"}],"replies":[{"embeddable":true,"href":"https:\/\/www.cgjung.net\/espace\/wp-json\/wp\/v2\/comments?post=28993"}],"version-history":[{"count":5,"href":"https:\/\/www.cgjung.net\/espace\/wp-json\/wp\/v2\/pages\/28993\/revisions"}],"predecessor-version":[{"id":29000,"href":"https:\/\/www.cgjung.net\/espace\/wp-json\/wp\/v2\/pages\/28993\/revisions\/29000"}],"up":[{"embeddable":true,"href":"https:\/\/www.cgjung.net\/espace\/wp-json\/wp\/v2\/pages\/9713"}],"wp:attachment":[{"href":"https:\/\/www.cgjung.net\/espace\/wp-json\/wp\/v2\/media?parent=28993"}],"curies":[{"name":"wp","href":"https:\/\/api.w.org\/{rel}","templated":true}]}}