{"id":28857,"date":"2025-03-09T09:23:21","date_gmt":"2025-03-09T08:23:21","guid":{"rendered":"https:\/\/www.cgjung.net\/espace\/?page_id=28857"},"modified":"2025-03-12T07:47:44","modified_gmt":"2025-03-12T06:47:44","slug":"mandalas-quinaires","status":"publish","type":"page","link":"https:\/\/www.cgjung.net\/espace\/accueil\/mandalas\/mandalas-quinaires\/","title":{"rendered":"Mandalas quinaires"},"content":{"rendered":"<p><strong>Les mandalas quinaires sont une forme particuli\u00e8re de mandalas caract\u00e9ris\u00e9e par une sym\u00e9trie d\u2019ordre 5 qui \u00e9voque la nature, l\u2019humain et le sacr\u00e9. Cette galerie vous invite \u00e0 explorer ces images o\u00f9 chaque forme, chaque ligne et chaque couleur invite \u00e0 \u00eatre contempl\u00e9e.<\/strong><\/p>\n<p><img loading=\"lazy\" decoding=\"async\" class=\"aligncenter size-full wp-image-28881\" src=\"https:\/\/www.cgjung.net\/espace\/wp-content\/uploads\/2025\/03\/mandala-quinaire-j.jpg\" alt=\"\" width=\"876\" height=\"876\" \/><\/p>\n<p>&nbsp;<\/p>\n<p><img loading=\"lazy\" decoding=\"async\" class=\"aligncenter size-full wp-image-28880\" src=\"https:\/\/www.cgjung.net\/espace\/wp-content\/uploads\/2025\/03\/mandala-quinaire-i.jpg\" alt=\"\" width=\"974\" height=\"974\" \/><\/p>\n<p>&nbsp;<\/p>\n<p><img loading=\"lazy\" decoding=\"async\" class=\"aligncenter size-full wp-image-28879\" src=\"https:\/\/www.cgjung.net\/espace\/wp-content\/uploads\/2025\/03\/mandala-quinaire-h.jpg\" alt=\"\" width=\"932\" height=\"932\" \/><\/p>\n<p>&nbsp;<\/p>\n<p><img loading=\"lazy\" decoding=\"async\" class=\"aligncenter size-full wp-image-28878\" src=\"https:\/\/www.cgjung.net\/espace\/wp-content\/uploads\/2025\/03\/mandala-quinaire-g.jpg\" alt=\"\" width=\"902\" height=\"902\" \/><\/p>\n<p>&nbsp;<\/p>\n<p><img loading=\"lazy\" decoding=\"async\" class=\"aligncenter size-full wp-image-28877\" src=\"https:\/\/www.cgjung.net\/espace\/wp-content\/uploads\/2025\/03\/mandala-quinaire-f.jpg\" alt=\"\" width=\"782\" height=\"782\" \/><\/p>\n<p>&nbsp;<\/p>\n<p><img loading=\"lazy\" decoding=\"async\" class=\"aligncenter size-full wp-image-28875\" src=\"https:\/\/www.cgjung.net\/espace\/wp-content\/uploads\/2025\/03\/mandala-quinaire-d.jpg\" alt=\"\" width=\"1124\" height=\"1124\" \/><\/p>\n<p>&nbsp;<\/p>\n<p><img loading=\"lazy\" decoding=\"async\" class=\"aligncenter size-full wp-image-28874\" src=\"https:\/\/www.cgjung.net\/espace\/wp-content\/uploads\/2025\/03\/mandala-quinaire-c.jpg\" alt=\"\" width=\"902\" height=\"902\" \/><\/p>\n<p>&nbsp;<\/p>\n<p><img loading=\"lazy\" decoding=\"async\" class=\"aligncenter size-full wp-image-28872\" src=\"https:\/\/www.cgjung.net\/espace\/wp-content\/uploads\/2025\/03\/mandala-quinaire-a.jpg\" alt=\"\" width=\"740\" height=\"740\" \/><\/p>\n<p>&nbsp;<\/p>\n<p><strong>A lire \u00e9galement les articles :&nbsp;<\/strong><\/p>\n<ul>\n<li><a href=\"https:\/\/www.cgjung.net\/espace\/accueil\/claire-droin\/essai-mandala-quinaire\/\" rel=\"noopener\">Essai sur le mandala quinaire<\/a>&nbsp;<span style=\"color: #808080;\">Claire Droin<\/span><\/li>\n<li><a href=\"https:\/\/www.cgjung.net\/espace\/accueil\/lise-villemaire\/deuil-mandala\/\">Le contexte de deuil dans l\u2019\u00e9mergence du symbole du mandala<\/a>&nbsp;<span style=\"color: #808080;\">Lise Villemaire<\/span><\/li>\n<\/ul>\n<p><strong>Voir \u00e9galement d&rsquo;autres mandalas sur ce site :<br \/>\n<\/strong><em>(Publi\u00e9s dans les ann\u00e9es 2000)<\/em><\/p>\n<p style=\"text-align: center;\"><a href=\"https:\/\/www.cgjung.net\/mandalas\/index.htm\"><img loading=\"lazy\" decoding=\"async\" class=\"aligncenter\" src=\"https:\/\/www.cgjung.net\/mandalas\/mandala_122b.jpg\" alt=\"\" width=\"400\" height=\"300\" \/>S\u00e9rie 1<\/a><a href=\"https:\/\/www.cgjung.net\/mandalas\/mandalas_fond_ecran.htm\"><img loading=\"lazy\" decoding=\"async\" class=\"aligncenter\" src=\"https:\/\/www.cgjung.net\/mandalas\/mandala_110.jpg\" alt=\"\" width=\"400\" height=\"300\" \/>S\u00e9rie 2<\/a><\/p>\n","protected":false},"excerpt":{"rendered":"<p>Les mandalas quinaires sont une forme particuli\u00e8re de mandalas caract\u00e9ris\u00e9e par une sym\u00e9trie d\u2019ordre 5 qui \u00e9voque la nature, l\u2019humain et le sacr\u00e9. Cette galerie vous invite \u00e0 explorer ces images o\u00f9 chaque forme, chaque ligne et chaque couleur invite \u00e0 \u00eatre contempl\u00e9e. &nbsp; &nbsp; &nbsp; &nbsp; &nbsp; &nbsp; &nbsp; &nbsp; A lire \u00e9galement les [&hellip;]<\/p>\n","protected":false},"author":1,"featured_media":0,"parent":28862,"menu_order":0,"comment_status":"closed","ping_status":"closed","template":"","meta":{"footnotes":""},"class_list":["post-28857","page","type-page","status-publish","hentry"],"_links":{"self":[{"href":"https:\/\/www.cgjung.net\/espace\/wp-json\/wp\/v2\/pages\/28857","targetHints":{"allow":["GET"]}}],"collection":[{"href":"https:\/\/www.cgjung.net\/espace\/wp-json\/wp\/v2\/pages"}],"about":[{"href":"https:\/\/www.cgjung.net\/espace\/wp-json\/wp\/v2\/types\/page"}],"author":[{"embeddable":true,"href":"https:\/\/www.cgjung.net\/espace\/wp-json\/wp\/v2\/users\/1"}],"replies":[{"embeddable":true,"href":"https:\/\/www.cgjung.net\/espace\/wp-json\/wp\/v2\/comments?post=28857"}],"version-history":[{"count":18,"href":"https:\/\/www.cgjung.net\/espace\/wp-json\/wp\/v2\/pages\/28857\/revisions"}],"predecessor-version":[{"id":28896,"href":"https:\/\/www.cgjung.net\/espace\/wp-json\/wp\/v2\/pages\/28857\/revisions\/28896"}],"up":[{"embeddable":true,"href":"https:\/\/www.cgjung.net\/espace\/wp-json\/wp\/v2\/pages\/28862"}],"wp:attachment":[{"href":"https:\/\/www.cgjung.net\/espace\/wp-json\/wp\/v2\/media?parent=28857"}],"curies":[{"name":"wp","href":"https:\/\/api.w.org\/{rel}","templated":true}]}}